{"id":35,"date":"2015-03-13T08:21:43","date_gmt":"2015-03-13T08:21:43","guid":{"rendered":"http:\/\/blogsaverroes.juntadeandalucia.es\/pre\/ceip\/?page_id=35"},"modified":"2026-02-09T17:07:40","modified_gmt":"2026-02-09T17:07:40","slug":"el-centro-2","status":"publish","type":"page","link":"https:\/\/blogsaverroes.juntadeandalucia.es\/ceiplosperales\/el-centro-2\/","title":{"rendered":"Datos del centro"},"content":{"rendered":"<p><iframe loading=\"lazy\" src=\"https:\/\/www.google.com\/maps\/embed?pb=!1m18!1m12!1m3!1d3173.2244951387556!2d-6.599913485036644!3d37.31350964633657!2m3!1f0!2f0!3f0!3m2!1i1024!2i768!4f13.1!3m3!1m2!1s0xd11efc708a39fc3%3A0xf50271c509aae4f7!2sC+E+I+P+Los+Perales!5e0!3m2!1ses!2sus!4v1469199098182\" width=\"600\" height=\"450\" frameborder=\"0\"><\/iframe><\/p>\n<h4>Datos de contacto<\/h4>\n<p>Colegio de Educaci\u00f3n Infantil y Primaria Los Perales<\/p>\n<p><strong>Direcci\u00f3n:<\/strong> &nbsp;Calle&nbsp;Hermanos Pinz\u00f3n s\/n, Rociana del Condado 21720 Huelva<\/p>\n<p><strong>Tel\u00e9fono \/ FAX:&nbsp;<\/strong>959 439 903&nbsp; <strong>M\u00f3vi<\/strong>l: 600 15 68 99<\/p>\n<p><strong>Email:<\/strong> 21601111.edu@juntadeandalucia.es<\/p>\n<h4><strong>Horarios<\/strong><\/h4>\n<p>ACTIVIDADES LECTIVAS: De lunes a viernes, de 9&#8217;00 a 14&#8217;00 horas<\/p>\n<p>TUTOR\u00cdAS: Lunes, de 16&#8217;00 a 17&#8217;00 horas.<\/p>\n<p>AULA MATINAL: De lunes a viernes, de 7&#8217;30 a 9&#8217;00 horas.<\/p>\n<p>COMEDOR ESCOLAR: De lunes a viernes, de 14&#8217;00 a 16&#8217;00 horas.<\/p>\n<p>PLAN DE ACOMPA\u00d1AMIENTO: De lunes a jueves, de 16&#8217;00 a 18&#8217;00 horas, seg\u00fan grupos.<\/p>\n<h4><strong>Oferta educativa<\/strong><\/h4>\n<h4><strong>ETAPAS Y\/O NIVELES EDUCATIVOS<\/strong><\/h4>\n<ul style=\"list-style-type: disc\">\n<li>Ense\u00f1anza Infantil (2\u00ba Ciclo, de 3 a 5 a\u00f1os)&nbsp;\u21d2 6 unidades.<\/li>\n<li>Educaci\u00f3n Primaria (de 6 a 12 a\u00f1os) \u21d2 12 unidades.<\/li>\n<li>Educaci\u00f3n Especial &#8211; Apoyo a la Integraci\u00f3n en Educaci\u00f3n Infantil y Primaria \u21d2 1 unidad.<\/li>\n<\/ul>\n<h4>Instalaciones<\/h4>\n","protected":false},"excerpt":{"rendered":"<p>Datos de contacto Colegio de Educaci\u00f3n Infantil y Primaria Los Perales Direcci\u00f3n: &nbsp;Calle&nbsp;Hermanos Pinz\u00f3n s\/n, Rociana del Condado 21720 Huelva Tel\u00e9fono \/ FAX:&nbsp;959 439 903&nbsp;&hellip;<\/p>\n","protected":false},"author":1,"featured_media":0,"parent":0,"menu_order":0,"comment_status":"open","ping_status":"open","template":"","meta":{"ngg_post_thumbnail":0,"footnotes":"","_mc_calendar":[]},"aioseo_notices":[],"_links":{"self":[{"href":"https:\/\/blogsaverroes.juntadeandalucia.es\/ceiplosperales\/wp-json\/wp\/v2\/pages\/35"}],"collection":[{"href":"https:\/\/blogsaverroes.juntadeandalucia.es\/ceiplosperales\/wp-json\/wp\/v2\/pages"}],"about":[{"href":"https:\/\/blogsaverroes.juntadeandalucia.es\/ceiplosperales\/wp-json\/wp\/v2\/types\/page"}],"author":[{"embeddable":true,"href":"https:\/\/blogsaverroes.juntadeandalucia.es\/ceiplosperales\/wp-json\/wp\/v2\/users\/1"}],"replies":[{"embeddable":true,"href":"https:\/\/blogsaverroes.juntadeandalucia.es\/ceiplosperales\/wp-json\/wp\/v2\/comments?post=35"}],"version-history":[{"count":30,"href":"https:\/\/blogsaverroes.juntadeandalucia.es\/ceiplosperales\/wp-json\/wp\/v2\/pages\/35\/revisions"}],"predecessor-version":[{"id":3758,"href":"https:\/\/blogsaverroes.juntadeandalucia.es\/ceiplosperales\/wp-json\/wp\/v2\/pages\/35\/revisions\/3758"}],"wp:attachment":[{"href":"https:\/\/blogsaverroes.juntadeandalucia.es\/ceiplosperales\/wp-json\/wp\/v2\/media?parent=35"}],"curies":[{"name":"wp","href":"https:\/\/api.w.org\/{rel}","templated":true}]}}