{"id":3774,"date":"2026-04-22T13:44:00","date_gmt":"2026-04-22T13:44:00","guid":{"rendered":"https:\/\/blogsaverroes.juntadeandalucia.es\/ceiplosperales\/?page_id=3774"},"modified":"2026-04-22T13:44:00","modified_gmt":"2026-04-22T13:44:00","slug":"aula-de-cine-programas-culturales","status":"publish","type":"page","link":"https:\/\/blogsaverroes.juntadeandalucia.es\/ceiplosperales\/aula-de-cine-programas-culturales\/","title":{"rendered":"Aula de Cine (Programas Culturales)"},"content":{"rendered":"<p style=\"text-align: left\">Partamos de un principio fundamental que todo docente ha de observar\u2026. la pel\u00edcula que se propone en el aula no tiene que servir para ocupar un tiempo o para prescindir de una o dos horas de clase.&nbsp;Lo que se proponga a los alumnos ha de estar siempre preparado con delicadeza y esmero, por parte del maestro o del profesor, y debe de tener una orientaci\u00f3n clara y concreta. La pregunta que hemos de hacernos es la siguiente: \u00bfQu\u00e9 pretendemos con la pel\u00edcula que vamos a presentar en el aula?<\/p>\n<p style=\"text-align: left\">No todo ha de servirnos; no todo lo que cae en nuestras manos es adecuado; no todo lo que se proyecta en los cines posee un contenido pedag\u00f3gico que pueda ayudarnos en nuestra tarea. El cine en Educaci\u00f3n Primaria trasciende el entretenimiento para convertirse en una herramienta capaz de estimular la imaginaci\u00f3n, fomentar el pensamiento cr\u00edtico y facilitar la educaci\u00f3n en valores. Al integrar est\u00edmulos visuales, auditivos y emocionales, permite que los alumnos conecten con conceptos complejos de forma significativa y motivadora.<\/p>\n<p style=\"text-align: left\">As\u00ed, el cine en el aula, cumple una serie de funciones pedag\u00f3gicas como&#8230;<\/p>\n<ul>\n<li style=\"text-align: left\"><strong>Instrumento did\u00e1ctico:<\/strong> Sirve para introducir o reforzar contenidos del curr\u00edculo, como hitos hist\u00f3ricos (dramas hist\u00f3ricos) o fen\u00f3menos naturales (documentales).<\/li>\n<li><strong>Objeto de estudio:<\/strong> Permite iniciar la alfabetizaci\u00f3n audiovisual, ense\u00f1ando a los ni\u00f1os a \u00ableer\u00bb el lenguaje de las im\u00e1genes y entender t\u00e9cnicas b\u00e1sicas.<\/li>\n<li><strong>Transmisor de valores:<\/strong> Facilita el an\u00e1lisis de roles, actitudes y dilemas \u00e9ticos, promoviendo la empat\u00eda y la resoluci\u00f3n de conflictos.<\/li>\n<\/ul>\n<p>Para que se cumplan estas funciones pedag\u00f3gicas podemos seguir algunas estrategias, como son:<\/p>\n<ul>\n<li><strong>Cine-foro:<\/strong> Organizar debates tras el visionado para que los alumnos expresen sus ideas y desarrollen habilidades de argumentaci\u00f3n.<\/li>\n<li><strong>Actividades creativas:<\/strong> Proponer tareas como redise\u00f1ar el cartel de la pel\u00edcula, escribir un diario desde la perspectiva de un personaje o dramatizar una escena clave.<\/li>\n<li><strong>Selecci\u00f3n cr\u00edtica:<\/strong> Utilizar no solo cine comercial, sino tambi\u00e9n cortometrajes y animaciones que planteen dilemas sociales y emocionales profundos.<\/li>\n<\/ul>\n<p>Redundando todo ello en una serie de beneficios para el alumnado, como pueden ser&#8230;<\/p>\n<ul>\n<li><strong>Atenci\u00f3n y motivaci\u00f3n:<\/strong> Capta el inter\u00e9s del alumnado con mayor facilidad que los m\u00e9todos tradicionales.<\/li>\n<li><strong>Desarrollo emocional:<\/strong> Ayuda a los ni\u00f1os a identificar y gestionar sus propias emociones al verse reflejados en las historias.<\/li>\n<\/ul>\n<p><a href=\"https:\/\/blogsaverroes.juntadeandalucia.es\/ceiplosperales\/files\/2026\/04\/TOTO-SORPRENDIDO.jpeg\"><img loading=\"lazy\" decoding=\"async\" class=\"size-full wp-image-3778 aligncenter\" src=\"https:\/\/blogsaverroes.juntadeandalucia.es\/ceiplosperales\/files\/2026\/04\/TOTO-SORPRENDIDO.jpeg\" alt=\"\" width=\"322\" height=\"156\" srcset=\"https:\/\/blogsaverroes.juntadeandalucia.es\/ceiplosperales\/files\/2026\/04\/TOTO-SORPRENDIDO.jpeg 322w, https:\/\/blogsaverroes.juntadeandalucia.es\/ceiplosperales\/files\/2026\/04\/TOTO-SORPRENDIDO-300x145.jpeg 300w\" sizes=\"(max-width: 322px) 100vw, 322px\" \/><\/a><\/p>\n","protected":false},"excerpt":{"rendered":"<p>Partamos de un principio fundamental que todo docente ha de observar\u2026. la pel\u00edcula que se propone en el aula no tiene que servir para ocupar&hellip;<\/p>\n","protected":false},"author":3579,"featured_media":0,"parent":0,"menu_order":0,"comment_status":"closed","ping_status":"closed","template":"","meta":{"ngg_post_thumbnail":0,"footnotes":"","_mc_calendar":[]},"aioseo_notices":[],"_links":{"self":[{"href":"https:\/\/blogsaverroes.juntadeandalucia.es\/ceiplosperales\/wp-json\/wp\/v2\/pages\/3774"}],"collection":[{"href":"https:\/\/blogsaverroes.juntadeandalucia.es\/ceiplosperales\/wp-json\/wp\/v2\/pages"}],"about":[{"href":"https:\/\/blogsaverroes.juntadeandalucia.es\/ceiplosperales\/wp-json\/wp\/v2\/types\/page"}],"author":[{"embeddable":true,"href":"https:\/\/blogsaverroes.juntadeandalucia.es\/ceiplosperales\/wp-json\/wp\/v2\/users\/3579"}],"replies":[{"embeddable":true,"href":"https:\/\/blogsaverroes.juntadeandalucia.es\/ceiplosperales\/wp-json\/wp\/v2\/comments?post=3774"}],"version-history":[{"count":7,"href":"https:\/\/blogsaverroes.juntadeandalucia.es\/ceiplosperales\/wp-json\/wp\/v2\/pages\/3774\/revisions"}],"predecessor-version":[{"id":3783,"href":"https:\/\/blogsaverroes.juntadeandalucia.es\/ceiplosperales\/wp-json\/wp\/v2\/pages\/3774\/revisions\/3783"}],"wp:attachment":[{"href":"https:\/\/blogsaverroes.juntadeandalucia.es\/ceiplosperales\/wp-json\/wp\/v2\/media?parent=3774"}],"curies":[{"name":"wp","href":"https:\/\/api.w.org\/{rel}","templated":true}]}}