{"id":428,"date":"2015-03-20T07:06:21","date_gmt":"2015-03-20T07:06:21","guid":{"rendered":"http:\/\/blogsaverroes.juntadeandalucia.es\/pre\/ceip\/?page_id=428"},"modified":"2024-05-06T08:56:17","modified_gmt":"2024-05-06T08:56:17","slug":"ed-primaria-1o-ciclo","status":"publish","type":"page","link":"https:\/\/blogsaverroes.juntadeandalucia.es\/ceiplosperales\/ed-primaria-1o-ciclo\/","title":{"rendered":"Ed. Primaria. 1\u00ba ciclo"},"content":{"rendered":"<p><a href=\"http:\/\/blogsaverroes.juntadeandalucia.es\/ceiplosperales\/files\/2015\/03\/1er-CICLO-1.png\"><img loading=\"lazy\" decoding=\"async\" class=\"alignnone size-medium wp-image-2231\" src=\"http:\/\/blogsaverroes.juntadeandalucia.es\/ceiplosperales\/files\/2015\/03\/1er-CICLO-1-300x232.png\" alt=\"\" width=\"300\" height=\"232\" srcset=\"https:\/\/blogsaverroes.juntadeandalucia.es\/ceiplosperales\/files\/2015\/03\/1er-CICLO-1-300x232.png 300w, https:\/\/blogsaverroes.juntadeandalucia.es\/ceiplosperales\/files\/2015\/03\/1er-CICLO-1-24x19.png 24w, https:\/\/blogsaverroes.juntadeandalucia.es\/ceiplosperales\/files\/2015\/03\/1er-CICLO-1-36x28.png 36w, https:\/\/blogsaverroes.juntadeandalucia.es\/ceiplosperales\/files\/2015\/03\/1er-CICLO-1-48x37.png 48w, https:\/\/blogsaverroes.juntadeandalucia.es\/ceiplosperales\/files\/2015\/03\/1er-CICLO-1.png 310w\" sizes=\"(max-width: 300px) 100vw, 300px\" \/><\/a><\/p>\n<p style=\"text-align: justify\">El 1er. Ciclo de Educaci\u00f3n Primaria est\u00e1 configurado por dos l\u00edneas con los siguientes grupos clase y respectivos tutores:<\/p>\n<ul style=\"text-align: justify\">\n<li>TUTOR\u00cdA DE 1\u00ba A.- Jos\u00e9 Mar\u00eda Cano Mart\u00edn<\/li>\n<li>TUTOR\u00cdA DE 1\u00ba B.- Diego Rodr\u00edguez Conde<\/li>\n<li>TUTOR\u00cdA DE 2\u00ba A.- Ezequiel Mateo P\u00e9rez<\/li>\n<li>TUTOR\u00cdA DE 2\u00ba B.- Mar\u00eda V\u00e1zquez Dom\u00ednguez<\/li>\n<li>TUTOR\u00cdA DE 2\u00ba C.- Mar\u00eda Dolores Herrera Ruiz<\/li>\n<li>&nbsp;<\/li>\n<\/ul>\n<p style=\"text-align: justify\">Adem\u00e1s, se hayan adscritos a este Ciclo:&nbsp; Mar\u00eda Inmaculada Garrido Rodr\u00edguez (Maestra de Apoyo), Alicia L\u00f3pez Maraver ( especialista de Ingl\u00e9s) y Mercedes Dolores P\u00e9rez Iglesias (Directora del Centro).<\/p>\n","protected":false},"excerpt":{"rendered":"<p>El 1er. Ciclo de Educaci\u00f3n Primaria est\u00e1 configurado por dos l\u00edneas con los siguientes grupos clase y respectivos tutores: TUTOR\u00cdA DE 1\u00ba A.- Jos\u00e9 Mar\u00eda&hellip;<\/p>\n","protected":false},"author":1,"featured_media":0,"parent":0,"menu_order":0,"comment_status":"open","ping_status":"open","template":"","meta":{"ngg_post_thumbnail":0,"footnotes":"","_mc_calendar":[]},"aioseo_notices":[],"_links":{"self":[{"href":"https:\/\/blogsaverroes.juntadeandalucia.es\/ceiplosperales\/wp-json\/wp\/v2\/pages\/428"}],"collection":[{"href":"https:\/\/blogsaverroes.juntadeandalucia.es\/ceiplosperales\/wp-json\/wp\/v2\/pages"}],"about":[{"href":"https:\/\/blogsaverroes.juntadeandalucia.es\/ceiplosperales\/wp-json\/wp\/v2\/types\/page"}],"author":[{"embeddable":true,"href":"https:\/\/blogsaverroes.juntadeandalucia.es\/ceiplosperales\/wp-json\/wp\/v2\/users\/1"}],"replies":[{"embeddable":true,"href":"https:\/\/blogsaverroes.juntadeandalucia.es\/ceiplosperales\/wp-json\/wp\/v2\/comments?post=428"}],"version-history":[{"count":23,"href":"https:\/\/blogsaverroes.juntadeandalucia.es\/ceiplosperales\/wp-json\/wp\/v2\/pages\/428\/revisions"}],"predecessor-version":[{"id":3232,"href":"https:\/\/blogsaverroes.juntadeandalucia.es\/ceiplosperales\/wp-json\/wp\/v2\/pages\/428\/revisions\/3232"}],"wp:attachment":[{"href":"https:\/\/blogsaverroes.juntadeandalucia.es\/ceiplosperales\/wp-json\/wp\/v2\/media?parent=428"}],"curies":[{"name":"wp","href":"https:\/\/api.w.org\/{rel}","templated":true}]}}