{"id":49,"date":"2015-03-13T08:47:05","date_gmt":"2015-03-13T08:47:05","guid":{"rendered":"http:\/\/blogsaverroes.juntadeandalucia.es\/pre\/ceip\/?page_id=49"},"modified":"2024-11-28T08:35:02","modified_gmt":"2024-11-28T08:35:02","slug":"proyecto-educativo","status":"publish","type":"page","link":"https:\/\/blogsaverroes.juntadeandalucia.es\/ceiplosperales\/proyecto-educativo\/","title":{"rendered":"Proyecto Educativo"},"content":{"rendered":"<p style=\"text-align: justify\"><img loading=\"lazy\" decoding=\"async\" class=\"wp-image-1662 alignleft\" src=\"http:\/\/blogsaverroes.juntadeandalucia.es\/ceiplosperales\/files\/2015\/03\/proyecto-300x266.png\" alt=\"proyecto\" width=\"270\" height=\"239\" srcset=\"https:\/\/blogsaverroes.juntadeandalucia.es\/ceiplosperales\/files\/2015\/03\/proyecto-300x266.png 300w, https:\/\/blogsaverroes.juntadeandalucia.es\/ceiplosperales\/files\/2015\/03\/proyecto.png 640w\" sizes=\"(max-width: 270px) 100vw, 270px\" \/>Un centro se define en gran medida por su <strong>Proyecto Educativo<\/strong>. En \u00e9l se plasma el modelo educativo y la concreci\u00f3n de la normativa que un centro realiza respecto a las ense\u00f1anzas que imparte. Aspectos tales como las finales educativas, objetivos, atenci\u00f3n a la diversidad, etc.<\/p>\n<p style=\"text-align: justify\">Que la web de un centro informe de su Proyecto Educativo es una apuesta clara por la <strong>transparencia<\/strong>.<\/p>\n<p style=\"text-align: justify\">En este espacio mostramos tanto los aspectos esenciales del Proyecto como enlazar a otros documentos o secciones con informaci\u00f3n m\u00e1s detallada.<\/p>\n<p><a href=\"https:\/\/blogsaverroes.juntadeandalucia.es\/ceiplosperales\/files\/2024\/11\/Proyecto-educativo-CEIP-Los-Perales.pdf\">1.- PROYECTO EDUCATIVO<\/a><\/p>\n<p><a href=\"https:\/\/blogsaverroes.juntadeandalucia.es\/ceiplosperales\/files\/2024\/11\/PLAN-INTEGRAL-DE-CONVIVENCIA.1.pdf\">2.- PLAN INTEGRAL DE CONVIVENCIA.<\/a><\/p>\n<p><a href=\"https:\/\/blogsaverroes.juntadeandalucia.es\/ceiplosperales\/files\/2024\/11\/PLAN-DE-GESTION.pdf\">3.- PLAN DE GESTI\u00d3N<\/a><\/p>\n<p><a href=\"https:\/\/blogsaverroes.juntadeandalucia.es\/ceiplosperales\/files\/2024\/11\/NUEVO-ROF-FORMATEADO.pdf\"> 4.- ROF<\/a><\/p>\n<p style=\"text-align: justify\">&nbsp;<\/p>\n","protected":false},"excerpt":{"rendered":"<p>Un centro se define en gran medida por su Proyecto Educativo. En \u00e9l se plasma el modelo educativo y la concreci\u00f3n de la normativa que&hellip;<\/p>\n","protected":false},"author":1,"featured_media":0,"parent":0,"menu_order":0,"comment_status":"open","ping_status":"open","template":"","meta":{"ngg_post_thumbnail":0,"footnotes":"","_mc_calendar":[]},"aioseo_notices":[],"_links":{"self":[{"href":"https:\/\/blogsaverroes.juntadeandalucia.es\/ceiplosperales\/wp-json\/wp\/v2\/pages\/49"}],"collection":[{"href":"https:\/\/blogsaverroes.juntadeandalucia.es\/ceiplosperales\/wp-json\/wp\/v2\/pages"}],"about":[{"href":"https:\/\/blogsaverroes.juntadeandalucia.es\/ceiplosperales\/wp-json\/wp\/v2\/types\/page"}],"author":[{"embeddable":true,"href":"https:\/\/blogsaverroes.juntadeandalucia.es\/ceiplosperales\/wp-json\/wp\/v2\/users\/1"}],"replies":[{"embeddable":true,"href":"https:\/\/blogsaverroes.juntadeandalucia.es\/ceiplosperales\/wp-json\/wp\/v2\/comments?post=49"}],"version-history":[{"count":10,"href":"https:\/\/blogsaverroes.juntadeandalucia.es\/ceiplosperales\/wp-json\/wp\/v2\/pages\/49\/revisions"}],"predecessor-version":[{"id":3303,"href":"https:\/\/blogsaverroes.juntadeandalucia.es\/ceiplosperales\/wp-json\/wp\/v2\/pages\/49\/revisions\/3303"}],"wp:attachment":[{"href":"https:\/\/blogsaverroes.juntadeandalucia.es\/ceiplosperales\/wp-json\/wp\/v2\/media?parent=49"}],"curies":[{"name":"wp","href":"https:\/\/api.w.org\/{rel}","templated":true}]}}