{"id":77,"date":"2015-03-16T06:54:56","date_gmt":"2015-03-16T06:54:56","guid":{"rendered":"http:\/\/blogsaverroes.juntadeandalucia.es\/pre\/ceip\/?page_id=77"},"modified":"2021-06-11T10:02:29","modified_gmt":"2021-06-11T10:02:29","slug":"secretaria","status":"publish","type":"page","link":"https:\/\/blogsaverroes.juntadeandalucia.es\/ceiplosperales\/secretaria\/","title":{"rendered":"Secretar\u00eda"},"content":{"rendered":"<p style=\"text-align: justify\">La <strong>Secretar\u00eda<\/strong>, apoyado por la Monitora de Administraci\u00f3n, desarrolla muchas funciones importantes en la vida de un centro, especialmente en la relaci\u00f3n que mantiene con las familias en los diferentes tr\u00e1mites administrativos a lo largo de la escolarizaci\u00f3n: admisi\u00f3n, matr\u00edcula, comedor escolar, becas, etc.<\/p>\n<p style=\"text-align: justify\">El horario de atenci\u00f3n al p\u00fablico viene siendo los <strong>lunes<\/strong>, <strong>mi\u00e9rcoles <\/strong>y <strong>viernes<\/strong>, de <strong>9&#8217;30<\/strong> a <strong>13&#8217;30 de la ma\u00f1ana<\/strong>. De igual manera, nos hemos planteado en el Centro la necesidad de acercar a la comunidad educativa una serie de documentos con el objetivo de conseguir una mayor <strong>transparencia, agilidad y eficiencia.<\/strong><\/p>\n<p>As\u00ed documentos relacionados con la admisi\u00f3n y matriculaci\u00f3n del alumnado en el Centro, tenemos:<\/p>\n<ol>\n<li>Documento para admisi\u00f3n del alumnado en el centro. <a href=\"https:\/\/blogsaverroes.juntadeandalucia.es\/ceiplosperales\/files\/2015\/03\/SOLICITUD-DE-ADMISI\u00d3N-EN-EL-CENTRO.pdf\">SOLICITUD DE ADMISI\u00d3N EN EL CENTRO<\/a><\/li>\n<li>Documento para la matriculaci\u00f3n de alumnado en 2\u00ba Ciclo de Educaci\u00f3n Infantil. <a href=\"https:\/\/blogsaverroes.juntadeandalucia.es\/ceiplosperales\/files\/2015\/03\/MATR\u00cdCULA-2\u00ba-CICLO-INFANTIL.pdf\">MATR\u00cdCULA 2\u00ba CICLO INFANTIL<\/a><\/li>\n<li>Documento para la matriculaci\u00f3n de Alumnado de Primaria. <a href=\"https:\/\/blogsaverroes.juntadeandalucia.es\/ceiplosperales\/files\/2015\/03\/MATR\u00cdCULA-EDUCACI\u00d3N-PRIMARIA.pdf\">MATR\u00cdCULA EDUCACI\u00d3N PRIMARIA<\/a><\/li>\n<li>Documento para optar a ense\u00f1anzas religiosas o valores. <a href=\"https:\/\/blogsaverroes.juntadeandalucia.es\/ceiplosperales\/files\/2015\/03\/4.-SOLICITUD-PARA-CURSAR-RELIGI\u00d3N-O-VALORES.pdf\">SOLICITUD PARA CURSAR RELIGI\u00d3N O VALORES<\/a><\/li>\n<li>Documento sobre las normas a seguir en nuestro Centro. <a href=\"https:\/\/blogsaverroes.juntadeandalucia.es\/ceiplosperales\/files\/2015\/03\/5.-NORMATIVA-CENTRO.pdf\">NORMATIVA DEL CENTRO<\/a><\/li>\n<li>Documento para solicitar el servicio complementario de transporte escolar. <a href=\"https:\/\/blogsaverroes.juntadeandalucia.es\/ceiplosperales\/files\/2021\/06\/Orden3dic2010transporteescolar.pdf\">SOLICITUD DE TRANSPORTE ESCOLAR<\/a><\/li>\n<li>Documento para solicitar la ayuda para el uso del transporte escolar. <a href=\"https:\/\/blogsaverroes.juntadeandalucia.es\/ceiplosperales\/files\/2021\/06\/BOJA20-245-Ayuda-transporte.pdf\">SOLICITUD DE AYUDA PARA EL USO DE TRANSPORTE ESCOLAR<\/a><\/li>\n<\/ol>\n<p>Asimismo, nos encontramos documentos de inscripci\u00f3n del alumnado a las diferentes actividades del Plan de Apertura que venimos desarrollando:<\/p>\n<ol>\n<li>Documento para asistir al Aula Matinal, Comedor o Act. Extraescolares. <a href=\"https:\/\/blogsaverroes.juntadeandalucia.es\/ceiplosperales\/files\/2015\/03\/6.-SOLICITUD-DE-AULA-MATINAL_COMEDOR.pdf\">SOLICITUD DE AULA MATINAL_COMEDOR<\/a><\/li>\n<li>Documento para solicitar bonificaci\u00f3n de dichos servicios. <a href=\"https:\/\/blogsaverroes.juntadeandalucia.es\/ceiplosperales\/files\/2015\/03\/7.-SOLICITUD-DE-BONIFICACI\u00d3N-DE-AULA-MATINAL_COMEDOR.pdf\">SOLICITUD DE BONIFICACI\u00d3N DE AULA MATINAL_COMEDOR<\/a><\/li>\n<\/ol>\n<p>Por \u00faltimo, ofrecemos una serie de documentos que han de obrar en poder de los distintos tutores desde el inicio del curso o bien cuando se produzca una circunstancia que as\u00ed lo determine:<\/p>\n<ol>\n<li>Compromiso educativa obligatorio para todas las familias y tutores. <a href=\"https:\/\/blogsaverroes.juntadeandalucia.es\/ceiplosperales\/files\/2015\/03\/8.-COMPROMISO-EDUCATIVO.pdf\">COMPROMISO EDUCATIVO<\/a><\/li>\n<li>Autorizaciones iniciales para poder trasladar al ni\u00f1o\/a a urgencias (en caso de necesidad),&nbsp; para que el ni\u00f1o\/a pueda aparecer en publicaciones gr\u00e1ficas o v\u00eddeos que el Centro realice, para que pueda participar por las salidas que hacemos por Rociana (sin uso de autobuses) o para que pueda abandonar solo\/a el Centro a la salida del cole. <a href=\"https:\/\/blogsaverroes.juntadeandalucia.es\/ceiplosperales\/files\/2015\/03\/9.-AUTORIZACIONES-INICIALES.pdf\">AUTORIZACIONES INICIALES<\/a><\/li>\n<li>Autorizaci\u00f3n para que un alumno\/a mayor pueda acompa\u00f1ar a casa, a la salida del cole, a otros\/as alumnos\/as m\u00e1s peque\u00f1os\/as. <a href=\"https:\/\/blogsaverroes.juntadeandalucia.es\/ceiplosperales\/files\/2015\/03\/10.-DILIGENCIA-SALIDA-DEL-COLE.pdf\">DILIGENCIA SALIDA DEL COLE<\/a><\/li>\n<li>Diligencia, de obligada cumplimentaci\u00f3n, para sacar a un\/a alumno\/a del Centro durante la jornada escolar, ya sea de manera temporal o para el resto de la jornada. <a href=\"https:\/\/blogsaverroes.juntadeandalucia.es\/ceiplosperales\/files\/2015\/03\/11.-DILIGENCIA-ABANDONO-CENTRO.pdf\">DILIGENCIA ABANDONO CENTRO<\/a><\/li>\n<li>Documento, de obligada cumplimentaci\u00f3n, para la justificaci\u00f3n de la\/s falta\/s de asistencia al Centro por parte de un\/a alumno\/a. <a href=\"https:\/\/blogsaverroes.juntadeandalucia.es\/ceiplosperales\/files\/2015\/03\/12.-JUSTIFICANTE-AUSENCIAS.pdf\"> JUSTIFICANTE AUSENCIAS<\/a><\/li>\n<li>Documento, de obligada cumplimentaci\u00f3n, para la justificaci\u00f3n de la\/s falta\/s de asistencia a la actividad de Acompa\u00f1amiento que ofrece el Centro por parte de un\/a alumno\/a que haga uso de ella. <a href=\"https:\/\/blogsaverroes.juntadeandalucia.es\/ceiplosperales\/files\/2015\/03\/13.-JUSTIFICANTE-FALTA-ASISTENCIA-ACOMPA\u00d1AMIENTO.pdf\"> JUSTIFICANTE FALTA ASISTENCIA ACOMPA\u00d1AMIENTO<\/a><\/li>\n<\/ol>\n","protected":false},"excerpt":{"rendered":"<p>La Secretar\u00eda, apoyado por la Monitora de Administraci\u00f3n, desarrolla muchas funciones importantes en la vida de un centro, especialmente en la relaci\u00f3n que mantiene con&hellip;<\/p>\n","protected":false},"author":1,"featured_media":0,"parent":0,"menu_order":0,"comment_status":"open","ping_status":"open","template":"","meta":{"ngg_post_thumbnail":0,"footnotes":"","_mc_calendar":[]},"aioseo_notices":[],"_links":{"self":[{"href":"https:\/\/blogsaverroes.juntadeandalucia.es\/ceiplosperales\/wp-json\/wp\/v2\/pages\/77"}],"collection":[{"href":"https:\/\/blogsaverroes.juntadeandalucia.es\/ceiplosperales\/wp-json\/wp\/v2\/pages"}],"about":[{"href":"https:\/\/blogsaverroes.juntadeandalucia.es\/ceiplosperales\/wp-json\/wp\/v2\/types\/page"}],"author":[{"embeddable":true,"href":"https:\/\/blogsaverroes.juntadeandalucia.es\/ceiplosperales\/wp-json\/wp\/v2\/users\/1"}],"replies":[{"embeddable":true,"href":"https:\/\/blogsaverroes.juntadeandalucia.es\/ceiplosperales\/wp-json\/wp\/v2\/comments?post=77"}],"version-history":[{"count":7,"href":"https:\/\/blogsaverroes.juntadeandalucia.es\/ceiplosperales\/wp-json\/wp\/v2\/pages\/77\/revisions"}],"predecessor-version":[{"id":2824,"href":"https:\/\/blogsaverroes.juntadeandalucia.es\/ceiplosperales\/wp-json\/wp\/v2\/pages\/77\/revisions\/2824"}],"wp:attachment":[{"href":"https:\/\/blogsaverroes.juntadeandalucia.es\/ceiplosperales\/wp-json\/wp\/v2\/media?parent=77"}],"curies":[{"name":"wp","href":"https:\/\/api.w.org\/{rel}","templated":true}]}}