{"id":1220,"date":"2023-09-03T19:41:53","date_gmt":"2023-09-03T18:41:53","guid":{"rendered":"https:\/\/blogsaverroes.juntadeandalucia.es\/ceiplosrios\/?page_id=1220"},"modified":"2023-09-03T19:41:53","modified_gmt":"2023-09-03T18:41:53","slug":"convivencia-escolar","status":"publish","type":"page","link":"https:\/\/blogsaverroes.juntadeandalucia.es\/ceiplosrios\/convivencia-escolar\/","title":{"rendered":"Convivencia Escolar"},"content":{"rendered":"<div class=\"separator\" style=\"clear: both;text-align: center\"><a href=\"http:\/\/www.juntadeandalucia.es\/educacion\/webportal\/web\/convivencia-escolar\/recursos\" target=\"_blank\" rel=\"noopener noreferrer\"><img loading=\"lazy\" decoding=\"async\" src=\"https:\/\/2.bp.blogspot.com\/-kS_NKnvBdMQ\/WA-YnWSoYOI\/AAAAAAAAN1E\/jzkJqzstgdkAySX2VvDZYnWb6Sh_9oKCACLcB\/s320\/ESCUELA%2BPAZ%2BCOLOR.jpg\" alt=\"PULSA EN LA IMAGEN: CONVIVENCIA ESCOLAR\" width=\"320\" height=\"229\" border=\"0\"><\/a><\/div>\n<div class=\"separator\" style=\"clear: both;text-align: center\"><span style=\"color: red\"><b>pulsa en la imagen<\/b><\/span><\/div>\n<div class=\"separator\" style=\"clear: both;text-align: center\"><span style=\"color: red\"><b>&nbsp;<\/b><\/span><\/div>\n<div class=\"separator\" style=\"clear: both;text-align: center\"><span style=\"color: red\"><b>&nbsp;<\/b><\/span><\/div>\n<div style=\"text-align: justify\"><span style=\"font-size: 12pt;color: #008000\"><strong><span style=\"background-color: white\">Inicia una reflexi\u00f3n, organiza un taller, promueve un debate, impulsa una tarea o actividad sobre el acoso escolar con cualquiera de estos v\u00eddeos y cortos. Con esta selecci\u00f3n podr\u00e1s reflexionar y analizar este fen\u00f3meno con el fin de promover acciones para prevenir o frenar los casos de bullying o acoso escolar. Te sugerimos modalidades de visionado con implementaci\u00f3n de rutinas de pensamiento: veo-pienso-me pregunto, \u00bfqu\u00e9 s\u00e9? \u00bfQu\u00e9 quiero saber? \u00bfQu\u00e9 he aprendido?.. O bien, detener el visionado para preguntar \u00bfQu\u00e9 crees que va a pasar? \u00bfC\u00f3mo resolver\u00edas t\u00fa la situaci\u00f3n? \u00bfSe te ocurre un final alternativo? \u00bfQu\u00e9 est\u00e1 sintiendo el protagonista? \u00bfAlguna vez has sentido algo parecido?<\/span><\/strong><\/span><br \/>\n<span style=\"background-color: white;color: #4c665a;font-size: 14px\"><i><br \/>\n<\/i><\/span><\/p>\n<div class=\"separator\" style=\"clear: both;text-align: center\"><iframe loading=\"lazy\" src=\"https:\/\/www.youtube.com\/embed\/EVz5vfbB3p4?feature=player_embedded\" width=\"320\" height=\"266\" frameborder=\"0\"><\/iframe><\/div>\n<p>&nbsp;<\/p>\n<div class=\"separator\" style=\"clear: both;text-align: center\"><iframe loading=\"lazy\" src=\"https:\/\/www.youtube.com\/embed\/WgiB06NNo5E?feature=player_embedded\" width=\"320\" height=\"266\" frameborder=\"0\"><\/iframe><\/div>\n<div class=\"separator\" style=\"clear: both;text-align: center\"><iframe loading=\"lazy\" src=\"https:\/\/www.youtube.com\/embed\/I0RZvBUYgnQ?feature=player_embedded\" width=\"320\" height=\"266\" frameborder=\"0\"><\/iframe><\/div>\n<div class=\"separator\" style=\"clear: both;text-align: center\">&nbsp;<\/div>\n<div class=\"separator\" style=\"clear: both;text-align: center\">&nbsp;<\/div>\n<div style=\"text-align: center\"><iframe loading=\"lazy\" src=\"https:\/\/www.youtube.com\/embed\/IcrSdSyBoHw?feature=player_embedded\" width=\"320\" height=\"266\" frameborder=\"0\"><\/iframe><\/div>\n<p>&nbsp;<\/p>\n<\/div>\n<div style=\"text-align: center\"><iframe loading=\"lazy\" src=\"https:\/\/www.symbaloo.com\/embed\/educandolasemociones\" name=\"_symFrame\" width=\"350px\" height=\"350px\" frameborder=\"0\"><\/iframe><\/div>\n","protected":false},"excerpt":{"rendered":"<p>pulsa en la imagen &nbsp; &nbsp; Inicia una reflexi\u00f3n, organiza un taller, promueve un debate, impulsa una tarea o actividad sobre el acoso escolar con cualquiera de estos v\u00eddeos y cortos. Con esta selecci\u00f3n podr\u00e1s reflexionar y analizar este fen\u00f3meno con el fin de promover acciones para prevenir o frenar los casos de bullying o acoso escolar. Te sugerimos modalidades de visionado con implementaci\u00f3n de rutinas de pensamiento: veo-pienso-me pregunto, \u00bfqu\u00e9 s\u00e9? \u00bfQu\u00e9 quiero saber?&#46;&#46;&#46;<\/p>\n","protected":false},"author":1169,"featured_media":0,"parent":0,"menu_order":0,"comment_status":"closed","ping_status":"closed","template":"","meta":{"ngg_post_thumbnail":0,"footnotes":""},"aioseo_notices":[],"_links":{"self":[{"href":"https:\/\/blogsaverroes.juntadeandalucia.es\/ceiplosrios\/wp-json\/wp\/v2\/pages\/1220"}],"collection":[{"href":"https:\/\/blogsaverroes.juntadeandalucia.es\/ceiplosrios\/wp-json\/wp\/v2\/pages"}],"about":[{"href":"https:\/\/blogsaverroes.juntadeandalucia.es\/ceiplosrios\/wp-json\/wp\/v2\/types\/page"}],"author":[{"embeddable":true,"href":"https:\/\/blogsaverroes.juntadeandalucia.es\/ceiplosrios\/wp-json\/wp\/v2\/users\/1169"}],"replies":[{"embeddable":true,"href":"https:\/\/blogsaverroes.juntadeandalucia.es\/ceiplosrios\/wp-json\/wp\/v2\/comments?post=1220"}],"version-history":[{"count":1,"href":"https:\/\/blogsaverroes.juntadeandalucia.es\/ceiplosrios\/wp-json\/wp\/v2\/pages\/1220\/revisions"}],"predecessor-version":[{"id":1221,"href":"https:\/\/blogsaverroes.juntadeandalucia.es\/ceiplosrios\/wp-json\/wp\/v2\/pages\/1220\/revisions\/1221"}],"wp:attachment":[{"href":"https:\/\/blogsaverroes.juntadeandalucia.es\/ceiplosrios\/wp-json\/wp\/v2\/media?parent=1220"}],"curies":[{"name":"wp","href":"https:\/\/api.w.org\/{rel}","templated":true}]}}