{"id":15,"date":"2020-01-09T10:56:20","date_gmt":"2020-01-09T09:56:20","guid":{"rendered":"http:\/\/blogsaverroes.juntadeandalucia.es\/pre\/nuevoceipv2\/?page_id=15"},"modified":"2024-03-02T00:29:00","modified_gmt":"2024-03-01T23:29:00","slug":"inicio","status":"publish","type":"page","link":"https:\/\/blogsaverroes.juntadeandalucia.es\/ceiplosrios\/","title":{"rendered":"Inicio"},"content":{"rendered":"<h2 style=\"text-align: center\"><span style=\"font-size: 14pt\">Bienvenid@s al CEIP Los R\u00edos. Junt@s asumimos la responsabilidad compartida de generar ilusiones y desarrollar competencias para la vida. &#8220;Los sue\u00f1os son posibles, cambiar la realidad sin sue\u00f1os, es imposible &#8221; Gracias por compartir esta aventura. <\/span><\/h2>\n<h2 style=\"text-align: center\"><span style=\"font-size: 14pt\">Un saludo, Juli\u00e1n Aznar, director del Centro.<\/span><\/h2>\n<h2 style=\"text-align: center\"><span style=\"font-size: 28px\"><strong><img loading=\"lazy\" decoding=\"async\" class=\" wp-image-1109 alignleft\" src=\"https:\/\/blogsaverroes.juntadeandalucia.es\/ceiplosrios\/files\/2023\/08\/Educar_ensen\u0303ar_vivir-300x300.png\" alt=\"\" width=\"364\" height=\"364\" srcset=\"https:\/\/blogsaverroes.juntadeandalucia.es\/ceiplosrios\/files\/2023\/08\/Educar_ensen\u0303ar_vivir-300x300.png 300w, https:\/\/blogsaverroes.juntadeandalucia.es\/ceiplosrios\/files\/2023\/08\/Educar_ensen\u0303ar_vivir-1024x1024.png 1024w, https:\/\/blogsaverroes.juntadeandalucia.es\/ceiplosrios\/files\/2023\/08\/Educar_ensen\u0303ar_vivir-150x150.png 150w, https:\/\/blogsaverroes.juntadeandalucia.es\/ceiplosrios\/files\/2023\/08\/Educar_ensen\u0303ar_vivir-768x768.png 768w, https:\/\/blogsaverroes.juntadeandalucia.es\/ceiplosrios\/files\/2023\/08\/Educar_ensen\u0303ar_vivir-80x80.png 80w, https:\/\/blogsaverroes.juntadeandalucia.es\/ceiplosrios\/files\/2023\/08\/Educar_ensen\u0303ar_vivir-320x320.png 320w, https:\/\/blogsaverroes.juntadeandalucia.es\/ceiplosrios\/files\/2023\/08\/Educar_ensen\u0303ar_vivir.png 1080w\" sizes=\"(max-width: 364px) 100vw, 364px\" \/>Datos del Centro<\/strong><\/span><\/h2>\n<p style=\"text-align: center\"><span style=\"font-size: 14pt;color: #000000\"><strong>Nombre:<\/strong> C.E.I.P. Los R\u00edos<\/span><br \/>\n<span style=\"font-size: 14pt;color: #000000\"><strong>Direcci\u00f3n:<\/strong> C\/ Eras Bajas, s\/n. 18818. <strong>Castill\u00e9jar<\/strong> (Granada)<\/span><\/p>\n<p style=\"text-align: center\"><span style=\"font-size: 14pt\">\u260e\ufe0f&nbsp;<strong><span style=\"color: #000080\">958729902<\/span><\/strong>&nbsp;&nbsp;<b>Corp.:&nbsp;<\/b><strong>194902<\/strong><\/span><\/p>\n<div style=\"text-align: center\"><span style=\"font-size: 14pt\">\ud83d\udcf1 <strong>Direcci\u00f3n: <span style=\"color: #008000\">618995902<\/span><\/strong>&nbsp; <b>Corp.:<\/b>&nbsp;<span style=\"color: #008000\"><strong>617544<\/strong><\/span><\/span><\/div>\n<div style=\"text-align: center\"><span style=\"font-size: 14pt\"><img decoding=\"async\" class=\"aligncenter\" src=\"https:\/\/fonts.gstatic.com\/s\/e\/notoemoji\/15.0\/1f4e7\/32.png\" alt=\"\ud83d\udce7\"><strong>18001640.edu@juntadeandalucia.es<\/strong><\/span><\/div>\n<p style=\"text-align: center\"><strong><span style=\"font-size: 14pt\">18001640@g.educaand.es<\/span><\/strong><\/p>\n<p style=\"text-align: center\"><span style=\"font-size: 14pt\"><span style=\"color: #000080\"><strong>DIRECTOR:<\/strong> <\/span><strong><span style=\"color: #000000\">Juli\u00e1n Aznar P\u00e9rez<\/span><\/strong><\/span><\/p>\n<p>&nbsp;<\/p>\n<p>&nbsp;<\/p>\n<p>&nbsp;<\/p>\n<p style=\"text-align: left\"><iframe loading=\"lazy\" src=\"https:\/\/www.google.com\/maps\/embed?pb=!1m18!1m12!1m3!1d804217.3109570465!2d-3.165781524183414!3d38.05934390684524!2m3!1f0!2f0!3f0!3m2!1i1024!2i768!4f13.1!3m3!1m2!1s0xd6f91f198d838e3%3A0x41cbcd9d86e14623!2sCEP%20Los%20Rios!5e0!3m2!1ses!2ses!4v1686667646856!5m2!1ses!2ses\" width=\"100%\" height=\"458\"><\/iframe><\/p>\n<p style=\"text-align: center\"><img loading=\"lazy\" decoding=\"async\" class=\"aligncenter size-large wp-image-1263\" src=\"https:\/\/blogsaverroes.juntadeandalucia.es\/ceiplosrios\/files\/2024\/03\/Captura-de-pantalla-2024-03-01-a-las-23.55.29-1024x393.png\" alt=\"\" width=\"1024\" height=\"393\" srcset=\"https:\/\/blogsaverroes.juntadeandalucia.es\/ceiplosrios\/files\/2024\/03\/Captura-de-pantalla-2024-03-01-a-las-23.55.29-1024x393.png 1024w, https:\/\/blogsaverroes.juntadeandalucia.es\/ceiplosrios\/files\/2024\/03\/Captura-de-pantalla-2024-03-01-a-las-23.55.29-300x115.png 300w, https:\/\/blogsaverroes.juntadeandalucia.es\/ceiplosrios\/files\/2024\/03\/Captura-de-pantalla-2024-03-01-a-las-23.55.29-768x295.png 768w, https:\/\/blogsaverroes.juntadeandalucia.es\/ceiplosrios\/files\/2024\/03\/Captura-de-pantalla-2024-03-01-a-las-23.55.29-1536x590.png 1536w, https:\/\/blogsaverroes.juntadeandalucia.es\/ceiplosrios\/files\/2024\/03\/Captura-de-pantalla-2024-03-01-a-las-23.55.29-2048x786.png 2048w, https:\/\/blogsaverroes.juntadeandalucia.es\/ceiplosrios\/files\/2024\/03\/Captura-de-pantalla-2024-03-01-a-las-23.55.29-1080x415.png 1080w, https:\/\/blogsaverroes.juntadeandalucia.es\/ceiplosrios\/files\/2024\/03\/Captura-de-pantalla-2024-03-01-a-las-23.55.29-1280x491.png 1280w, https:\/\/blogsaverroes.juntadeandalucia.es\/ceiplosrios\/files\/2024\/03\/Captura-de-pantalla-2024-03-01-a-las-23.55.29-980x376.png 980w, https:\/\/blogsaverroes.juntadeandalucia.es\/ceiplosrios\/files\/2024\/03\/Captura-de-pantalla-2024-03-01-a-las-23.55.29-480x184.png 480w\" sizes=\"(max-width: 1024px) 100vw, 1024px\" \/><\/p>\n<p style=\"text-align: center\">&nbsp;<\/p>\n<p style=\"text-align: center\"><a href=\"https:\/\/www.juntadeandalucia.es\/educacion\/portales\/es\/web\/escolarizacion\/infantil-a-bachillerato\/calendario\"><strong>Informaci\u00f3n relativa a la inscripci\u00f3n en Infantil y Primaria:<\/strong><\/a><\/p>\n<p>&nbsp;<\/p>\n<p style=\"text-align: left\">&nbsp;<\/p>\n<p style=\"text-align: center\">&nbsp;<\/p>\n","protected":false},"excerpt":{"rendered":"<p>Bienvenid@s al CEIP Los R\u00edos. Junt@s asumimos la responsabilidad compartida de generar ilusiones y desarrollar competencias para la vida. &#8220;Los sue\u00f1os son posibles, cambiar la realidad sin sue\u00f1os, es imposible &#8221; Gracias por compartir esta aventura. Un saludo, Juli\u00e1n Aznar, director del Centro. Datos del Centro Nombre: C.E.I.P. Los R\u00edos Direcci\u00f3n: C\/ Eras Bajas, s\/n. 18818. Castill\u00e9jar (Granada) \u260e\ufe0f&nbsp;958729902&nbsp;&nbsp;Corp.:&nbsp;194902 \ud83d\udcf1 Direcci\u00f3n: 618995902&nbsp; Corp.:&nbsp;617544 18001640.edu@juntadeandalucia.es 18001640@g.educaand.es DIRECTOR: Juli\u00e1n Aznar P\u00e9rez &nbsp; &nbsp; &nbsp; &nbsp; Informaci\u00f3n relativa&#46;&#46;&#46;<\/p>\n","protected":false},"author":4939,"featured_media":0,"parent":0,"menu_order":0,"comment_status":"closed","ping_status":"closed","template":"","meta":{"ngg_post_thumbnail":0,"footnotes":""},"aioseo_notices":[],"_links":{"self":[{"href":"https:\/\/blogsaverroes.juntadeandalucia.es\/ceiplosrios\/wp-json\/wp\/v2\/pages\/15"}],"collection":[{"href":"https:\/\/blogsaverroes.juntadeandalucia.es\/ceiplosrios\/wp-json\/wp\/v2\/pages"}],"about":[{"href":"https:\/\/blogsaverroes.juntadeandalucia.es\/ceiplosrios\/wp-json\/wp\/v2\/types\/page"}],"author":[{"embeddable":true,"href":"https:\/\/blogsaverroes.juntadeandalucia.es\/ceiplosrios\/wp-json\/wp\/v2\/users\/4939"}],"replies":[{"embeddable":true,"href":"https:\/\/blogsaverroes.juntadeandalucia.es\/ceiplosrios\/wp-json\/wp\/v2\/comments?post=15"}],"version-history":[{"count":25,"href":"https:\/\/blogsaverroes.juntadeandalucia.es\/ceiplosrios\/wp-json\/wp\/v2\/pages\/15\/revisions"}],"predecessor-version":[{"id":1268,"href":"https:\/\/blogsaverroes.juntadeandalucia.es\/ceiplosrios\/wp-json\/wp\/v2\/pages\/15\/revisions\/1268"}],"wp:attachment":[{"href":"https:\/\/blogsaverroes.juntadeandalucia.es\/ceiplosrios\/wp-json\/wp\/v2\/media?parent=15"}],"curies":[{"name":"wp","href":"https:\/\/api.w.org\/{rel}","templated":true}]}}