{"id":840,"date":"2020-12-18T08:38:52","date_gmt":"2020-12-18T07:38:52","guid":{"rendered":"https:\/\/blogsaverroes.juntadeandalucia.es\/pre\/plantilla-pencil\/?page_id=840"},"modified":"2023-08-27T17:08:14","modified_gmt":"2023-08-27T16:08:14","slug":"ampa","status":"publish","type":"page","link":"https:\/\/blogsaverroes.juntadeandalucia.es\/ceiplosrios\/ampa\/","title":{"rendered":"AMPA"},"content":{"rendered":"<p><img loading=\"lazy\" decoding=\"async\" class=\"aligncenter wp-image-1199 size-large\" src=\"https:\/\/blogsaverroes.juntadeandalucia.es\/ceiplosrios\/files\/2023\/08\/AMPA-participa-1-724x1024.jpg\" alt=\"\" width=\"724\" height=\"1024\" srcset=\"https:\/\/blogsaverroes.juntadeandalucia.es\/ceiplosrios\/files\/2023\/08\/AMPA-participa-1-724x1024.jpg 724w, https:\/\/blogsaverroes.juntadeandalucia.es\/ceiplosrios\/files\/2023\/08\/AMPA-participa-1-212x300.jpg 212w, https:\/\/blogsaverroes.juntadeandalucia.es\/ceiplosrios\/files\/2023\/08\/AMPA-participa-1-768x1086.jpg 768w, https:\/\/blogsaverroes.juntadeandalucia.es\/ceiplosrios\/files\/2023\/08\/AMPA-participa-1-1086x1536.jpg 1086w, https:\/\/blogsaverroes.juntadeandalucia.es\/ceiplosrios\/files\/2023\/08\/AMPA-participa-1-1448x2048.jpg 1448w, https:\/\/blogsaverroes.juntadeandalucia.es\/ceiplosrios\/files\/2023\/08\/AMPA-participa-1.jpg 1587w\" sizes=\"(max-width: 724px) 100vw, 724px\" \/><\/p>\n<p>&nbsp;<\/p>\n<p>&nbsp;<\/p>\n<p><span style=\"color: #800000;font-family: 'arial black', sans-serif\"><strong><span style=\"font-size: 14pt\">FINES:<\/span><\/strong><\/span><\/p>\n<ul style=\"list-style-type: square\">\n<li>Asistir a los madres, padres y tutores legales en todo lo concerniente a la educaci\u00f3n de sus hijos e hijas.<\/li>\n<li>Colaborar en las actividades educativas del Centro, as\u00ed como en las actividades complementarias y extraescolares.<\/li>\n<li>Organizar actividades culturales y deportivas.<\/li>\n<li>Promover la participaci\u00f3n madres, padres y tutores legales en la actividad del Centro educativo.<\/li>\n<li>Facilitar la representaci\u00f3n y participaci\u00f3n de las madres y padres en el Consejo Escolar del Centro educativo.<\/li>\n<\/ul>\n<p><span style=\"color: #800000;font-family: 'arial black', sans-serif\"><strong><span style=\"font-size: 14pt\">ACTIVIDADES GENERALES:<\/span><\/strong><\/span><\/p>\n<ul>\n<li>Planificar las actividades complementarias y extraescolares que no sean competencia del Claustro y\/o Consejo Escolar, o a las que, siendo competencia de este,&nbsp; se desarrollen en colaboraci\u00f3n del mismo.<\/li>\n<li>Planificar y colaborar en la puesta en marcha y funcionamiento de aquellos servicios escolares que repercutan en el bien del alumnado.<\/li>\n<li>Asesorar a las familias del alumnado sobre las formas de participaci\u00f3n en los \u00f3rganos de gesti\u00f3n del Centro.<\/li>\n<li>Procurar celebraci\u00f3n y\/o organizaci\u00f3n de cursos, conferencias y coloquios de orientaci\u00f3n y formaci\u00f3n para padres, madres y educadores.<\/li>\n<li>Actuar en forma legal, en su \u00e1mbito educativo y territorial, para la defensa de los derechos de las familias asociadas, y las del Centro cuando proceda y no vayan contra los de la Asociaci\u00f3n.<\/li>\n<\/ul>\n","protected":false},"excerpt":{"rendered":"<p>&nbsp; &nbsp; FINES: Asistir a los madres, padres y tutores legales en todo lo concerniente a la educaci\u00f3n de sus hijos e hijas. Colaborar en las actividades educativas del Centro, as\u00ed como en las actividades complementarias y extraescolares. Organizar actividades culturales y deportivas. Promover la participaci\u00f3n madres, padres y tutores legales en la actividad del Centro educativo. Facilitar la representaci\u00f3n y participaci\u00f3n de las madres y padres en el Consejo Escolar del Centro educativo. ACTIVIDADES&#46;&#46;&#46;<\/p>\n","protected":false},"author":4939,"featured_media":0,"parent":0,"menu_order":0,"comment_status":"closed","ping_status":"closed","template":"","meta":{"ngg_post_thumbnail":0,"footnotes":""},"aioseo_notices":[],"_links":{"self":[{"href":"https:\/\/blogsaverroes.juntadeandalucia.es\/ceiplosrios\/wp-json\/wp\/v2\/pages\/840"}],"collection":[{"href":"https:\/\/blogsaverroes.juntadeandalucia.es\/ceiplosrios\/wp-json\/wp\/v2\/pages"}],"about":[{"href":"https:\/\/blogsaverroes.juntadeandalucia.es\/ceiplosrios\/wp-json\/wp\/v2\/types\/page"}],"author":[{"embeddable":true,"href":"https:\/\/blogsaverroes.juntadeandalucia.es\/ceiplosrios\/wp-json\/wp\/v2\/users\/4939"}],"replies":[{"embeddable":true,"href":"https:\/\/blogsaverroes.juntadeandalucia.es\/ceiplosrios\/wp-json\/wp\/v2\/comments?post=840"}],"version-history":[{"count":9,"href":"https:\/\/blogsaverroes.juntadeandalucia.es\/ceiplosrios\/wp-json\/wp\/v2\/pages\/840\/revisions"}],"predecessor-version":[{"id":1192,"href":"https:\/\/blogsaverroes.juntadeandalucia.es\/ceiplosrios\/wp-json\/wp\/v2\/pages\/840\/revisions\/1192"}],"wp:attachment":[{"href":"https:\/\/blogsaverroes.juntadeandalucia.es\/ceiplosrios\/wp-json\/wp\/v2\/media?parent=840"}],"curies":[{"name":"wp","href":"https:\/\/api.w.org\/{rel}","templated":true}]}}