{"id":845,"date":"2020-12-18T08:40:01","date_gmt":"2020-12-18T07:40:01","guid":{"rendered":"https:\/\/blogsaverroes.juntadeandalucia.es\/pre\/plantilla-pencil\/?page_id=845"},"modified":"2023-08-25T19:33:05","modified_gmt":"2023-08-25T18:33:05","slug":"transporte-escolar","status":"publish","type":"page","link":"https:\/\/blogsaverroes.juntadeandalucia.es\/ceiplosrios\/transporte-escolar\/","title":{"rendered":"Transporte Escolar"},"content":{"rendered":"<p><img loading=\"lazy\" decoding=\"async\" class=\"alignnone size-medium wp-image-1076\" src=\"https:\/\/blogsaverroes.juntadeandalucia.es\/ceiplosrios\/files\/2023\/08\/transporte-escolar-300x89.png\" alt=\"\" width=\"300\" height=\"89\" srcset=\"https:\/\/blogsaverroes.juntadeandalucia.es\/ceiplosrios\/files\/2023\/08\/transporte-escolar-300x89.png 300w, https:\/\/blogsaverroes.juntadeandalucia.es\/ceiplosrios\/files\/2023\/08\/transporte-escolar.png 640w\" sizes=\"(max-width: 300px) 100vw, 300px\" \/>&nbsp; La prestaci\u00f3n gratuita del servicio complementario de <strong>transporte escolar<\/strong> tiene como finalidad garantizar la igualdad de todas las personas en el ejercicio del derecho a la educaci\u00f3n, facilitando el desplazamiento gratuito del alumnado, desde su localidad de residencia al centro docente asignado por la Administraci\u00f3n educativa.<\/p>\n<p>La <strong>Agencia P\u00fablica Andaluza de Educaci\u00f3n<\/strong> tiene encomendada la gesti\u00f3n de las rutas de transporte escolar mediante las cuales se facilita transporte gratuito a aquellos alumnos y alumnas que tengan que desplazarse fuera de su localidad de residencia por la inexistencia en la misma de la etapa educativa que le corresponde, o bien que resida en n\u00facleos dispersos de poblaci\u00f3n, asumi\u00e9ndose bajo compromisos de calidad, seguridad y accesibilidad para el alumnado beneficiario de este tipo de servicio complementario a la ense\u00f1anza.<\/p>\n<p>Adem\u00e1s de garantizar esta prestaci\u00f3n gratuita, la Consejer\u00eda de Desarrollo Educativo y FP, concede ayudas individualizadas al alumnado de aquellas ense\u00f1anzas que, por su especificidad y dificultad de generalizaci\u00f3n, se impartan en centros docentes p\u00fablicos alejados de sus localidades y donde no es posible ofrecer servicio de transporte.<\/p>\n","protected":false},"excerpt":{"rendered":"<p>&nbsp; La prestaci\u00f3n gratuita del servicio complementario de transporte escolar tiene como finalidad garantizar la igualdad de todas las personas en el ejercicio del derecho a la educaci\u00f3n, facilitando el desplazamiento gratuito del alumnado, desde su localidad de residencia al centro docente asignado por la Administraci\u00f3n educativa. La Agencia P\u00fablica Andaluza de Educaci\u00f3n tiene encomendada la gesti\u00f3n de las rutas de transporte escolar mediante las cuales se facilita transporte gratuito a aquellos alumnos y alumnas&#46;&#46;&#46;<\/p>\n","protected":false},"author":4939,"featured_media":0,"parent":0,"menu_order":0,"comment_status":"closed","ping_status":"closed","template":"","meta":{"ngg_post_thumbnail":0,"footnotes":""},"aioseo_notices":[],"_links":{"self":[{"href":"https:\/\/blogsaverroes.juntadeandalucia.es\/ceiplosrios\/wp-json\/wp\/v2\/pages\/845"}],"collection":[{"href":"https:\/\/blogsaverroes.juntadeandalucia.es\/ceiplosrios\/wp-json\/wp\/v2\/pages"}],"about":[{"href":"https:\/\/blogsaverroes.juntadeandalucia.es\/ceiplosrios\/wp-json\/wp\/v2\/types\/page"}],"author":[{"embeddable":true,"href":"https:\/\/blogsaverroes.juntadeandalucia.es\/ceiplosrios\/wp-json\/wp\/v2\/users\/4939"}],"replies":[{"embeddable":true,"href":"https:\/\/blogsaverroes.juntadeandalucia.es\/ceiplosrios\/wp-json\/wp\/v2\/comments?post=845"}],"version-history":[{"count":5,"href":"https:\/\/blogsaverroes.juntadeandalucia.es\/ceiplosrios\/wp-json\/wp\/v2\/pages\/845\/revisions"}],"predecessor-version":[{"id":1077,"href":"https:\/\/blogsaverroes.juntadeandalucia.es\/ceiplosrios\/wp-json\/wp\/v2\/pages\/845\/revisions\/1077"}],"wp:attachment":[{"href":"https:\/\/blogsaverroes.juntadeandalucia.es\/ceiplosrios\/wp-json\/wp\/v2\/media?parent=845"}],"curies":[{"name":"wp","href":"https:\/\/api.w.org\/{rel}","templated":true}]}}