{"id":871,"date":"2020-12-18T08:57:29","date_gmt":"2020-12-18T07:57:29","guid":{"rendered":"https:\/\/blogsaverroes.juntadeandalucia.es\/pre\/plantilla-pencil\/?page_id=871"},"modified":"2024-03-14T18:43:54","modified_gmt":"2024-03-14T17:43:54","slug":"comedor-escolar","status":"publish","type":"page","link":"https:\/\/blogsaverroes.juntadeandalucia.es\/ceiplosrios\/comedor-escolar\/","title":{"rendered":"Comedor escolar"},"content":{"rendered":"<p><img loading=\"lazy\" decoding=\"async\" class=\"aligncenter size-large wp-image-1257\" src=\"https:\/\/blogsaverroes.juntadeandalucia.es\/ceiplosrios\/files\/2024\/02\/comedor_banderines-1024x577.jpg\" alt=\"\" width=\"1024\" height=\"577\" srcset=\"https:\/\/blogsaverroes.juntadeandalucia.es\/ceiplosrios\/files\/2024\/02\/comedor_banderines-1024x577.jpg 1024w, https:\/\/blogsaverroes.juntadeandalucia.es\/ceiplosrios\/files\/2024\/02\/comedor_banderines-300x169.jpg 300w, https:\/\/blogsaverroes.juntadeandalucia.es\/ceiplosrios\/files\/2024\/02\/comedor_banderines-768x432.jpg 768w, https:\/\/blogsaverroes.juntadeandalucia.es\/ceiplosrios\/files\/2024\/02\/comedor_banderines-1536x865.jpg 1536w, https:\/\/blogsaverroes.juntadeandalucia.es\/ceiplosrios\/files\/2024\/02\/comedor_banderines-2048x1153.jpg 2048w\" sizes=\"(max-width: 1024px) 100vw, 1024px\" \/><img loading=\"lazy\" decoding=\"async\" class=\"alignnone size-medium wp-image-1073\" src=\"https:\/\/blogsaverroes.juntadeandalucia.es\/ceiplosrios\/files\/2023\/08\/comedor-300x135.png\" alt=\"\" width=\"300\" height=\"135\" srcset=\"https:\/\/blogsaverroes.juntadeandalucia.es\/ceiplosrios\/files\/2023\/08\/comedor-300x135.png 300w, https:\/\/blogsaverroes.juntadeandalucia.es\/ceiplosrios\/files\/2023\/08\/comedor.png 736w\" sizes=\"(max-width: 300px) 100vw, 300px\" \/>&nbsp; &nbsp;Prestamos el servicio de comedor escolar para el alumnado del segundo ciclo de <strong>Educaci\u00f3n Infantil<\/strong> y de <strong>Educaci\u00f3n Primaria<\/strong>,&nbsp; durante un tiempo m\u00e1ximo de dos horas a partir de la finalizaci\u00f3n de la jornada lectiva de ma\u00f1ana, de <strong>14.00 a 15:30<\/strong> horas, para compatibilizar con horario del transporte.<\/p>\n<p>El horario de este servicio proporciona a los padres y a las madres un apoyo que les permite compatibilizar sus obligaciones familiares y profesionales, por tanto, los comedores escolares constituyen un servicio complementario de gran utilidad para conciliar la vida laboral y familiar. Son, adem\u00e1s, una pieza importante en todas las medidas dirigidas a mejorar los h\u00e1bitos alimenticios de los ni\u00f1os y ni\u00f1as y prevenir problemas de salud como la obesidad.<\/p>\n<p><strong>La atenci\u00f3n al alumnado en el comedor escolar se llevar\u00e1 a cabo por personal cualificado<\/strong> cuyas funciones son las siguientes:<\/p>\n<p><strong>a)<\/strong> Atender y custodiar al alumnado durante las comidas y en el tiempo anterior y posterior a las mismas, as\u00ed como, en su caso, durante el traslado del alumnado al centro con comedor.<br \/>\n<strong>b)<\/strong> Resolver las incidencias que pudieran presentarse durante ese per\u00edodo.<br \/>\n<strong>c)<\/strong> Prestar especial atenci\u00f3n a la labor educativa del comedor: adquisici\u00f3n de h\u00e1bitos sociales e higi\u00e9nico-sanitarios y correcta utilizaci\u00f3n del menaje del comedor.<br \/>\n<strong>d)<\/strong> Cualquier otra funci\u00f3n que le pueda ser encomendada por la persona que ejerce la direcci\u00f3n del centro, para el adecuado funcionamiento del comedor escolar.<\/p>\n<p>Estos profesionales ejercen una labor educativa dirigida a favorecer la adquisici\u00f3n de buenos h\u00e1bitos sociales, higi\u00e9nicos y alimenticios. Por ejemplo, introduciendo pr\u00e1cticas como el lavado previo de las manos o el cepillado de los dientes despu\u00e9s de las comidas. Adem\u00e1s de la labor educativa que se realiza durante las comidas, despu\u00e9s de \u00e9stas, se ofrecen al alumnado actividades l\u00fadicas, deportivas o educativas que permitan un uso provechoso de este tiempo.<\/p>\n<p>El <strong>servicio de comedor escolar<\/strong> se solicita en el mes de junio en la matriculaci\u00f3n del alumnado y la solicitud de bonificaciones al precio p\u00fablico de dicho servicio se realiza a principios del mes de septiembre para posibilitar que los ingresos de referencia para el c\u00e1lculo de la bonificaci\u00f3n sea el del a\u00f1o inmediatamente anterior, y adecuarse en lo posible a la capacidad econ\u00f3mica real de las familias.<\/p>\n<p>Los men\u00fas que se sirven en los comedores escolares p\u00fablicos siguen las recomendaciones de los organismos responsables en materia de sanidad en cuanto a alimentaci\u00f3n saludable, por lo que se puede afirmar que la situaci\u00f3n de los comedores escolares de Andaluc\u00eda es ejemplar desde el punto de vista nutricional.<\/p>\n<p><img loading=\"lazy\" decoding=\"async\" class=\"aligncenter wp-image-1273 size-full\" src=\"https:\/\/blogsaverroes.juntadeandalucia.es\/ceiplosrios\/files\/2024\/03\/menu_Comedor_actualizado_marzo2024.jpg\" alt=\"\" width=\"1033\" height=\"723\" srcset=\"https:\/\/blogsaverroes.juntadeandalucia.es\/ceiplosrios\/files\/2024\/03\/menu_Comedor_actualizado_marzo2024.jpg 1033w, https:\/\/blogsaverroes.juntadeandalucia.es\/ceiplosrios\/files\/2024\/03\/menu_Comedor_actualizado_marzo2024-300x210.jpg 300w, https:\/\/blogsaverroes.juntadeandalucia.es\/ceiplosrios\/files\/2024\/03\/menu_Comedor_actualizado_marzo2024-1024x717.jpg 1024w, https:\/\/blogsaverroes.juntadeandalucia.es\/ceiplosrios\/files\/2024\/03\/menu_Comedor_actualizado_marzo2024-768x538.jpg 768w\" sizes=\"(max-width: 1033px) 100vw, 1033px\" \/><\/p>\n<p>&nbsp;<\/p>\n","protected":false},"excerpt":{"rendered":"<p>&nbsp; &nbsp;Prestamos el servicio de comedor escolar para el alumnado del segundo ciclo de Educaci\u00f3n Infantil y de Educaci\u00f3n Primaria,&nbsp; durante un tiempo m\u00e1ximo de dos horas a partir de la finalizaci\u00f3n de la jornada lectiva de ma\u00f1ana, de 14.00 a 15:30 horas, para compatibilizar con horario del transporte. El horario de este servicio proporciona a los padres y a las madres un apoyo que les permite compatibilizar sus obligaciones familiares y profesionales, por tanto,&#46;&#46;&#46;<\/p>\n","protected":false},"author":4939,"featured_media":1257,"parent":0,"menu_order":0,"comment_status":"closed","ping_status":"closed","template":"","meta":{"ngg_post_thumbnail":0,"footnotes":""},"aioseo_notices":[],"_links":{"self":[{"href":"https:\/\/blogsaverroes.juntadeandalucia.es\/ceiplosrios\/wp-json\/wp\/v2\/pages\/871"}],"collection":[{"href":"https:\/\/blogsaverroes.juntadeandalucia.es\/ceiplosrios\/wp-json\/wp\/v2\/pages"}],"about":[{"href":"https:\/\/blogsaverroes.juntadeandalucia.es\/ceiplosrios\/wp-json\/wp\/v2\/types\/page"}],"author":[{"embeddable":true,"href":"https:\/\/blogsaverroes.juntadeandalucia.es\/ceiplosrios\/wp-json\/wp\/v2\/users\/4939"}],"replies":[{"embeddable":true,"href":"https:\/\/blogsaverroes.juntadeandalucia.es\/ceiplosrios\/wp-json\/wp\/v2\/comments?post=871"}],"version-history":[{"count":8,"href":"https:\/\/blogsaverroes.juntadeandalucia.es\/ceiplosrios\/wp-json\/wp\/v2\/pages\/871\/revisions"}],"predecessor-version":[{"id":1274,"href":"https:\/\/blogsaverroes.juntadeandalucia.es\/ceiplosrios\/wp-json\/wp\/v2\/pages\/871\/revisions\/1274"}],"wp:featuredmedia":[{"embeddable":true,"href":"https:\/\/blogsaverroes.juntadeandalucia.es\/ceiplosrios\/wp-json\/wp\/v2\/media\/1257"}],"wp:attachment":[{"href":"https:\/\/blogsaverroes.juntadeandalucia.es\/ceiplosrios\/wp-json\/wp\/v2\/media?parent=871"}],"curies":[{"name":"wp","href":"https:\/\/api.w.org\/{rel}","templated":true}]}}