{"id":141,"date":"2015-03-17T07:13:24","date_gmt":"2015-03-17T07:13:24","guid":{"rendered":"http:\/\/blogsaverroes.juntadeandalucia.es\/pre\/ceip\/?page_id=141"},"modified":"2024-03-04T08:48:59","modified_gmt":"2024-03-04T08:48:59","slug":"escolarizacion","status":"publish","type":"page","link":"https:\/\/blogsaverroes.juntadeandalucia.es\/ceiplossauces\/escolarizacion\/","title":{"rendered":"Escolarizaci\u00f3n 2024\/25"},"content":{"rendered":"<p>Este periodo de escolarizaci\u00f3n est\u00e1 destinado al&nbsp;alumnado de nuevo ingreso en el centro.<\/p>\n<p>Los alumnos\/as que actualmente est\u00e1n escolarizados en el centro no tienen que realizar ahora ning\u00fan tr\u00e1mite; es en junio cuando deber\u00e1n matricularse, proceso del cual informaremos en su momento.<\/p>\n<p>Para evitar tener que desplazarse a nuestras instalaciones y facilitar los procedimientos relacionados con el centro,&nbsp;se recomienda la presentaci\u00f3n telem\u00e1tica de la solicitud de escolarizaci\u00f3n.&nbsp;&nbsp;&nbsp;<\/p>\n<p>Tiene a su disposici\u00f3n la solicitud (anexo III) en papel impreso en una bandeja a la entrada de la Secretar\u00eda.&nbsp; &nbsp;<\/p>\n<p>&nbsp;<\/p>\n<p>&nbsp;<\/p>\n<table>\n<tbody>\n<tr>\n<td colspan=\"3\">\n<h4><a href=\"https:\/\/juntadeandalucia.es\/temas\/estudiar\/primaria-eso\/matriculacion.html\" target=\"_blank\" rel=\"noopener noreferrer\">WEB CONSEJER\u00cdA EDUCACI\u00d3N<\/a><\/h4>\n<\/td>\n<\/tr>\n<tr>\n<td colspan=\"3\">\n<h4><a href=\"https:\/\/www.juntadeandalucia.es\/educacion\/portales\/web\/escolarizacion\/infantil-a-bachillerato\" target=\"_blank\" rel=\"noopener noreferrer\">PORTAL DE ESCOLARIZACI\u00d3N<\/a><\/h4>\n<\/td>\n<\/tr>\n<tr>\n<td>\n<h4><a href=\"https:\/\/www.juntadeandalucia.es\/educacion\/portales\/web\/escolarizacion\/infantil-a-bachillerato\/normativa\">ACCESO OFICIAL NORMATIVA<\/a><\/h4>\n<\/td>\n<td>\n<h4><a href=\"https:\/\/www.juntadeandalucia.es\/educacion\/portales\/web\/escolarizacion\/infantil-a-bachillerato\/impresos\" target=\"_blank\" rel=\"noopener noreferrer\">ACCESO OFICIAL IMPRESOS<\/a><\/h4>\n<\/td>\n<td>\n<h4><a href=\"https:\/\/www.juntadeandalucia.es\/educacion\/secretariavirtual\/accesoTramite\/462\/\">PRESENTACI\u00d3N TELEM\u00c1TICA<\/a><\/h4>\n<h4>(recomendado)<\/h4>\n<\/td>\n<\/tr>\n<tr>\n<td>\n<h4><a href=\"https:\/\/www.juntadeandalucia.es\/eboja\/2023\/17\/BOJA23-017-00001-1382-01_00276438.pdf\" target=\"_blank\" rel=\"noopener noreferrer\">RESOLUCI\u00d3N CALENDARIO GENERAL<\/a><\/h4>\n<\/td>\n<td>\n<h4><a href=\"https:\/\/blogsaverroes.juntadeandalucia.es\/ceiplossauces\/files\/2024\/03\/Calendario-escolarizacio\u0301n-24-25.pdf\" target=\"_blank\" rel=\"noopener noreferrer\">ACCESO OFICIAL CALENDARIO<\/a>&nbsp;<\/h4>\n<\/td>\n<td>\n<h4><a href=\"https:\/\/blogsaverroes.juntadeandalucia.es\/ceiplossauces\/secretaria-virtual\/\" target=\"_blank\" rel=\"noopener noreferrer\">C\u00d3MO REALIZAR LA PRESENTACI\u00d3N TELEM\u00c1TICA<\/a><\/h4>\n<\/td>\n<\/tr>\n<tr>\n<td>\n<h4><a href=\"https:\/\/blogsaverroes.juntadeandalucia.es\/ceiplossauces\/files\/2024\/03\/27022024instruccionesescolarizacion.pdf\" target=\"_blank\" rel=\"noopener noreferrer\">INSTRUCCIONES ESCOLARIZACI\u00d3N<\/a><\/h4>\n<\/td>\n<td>\n<h4>&nbsp;<\/h4>\n<\/td>\n<td>\n<h4>&nbsp;<\/h4>\n<\/td>\n<\/tr>\n<tr>\n<td>\n<h4><a href=\"https:\/\/www.juntadeandalucia.es\/educacion\/portales\/web\/escolarizacion\/infantil-a-bachillerato\/autobaremo\" target=\"_blank\" rel=\"noopener noreferrer\">AUTOBAREMO<\/a>&nbsp;<\/h4>\n<\/td>\n<td>\n<h4><a href=\"https:\/\/www.juntadeandalucia.es\/educacion\/portales\/web\/escolarizacion\/infantil-a-bachillerato\/preguntas-frecuentes\" target=\"_blank\" rel=\"noopener noreferrer\">PREGUNTAS FRECUENTES<\/a>&nbsp;<\/h4>\n<\/td>\n<td>\n<h4><a href=\"https:\/\/www.juntadeandalucia.es\/educacion\/educasig\/escolarizacion\/\" target=\"_blank\" rel=\"noopener noreferrer\">VISOR EDUCASIG<\/a><\/h4>\n<\/td>\n<\/tr>\n<tr>\n<td colspan=\"3\">\n<h4>&nbsp;<\/h4>\n<h4 class=\"title icopdf\"><a title=\"ANEXO IX Solicitud Procedimiento Extraordinario de Admisi\u00f3n\" href=\"https:\/\/www.juntadeandalucia.es\/educacion\/portals\/delegate\/content\/dcec9582-b20c-494b-bfbd-2886c7b8be94\/ANEXO%20IX\" target=\"_blank\" rel=\"noopener noreferrer\">ANEXO IX<\/a><\/h4>\n<h4 class=\"resumen\"><a title=\"Pulse para visualizar el documento:&nbsp;ANEXO IX\" href=\"https:\/\/www.juntadeandalucia.es\/educacion\/portals\/delegate\/content\/dcec9582-b20c-494b-bfbd-2886c7b8be94\/ANEXO%20IX\" target=\"_blank\" rel=\"noopener noreferrer\">SOLICITUD PROCEDIMIENTO EXTRAORDINARIO DE ADMISI\u00d3N<\/a><\/h4>\n<\/td>\n<\/tr>\n<\/tbody>\n<\/table>\n<p>&nbsp;<\/p>\n<p>Toda la documentaci\u00f3n a entregar se especifica en el ANEXO III (solicitud).<\/p>\n<p>Deber\u00e1 mantener su validez y eficacia a la fecha de finalizaci\u00f3n del plazo de presentaci\u00f3n de las solicitudes y responder a las circunstancias reales del alumno o alumna en dicha fecha.<\/p>\n<p><strong>En caso necesario, se requerir\u00e1<\/strong>:<\/p>\n<ul>\n<li>Certificado de empadronamiento expedido por el Ayuntamiento<\/li>\n<li>Datos del lugar de trabajo y actividad laboral<\/li>\n<li>Dict\u00e1menes sobre el grado de discapacidad o informe del Centro de Atenci\u00f3n Infantil Temprana<\/li>\n<li>Copia autenticada del t\u00edtulo de familia numerosa en vigor<\/li>\n<li>Datos del hist\u00f3rico de empadronamiento<\/li>\n<li>Copia autenticada del libro de familia<\/li>\n<li>Datos de certificado de vida laboral e informe de situaci\u00f3n de la persona trabajadora<\/li>\n<li>Certificaci\u00f3n expedida por el centro de educaci\u00f3n infantil<\/li>\n<\/ul>\n<p>&nbsp;<\/p>\n<table>\n<tbody>\n<tr>\n<td><strong>ORIENTACIONES DOCUMENTACI\u00d3N ACREDITATIVA<\/strong><\/td>\n<\/tr>\n<tr>\n<td>Si su&nbsp;<strong>situaci\u00f3n familiar<\/strong>&nbsp;es de separado\/divorciado y\/o solo uno de los progenitores tiene reconocido al ni\u00f1o\/a, aportar fotocopia de documentaci\u00f3n que acredite dichas circunstancias.<br \/>\nSi la custodia de sus hijos\/a es compartida, la solicitud debe estar firmada por los dos progenitores.<\/td>\n<\/tr>\n<tr>\n<td>Si el alumno\/a para el que presenta solicitud presenta alg\u00fan tipo de&nbsp;<strong>discapacidad<\/strong>, as\u00ed como sus progenitores y\/o hermanos\/as, deber\u00e1n aportar fotocopia de la documentaci\u00f3n que lo acredite.<\/td>\n<\/tr>\n<tr>\n<td>Si su familia es&nbsp;<strong>numerosa y\/o monoparental<\/strong>&nbsp;fotocopia de documentaci\u00f3n que lo acredite.<br \/>\nSi usted no es familia numerosa ni monoparental pero tiene 2 hijos\/as (para el que presenta solicitud y otro\/a) deber\u00e1 aportar fotocopia completa del libro de familia.<br \/>\nFamilia monoparental es aquella en que uno de los progenitores ha fallecido, tiene retirada la patria potestad por sentencia judicial y\/o solo uno de los progenitores tiene reconocido al hijo\/a.<\/td>\n<\/tr>\n<tr>\n<td>Si tiene alg\u00fan&nbsp;<strong>hermano\/a matriculado<\/strong>&nbsp;en el centro para el que presenta solicitud o en alguno de los adscritos al nuestro (IES Luca de Tena) deber\u00e1 aportar un certificado que acredite la matricula del mismo en el centro correspondiente en el presente curso escolar.<\/td>\n<\/tr>\n<tr>\n<td>La acreditaci\u00f3n del domicilio familiar se realiza directamente con el Ayuntamiento.<br \/>\nSi usted opta por la baremaci\u00f3n del&nbsp;<strong>domicilio laboral<\/strong>&nbsp;deber\u00e1 aportar una Vida Laboral y un certificado de la empresa que le acredite el domicilio donde usted desempe\u00f1a su actividad laboral.<\/td>\n<\/tr>\n<tr>\n<td>Si ambos guardadores (o quien ostente la custodia por sentencia) desempe\u00f1an&nbsp;<strong>actividad laboral<\/strong>&nbsp;remunerada de manera ininterrumpida durante los \u00faltimos 6 meses y con una jornada semanal de al menos 20horas, deber\u00e1 aportar: vida laboral&nbsp; y certificado de la empresa donde conste la fecha desde la que est\u00e1 contratado y el n\u00famero de horas semanales.<\/td>\n<\/tr>\n<tr>\n<td>Para el alumnado que solicita plaza en Educaci\u00f3n Infantil de 3 a\u00f1os, si ha estado&nbsp; escolarizado en un<strong>&nbsp;centro de 0-3 a\u00f1os<\/strong>&nbsp;reconocido, deber\u00e1 aporta un certificado del centro donde se indique el c\u00f3digo del centro, el nombre gen\u00e9rico y espec\u00edfico del centro y desde cuando est\u00e1 matriculado el alumno\/a.<\/td>\n<\/tr>\n<tr>\n<td>En el apartado de datos para proceder a la baremaci\u00f3n de la&nbsp;<strong>renta<\/strong>&nbsp;por parte de la Agencia Tributaria, destacar que la unidad familiar la componen los progenitores y los hijos\/as (no abuelos\/as, t\u00edos\/as, sobrinos\/as\u2026.<br \/>\nEn este apartado es necesario poner los datos tanto de los progenitores como de los hijos\/as, incluido el solicitante, y firmar todos los que tengan m\u00e1s de 16 a\u00f1os.<br \/>\nEn el caso de custodias compartidas, aunque no convivan en el mismo domicilio, deben aparecer los 2 progenitores, solo aparecer\u00e1 uno si tiene asignada la custodia por sentencia.<\/td>\n<\/tr>\n<\/tbody>\n<\/table>\n<p>&nbsp;<\/p>\n<table>\n<tbody>\n<tr>\n<td colspan=\"2\">\n<h3>FECHAS PREVISTAS<\/h3>\n<\/td>\n<\/tr>\n<tr>\n<td>\n<h5>Del 1 al 31 de marzo<\/h5>\n<\/td>\n<td>\n<h5>Presentaci\u00f3n de solicitudes, ambos incluidos&nbsp;<\/h5>\n<\/td>\n<\/tr>\n<tr>\n<td>\n<h5><strong>Del 15 de abril al 29 de abril de 2024<\/strong><\/h5>\n<\/td>\n<td>\n<h5>Publicaci\u00f3n de la relaci\u00f3n de personas solicitantes y de la lista baremada&nbsp;<\/h5>\n<\/td>\n<\/tr>\n<tr>\n<td>\n<h5><strong>A partir del 16 de abril<\/strong><\/h5>\n<\/td>\n<td>\n<h5>Tr\u00e1mite de audiencia para posibles reclamaciones a la baremaci\u00f3n (art\u00edculo 23.1 de la Orden de 20 de febrero de 2020)&nbsp;<\/h5>\n<\/td>\n<\/tr>\n<tr>\n<td>\n<h5><strong>Lunes 13 de mayo<\/strong><\/h5>\n<\/td>\n<td>\n<h5>Sorteo p\u00fablico para dirimir posibles empates (Art.30 del Decreto 21\/2020 de 17 febrero)&nbsp;<\/h5>\n<\/td>\n<\/tr>\n<tr>\n<td>\n<h5>Martes 14de mayo<\/h5>\n<\/td>\n<td>\n<h5>Publicaci\u00f3n de las resoluciones de admisi\u00f3n del alumnado&nbsp;<\/h5>\n<p>&nbsp;<\/td>\n<\/tr>\n<tr>\n<td>\n<h5>Viernes 24 de mayo<\/h5>\n<\/td>\n<td>\n<h5>Publicaci\u00f3n de la adjudicaci\u00f3n de plaza escolar al alumnado no admitido en el centro elegido como prioritario (reubicaci\u00f3n)&nbsp;<\/h5>\n<p>&nbsp;<\/td>\n<\/tr>\n<tr>\n<td>\n<h5>A partir del 27 de mayo<\/h5>\n<\/td>\n<td>\n<h5>Plazo para interponer recursos de alzada y reclamaciones (art\u00edculo 48 del Decreto 21\/2020, de 17 de febrero)<\/h5>\n<\/td>\n<\/tr>\n<tr>\n<td>\n<h5>Del 1 al 10 de junio<\/h5>\n<\/td>\n<td>\n<h5>Matriculaci\u00f3n del alumnado admitido<\/h5>\n<\/td>\n<\/tr>\n<\/tbody>\n<\/table>\n<p>&nbsp;<\/p>\n<div>Pueden consultar si sus hijos e hijas han sido admitidos\/as en nuestro colegio. Para ello necesitan la clave&nbsp; iANDE,&nbsp;que tambi\u00e9n necesitar\u00e1n para la matriculaci\u00f3n.&nbsp;<\/div>\n<div>&nbsp;<\/div>\n<div>La Consejer\u00eda de Educaci\u00f3n ha mandando la clave iANDE mediante SMS a&nbsp;<strong>los solicitantes de admisi\u00f3n que no dispon\u00edan de ella<\/strong>, por ejemplo los&nbsp;ni\u00f1os de 3 a\u00f1os&nbsp;que comienzan la escolarizaci\u00f3n el pr\u00f3ximo curso.<\/div>\n<div>&nbsp;<\/div>\n<div>&nbsp;<\/div>\n<div><a href=\"https:\/\/www.juntadeandalucia.es\/educacion\/secretariavirtual\/consultas\/#ADMS\" target=\"_blank\" rel=\"noopener noreferrer\">Acceso a la consulta<\/a><\/div>\n<div>&nbsp;<\/div>\n<div>&nbsp;<\/div>\n<div>Si no han recibido la clave&nbsp; iANDE, pueden solicitarla en la&nbsp;<a href=\"https:\/\/www.juntadeandalucia.es\/educacion\/secretariavirtual\/autenticacion\/registroUsuarioIANDE\/\">Secretar\u00eda Virtual de Centros<\/a>.<\/div>\n<p>&nbsp;<\/p>\n<p>&nbsp;<\/p>\n<p>&nbsp;<\/p>\n<p>\u00abLos tablones de anuncios&nbsp;de los centros docentes sostenidos con fondos p\u00fablicos que se utilicen para las publicaciones recogidas en el procedimiento regulado en la presente orden que contengan datos personales,&nbsp;estar\u00e1n ubicados en dependencias del centro con acceso restringido a las personas interesadas.\u00bb (Orden de 20 de febrero de 2020)<\/p>\n<p>&nbsp;<\/p>\n<p>Para atender consultas sobre todo el proceso de escolarizaci\u00f3n, la Consejer\u00eda ha habilitado un&nbsp;tel\u00e9fono gratuito de informaci\u00f3n (<strong>900 848 000<\/strong>), en horario ininterrumpido de 8.00 a 19.00 horas.<\/p>\n<p>&nbsp;<\/p>\n","protected":false},"excerpt":{"rendered":"<p>Este periodo de escolarizaci\u00f3n est\u00e1 destinado al&nbsp;alumnado de nuevo ingreso en el centro. Los alumnos\/as que actualmente est\u00e1n escolarizados en el centro no tienen que&hellip;<\/p>\n","protected":false},"author":1,"featured_media":0,"parent":0,"menu_order":0,"comment_status":"closed","ping_status":"open","template":"page-cs.php","meta":{"ngg_post_thumbnail":0,"footnotes":"","_mc_calendar":[]},"aioseo_notices":[],"_links":{"self":[{"href":"https:\/\/blogsaverroes.juntadeandalucia.es\/ceiplossauces\/wp-json\/wp\/v2\/pages\/141"}],"collection":[{"href":"https:\/\/blogsaverroes.juntadeandalucia.es\/ceiplossauces\/wp-json\/wp\/v2\/pages"}],"about":[{"href":"https:\/\/blogsaverroes.juntadeandalucia.es\/ceiplossauces\/wp-json\/wp\/v2\/types\/page"}],"author":[{"embeddable":true,"href":"https:\/\/blogsaverroes.juntadeandalucia.es\/ceiplossauces\/wp-json\/wp\/v2\/users\/1"}],"replies":[{"embeddable":true,"href":"https:\/\/blogsaverroes.juntadeandalucia.es\/ceiplossauces\/wp-json\/wp\/v2\/comments?post=141"}],"version-history":[{"count":20,"href":"https:\/\/blogsaverroes.juntadeandalucia.es\/ceiplossauces\/wp-json\/wp\/v2\/pages\/141\/revisions"}],"predecessor-version":[{"id":3493,"href":"https:\/\/blogsaverroes.juntadeandalucia.es\/ceiplossauces\/wp-json\/wp\/v2\/pages\/141\/revisions\/3493"}],"wp:attachment":[{"href":"https:\/\/blogsaverroes.juntadeandalucia.es\/ceiplossauces\/wp-json\/wp\/v2\/media?parent=141"}],"curies":[{"name":"wp","href":"https:\/\/api.w.org\/{rel}","templated":true}]}}