{"id":2734,"date":"2020-05-30T18:53:35","date_gmt":"2020-05-30T18:53:35","guid":{"rendered":"https:\/\/blogsaverroes.juntadeandalucia.es\/ceiplossauces\/?page_id=2734"},"modified":"2021-11-15T23:55:17","modified_gmt":"2021-11-15T23:55:17","slug":"plan-de-convivencia","status":"publish","type":"page","link":"https:\/\/blogsaverroes.juntadeandalucia.es\/ceiplossauces\/plan-de-convivencia\/","title":{"rendered":"PLAN DE CONVIVENCIA"},"content":{"rendered":"<p style=\"text-align: center\"><a href=\"https:\/\/drive.google.com\/file\/d\/1saJyikx_isgWpeVQ-2EcuIxJ_L9Bh6Sg\/view?usp=sharing\">Coordinador: Manuel Cam\u00fa\u00f1ez Mart\u00edn<br \/>\n<img loading=\"lazy\" decoding=\"async\" class=\"aligncenter  wp-image-3246\" src=\"https:\/\/blogsaverroes.juntadeandalucia.es\/ceiplossauces\/files\/2021\/11\/Captura-de-pantalla-2021-11-16-a-las-0.52.06.png\" alt=\"\" width=\"438\" height=\"627\" srcset=\"https:\/\/blogsaverroes.juntadeandalucia.es\/ceiplossauces\/files\/2021\/11\/Captura-de-pantalla-2021-11-16-a-las-0.52.06.png 702w, https:\/\/blogsaverroes.juntadeandalucia.es\/ceiplossauces\/files\/2021\/11\/Captura-de-pantalla-2021-11-16-a-las-0.52.06-210x300.png 210w\" sizes=\"(max-width: 438px) 100vw, 438px\" \/><\/a><\/p>\n","protected":false},"excerpt":{"rendered":"<p>Coordinador: Manuel Cam\u00fa\u00f1ez Mart\u00edn<\/p>\n","protected":false},"author":5137,"featured_media":0,"parent":0,"menu_order":0,"comment_status":"closed","ping_status":"closed","template":"","meta":{"ngg_post_thumbnail":0,"footnotes":"","_mc_calendar":[]},"aioseo_notices":[],"_links":{"self":[{"href":"https:\/\/blogsaverroes.juntadeandalucia.es\/ceiplossauces\/wp-json\/wp\/v2\/pages\/2734"}],"collection":[{"href":"https:\/\/blogsaverroes.juntadeandalucia.es\/ceiplossauces\/wp-json\/wp\/v2\/pages"}],"about":[{"href":"https:\/\/blogsaverroes.juntadeandalucia.es\/ceiplossauces\/wp-json\/wp\/v2\/types\/page"}],"author":[{"embeddable":true,"href":"https:\/\/blogsaverroes.juntadeandalucia.es\/ceiplossauces\/wp-json\/wp\/v2\/users\/5137"}],"replies":[{"embeddable":true,"href":"https:\/\/blogsaverroes.juntadeandalucia.es\/ceiplossauces\/wp-json\/wp\/v2\/comments?post=2734"}],"version-history":[{"count":3,"href":"https:\/\/blogsaverroes.juntadeandalucia.es\/ceiplossauces\/wp-json\/wp\/v2\/pages\/2734\/revisions"}],"predecessor-version":[{"id":3248,"href":"https:\/\/blogsaverroes.juntadeandalucia.es\/ceiplossauces\/wp-json\/wp\/v2\/pages\/2734\/revisions\/3248"}],"wp:attachment":[{"href":"https:\/\/blogsaverroes.juntadeandalucia.es\/ceiplossauces\/wp-json\/wp\/v2\/media?parent=2734"}],"curies":[{"name":"wp","href":"https:\/\/api.w.org\/{rel}","templated":true}]}}