{"id":2907,"date":"2020-09-22T15:29:58","date_gmt":"2020-09-22T15:29:58","guid":{"rendered":"https:\/\/blogsaverroes.juntadeandalucia.es\/ceiplossauces\/?page_id=2907"},"modified":"2022-02-16T21:45:40","modified_gmt":"2022-02-16T21:45:40","slug":"tutoriales","status":"publish","type":"page","link":"https:\/\/blogsaverroes.juntadeandalucia.es\/ceiplossauces\/tutoriales\/","title":{"rendered":"Tutoriales"},"content":{"rendered":"<div class=\"hJDwNd-AhqUyc-OiUrBf purZT-AhqUyc-II5mzb pSzOP-AhqUyc-qWD73c JNdkSc\">\n<div class=\"JNdkSc-SmKAyb\">\n<div class=\"\">\n<div class=\"oKdM2c Kzv0Me\">\n<div id=\"h.p_MeHdgYxfwoFl\" class=\"hJDwNd-AhqUyc-OiUrBf jXK9ad D2fZ2 OjCsFc wHaque GNzUNc\">\n<div class=\"jXK9ad-SmKAyb\">\n<h1 class=\"tyJCtd mGzaTb baZpAe lkHyyc\">Tutoriales de ayuda<\/h1>\n<\/div>\n<\/div>\n<\/div>\n<\/div>\n<\/div>\n<\/div>\n<p class=\"hJDwNd-AhqUyc-ibL1re JNdkSc L6cTce-purZT L6cTce-pSzOP\">&nbsp;<\/p>\n<div>\n<table style=\"width: 100%;height: 481px\">\n<tbody>\n<tr style=\"height: 56px\">\n<td style=\"width: 47.2308%;height: 56px\"><img loading=\"lazy\" decoding=\"async\" class=\"aligncenter size-full wp-image-13489\" src=\"https:\/\/blogsaverroes.juntadeandalucia.es\/ceipreinafabiola\/files\/2020\/08\/punto-recogida.jpg\" alt=\"\" width=\"345\" height=\"64\"><\/td>\n<td style=\"width: 52%;height: 56px\"><a href=\"https:\/\/www.youtube.com\/watch?v=ewK-h2s6Snc&amp;t=82s\" target=\"_blank\" rel=\"noopener noreferrer\"><strong>Punto de recogida<\/strong><\/a><\/td>\n<\/tr>\n<tr style=\"height: 85px\">\n<td style=\"width: 47.2308%;height: 85px\"><img loading=\"lazy\" decoding=\"async\" class=\"aligncenter wp-image-13567\" src=\"https:\/\/blogsaverroes.juntadeandalucia.es\/ceipreinafabiola\/files\/2020\/09\/secretariavirtual.jpg\" alt=\"\" width=\"159\" height=\"85\"><\/td>\n<td style=\"width: 52%;height: 85px\"><a href=\"https:\/\/www.youtube.com\/watch?v=p8bqMdBsLd4\" target=\"_blank\" rel=\"noopener noreferrer\"><strong>Acceso a Secretar\u00eda Virtual con iANDe<\/strong><\/a><strong><br \/>\n<\/strong><\/p>\n<h4><a href=\"https:\/\/www.youtube.com\/watch?v=ksm-g4kbVnQ\">Solicitud telem\u00e1tica de admisi\u00f3n en los centros educativos andaluces.<\/a><\/h4>\n<p>&nbsp;<\/p>\n<h4><a href=\"https:\/\/www.youtube.com\/watch?v=0jzsoje-GyQ\">Solicitud telem\u00e1tica de admisi\u00f3n en los centros educativos andaluces (sin certificado digital)<\/a><\/h4>\n<\/td>\n<\/tr>\n<tr style=\"height: 160px\">\n<td style=\"width: 47.2308%;height: 160px\"><img loading=\"lazy\" decoding=\"async\" class=\"aligncenter wp-image-13276\" src=\"https:\/\/blogsaverroes.juntadeandalucia.es\/ceipreinafabiola\/files\/2020\/05\/Logo_iPasen.png\" alt=\"\" width=\"70\" height=\"69\"><\/td>\n<td style=\"width: 52%;height: 160px\"><a href=\"https:\/\/www.youtube.com\/watch?v=9Otuv3WRoD8\" target=\"_blank\" rel=\"noopener noreferrer\"><strong>iPasen. Acceso a la aplicaci\u00f3n<\/strong><\/a><\/p>\n<p><a href=\"https:\/\/www.youtube.com\/watch?v=3z6eWjQWnuc\" target=\"_blank\" rel=\"noopener noreferrer\"><strong>iPasen. \u00bfC\u00f3mo hacer autologin?<\/strong><\/a><strong><br \/>\n<\/strong><\/p>\n<p><a href=\"https:\/\/www.youtube.com\/watch?v=SiGPrsi2Wgc\" target=\"_blank\" rel=\"noopener noreferrer\"><strong>Tutorial iPasen 1<\/strong><\/a><strong><br \/>\n<\/strong><a href=\"http:\/\/www.google.com\/url?q=http%3A%2F%2Fqrsh.at%2Fipasen&amp;sa=D&amp;sntz=1&amp;usg=AFQjCNEPn9WD7wBOAQT98atqZRgCTmxhwA\" target=\"_blank\" rel=\"noopener noreferrer\"><strong>Tutorial iPasen 2<\/strong><\/a>&nbsp;<\/td>\n<\/tr>\n<tr style=\"height: 105px\">\n<td style=\"width: 47.2308%;height: 105px\"><img loading=\"lazy\" decoding=\"async\" class=\"aligncenter wp-image-13552\" src=\"https:\/\/blogsaverroes.juntadeandalucia.es\/ceipreinafabiola\/files\/2020\/09\/classroom.jpg\" alt=\"\" width=\"107\" height=\"71\"><\/td>\n<td style=\"width: 52%;height: 105px\"><a href=\"https:\/\/www.youtube.com\/watch?v=LRO6cdDN9Ts\" target=\"_blank\" rel=\"noopener noreferrer\"><strong>&nbsp;Tutorial Classroom<\/strong><\/a><\/p>\n<h3><a href=\"https:\/\/drive.google.com\/file\/d\/1PI-jYUfuWzgKXbI7gLBN_xcHUS2ZoI5u\/view?usp=sharing\" target=\"_blank\" rel=\"noopener noreferrer\"><strong>Gu\u00eda para acceder a classroom<\/strong><\/a><\/h3>\n<p><a href=\"https:\/\/www.youtube.com\/watch?v=LRO6cdDN9Ts&amp;feature=youtu.be\" target=\"_blank\" rel=\"noopener noreferrer\"><strong>Tutorial para el alumnado<\/strong><\/a><\/td>\n<\/tr>\n<tr>\n<td style=\"width: 47.2308%\"><img loading=\"lazy\" decoding=\"async\" class=\"aligncenter\" src=\"https:\/\/blogsaverroes.juntadeandalucia.es\/ceipreinafabiola\/files\/2020\/04\/GSuite.jpg\" width=\"179\" height=\"119\"><\/td>\n<td style=\"width: 52%\"><strong><a href=\"https:\/\/www.youtube.com\/playlist?list=PLQUwUJU9roNNiberrJRuOXGKwr6Snv0xw\" target=\"_blank\" rel=\"noopener noreferrer\">Lista con tutoriales de GSuite<\/a><\/strong><\/td>\n<\/tr>\n<tr style=\"height: 75px\">\n<td style=\"width: 47.2308%;height: 75px\"><img loading=\"lazy\" decoding=\"async\" class=\"aligncenter wp-image-13587\" src=\"https:\/\/blogsaverroes.juntadeandalucia.es\/ceipreinafabiola\/files\/2020\/09\/Aula_Virtual-Santillana.jpg\" alt=\"\" width=\"157\" height=\"76\"><\/td>\n<td style=\"width: 52%;height: 75px\"><strong><a href=\"https:\/\/youtu.be\/S1Kmg8-tojs\" target=\"_blank\" rel=\"noopener noreferrer\">Tutorial Aula Virtual Santillana&nbsp;<\/a><\/strong>(libros digitales)<\/td>\n<\/tr>\n<\/tbody>\n<\/table>\n<\/div>\n","protected":false},"excerpt":{"rendered":"<p>Tutoriales de ayuda &nbsp; Punto de recogida Acceso a Secretar\u00eda Virtual con iANDe Solicitud telem\u00e1tica de admisi\u00f3n en los centros educativos andaluces. &nbsp; Solicitud telem\u00e1tica&hellip;<\/p>\n","protected":false},"author":5137,"featured_media":0,"parent":0,"menu_order":0,"comment_status":"closed","ping_status":"closed","template":"","meta":{"ngg_post_thumbnail":0,"footnotes":"","_mc_calendar":[]},"aioseo_notices":[],"_links":{"self":[{"href":"https:\/\/blogsaverroes.juntadeandalucia.es\/ceiplossauces\/wp-json\/wp\/v2\/pages\/2907"}],"collection":[{"href":"https:\/\/blogsaverroes.juntadeandalucia.es\/ceiplossauces\/wp-json\/wp\/v2\/pages"}],"about":[{"href":"https:\/\/blogsaverroes.juntadeandalucia.es\/ceiplossauces\/wp-json\/wp\/v2\/types\/page"}],"author":[{"embeddable":true,"href":"https:\/\/blogsaverroes.juntadeandalucia.es\/ceiplossauces\/wp-json\/wp\/v2\/users\/5137"}],"replies":[{"embeddable":true,"href":"https:\/\/blogsaverroes.juntadeandalucia.es\/ceiplossauces\/wp-json\/wp\/v2\/comments?post=2907"}],"version-history":[{"count":7,"href":"https:\/\/blogsaverroes.juntadeandalucia.es\/ceiplossauces\/wp-json\/wp\/v2\/pages\/2907\/revisions"}],"predecessor-version":[{"id":3274,"href":"https:\/\/blogsaverroes.juntadeandalucia.es\/ceiplossauces\/wp-json\/wp\/v2\/pages\/2907\/revisions\/3274"}],"wp:attachment":[{"href":"https:\/\/blogsaverroes.juntadeandalucia.es\/ceiplossauces\/wp-json\/wp\/v2\/media?parent=2907"}],"curies":[{"name":"wp","href":"https:\/\/api.w.org\/{rel}","templated":true}]}}