{"id":3469,"date":"2024-03-01T16:51:43","date_gmt":"2024-03-01T16:51:43","guid":{"rendered":"https:\/\/blogsaverroes.juntadeandalucia.es\/ceiplossauces\/?page_id=3469"},"modified":"2024-03-01T16:55:53","modified_gmt":"2024-03-01T16:55:53","slug":"secretaria-virtual","status":"publish","type":"page","link":"https:\/\/blogsaverroes.juntadeandalucia.es\/ceiplossauces\/secretaria-virtual\/","title":{"rendered":"SECRETAR\u00cdA VIRTUAL"},"content":{"rendered":"<table>\n<tbody>\n<tr>\n<td>\n<h1 class=\"entry-title\"><a href=\"https:\/\/blogsaverroes.juntadeandalucia.es\/ceipborbolla\/presentacion-electronica-general-en-centros-educativos\/\">Presentaci\u00f3n Electr\u00f3nica General en Centros Educativos<\/a><\/h1>\n<h1><a href=\"https:\/\/www.juntadeandalucia.es\/educacion\/secretariavirtual\/accesoTramite\/462\/\" target=\"_blank\" rel=\"noopener noreferrer\">ACCESO SECRETAR\u00cdA VIRTUAL<\/a><\/h1>\n<h4>Como acceder a la secretar\u00eda virtual de los centros educativos andaluces con el nuevo Identificador Andaluz Educativo (iANDE), d\u00f3nde encontrarlo o c\u00f3mo solicitarlo.<\/h4>\n<\/td>\n<\/tr>\n<tr>\n<td><iframe loading=\"lazy\" src=\"https:\/\/www.youtube.com\/embed\/p8bqMdBsLd4\" width=\"560\" height=\"315\" frameborder=\"0\"><\/iframe><\/td>\n<\/tr>\n<\/tbody>\n<\/table>\n<p>&nbsp;<\/p>\n<table>\n<tbody>\n<tr>\n<td>\n<h4>Descripci\u00f3n del procedimiento de presentaci\u00f3n de solicitud telem\u00e1tica de admisi\u00f3n en los centros educativos andaluces.<\/h4>\n<\/td>\n<\/tr>\n<tr>\n<td><iframe loading=\"lazy\" src=\"https:\/\/www.youtube.com\/embed\/ksm-g4kbVnQ\" width=\"560\" height=\"315\" frameborder=\"0\"><\/iframe><\/td>\n<\/tr>\n<\/tbody>\n<\/table>\n<p>&nbsp;<\/p>\n<table>\n<tbody>\n<tr>\n<td>\n<h4>Descripci\u00f3n del procedimiento de presentaci\u00f3n de solicitud telem\u00e1tica de admisi\u00f3n en los centros educativos andaluces (sin certificado digital)<\/h4>\n<\/td>\n<\/tr>\n<tr>\n<td><iframe loading=\"lazy\" src=\"https:\/\/www.youtube.com\/embed\/0jzsoje-GyQ\" width=\"560\" height=\"315\" frameborder=\"0\"><\/iframe><\/td>\n<\/tr>\n<\/tbody>\n<\/table>\n<p>&nbsp;<\/p>\n<table>\n<tbody>\n<tr>\n<td>\n<h4>Descripci\u00f3n del procedimiento de presentaci\u00f3n general de documentos en los centros educativos andaluces: ayudas, escritos\u2026<\/h4>\n<p>(NO para Escolarizaci\u00f3n y Matriculaci\u00f3n, que tienen su tr\u00e1mite espec\u00edfico )<\/td>\n<\/tr>\n<tr>\n<td><iframe loading=\"lazy\" src=\"https:\/\/www.youtube.com\/embed\/6qnpRCkgJxQ\" width=\"560\" height=\"315\" frameborder=\"0\"><\/iframe><\/td>\n<\/tr>\n<tr>\n<td><iframe loading=\"lazy\" src=\"https:\/\/blogsaverroes.juntadeandalucia.es\/ceipborbolla\/files\/2020\/12\/NUEVA_PRESENTACION_ELECTRONICA_GENERAL_PARA_LOS_CENTROS.pdf\" width=\"600\" height=\"780\"><\/iframe><\/td>\n<\/tr>\n<\/tbody>\n<\/table>\n","protected":false},"excerpt":{"rendered":"<p>Presentaci\u00f3n Electr\u00f3nica General en Centros Educativos ACCESO SECRETAR\u00cdA VIRTUAL Como acceder a la secretar\u00eda virtual de los centros educativos andaluces con el nuevo Identificador Andaluz&hellip;<\/p>\n","protected":false},"author":5137,"featured_media":0,"parent":0,"menu_order":0,"comment_status":"closed","ping_status":"closed","template":"","meta":{"ngg_post_thumbnail":0,"footnotes":"","_mc_calendar":[]},"aioseo_notices":[],"_links":{"self":[{"href":"https:\/\/blogsaverroes.juntadeandalucia.es\/ceiplossauces\/wp-json\/wp\/v2\/pages\/3469"}],"collection":[{"href":"https:\/\/blogsaverroes.juntadeandalucia.es\/ceiplossauces\/wp-json\/wp\/v2\/pages"}],"about":[{"href":"https:\/\/blogsaverroes.juntadeandalucia.es\/ceiplossauces\/wp-json\/wp\/v2\/types\/page"}],"author":[{"embeddable":true,"href":"https:\/\/blogsaverroes.juntadeandalucia.es\/ceiplossauces\/wp-json\/wp\/v2\/users\/5137"}],"replies":[{"embeddable":true,"href":"https:\/\/blogsaverroes.juntadeandalucia.es\/ceiplossauces\/wp-json\/wp\/v2\/comments?post=3469"}],"version-history":[{"count":3,"href":"https:\/\/blogsaverroes.juntadeandalucia.es\/ceiplossauces\/wp-json\/wp\/v2\/pages\/3469\/revisions"}],"predecessor-version":[{"id":3472,"href":"https:\/\/blogsaverroes.juntadeandalucia.es\/ceiplossauces\/wp-json\/wp\/v2\/pages\/3469\/revisions\/3472"}],"wp:attachment":[{"href":"https:\/\/blogsaverroes.juntadeandalucia.es\/ceiplossauces\/wp-json\/wp\/v2\/media?parent=3469"}],"curies":[{"name":"wp","href":"https:\/\/api.w.org\/{rel}","templated":true}]}}