{"id":870,"date":"2015-03-16T07:24:27","date_gmt":"2015-03-16T07:24:27","guid":{"rendered":"http:\/\/blogsaverroes.juntadeandalucia.es\/pre\/ceip\/?page_id=103"},"modified":"2020-09-13T15:31:59","modified_gmt":"2020-09-13T15:31:59","slug":"aula-matinal","status":"publish","type":"page","link":"https:\/\/blogsaverroes.juntadeandalucia.es\/ceiplossauces\/aula-matinal\/","title":{"rendered":"Aula Matinal"},"content":{"rendered":"<p>El aula matinal es un servicio que ofrece el centro a aquellas familias que tienen imposibilidad de traer a sus hijos\/as al colegio por la ma\u00f1ana, por lo que este servicio funciona de 7,30 a 9 h.<\/p>\n<p>La empresa que gestiona este servicio es Aires Creativos, con monitores especialistas.<\/p>\n<p><a href=\"http:\/\/auladeocio.com\">Web de Aula de Ocio<\/a><\/p>\n<p>&nbsp;<\/p>\n<p>La entrada al aula se realiza por la Avenida de Osuna&nbsp; ( entrada Infantil), Siguiendo nuestro Protocolo de actuaci\u00f3n Covid-19 se destinar\u00e1n dos espacios en el Centro para este servicio:<\/p>\n<ul>\n<li><strong>BIBLIOTECA: <\/strong>All\u00ed acudir\u00e1n los alumnos de <strong>INFANTIl<\/strong> que ser\u00e1n atendidos por una monitora.<\/li>\n<li><strong>AULA DE IDIOMAS: <\/strong>Este aula destinada provisionalmente para&nbsp; los servicios de comedor y aula matinal, all\u00ed se atender\u00e1n los alumnos\/as&nbsp; usuarios de los mismos. En este caso, el aula&nbsp; matinal acoger\u00e1 a los alumnado de<strong> PRIMARIA <\/strong>que ser\u00e1n atendidos por otra monitora.<\/li>\n<\/ul>\n<p>Recordad&nbsp; los familiares que todo el alumnado deber\u00e1n seguir toda las medidas sanitarias establecidas en nuestro protocolo para los usos de estos servicios en nuestro Centro ( uso de mascarilla, guardar distancia de seguridad&#8230;)<\/p>\n<p>En estos dos espacios son atendidos los ni\u00f1os cada ma\u00f1ana. A continuaci\u00f3n, sobre las 8,30 h, todos desayunan lo que traen de casa.<\/p>\n<p>A las 9 h, cada alumno se dirige a su fila correspondiente, siendo acompa\u00f1ados, los m\u00e1s peque\u00f1os, por sus monitores hasta sus filas correspondientes.<\/p>\n<p>&nbsp;<\/p>\n<p>&nbsp;<\/p>\n<ul>\n<li><a href=\"http:\/\/blogsaverroes.juntadeandalucia.es\/ceipborbolla\/files\/2015\/12\/pdf-icono.gif\"><img loading=\"lazy\" decoding=\"async\" class=\" size-full wp-image-2203 alignleft\" src=\"http:\/\/blogsaverroes.juntadeandalucia.es\/ceipborbolla\/files\/2015\/12\/pdf-icono.gif\" alt=\"pdf-icono\" width=\"18\" height=\"18\"><\/a><a href=\"https:\/\/blogsaverroes.juntadeandalucia.es\/ceipborbolla\/files\/2018\/05\/Anexo-II.-Servicio-de-Aula-Matinal-Comedor-Escolar-y-actividades-Extraescolares.pdf\" target=\"_blank\" rel=\"noopener noreferrer\">Anexo II.- Servicio de Aula Matinal, Comedor Escolar y actividades Extraescolares<\/a><\/li>\n<li><a href=\"http:\/\/blogsaverroes.juntadeandalucia.es\/ceipborbolla\/files\/2015\/12\/pdf-icono.gif\"><img loading=\"lazy\" decoding=\"async\" class=\" size-full wp-image-2203 alignleft\" src=\"http:\/\/blogsaverroes.juntadeandalucia.es\/ceipborbolla\/files\/2015\/12\/pdf-icono.gif\" alt=\"pdf-icono\" width=\"18\" height=\"18\"><\/a><a href=\"https:\/\/blogsaverroes.juntadeandalucia.es\/ceipborbolla\/files\/2018\/05\/Precios-servicios-complementarios.pdf\" target=\"_blank\" rel=\"noopener noreferrer\">Precios servicios complementarios<\/a><\/li>\n<li><a href=\"http:\/\/blogsaverroes.juntadeandalucia.es\/ceipborbolla\/files\/2015\/12\/pdf-icono.gif\"><img loading=\"lazy\" decoding=\"async\" class=\" size-full wp-image-2203 alignleft\" src=\"http:\/\/blogsaverroes.juntadeandalucia.es\/ceipborbolla\/files\/2015\/12\/pdf-icono.gif\" alt=\"pdf-icono\" width=\"18\" height=\"18\"><\/a><a href=\"https:\/\/blogsaverroes.juntadeandalucia.es\/ceipborbolla\/files\/2020\/01\/Solicitud-Baja-PAF.pdf\" target=\"_blank\" rel=\"noopener noreferrer\">Solicitud de baja servicios complementarios<\/a><\/li>\n<li><a href=\"http:\/\/blogsaverroes.juntadeandalucia.es\/ceipborbolla\/files\/2015\/12\/pdf-icono.gif\"><img loading=\"lazy\" decoding=\"async\" class=\" size-full wp-image-2203 alignleft\" src=\"http:\/\/blogsaverroes.juntadeandalucia.es\/ceipborbolla\/files\/2015\/12\/pdf-icono.gif\" alt=\"pdf-icono\" width=\"18\" height=\"18\"><\/a><a href=\"http:\/\/www.juntadeandalucia.es\/educacion\/portals\/web\/ced\/aula-matinal\" target=\"_blank\" rel=\"noopener noreferrer\">Normativa Web Consejer\u00eda Educaci\u00f3n<\/a><\/li>\n<\/ul>\n<p>&nbsp;<\/p>\n<p>&nbsp;<\/p>\n","protected":false},"excerpt":{"rendered":"<p>El aula matinal es un servicio que ofrece el centro a aquellas familias que tienen imposibilidad de traer a sus hijos\/as al colegio por la&hellip;<\/p>\n","protected":false},"author":1,"featured_media":0,"parent":0,"menu_order":0,"comment_status":"closed","ping_status":"open","template":"page-cs.php","meta":{"ngg_post_thumbnail":0,"footnotes":"","_mc_calendar":[]},"aioseo_notices":[],"_links":{"self":[{"href":"https:\/\/blogsaverroes.juntadeandalucia.es\/ceiplossauces\/wp-json\/wp\/v2\/pages\/870"}],"collection":[{"href":"https:\/\/blogsaverroes.juntadeandalucia.es\/ceiplossauces\/wp-json\/wp\/v2\/pages"}],"about":[{"href":"https:\/\/blogsaverroes.juntadeandalucia.es\/ceiplossauces\/wp-json\/wp\/v2\/types\/page"}],"author":[{"embeddable":true,"href":"https:\/\/blogsaverroes.juntadeandalucia.es\/ceiplossauces\/wp-json\/wp\/v2\/users\/1"}],"replies":[{"embeddable":true,"href":"https:\/\/blogsaverroes.juntadeandalucia.es\/ceiplossauces\/wp-json\/wp\/v2\/comments?post=870"}],"version-history":[{"count":8,"href":"https:\/\/blogsaverroes.juntadeandalucia.es\/ceiplossauces\/wp-json\/wp\/v2\/pages\/870\/revisions"}],"predecessor-version":[{"id":2853,"href":"https:\/\/blogsaverroes.juntadeandalucia.es\/ceiplossauces\/wp-json\/wp\/v2\/pages\/870\/revisions\/2853"}],"wp:attachment":[{"href":"https:\/\/blogsaverroes.juntadeandalucia.es\/ceiplossauces\/wp-json\/wp\/v2\/media?parent=870"}],"curies":[{"name":"wp","href":"https:\/\/api.w.org\/{rel}","templated":true}]}}