{"id":16,"date":"2024-11-14T11:31:22","date_gmt":"2024-11-14T10:31:22","guid":{"rendered":"http:\/\/blogsaverroes.juntadeandalucia.es\/pre\/nuevoceip2v2\/?page_id=16"},"modified":"2024-11-15T12:19:05","modified_gmt":"2024-11-15T11:19:05","slug":"1o-ciclo-de-educacion-primaria","status":"publish","type":"page","link":"https:\/\/blogsaverroes.juntadeandalucia.es\/ceiplossilos\/1o-ciclo-de-educacion-primaria\/","title":{"rendered":"1\u00ba Ciclo de Educaci\u00f3n Primaria"},"content":{"rendered":"<h3>A continuaci\u00f3n est\u00e1n los enlaces que os dirigir\u00e1n a los <b>INDICADORES DE LOGRO<\/b> Y <strong>EVALUACI\u00d3N DEL ALUMNADO <b>DEL PRIMER CICLO DE <\/b><b>EDUCACI\u00d3N PRIMARIA&nbsp;<\/b><\/strong> que utiliza el profesorado para realizar la evaluaci\u00f3n final de cada alumno o alumna y\/o tomar decisiones sobre su promoci\u00f3n o no al curso siguiente en nuestro CEIP \u00ab<a href=\"https:\/\/blogsaverroes.juntadeandalucia.es\/ceiplossilos\/\">Los Silos<\/a>\u00bb de Jabugo.<\/h3>\n<ul>\n<li><strong>1\u00ba&nbsp; de E. Primaria: <\/strong><a href=\"https:\/\/drive.google.com\/drive\/folders\/13eRIu9ADcB-7b2GT9oWCHB8JSJtdI-_X\" target=\"_blank\" rel=\"noopener\">Enlace&nbsp; para la descarga<\/a><\/li>\n<li><strong>2\u00ba de E. Primaria:<\/strong> <a href=\"https:\/\/drive.google.com\/drive\/folders\/16Ij7RnMHCcVv0tlHGh85a4vPWT4VlxU6?usp=sharing\" target=\"_blank\" rel=\"noopener\">Enlace para la descarga<\/a><\/li>\n<\/ul>\n<p>&nbsp;<\/p>\n","protected":false},"excerpt":{"rendered":"<p>A continuaci\u00f3n est\u00e1n los enlaces que os dirigir\u00e1n a los INDICADORES DE LOGRO Y EVALUACI\u00d3N DEL ALUMNADO DEL PRIMER CICLO DE EDUCACI\u00d3N PRIMARIA&nbsp; que utiliza&hellip;<\/p>\n","protected":false},"author":7051,"featured_media":0,"parent":0,"menu_order":0,"comment_status":"closed","ping_status":"closed","template":"","meta":{"ngg_post_thumbnail":0,"footnotes":""},"aioseo_notices":[],"_links":{"self":[{"href":"https:\/\/blogsaverroes.juntadeandalucia.es\/ceiplossilos\/wp-json\/wp\/v2\/pages\/16"}],"collection":[{"href":"https:\/\/blogsaverroes.juntadeandalucia.es\/ceiplossilos\/wp-json\/wp\/v2\/pages"}],"about":[{"href":"https:\/\/blogsaverroes.juntadeandalucia.es\/ceiplossilos\/wp-json\/wp\/v2\/types\/page"}],"author":[{"embeddable":true,"href":"https:\/\/blogsaverroes.juntadeandalucia.es\/ceiplossilos\/wp-json\/wp\/v2\/users\/7051"}],"replies":[{"embeddable":true,"href":"https:\/\/blogsaverroes.juntadeandalucia.es\/ceiplossilos\/wp-json\/wp\/v2\/comments?post=16"}],"version-history":[{"count":8,"href":"https:\/\/blogsaverroes.juntadeandalucia.es\/ceiplossilos\/wp-json\/wp\/v2\/pages\/16\/revisions"}],"predecessor-version":[{"id":2287,"href":"https:\/\/blogsaverroes.juntadeandalucia.es\/ceiplossilos\/wp-json\/wp\/v2\/pages\/16\/revisions\/2287"}],"wp:attachment":[{"href":"https:\/\/blogsaverroes.juntadeandalucia.es\/ceiplossilos\/wp-json\/wp\/v2\/media?parent=16"}],"curies":[{"name":"wp","href":"https:\/\/api.w.org\/{rel}","templated":true}]}}