{"id":22,"date":"2024-11-15T11:33:26","date_gmt":"2024-11-15T10:33:26","guid":{"rendered":"http:\/\/blogsaverroes.juntadeandalucia.es\/pre\/nuevoceip2v2\/?page_id=22"},"modified":"2024-11-15T12:22:09","modified_gmt":"2024-11-15T11:22:09","slug":"2o-ciclo-de-educacion-primaria","status":"publish","type":"page","link":"https:\/\/blogsaverroes.juntadeandalucia.es\/ceiplossilos\/2o-ciclo-de-educacion-primaria\/","title":{"rendered":"2\u00ba Ciclo de Educaci\u00f3n Primaria"},"content":{"rendered":"<h3>A continuaci\u00f3n est\u00e1n los enlaces que os dirigir\u00e1n a los <b>INDICADORES DE LOGRO<\/b> Y <strong>EVALUACI\u00d3N DEL ALUMNADO <b>DEL SEGUNDO CICLO DE <\/b><b>EDUCACI\u00d3N PRIMARIA&nbsp;<\/b><\/strong> que utiliza el profesorado para realizar la evaluaci\u00f3n final de cada alumno o alumna y\/o tomar decisiones sobre su promoci\u00f3n o no al curso siguiente en nuestro CEIP \u00ab<a href=\"https:\/\/blogsaverroes.juntadeandalucia.es\/ceiplossilos\/\">Los Silos<\/a>\u00bb de Jabugo.<\/h3>\n<ul>\n<li><strong>3\u00ba de E. Primaria<\/strong>: <a href=\"https:\/\/drive.google.com\/drive\/folders\/1wYNIGY_5rp8bxhyg1S0uTpn8VwTQGtNK?usp=share_link\" target=\"_blank\" rel=\"noopener\">Enlace a la descarga<\/a><\/li>\n<li><strong>4\u00ba de E. Primaria<\/strong>: <a href=\"https:\/\/drive.google.com\/drive\/folders\/1tJCGTQa382aQgSODg-ECD30F3JVeXEgA?usp=sharing\" target=\"_blank\" rel=\"noopener\">Enlace a la descarga<\/a><\/li>\n<\/ul>\n<p>&nbsp;<\/p>\n","protected":false},"excerpt":{"rendered":"<p>A continuaci\u00f3n est\u00e1n los enlaces que os dirigir\u00e1n a los INDICADORES DE LOGRO Y EVALUACI\u00d3N DEL ALUMNADO DEL SEGUNDO CICLO DE EDUCACI\u00d3N PRIMARIA&nbsp; que utiliza&hellip;<\/p>\n","protected":false},"author":7051,"featured_media":0,"parent":0,"menu_order":0,"comment_status":"closed","ping_status":"closed","template":"","meta":{"ngg_post_thumbnail":0,"footnotes":""},"aioseo_notices":[],"_links":{"self":[{"href":"https:\/\/blogsaverroes.juntadeandalucia.es\/ceiplossilos\/wp-json\/wp\/v2\/pages\/22"}],"collection":[{"href":"https:\/\/blogsaverroes.juntadeandalucia.es\/ceiplossilos\/wp-json\/wp\/v2\/pages"}],"about":[{"href":"https:\/\/blogsaverroes.juntadeandalucia.es\/ceiplossilos\/wp-json\/wp\/v2\/types\/page"}],"author":[{"embeddable":true,"href":"https:\/\/blogsaverroes.juntadeandalucia.es\/ceiplossilos\/wp-json\/wp\/v2\/users\/7051"}],"replies":[{"embeddable":true,"href":"https:\/\/blogsaverroes.juntadeandalucia.es\/ceiplossilos\/wp-json\/wp\/v2\/comments?post=22"}],"version-history":[{"count":4,"href":"https:\/\/blogsaverroes.juntadeandalucia.es\/ceiplossilos\/wp-json\/wp\/v2\/pages\/22\/revisions"}],"predecessor-version":[{"id":2288,"href":"https:\/\/blogsaverroes.juntadeandalucia.es\/ceiplossilos\/wp-json\/wp\/v2\/pages\/22\/revisions\/2288"}],"wp:attachment":[{"href":"https:\/\/blogsaverroes.juntadeandalucia.es\/ceiplossilos\/wp-json\/wp\/v2\/media?parent=22"}],"curies":[{"name":"wp","href":"https:\/\/api.w.org\/{rel}","templated":true}]}}