{"id":33,"date":"2024-11-09T12:42:06","date_gmt":"2024-11-09T11:42:06","guid":{"rendered":"http:\/\/blogsaverroes.juntadeandalucia.es\/pre\/nuevoceip2v2\/?page_id=33"},"modified":"2024-11-13T11:50:35","modified_gmt":"2024-11-13T10:50:35","slug":"aula-matinal","status":"publish","type":"page","link":"https:\/\/blogsaverroes.juntadeandalucia.es\/ceiplossilos\/aula-matinal\/","title":{"rendered":"Aula matinal"},"content":{"rendered":"<header class=\"entry-header\"><\/header>\n<div class=\"entry-content\">\n<div class=\"inner_cuerpo\">\n<h3>Es un Servicio que ofrece el <a href=\"https:\/\/blogsaverroes.juntadeandalucia.es\/ceiplossilos\/\">CEIP \u00abLos Silos\u00bb de Jabugo<\/a> para dar respuesta a la demanda originada por las exigencias laborales de los padres y madres, quienes se ven en la necesidad de delegar el cuidado de sus hijos e hijas durante el horario de 7:30 h. a 9:00 h., momento en el que da comienzo la actividad escolar. Durante este per\u00edodo de tiempo, los ni\u00f1os y ni\u00f1as realizan diversas actividades de car\u00e1cter l\u00fadico y educativo adecuadas a su edad y desarrollo madurativo. Entre otras muchas, se realizan actividades pl\u00e1sticas, dibujo, lectura, psicomotricidad, juegos populares, etc.<\/h3>\n<p>La atenci\u00f3n al alumnado de aula matinal se realiza por personal cualificado, entre cuyas funciones est\u00e1n las medidas de vigilancia y atenci\u00f3n educativa que precisen los menores en funci\u00f3n de su edad y necesidades.<\/p>\n<h3><strong>Precios p\u00fablicos de los servicios de aula matinal en los centros docentes p\u00fablicos de Andaluc\u00eda. Acuerdo de 30 de julio de 2024 del Consejo de Gobierno (BOJA 02\/08\/24) Curso 24\/25.<\/strong><\/h3>\n<h4>Precio del servicio (impuestos incluidos).<\/h4>\n<ul>\n<li>Precio mensual: <em><strong>17,51 euros.<\/strong><\/em><\/li>\n<li>Precio por d\u00eda: <em><strong>1,33 euros.<\/strong><\/em><\/li>\n<\/ul>\n<\/div>\n<h3><strong>Solicitudes<\/strong><\/h3>\n<p>El servicio de aula matinal se solicita en el mes de&nbsp;<strong>junio<\/strong>&nbsp;en la matriculaci\u00f3n del alumnado y la solicitud de bonificaciones al precio p\u00fablico de dicho servicio se realiza a principios del mes de&nbsp;<strong>septiembre<\/strong>&nbsp;para posibilitar que los ingresos de referencia para el c\u00e1lculo de la bonificaci\u00f3n sea el del a\u00f1o inmediatamente anterior, y adecuarse en lo posible a la capacidad econ\u00f3mica real de las familias.<\/p>\n<p>Tambi\u00e9n puede&nbsp;utilizarse&nbsp;<strong>cualquier d\u00eda<\/strong>&nbsp;previa inscripci\u00f3n y domiciliaci\u00f3n bancaria.<\/p>\n<p>Desc\u00e1rgate los formularios, rell\u00e9nalos y entr\u00e9galos en la secretar\u00eda del Colegio:<\/p>\n<p style=\"text-align: center\">&#8211; <strong>Solicitud de inscripci\u00f3n<\/strong>: <strong><span style=\"font-size: 14pt\"><a href=\"https:\/\/www.juntadeandalucia.es\/educacion\/portals\/delegate\/content\/6c4342f7-1581-4c26-bc7e-2e49b4b64cee\/Anexo%20II.-%20Servicio%20de%20Aula%20Matinal,%20Comedor%20Escolar%20y%20actividades%20Extraescolares\" target=\"_blank\" rel=\"noopener noreferrer\">Anexo_II<\/a><\/span><\/strong><\/p>\n<p style=\"text-align: center\">&nbsp;&#8211; <strong>Solicitud de bonificaci\u00f3n<\/strong>: <span style=\"font-size: 14pt\"><strong><a href=\"https:\/\/www.juntadeandalucia.es\/educacion\/portals\/delegate\/content\/fcc8b9c5-53ad-46ca-9098-80d7b3c81097\/Anexo%20V.-%20Gratuidad\/bonificaci%C3%B3n%20del%20precio%20p%C3%BAblico%20por%20los%20servicios%20complementarios%20de%20Aula%20Matinal,%20Comedor%20Escolar%20y%20Actividades%20Extraescolares\" target=\"_blank\" rel=\"noopener noreferrer\">Anexo_V<\/a><\/strong><\/span><\/p>\n<p style=\"text-align: center\">&#8211; <strong>Solicitud de baja en el servicio<\/strong>: <strong><span style=\"font-size: 14pt\"><a href=\"http:\/\/blogsaverroes.juntadeandalucia.es\/ceprjosenogales\/files\/2015\/03\/solicitud_baja_paf.pdf\">Anexo baja<\/a><\/span><\/strong><\/p>\n<h3><strong>Empresa<\/strong><\/h3>\n<p>La empresa encargada del Aula matinal en nuestro Colegio es:<\/p>\n<p><img decoding=\"async\" class=\"alignnone wp-image-2230\" src=\"https:\/\/blogsaverroes.juntadeandalucia.es\/ceiplossilos\/files\/2024\/11\/Logo_-coperaula.png\" alt=\"\" width=\"83\" height=\"81\"\/><img decoding=\"async\" class=\"alignnone size-full wp-image-2229\" src=\"https:\/\/blogsaverroes.juntadeandalucia.es\/ceiplossilos\/files\/2024\/11\/coperaula.png\" alt=\"\" width=\"267\" height=\"54\"\/><\/p>\n<ul>\n<li><span class=\"ff1\"><span class=\"fs12 cf1\">C \/ Rasc\u00f3n 33 Local<\/span><\/span><\/li>\n<li><span class=\"ff1\"><span class=\"fs12 cf1\">21001 Huelva<\/span><\/span><\/li>\n<li><span class=\"ff1\"><span class=\"fs12 cf1\"><strong>Tel\u00e9fono:<\/strong><b>&nbsp;<\/b>959 81 92 23 \u2013 959 81 92 24<br \/>\n<\/span><\/span><\/li>\n<li><span class=\"ff1\"><span class=\"fs12 cf1\"><strong>Fax:<\/strong>&nbsp;959 81 92 25<\/span><\/span><\/li>\n<li><span class=\"ff1\"><span class=\"fs12 cf1\"><strong>email:<\/strong>&nbsp;administracion@coperaula.com<\/span><\/span><\/li>\n<\/ul>\n<h3><strong>Normativa<\/strong><\/h3>\n<div class=\"portlet-content\">\n<div class=\" portlet-content-container\">\n<div class=\"portlet-body\">\n<div class=\"contenido_portlet \">\n<div class=\"portlet_normativas\">\n<div class=\"listadoNormativas normativas-selected\">\n<div class=\"wrapper-listado\">\n<ul class=\"listado\">\n<li class=\"item item_listado clearfix item\">\n<div class=\"inner-item\">\n<div class=\"wrapper_fecha\">\n<p class=\"fecha\"><span class=\"fecha-dia\">15<\/span>&nbsp;de&nbsp;<span class=\"fecha-mes\">mayo<\/span>&nbsp;de&nbsp;<span class=\"fecha-anyo\">2017<\/span><\/p>\n<\/div>\n<p class=\"titulo\"><a title=\"Resoluci\u00f3n de 15 de mayo de 2017, de la Direcci\u00f3n General de Planificaci\u00f3n y Centros, por la que se establece el calendario de actuaciones en el procedimiento de admisi\u00f3n del alumnado en los servicios complementarios de aula matinal, comedor escolar y actividades extraescolares para el curso escolar 2017\/18.\" href=\"http:\/\/portals.ced.junta-andalucia.es\/educacion\/portals\/web\/ced\/servicios-complementarios\/-\/normativas\/detalle\/resolucion-de-15-de-mayo-de-2017-de-la-direccion-general-de-planificacion-y-centros-por-la-que-se-establece-el\">Resoluci\u00f3n de 15 de mayo de 2017, de la Direcci\u00f3n General de Planificaci\u00f3n y Centros, por la que se establece el calendario de actuaciones en el procedimiento de admisi\u00f3n del alumnado en los servicios complementarios de aula matinal, comedor escolar y actividades extraescolares para el curso escolar 2017\/18.<\/a><\/p>\n<\/div>\n<\/li>\n<li class=\"item item_listado clearfix item\">\n<div class=\"inner-item\">\n<div class=\"wrapper_fecha\">\n<p class=\"fecha\"><span class=\"fecha-dia\">17<\/span>&nbsp;de&nbsp;<span class=\"fecha-mes\">abril<\/span>&nbsp;de&nbsp;<span class=\"fecha-anyo\">2017<\/span><\/p>\n<\/div>\n<p class=\"titulo\"><a title=\"Orden de 17 abril de 2017, por la que se regula la organizaci\u00f3n y el funcionamiento de los servicios complementarios de aula matinal, comedor escolar y actividades extraescolares, as\u00ed como el uso de las instalaciones de los centros docentes p\u00fablicos de la Comunidad Aut\u00f3noma de Andaluc\u00eda fuera del horario escolar.\" href=\"http:\/\/portals.ced.junta-andalucia.es\/educacion\/portals\/web\/ced\/servicios-complementarios\/-\/normativas\/detalle\/orden-de-17-abril-de-2017-por-la-que-se-regula-la-organizacion-y-el-funcionamiento-de-los-servicios-complementarios-de\">Orden de 17 abril de 2017, por la que se regula la organizaci\u00f3n y el funcionamiento de los servicios complementarios de aula matinal, comedor escolar y actividades extraescolares, as\u00ed como el uso de las instalaciones de los centros docentes p\u00fablicos de la Comunidad Aut\u00f3noma de Andaluc\u00eda fuera del horario escolar.<\/a><\/p>\n<\/div>\n<\/li>\n<\/ul>\n<div class=\"inner-item\">\n<div class=\"wrapper_fecha\">\n<ul>\n<li class=\"fecha\"><span class=\"fecha-dia\">16<\/span>&nbsp;de&nbsp;<span class=\"fecha-mes\">enero<\/span>&nbsp;de&nbsp;<span class=\"fecha-anyo\">2017<\/span><\/li>\n<\/ul>\n<\/div>\n<p class=\"titulo\" style=\"padding-left: 40px\"><a title=\"Decreto 6\/2017, de 16 de enero, por el que se regulan los servicios complementarios de aula matinal, comedor escolar y actividades extraescolares, as\u00ed como el uso de las instalaciones de los centros docentes p\u00fablicos de la Comunidad Aut\u00f3noma de Andaluc\u00eda fuera del horario escolar.\" href=\"http:\/\/portals.ced.junta-andalucia.es\/educacion\/portals\/web\/ced\/servicios-complementarios\/-\/normativas\/detalle\/decreto-6-2017-de-16-de-enero-por-el-que-se-regulan-los-servicios-complementarios-de-aula-matinal-comedor-escolar-y\">Decreto 6\/2017, de 16 de enero, por el que se regulan los servicios complementarios de aula matinal, comedor escolar y actividades extraescolares, as\u00ed como el uso de las instalaciones de los centros docentes p\u00fablicos de la Comunidad Aut\u00f3noma de Andaluc\u00eda fuera del horario escolar.<\/a><\/p>\n<p><a href=\"https:\/\/drive.google.com\/file\/d\/1GAKxrISuXBZCa_xRJm3336Io-3oBX3U8\/view?usp=sharing\"><strong><span style=\"font-size: 14pt\">Boja N\u00famero 151 &#8211; Viernes, 6 de agosto de 2021<\/span><\/strong><\/a><\/p>\n<\/div>\n<\/div>\n<\/div>\n<\/div>\n<\/div>\n<\/div>\n<\/div>\n<\/div>\n<\/div>\n","protected":false},"excerpt":{"rendered":"<p>Es un Servicio que ofrece el CEIP \u00abLos Silos\u00bb de Jabugo para dar respuesta a la demanda originada por las exigencias laborales de los padres&hellip;<\/p>\n","protected":false},"author":7051,"featured_media":0,"parent":0,"menu_order":0,"comment_status":"closed","ping_status":"closed","template":"","meta":{"ngg_post_thumbnail":0,"footnotes":""},"aioseo_notices":[],"_links":{"self":[{"href":"https:\/\/blogsaverroes.juntadeandalucia.es\/ceiplossilos\/wp-json\/wp\/v2\/pages\/33"}],"collection":[{"href":"https:\/\/blogsaverroes.juntadeandalucia.es\/ceiplossilos\/wp-json\/wp\/v2\/pages"}],"about":[{"href":"https:\/\/blogsaverroes.juntadeandalucia.es\/ceiplossilos\/wp-json\/wp\/v2\/types\/page"}],"author":[{"embeddable":true,"href":"https:\/\/blogsaverroes.juntadeandalucia.es\/ceiplossilos\/wp-json\/wp\/v2\/users\/7051"}],"replies":[{"embeddable":true,"href":"https:\/\/blogsaverroes.juntadeandalucia.es\/ceiplossilos\/wp-json\/wp\/v2\/comments?post=33"}],"version-history":[{"count":13,"href":"https:\/\/blogsaverroes.juntadeandalucia.es\/ceiplossilos\/wp-json\/wp\/v2\/pages\/33\/revisions"}],"predecessor-version":[{"id":2258,"href":"https:\/\/blogsaverroes.juntadeandalucia.es\/ceiplossilos\/wp-json\/wp\/v2\/pages\/33\/revisions\/2258"}],"wp:attachment":[{"href":"https:\/\/blogsaverroes.juntadeandalucia.es\/ceiplossilos\/wp-json\/wp\/v2\/media?parent=33"}],"curies":[{"name":"wp","href":"https:\/\/api.w.org\/{rel}","templated":true}]}}