{"id":3428,"date":"2025-05-26T09:40:20","date_gmt":"2025-05-26T08:40:20","guid":{"rendered":"https:\/\/blogsaverroes.juntadeandalucia.es\/ceiplossilos\/?page_id=3428"},"modified":"2025-05-30T11:58:31","modified_gmt":"2025-05-30T10:58:31","slug":"impresos-2","status":"publish","type":"page","link":"https:\/\/blogsaverroes.juntadeandalucia.es\/ceiplossilos\/impresos-2\/","title":{"rendered":"Impresos"},"content":{"rendered":"<h1 class=\"entry-title main_title\">Impresos<\/h1>\n<div class=\"entry-content\">\n<div class=\" d-lg-block mb-lg-0 ml-lg-0 mr-lg-0 mt-lg-0 pb-lg-0 pl-lg-0 pr-lg-0 pt-lg-0 text-lg-left\">\n<div class=\" d-lg-block mb-lg-0 ml-lg-0 mr-lg-0 mt-lg-0 pb-lg-0 pl-lg-0 pr-lg-0 pt-lg-0 text-lg-left\">\n<div id=\"fragment-2102-bvbo\">\n<div class=\"ced-fragment-container ced-dest-2col color-blanco\">\n<div id=\"elem1-bvbo\" class=\"\" aria-labelledby=\"elem1-bvbo\" data-fragment-namespace=\"bvbo\">\n<div>\n<div class=\" d-lg-block container-fluid container-fluid-max-xl mb-lg-0 mt-lg-0 pb-lg-0 pl-lg-0 pr-lg-0 pt-lg-0 text-lg-left\">\n<div class=\" d-lg-block mb-lg-0 ml-lg-0 mr-lg-0 mt-lg-0 pb-lg-0 pl-lg-0 pr-lg-0 pt-lg-0 text-lg-left\">\n<div class=\"row align-items-lg-start align-items-sm-start align-items-start align-items-md-start flex-lg-row flex-sm-row flex-row flex-md-row\">\n<div class=\"col col-lg-10 col-sm-10 col-12 col-md-10\">\n<div class=\" d-lg-block mb-lg-0 ml-lg-0 mr-lg-0 mt-lg-0 pb-lg-0 pl-lg-0 pr-lg-0 pt-lg-0 text-lg-left\">\n<div id=\"fragment-502-toft\">\n<div class=\"fragment_401 pt-4 banner-video\">\n<div data-lfr-editable-id=\"fragment-description\" data-lfr-editable-type=\"text\">En la Secretar\u00eda Virtual de los Centros Educativos se puede realizar Presentaci\u00f3n telem\u00e1tica de la admisi\u00f3n del alumnado en los centros docentes sostenidos con fondos p\u00fablicos de las ense\u00f1anzas de 2\u00ba Ciclo de Educaci\u00f3n Infantil, Educaci\u00f3n Primaria. Tambi\u00e9n os facilitamos la entrega en la&nbsp;<a href=\"https:\/\/blogsaverroes.juntadeandalucia.es\/ceiplossilos\/\" target=\"_blank\" rel=\"noopener\"><em><strong>Secretaria de nuestro CEIP \u00abLos Silos\u00bb de Jabugo<\/strong><\/em>,<\/a> a trav\u00e9s de los siguientes impresos:<\/div>\n<div data-lfr-editable-id=\"fragment-description\" data-lfr-editable-type=\"text\">&nbsp;<\/div>\n<\/div>\n<\/div>\n<\/div>\n<\/div>\n<\/div>\n<\/div>\n<\/div>\n<\/div>\n<\/div>\n<\/div>\n<\/div>\n<\/div>\n<\/div>\n<div class=\" bg-contentBgColor2 d-lg-block mb-lg-0 ml-lg-0 mr-lg-0 mt-lg-0 pb-lg-0 pl-lg-0 pr-lg-0 pt-lg-0 text-lg-left\">\n<div class=\" d-lg-block container-fluid container-fluid-max-xl mb-lg-0 mt-lg-0 pb-lg-0 pl-lg-0 pr-lg-0 pt-lg-0 text-lg-left\">\n<div class=\" d-lg-block mb-lg-0 ml-lg-0 mr-lg-0 mt-lg-0 pb-lg-0 pl-lg-0 pr-lg-0 pt-lg-0 text-lg-left\">\n<div id=\"fragment-0-hbmd\">\n<div id=\"p_p_id_com_liferay_asset_publisher_web_portlet_AssetPublisherPortlet_INSTANCE_hbmd_\" class=\"portlet-boundary portlet-boundary_com_liferay_asset_publisher_web_portlet_AssetPublisherPortlet_ portlet-static portlet-static-end portlet-decorate portlet-asset-publisher \">\n<section id=\"portlet_com_liferay_asset_publisher_web_portlet_AssetPublisherPortlet_INSTANCE_hbmd\" class=\"portlet\">\n<div class=\"portlet-content\">\n<div class=\" portlet-content-container\">\n<div class=\"portlet-body\">\n<div class=\"documentos-entries\">\n<h3 class=\"documentos-entries__folder--title\">Impresos de matriculaci\u00f3n<\/h3>\n<table>\n<tbody>\n<tr>\n<td>\n<h5 class=\"documento-entry__datos__title\"><a class=\"documento-entry__datos--titulo\" title=\"Ver documento Anexo IV\" href=\"https:\/\/portales.ced.junta-andalucia.es\/educacion\/portales\/documents\/100629\/669349\/4_Anexo%20IV_002536_4.pdf\/2857e311-abaf-10f1-c03a-b980ff594de5?version=1.0\" target=\"_blank\" rel=\"noopener\">Anexo IV<\/a><\/h5>\n<p><strong>Matr\u00edcula en 2\u00ba Ciclo de Educaci\u00f3n Infantil<\/strong><\/td>\n<td>\n<h5 class=\"documento-entry__datos__title\"><a class=\"documento-entry__datos--titulo\" title=\"Ver documento Anexo V\" href=\"https:\/\/portales.ced.junta-andalucia.es\/educacion\/portales\/documents\/100629\/669349\/5_Anexo%20V_002537_4.pdf\/acd7344a-e127-4e2c-5be7-b1f12b0a07c2?version=1.1\" target=\"_blank\" rel=\"noopener\">Anexo V<\/a><\/h5>\n<p><strong>Matr\u00edcula en Primaria<\/strong><\/td>\n<td>\n<h5 class=\"documento-entry__datos__title\"><a class=\"documento-entry__datos--titulo\" title=\"Ver documento Anexo VI\" href=\"https:\/\/portales.ced.junta-andalucia.es\/educacion\/portales\/documents\/100629\/669349\/6_Anexo%20VI_002538_4.pdf\/f1ed4477-b8d8-c190-5578-7125d1ab2074?version=1.0\" target=\"_blank\" rel=\"noopener\">Anexo VI<\/a><\/h5>\n<p><strong>Matr\u00edcula en Educaci\u00f3n Especial: Solo Centro Espec\u00edfico<\/strong><\/td>\n<\/tr>\n<tr>\n<td><a title=\"Ver documento Anexo IV\" href=\"https:\/\/portales.ced.junta-andalucia.es\/educacion\/portales\/documents\/100629\/669349\/4_Anexo%20IV_002536_4.pdf\/2857e311-abaf-10f1-c03a-b980ff594de5?version=1.0\" target=\"_blank\" rel=\"noopener\"><img fetchpriority=\"high\" decoding=\"async\" id=\"the-canvas-669383\" class=\"documento-entry__preview--canvas alignnone lazy-loaded\" src=\"https:\/\/portales.ced.junta-andalucia.es\/educacion\/portales\/documents\/100629\/669349\/4_Anexo%20IV_002536_4.pdf\/2857e311-abaf-10f1-c03a-b980ff594de5?version=1.0&amp;documentThumbnail=1\" alt=\"\" width=\"212\" height=\"300\" data-lazy-type=\"image\" data-src=\"https:\/\/portales.ced.junta-andalucia.es\/educacion\/portales\/documents\/100629\/669349\/4_Anexo%20IV_002536_4.pdf\/2857e311-abaf-10f1-c03a-b980ff594de5?version=1.0&amp;documentThumbnail=1\"\/><\/a><\/td>\n<td><a title=\"Ver documento Anexo V\" href=\"https:\/\/portales.ced.junta-andalucia.es\/educacion\/portales\/documents\/100629\/669349\/5_Anexo%20V_002537_4.pdf\/acd7344a-e127-4e2c-5be7-b1f12b0a07c2?version=1.1\" target=\"_blank\" rel=\"noopener\"><img decoding=\"async\" id=\"the-canvas-669395\" class=\"documento-entry__preview--canvas aligncenter lazy-loaded\" src=\"https:\/\/portales.ced.junta-andalucia.es\/educacion\/portales\/documents\/100629\/669349\/5_Anexo%20V_002537_4.pdf\/acd7344a-e127-4e2c-5be7-b1f12b0a07c2?version=1.1&amp;documentThumbnail=1\" data-lazy-type=\"image\" data-src=\"https:\/\/portales.ced.junta-andalucia.es\/educacion\/portales\/documents\/100629\/669349\/5_Anexo%20V_002537_4.pdf\/acd7344a-e127-4e2c-5be7-b1f12b0a07c2?version=1.1&amp;documentThumbnail=1\"\/><\/a><\/td>\n<td><a title=\"Ver documento Anexo VI\" href=\"https:\/\/portales.ced.junta-andalucia.es\/educacion\/portales\/documents\/100629\/669349\/6_Anexo%20VI_002538_4.pdf\/f1ed4477-b8d8-c190-5578-7125d1ab2074?version=1.0\" target=\"_blank\" rel=\"noopener\"><img decoding=\"async\" id=\"the-canvas-669408\" class=\"documento-entry__preview--canvas alignright lazy-loaded\" src=\"https:\/\/portales.ced.junta-andalucia.es\/educacion\/portales\/documents\/100629\/669349\/6_Anexo%20VI_002538_4.pdf\/f1ed4477-b8d8-c190-5578-7125d1ab2074?version=1.0&amp;documentThumbnail=1\" data-lazy-type=\"image\" data-src=\"https:\/\/portales.ced.junta-andalucia.es\/educacion\/portales\/documents\/100629\/669349\/6_Anexo%20VI_002538_4.pdf\/f1ed4477-b8d8-c190-5578-7125d1ab2074?version=1.0&amp;documentThumbnail=1\"\/><\/a><\/td>\n<\/tr>\n<\/tbody>\n<\/table>\n<div class=\"documento-entry content-folder\">\n<div class=\"documento-entry__preview pdf\">\n<div>&nbsp;<\/div>\n<div class=\"documento-entry__preview--icon font-icomoon icon-ico-pdf\">Documentos Anexos a la matriculaci\u00f3n<\/div>\n<div>\n<table style=\"width: 100%\">\n<tbody>\n<tr>\n<td style=\"width: 25.4509%\">\n<h4><a class=\"documento-entry__datos--titulo\" title=\"Ver documento Anexo Protecci\u00f3n de datos\" href=\"https:\/\/portales.ced.junta-andalucia.es\/educacion\/portales\/documents\/100629\/669355\/Anexo%20Proteccio%C2%BFn%20de%20datos.pdf\/d64d32c3-910f-2371-24a6-b852df3234d1?version=1.1\" target=\"_blank\" rel=\"noopener\">Anexo Protecci\u00f3n de datos<\/a><\/h4>\n<\/td>\n<td style=\"width: 40.5812%\">\n<h4 style=\"text-align: center\"><a class=\"documento-entry__datos--titulo\" title=\"Ver documento Anexo Religi\u00f3n\" href=\"https:\/\/portales.ced.junta-andalucia.es\/educacion\/portales\/documents\/100629\/669355\/Anexo%20Religio%C2%BFn.pdf\/c9b72559-ae2b-45b4-746c-8c63fda85020?version=1.1\" target=\"_blank\" rel=\"noopener\">Anexo Religi\u00f3n<\/a><\/h4>\n<\/td>\n<td style=\"width: 33.0661%;text-align: right\"><strong><a href=\"https:\/\/blogsaverroes.juntadeandalucia.es\/ceiplossilos\/files\/2025\/05\/CUESTIONARIO-DE-EJECUCION-FONDO-SOCIAL-EUROPEO.pdf\">Cuestionario de Ejecuci\u00f3n Fondo Social Europeo<\/a><\/strong><\/td>\n<\/tr>\n<tr>\n<td style=\"width: 25.4509%\"><a title=\"Ver documento Anexo Protecci\u00f3n de datos\" href=\"https:\/\/portales.ced.junta-andalucia.es\/educacion\/portales\/documents\/100629\/669355\/Anexo%20Proteccio%C2%BFn%20de%20datos.pdf\/d64d32c3-910f-2371-24a6-b852df3234d1?version=1.1\" target=\"_blank\" rel=\"noopener\"><img decoding=\"async\" id=\"the-canvas-861352\" class=\"documento-entry__preview--canvas alignleft lazy-loaded\" src=\"https:\/\/portales.ced.junta-andalucia.es\/educacion\/portales\/documents\/100629\/669355\/Anexo%20Proteccio%C2%BFn%20de%20datos.pdf\/d64d32c3-910f-2371-24a6-b852df3234d1?version=1.1&amp;documentThumbnail=1\" data-lazy-type=\"image\" data-src=\"https:\/\/portales.ced.junta-andalucia.es\/educacion\/portales\/documents\/100629\/669355\/Anexo%20Proteccio%C2%BFn%20de%20datos.pdf\/d64d32c3-910f-2371-24a6-b852df3234d1?version=1.1&amp;documentThumbnail=1\"\/><\/a><\/td>\n<td style=\"width: 40.5812%\"><a title=\"Ver documento Anexo Religi\u00f3n\" href=\"https:\/\/portales.ced.junta-andalucia.es\/educacion\/portales\/documents\/100629\/669355\/Anexo%20Religio%C2%BFn.pdf\/c9b72559-ae2b-45b4-746c-8c63fda85020?version=1.1\" target=\"_blank\" rel=\"noopener\"><img decoding=\"async\" id=\"the-canvas-861325\" class=\"documento-entry__preview--canvas aligncenter lazy-loaded\" src=\"https:\/\/portales.ced.junta-andalucia.es\/educacion\/portales\/documents\/100629\/669355\/Anexo%20Religio%C2%BFn.pdf\/c9b72559-ae2b-45b4-746c-8c63fda85020?version=1.1&amp;documentThumbnail=1\" data-lazy-type=\"image\" data-src=\"https:\/\/portales.ced.junta-andalucia.es\/educacion\/portales\/documents\/100629\/669355\/Anexo%20Religio%C2%BFn.pdf\/c9b72559-ae2b-45b4-746c-8c63fda85020?version=1.1&amp;documentThumbnail=1\"\/><\/a><\/td>\n<td style=\"width: 33.0661%;text-align: right\"><img decoding=\"async\" class=\"alignnone wp-image-3438 size-medium\" src=\"https:\/\/blogsaverroes.juntadeandalucia.es\/ceiplossilos\/files\/2025\/05\/CUESTIONARIO-DE-EJECUCION-FONDO-SOCIAL-EUROPEO-232x300.jpg\" alt=\"\" width=\"232\" height=\"300\" srcset=\"https:\/\/blogsaverroes.juntadeandalucia.es\/ceiplossilos\/files\/2025\/05\/CUESTIONARIO-DE-EJECUCION-FONDO-SOCIAL-EUROPEO-232x300.jpg 232w, https:\/\/blogsaverroes.juntadeandalucia.es\/ceiplossilos\/files\/2025\/05\/CUESTIONARIO-DE-EJECUCION-FONDO-SOCIAL-EUROPEO.jpg 656w\" sizes=\"(max-width: 232px) 100vw, 232px\" \/><\/td>\n<\/tr>\n<tr>\n<td style=\"width: 25.4509%\"><strong><a class=\"mb-0\" title=\"Anexo II. Solicitud de Servicio de aula matinal, comedor escolar o actividades extraescolares.\" href=\"https:\/\/www.juntadeandalucia.es\/haciendayadministracionpublica\/rpa-icms-doc\/icmsDescargaDoc.do?tipo=4b40ba71bf0bae77c7a9e6765035191a&amp;id=7c5af407ff29a88f5bf204fd72c5dfeb\">Solicitud de Servicio de aula matinal y\/o comedor escolar.<\/a><\/strong><\/td>\n<td style=\"width: 40.5812%\"><strong><a class=\"mb-0\" title=\"Solicitud de gratuidad\/bonificaci\u00f3n del precio p\u00fablico por los servicios complementarios de aula matinal, comedor escolar y actividades extraescolares, y por el servicio de residencia escolar.\" href=\"https:\/\/www.juntadeandalucia.es\/haciendayadministracionpublica\/rpa-icms-doc\/icmsDescargaDoc.do?tipo=4b40ba71bf0bae77c7a9e6765035191a&amp;id=a8887e9809f1acdd46593efdace082bb\">Solicitud de gratuidad\/bonificaci\u00f3n del precio p\u00fablico por los servicios complementarios de aula matinal y\/o comedor escolar.<\/a><\/strong><\/td>\n<td style=\"text-align: right;width: 33.0661%\"><strong><a href=\"https:\/\/blogsaverroes.juntadeandalucia.es\/ceiplossilos\/files\/2025\/05\/Inscripcion-AMPA-Sauco-25-26.pdf\" target=\"_blank\" rel=\"noopener\">Solicitud Socio\/a del AMPA<\/a><\/strong><\/td>\n<\/tr>\n<tr>\n<td style=\"width: 25.4509%\"><img decoding=\"async\" class=\"alignnone wp-image-2279 size-medium lazy-loaded\" src=\"https:\/\/blogsaverroes.juntadeandalucia.es\/colegiosanjuanbautistarepilado\/files\/2025\/05\/Solicitud-Comedor-Aula-Matinal-CEIP-San-Juan-Repilado-215x300.png\" alt=\"\" width=\"215\" height=\"300\" data-lazy-type=\"image\" data-src=\"https:\/\/blogsaverroes.juntadeandalucia.es\/colegiosanjuanbautistarepilado\/files\/2025\/05\/Solicitud-Comedor-Aula-Matinal-CEIP-San-Juan-Repilado-215x300.png\"\/><\/td>\n<td style=\"width: 40.5812%\"><a href=\"https:\/\/juntadeandalucia.es\/servicios\/sede\/tramites\/procedimientos\/detalle\/25586.html#:~:text=Solicitud%20de%20gratuidad\/bonificaci%C3%B3n%20del%20precio%20p%C3%BAblico%20por%20los%20servicios%20complementarios%20de%20aula%20matinal%2C%20comedor%20escolar%20y%20actividades%20extraescolares%2C%20y%20por%20el%20servicio%20de%20residencia%20escolar.\" target=\"_blank\" rel=\"noopener\"><img loading=\"lazy\" decoding=\"async\" class=\"aligncenter wp-image-2278 size-medium lazy-loaded\" src=\"https:\/\/blogsaverroes.juntadeandalucia.es\/colegiosanjuanbautistarepilado\/files\/2025\/05\/Solicituda-Bonificacion-CEIP-San-Juan-Repilado-213x300.png\" alt=\"\" width=\"213\" height=\"300\" data-lazy-type=\"image\" data-src=\"https:\/\/blogsaverroes.juntadeandalucia.es\/colegiosanjuanbautistarepilado\/files\/2025\/05\/Solicituda-Bonificacion-CEIP-San-Juan-Repilado-213x300.png\" data-srcset=\"\"\/><\/a><\/td>\n<td style=\"width: 33.0661%\"><img loading=\"lazy\" decoding=\"async\" class=\"alignnone wp-image-3434\" src=\"https:\/\/blogsaverroes.juntadeandalucia.es\/ceiplossilos\/files\/2025\/05\/Impreso-AMPA-JABUGO-215x300.jpg\" alt=\"\" width=\"199\" height=\"278\" srcset=\"https:\/\/blogsaverroes.juntadeandalucia.es\/ceiplossilos\/files\/2025\/05\/Impreso-AMPA-JABUGO-215x300.jpg 215w, https:\/\/blogsaverroes.juntadeandalucia.es\/ceiplossilos\/files\/2025\/05\/Impreso-AMPA-JABUGO.jpg 546w\" sizes=\"(max-width: 199px) 100vw, 199px\" \/><\/td>\n<\/tr>\n<\/tbody>\n<\/table>\n<\/div>\n<\/div>\n<\/div>\n<div class=\"documento-entry content-folder\">\n<div class=\"documento-entry__preview pdf\">&nbsp;<\/div>\n<\/div>\n<div class=\"documento-entry content-folder\">\n<div class=\"documento-entry__info\">&nbsp;<\/div>\n<\/div>\n<div class=\"documento-entry content-folder\">\n<div class=\"documento-entry__preview pdf\">\n<div class=\"documento-entry__preview--icon font-icomoon icon-ico-pdf\"><em><strong><a href=\"https:\/\/portales.ced.junta-andalucia.es\/educacion\/portales\/web\/escolarizacion\/infantil-a-bachillerato\/impresos\" target=\"_blank\" rel=\"noopener\">M\u00e1s Informaci\u00f3n en el portal de Consejer\u00eda de Desarrollo Educativo y Formaci\u00f3n Profesional de la Junta de Andaluc\u00eda<\/a><\/strong><\/em><\/div>\n<\/div>\n<\/div>\n<\/div>\n<\/div>\n<\/div>\n<\/div>\n<\/section>\n<\/div>\n<\/div>\n<\/div>\n<\/div>\n<\/div>\n<h2 class=\"documentos-entries__folder--title\">Impresos de admisi\u00f3n<\/h2>\n<table>\n<tbody>\n<tr>\n<td>\n<h4 class=\"documento-entry__datos__title\"><a class=\"documento-entry__datos--titulo\" title=\"Ver documento Anexo III\" href=\"https:\/\/portales.ced.junta-andalucia.es\/educacion\/portales\/documents\/100629\/669352\/3_Anexo%20III_002535_5.pdf\/16050806-cd1f-89da-678f-001bb54aab73?version=1.1\" target=\"_blank\" rel=\"noopener\">Ane<\/a><a class=\"documento-entry__datos--titulo\" title=\"Ver documento Anexo III\" href=\"https:\/\/portales.ced.junta-andalucia.es\/educacion\/portales\/documents\/100629\/669352\/3_Anexo%20III_002535_5.pdf\/16050806-cd1f-89da-678f-001bb54aab73?version=1.1\" target=\"_blank\" rel=\"noopener\">xo<\/a><a class=\"documento-entry__datos--titulo\" title=\"Ver documento Anexo III\" href=\"https:\/\/portales.ced.junta-andalucia.es\/educacion\/portales\/documents\/100629\/669352\/3_Anexo%20III_002535_5.pdf\/16050806-cd1f-89da-678f-001bb54aab73?version=1.1\" target=\"_blank\" rel=\"noopener\">&nbsp;III<\/a><\/h4>\n<p><strong>Solicitud de admisi\u00f3n en 2\u00ba Ciclo de Educaci\u00f3n Infantil, Educaci\u00f3n Primaria, Educaci\u00f3n Especial, ESO y Bachillerato (v\u00e1lido del 1 al 31 de marzo, ambos inclusive).<\/strong><\/td>\n<td>\n<h4 class=\"documento-entry__datos__title\"><a class=\"documento-entry__datos--titulo\" title=\"Ver documento Anexo IX\" href=\"https:\/\/portales.ced.junta-andalucia.es\/educacion\/portales\/documents\/100629\/669352\/9_Anexo%20IX_002541_4.pdf\/fdf4344b-6c9e-be16-e927-4e63760f0992?version=1.0\" target=\"_blank\" rel=\"noopener\">Anexo IX<\/a><\/h4>\n<p><strong>Solicitud Procedimiento Extraordinario de Admisi\u00f3n<\/strong><\/td>\n<\/tr>\n<tr>\n<td><a title=\"Ver documento Anexo III\" href=\"https:\/\/portales.ced.junta-andalucia.es\/educacion\/portales\/documents\/100629\/669352\/3_Anexo%20III_002535_5.pdf\/16050806-cd1f-89da-678f-001bb54aab73?version=1.1\" target=\"_blank\" rel=\"noopener\"><img loading=\"lazy\" decoding=\"async\" id=\"the-canvas-669359\" class=\"documento-entry__preview--canvas alignnone lazy-loaded\" src=\"https:\/\/portales.ced.junta-andalucia.es\/educacion\/portales\/documents\/100629\/669352\/3_Anexo%20III_002535_5.pdf\/16050806-cd1f-89da-678f-001bb54aab73?version=1.1&amp;documentThumbnail=1\" alt=\"\" width=\"212\" height=\"300\" data-lazy-type=\"image\" data-src=\"https:\/\/portales.ced.junta-andalucia.es\/educacion\/portales\/documents\/100629\/669352\/3_Anexo%20III_002535_5.pdf\/16050806-cd1f-89da-678f-001bb54aab73?version=1.1&amp;documentThumbnail=1\"\/><\/a><\/td>\n<td><a title=\"Ver documento Anexo IX\" href=\"https:\/\/portales.ced.junta-andalucia.es\/educacion\/portales\/documents\/100629\/669352\/9_Anexo%20IX_002541_4.pdf\/fdf4344b-6c9e-be16-e927-4e63760f0992?version=1.0\" target=\"_blank\" rel=\"noopener\"><img loading=\"lazy\" decoding=\"async\" id=\"the-canvas-669371\" class=\"documento-entry__preview--canvas alignnone lazy-loaded\" src=\"https:\/\/portales.ced.junta-andalucia.es\/educacion\/portales\/documents\/100629\/669352\/9_Anexo%20IX_002541_4.pdf\/fdf4344b-6c9e-be16-e927-4e63760f0992?version=1.0&amp;documentThumbnail=1\" alt=\"\" width=\"212\" height=\"300\" data-lazy-type=\"image\" data-src=\"https:\/\/portales.ced.junta-andalucia.es\/educacion\/portales\/documents\/100629\/669352\/9_Anexo%20IX_002541_4.pdf\/fdf4344b-6c9e-be16-e927-4e63760f0992?version=1.0&amp;documentThumbnail=1\"\/><\/a><\/td>\n<\/tr>\n<\/tbody>\n<\/table>\n<div class=\"documento-entry content-folder\">\n<div class=\"documento-entry__preview pdf\">\n<div class=\"documento-entry__preview--icon font-icomoon icon-ico-pdf\">&nbsp;<\/div>\n<\/div>\n<\/div>\n<h3>Nota sobre la Protecci\u00f3n de Datos Personales<\/h3>\n<p>Los datos personales proporcionados en las matr\u00edculas del curso 2025\/26 y posteriores est\u00e1n siendo utilizados en la planificaci\u00f3n de los recursos de los centros educativos. En la siguiente direcci\u00f3n electr\u00f3nica puede encontrar informaci\u00f3n adicional detallada al respecto: <a href=\"https:\/\/juntadeandalucia.es\/protecciondedatos\/detalle\/390103.html\" target=\"_blank\" rel=\"noopener\">https:\/\/juntadeandalucia.es\/protecciondedatos\/detalle\/390103.html<\/a><\/p>\n<\/div>\n","protected":false},"excerpt":{"rendered":"<p>Impresos En la Secretar\u00eda Virtual de los Centros Educativos se puede realizar Presentaci\u00f3n telem\u00e1tica de la admisi\u00f3n del alumnado en los centros docentes sostenidos con&hellip;<\/p>\n","protected":false},"author":12928,"featured_media":0,"parent":0,"menu_order":0,"comment_status":"closed","ping_status":"closed","template":"","meta":{"ngg_post_thumbnail":0,"footnotes":""},"aioseo_notices":[],"_links":{"self":[{"href":"https:\/\/blogsaverroes.juntadeandalucia.es\/ceiplossilos\/wp-json\/wp\/v2\/pages\/3428"}],"collection":[{"href":"https:\/\/blogsaverroes.juntadeandalucia.es\/ceiplossilos\/wp-json\/wp\/v2\/pages"}],"about":[{"href":"https:\/\/blogsaverroes.juntadeandalucia.es\/ceiplossilos\/wp-json\/wp\/v2\/types\/page"}],"author":[{"embeddable":true,"href":"https:\/\/blogsaverroes.juntadeandalucia.es\/ceiplossilos\/wp-json\/wp\/v2\/users\/12928"}],"replies":[{"embeddable":true,"href":"https:\/\/blogsaverroes.juntadeandalucia.es\/ceiplossilos\/wp-json\/wp\/v2\/comments?post=3428"}],"version-history":[{"count":7,"href":"https:\/\/blogsaverroes.juntadeandalucia.es\/ceiplossilos\/wp-json\/wp\/v2\/pages\/3428\/revisions"}],"predecessor-version":[{"id":3433,"href":"https:\/\/blogsaverroes.juntadeandalucia.es\/ceiplossilos\/wp-json\/wp\/v2\/pages\/3428\/revisions\/3433"}],"wp:attachment":[{"href":"https:\/\/blogsaverroes.juntadeandalucia.es\/ceiplossilos\/wp-json\/wp\/v2\/media?parent=3428"}],"curies":[{"name":"wp","href":"https:\/\/api.w.org\/{rel}","templated":true}]}}