{"id":35,"date":"2020-01-09T12:42:54","date_gmt":"2020-01-09T11:42:54","guid":{"rendered":"http:\/\/blogsaverroes.juntadeandalucia.es\/pre\/nuevoceip2v2\/?page_id=35"},"modified":"2024-11-13T11:04:21","modified_gmt":"2024-11-13T10:04:21","slug":"biblioteca","status":"publish","type":"page","link":"https:\/\/blogsaverroes.juntadeandalucia.es\/ceiplossilos\/biblioteca\/","title":{"rendered":"Biblioteca"},"content":{"rendered":"<header class=\"entry-header\">\n<h1><strong>PROYECTO DE LECTURA Y BIBLIOTECA:<\/strong><\/h1>\n<h4>Encaminado a fomentar el h\u00e1bito lector en toda la comunidad educativa a trav\u00e9s, no solo del pr\u00e9stamo de libros sino tambi\u00e9n, de actividades motivadoras complementarias a las que com\u00fanmente se vienen realizando en las aulas, considerando la lectura como base de todos los aprendizajes y convirtiendo la biblioteca de <a href=\"https:\/\/blogsaverroes.juntadeandalucia.es\/ceiplossilos\/\" target=\"_blank\" rel=\"noopener\">nuestro colegio \u00abLos Silos\u00bb<\/a> en un centro de recursos.<\/h4>\n<h1><img fetchpriority=\"high\" decoding=\"async\" class=\"alignnone wp-image-741\" src=\"https:\/\/blogsaverroes.juntadeandalucia.es\/ceiplossilos\/files\/2021\/05\/1_ESn0h23yiZqYrnK9C1VVtw-300x160.png\" alt=\"\" width=\"574\" height=\"306\" srcset=\"https:\/\/blogsaverroes.juntadeandalucia.es\/ceiplossilos\/files\/2021\/05\/1_ESn0h23yiZqYrnK9C1VVtw-300x160.png 300w, https:\/\/blogsaverroes.juntadeandalucia.es\/ceiplossilos\/files\/2021\/05\/1_ESn0h23yiZqYrnK9C1VVtw-1024x546.png 1024w, https:\/\/blogsaverroes.juntadeandalucia.es\/ceiplossilos\/files\/2021\/05\/1_ESn0h23yiZqYrnK9C1VVtw-768x409.png 768w, https:\/\/blogsaverroes.juntadeandalucia.es\/ceiplossilos\/files\/2021\/05\/1_ESn0h23yiZqYrnK9C1VVtw-1536x819.png 1536w, https:\/\/blogsaverroes.juntadeandalucia.es\/ceiplossilos\/files\/2021\/05\/1_ESn0h23yiZqYrnK9C1VVtw-700x373.png 700w, https:\/\/blogsaverroes.juntadeandalucia.es\/ceiplossilos\/files\/2021\/05\/1_ESn0h23yiZqYrnK9C1VVtw-332x177.png 332w, https:\/\/blogsaverroes.juntadeandalucia.es\/ceiplossilos\/files\/2021\/05\/1_ESn0h23yiZqYrnK9C1VVtw.png 1600w\" sizes=\"(max-width: 574px) 100vw, 574px\" \/><\/h1>\n<h1 class=\"entry-title\">NORMAS BIBLIOTECA<\/h1>\n<\/header>\n<div class=\"entry-content\">\n<p><strong>NORMAS DE USO DE LA BIBLIOTECA<\/strong><\/p>\n<ul>\n<li>No se puede ENTRAR en la Biblioteca hasta que el maestro\/a o la persona encargada de la misma est\u00e9 presente.<\/li>\n<li>Tienes que traer el CARN\u00c9 si quieres realizar un pr\u00e9stamo.<\/li>\n<li>En la Biblioteca procuraremos hablar con un TONO DE VOZ BAJO, para no molestar al resto de usuarios.<\/li>\n<li>En la Biblioteca no se puede COMER ni BEBER.<\/li>\n<li>Para devolver o coger un ejemplar tenemos que hacer una FILA en la mesa de pr\u00e9stamos y ESPERAR nuestro turno sin molestar.<\/li>\n<li>Cuando cojamos un libro de la estanter\u00eda debemos DEJARLO exactamente en el mismo sitio. Si no sabemos, o no lo recordamos, lo dejaremos encima de la mesa para que los maestros\/as lo coloquen.<\/li>\n<li>Las sillas deben quedar perfectamente COLOCADAS antes de irnos.<\/li>\n<li>Cada clase debe coger y devolver los libros en su HORA ASIGNADA de biblioteca.<\/li>\n<li>Los diccionarios, enciclopedias y material de consulta se pueden UTILIZAR solamente en la Biblioteca.<\/li>\n<li>Desde la Biblioteca Escolar se pueden hacer PR\u00c9STAMOS a las Bibliotecas de Aulas y como tales cuando finalicen, los materiales prestados deben ser DEVUELTOS a la Biblioteca escolar.<\/li>\n<li>CUIDA el material; es para que lo usemos tod@s.<\/li>\n<\/ul>\n<\/div>\n<p><span style=\"color: #008000;font-size: 18pt\"><strong>DEC\u00c1LOGO DEL BUEN LECTOR<\/strong><\/span><\/p>\n<p><iframe class=\"wp-embedded-content\" sandbox=\"allow-scripts\" security=\"restricted\" title=\"Dec\u00e1logo de un buen lector o lectora\" frameborder='0' width='1200' height='675' src='https:\/\/view.genially.com\/61b85a6d125d0d0d628811c6#?secret=coBDj5G1gn' data-secret='coBDj5G1gn' scrolling='yes'><\/iframe><\/p>\n<p><iframe class=\"wp-embedded-content\" sandbox=\"allow-scripts\" security=\"restricted\" title=\"Dec\u00e1logo de un buen lector o lectora\" frameborder='0' width='1200' height='675' src='https:\/\/view.genially.com\/61b85a6d125d0d0d628811c6#?secret=coBDj5G1gn' data-secret='coBDj5G1gn' scrolling='yes'><\/iframe><\/p>\n<p>&nbsp;<\/p>\n","protected":false},"excerpt":{"rendered":"<p>PROYECTO DE LECTURA Y BIBLIOTECA: Encaminado a fomentar el h\u00e1bito lector en toda la comunidad educativa a trav\u00e9s, no solo del pr\u00e9stamo de libros sino&hellip;<\/p>\n","protected":false},"author":7051,"featured_media":0,"parent":0,"menu_order":0,"comment_status":"closed","ping_status":"closed","template":"","meta":{"ngg_post_thumbnail":0,"footnotes":""},"aioseo_notices":[],"_links":{"self":[{"href":"https:\/\/blogsaverroes.juntadeandalucia.es\/ceiplossilos\/wp-json\/wp\/v2\/pages\/35"}],"collection":[{"href":"https:\/\/blogsaverroes.juntadeandalucia.es\/ceiplossilos\/wp-json\/wp\/v2\/pages"}],"about":[{"href":"https:\/\/blogsaverroes.juntadeandalucia.es\/ceiplossilos\/wp-json\/wp\/v2\/types\/page"}],"author":[{"embeddable":true,"href":"https:\/\/blogsaverroes.juntadeandalucia.es\/ceiplossilos\/wp-json\/wp\/v2\/users\/7051"}],"replies":[{"embeddable":true,"href":"https:\/\/blogsaverroes.juntadeandalucia.es\/ceiplossilos\/wp-json\/wp\/v2\/comments?post=35"}],"version-history":[{"count":8,"href":"https:\/\/blogsaverroes.juntadeandalucia.es\/ceiplossilos\/wp-json\/wp\/v2\/pages\/35\/revisions"}],"predecessor-version":[{"id":2239,"href":"https:\/\/blogsaverroes.juntadeandalucia.es\/ceiplossilos\/wp-json\/wp\/v2\/pages\/35\/revisions\/2239"}],"wp:attachment":[{"href":"https:\/\/blogsaverroes.juntadeandalucia.es\/ceiplossilos\/wp-json\/wp\/v2\/media?parent=35"}],"curies":[{"name":"wp","href":"https:\/\/api.w.org\/{rel}","templated":true}]}}