{"id":3625,"date":"2025-10-08T11:16:16","date_gmt":"2025-10-08T10:16:16","guid":{"rendered":"https:\/\/blogsaverroes.juntadeandalucia.es\/ceiplossilos\/?page_id=3625"},"modified":"2025-10-08T11:40:34","modified_gmt":"2025-10-08T10:40:34","slug":"acerca-de","status":"publish","type":"page","link":"https:\/\/blogsaverroes.juntadeandalucia.es\/ceiplossilos\/acerca-de\/","title":{"rendered":"Acerca de"},"content":{"rendered":"<div class=\"et_pb_row et_pb_row_1\">\n<div class=\"et_pb_column et_pb_column_4_4 et_pb_column_1 et_pb_css_mix_blend_mode_passthrough et-last-child\">\n<div class=\"et_pb_module et_pb_text et_pb_text_1 et_pb_text_align_left et_pb_bg_layout_light\">\n<div class=\"et_pb_text_inner\">\n<h1><span style=\"color: #000000\">La web del CEIP Los Silos del Jabugo<\/span><\/h1>\n<p><span style=\"color: #000000\">Los blogs o bit\u00e1coras son un fen\u00f3meno que han tenido gran aceptaci\u00f3n en Internet, porque permiten, de manera f\u00e1cil y r\u00e1pida, que cualquier persona publique en un espacio propio sus ideas y las comparta con otras personas en la red. El formato blog se ha generalizado como el m\u00e1s aceptado medio de publicaci\u00f3n, espacio personal, profesional o grupal, y se ha dejado notar en otros \u00e1mbitos, como el period\u00edstico o el educativo.<\/span><\/p>\n<table style=\"border-collapse: collapse;width: 100%\">\n<tbody>\n<tr>\n<td style=\"width: 33.3333%;text-align: center\"><span style=\"color: #000000\"><strong>COMUNICACI\u00d3N<\/strong><\/span><\/td>\n<td style=\"width: 33.3333%;text-align: center\"><span style=\"color: #000000\"><strong>MULTISITIO<\/strong><\/span><\/td>\n<td style=\"width: 33.3333%;text-align: center\"><span style=\"color: #000000\"><strong>INTERCONEXI\u00d3N<\/strong><\/span><\/td>\n<\/tr>\n<tr>\n<td style=\"width: 33.3333%\"><span style=\"color: #000000\"><img decoding=\"async\" class=\"aligncenter size-full wp-image-118746 lazy-loaded\" src=\"https:\/\/blogsaverroes.juntadeandalucia.es\/files\/2019\/10\/7_color.fw_-1-1.png\" alt=\"Dibujo de tres c\u00edrculos de colores\" width=\"127\" height=\"126\" data-lazy-type=\"image\" data-src=\"https:\/\/blogsaverroes.juntadeandalucia.es\/files\/2019\/10\/7_color.fw_-1-1.png\"\/><\/span><\/td>\n<td style=\"width: 33.3333%\"><span style=\"color: #000000\"><img decoding=\"async\" class=\"aligncenter wp-image-118748 size-full lazy-loaded\" src=\"https:\/\/blogsaverroes.juntadeandalucia.es\/files\/2019\/10\/4_paginas_hija.fw_-1-1.png\" alt=\"Dibujo de dos pesta\u00f1as de navegaci\u00f3n en Internet superpuestas\" width=\"127\" height=\"126\" data-lazy-type=\"image\" data-src=\"https:\/\/blogsaverroes.juntadeandalucia.es\/files\/2019\/10\/4_paginas_hija.fw_-1-1.png\"\/><\/span><\/td>\n<td style=\"width: 33.3333%\"><span style=\"color: #000000\"><img decoding=\"async\" class=\"aligncenter wp-image-118749 size-full lazy-loaded\" src=\"https:\/\/blogsaverroes.juntadeandalucia.es\/files\/2019\/10\/9_redes.fw_-1.png\" alt=\"Dibujo de tres c\u00edrculos unidos por una recta\" width=\"127\" height=\"126\" data-lazy-type=\"image\" data-src=\"https:\/\/blogsaverroes.juntadeandalucia.es\/files\/2019\/10\/9_redes.fw_-1.png\"\/><\/span><\/td>\n<\/tr>\n<\/tbody>\n<\/table>\n<\/div>\n<\/div>\n<\/div>\n<\/div>\n<div class=\"et_pb_row et_pb_row_3\">\n<div class=\"et_pb_column et_pb_column_4_4 et_pb_column_5 et_pb_css_mix_blend_mode_passthrough et-last-child\">\n<div class=\"et_pb_module et_pb_text et_pb_text_5 et_pb_text_align_left et_pb_bg_layout_light\">\n<div class=\"et_pb_text_inner\">\n<p><span style=\"color: #000000\">Como actividad basada en la comunicaci\u00f3n, la docencia no queda al margen de la influencia de los blogs como herramienta educativa y comunicativa. Su flexibilidad los hace adaptables a cualquier materia, asignatura y nivel educativo.<\/span><br \/>\n<span style=\"color: #000000\">Con estas consideraciones la Consejer\u00eda de Desarrollo Educativo y Formaci\u00f3n Profesional de la Junta de Andaluc\u00eda ofrece <strong>BlogsAverroes<\/strong>, un servicio de hosting basado en WordPress Multisitio, que tiene como finalidad proporcionar al profesorado de los centros educativos p\u00fablicos andaluces un instrumento que les permita difundir sus experiencias docentes, publicar contenidos y recursos educativos y desarrollar actividades de car\u00e1cter did\u00e1ctico.<\/span><\/p>\n<p><span style=\"color: #000000\">Pero&nbsp;<strong>BlogsAverroes del <a style=\"color: #000000\" href=\"https:\/\/blogsaverroes.juntadeandalucia.es\/ceiplossilos\/\" target=\"_blank\" rel=\"noopener\">CEIP Los Silos<\/a> de Jabugo<\/strong>&nbsp;no es solo un servicio de blog. Al estar basado en WordPress, tambi\u00e9n permite a los centro educativos crear su propia p\u00e1gina web de forma f\u00e1cil y din\u00e1mica utilizando alguna de las plantillas predise\u00f1adas para ello, adem\u00e1s de tambi\u00e9n poder dise\u00f1ar blog de aula por parte de todos los docentes andaluces a trav\u00e9s del usuario IdEA.<\/span><\/p>\n<\/div>\n<\/div>\n<\/div>\n<\/div>\n","protected":false},"excerpt":{"rendered":"<p>La web del CEIP Los Silos del Jabugo Los blogs o bit\u00e1coras son un fen\u00f3meno que han tenido gran aceptaci\u00f3n en Internet, porque permiten, de&hellip;<\/p>\n","protected":false},"author":12928,"featured_media":0,"parent":0,"menu_order":0,"comment_status":"closed","ping_status":"closed","template":"","meta":{"ngg_post_thumbnail":0,"footnotes":""},"aioseo_notices":[],"_links":{"self":[{"href":"https:\/\/blogsaverroes.juntadeandalucia.es\/ceiplossilos\/wp-json\/wp\/v2\/pages\/3625"}],"collection":[{"href":"https:\/\/blogsaverroes.juntadeandalucia.es\/ceiplossilos\/wp-json\/wp\/v2\/pages"}],"about":[{"href":"https:\/\/blogsaverroes.juntadeandalucia.es\/ceiplossilos\/wp-json\/wp\/v2\/types\/page"}],"author":[{"embeddable":true,"href":"https:\/\/blogsaverroes.juntadeandalucia.es\/ceiplossilos\/wp-json\/wp\/v2\/users\/12928"}],"replies":[{"embeddable":true,"href":"https:\/\/blogsaverroes.juntadeandalucia.es\/ceiplossilos\/wp-json\/wp\/v2\/comments?post=3625"}],"version-history":[{"count":9,"href":"https:\/\/blogsaverroes.juntadeandalucia.es\/ceiplossilos\/wp-json\/wp\/v2\/pages\/3625\/revisions"}],"predecessor-version":[{"id":3648,"href":"https:\/\/blogsaverroes.juntadeandalucia.es\/ceiplossilos\/wp-json\/wp\/v2\/pages\/3625\/revisions\/3648"}],"wp:attachment":[{"href":"https:\/\/blogsaverroes.juntadeandalucia.es\/ceiplossilos\/wp-json\/wp\/v2\/media?parent=3625"}],"curies":[{"name":"wp","href":"https:\/\/api.w.org\/{rel}","templated":true}]}}