{"id":474,"date":"2020-12-18T08:32:40","date_gmt":"2020-12-18T07:32:40","guid":{"rendered":"https:\/\/blogsaverroes.juntadeandalucia.es\/pre\/plantilla-backbag\/?page_id=474"},"modified":"2024-10-18T12:09:36","modified_gmt":"2024-10-18T11:09:36","slug":"contactar-con-el-centro","status":"publish","type":"page","link":"https:\/\/blogsaverroes.juntadeandalucia.es\/ceiplossilos\/contactar-con-el-centro\/","title":{"rendered":"Contactar"},"content":{"rendered":"<h5>Si desea contactar con nuestro colegio CEIP Los Silos en Jabugo, rellene el siguiente formulario. Intentaremos contestarle a la mayor brevedad posible.<\/h5>\n<div class=\"entry-content\">\n<table style=\"border-collapse: collapse;width: 100%\">\n<tbody>\n<tr>\n<td style=\"width: 50%\"><span style=\"font-size: 14pt\"><strong>Formulario de contacto&nbsp;<\/strong><\/span><\/p>\n<p>\n<div class=\"wpcf7 no-js\" id=\"wpcf7-f711-o1\" lang=\"es-ES\" dir=\"ltr\">\n<div class=\"screen-reader-response\"><p role=\"status\" aria-live=\"polite\" aria-atomic=\"true\"><\/p> <ul><\/ul><\/div>\n<form action=\"\/ceiplossilos\/wp-json\/wp\/v2\/pages\/474#wpcf7-f711-o1\" method=\"post\" class=\"wpcf7-form init\" aria-label=\"Formulario de contacto\" novalidate=\"novalidate\" data-status=\"init\">\n<div style=\"display: none;\">\n<input type=\"hidden\" name=\"_wpcf7\" value=\"711\" \/>\n<input type=\"hidden\" name=\"_wpcf7_version\" value=\"5.9.8\" \/>\n<input type=\"hidden\" name=\"_wpcf7_locale\" value=\"es_ES\" \/>\n<input type=\"hidden\" name=\"_wpcf7_unit_tag\" value=\"wpcf7-f711-o1\" \/>\n<input type=\"hidden\" name=\"_wpcf7_container_post\" value=\"0\" \/>\n<input type=\"hidden\" name=\"_wpcf7_posted_data_hash\" value=\"\" \/>\n<\/div>\n<p><label> Nombre (requerido)<br \/>\n<span class=\"wpcf7-form-control-wrap\" data-name=\"your-name\"><input size=\"40\" maxlength=\"400\" class=\"wpcf7-form-control wpcf7-text wpcf7-validates-as-required\" aria-required=\"true\" aria-invalid=\"false\" value=\"\" type=\"text\" name=\"your-name\" \/><\/span> <\/label>\n<\/p>\n<p><label> Tu correo electr\u00f3nico (requerido)<br \/>\n<span class=\"wpcf7-form-control-wrap\" data-name=\"your-email\"><input size=\"40\" maxlength=\"400\" class=\"wpcf7-form-control wpcf7-email wpcf7-validates-as-required wpcf7-text wpcf7-validates-as-email\" aria-required=\"true\" aria-invalid=\"false\" value=\"\" type=\"email\" name=\"your-email\" \/><\/span> <\/label>\n<\/p>\n<p><label> Asunto<br \/>\n<span class=\"wpcf7-form-control-wrap\" data-name=\"your-subject\"><input size=\"40\" maxlength=\"400\" class=\"wpcf7-form-control wpcf7-text\" aria-invalid=\"false\" value=\"\" type=\"text\" name=\"your-subject\" \/><\/span> <\/label>\n<\/p>\n<p><label> Mensaje<br \/>\n<span class=\"wpcf7-form-control-wrap\" data-name=\"your-message\"><textarea cols=\"40\" rows=\"10\" maxlength=\"2000\" class=\"wpcf7-form-control wpcf7-textarea\" aria-invalid=\"false\" name=\"your-message\"><\/textarea><\/span> <\/label>\n<\/p>\n<p><input class=\"wpcf7-form-control wpcf7-submit has-spinner\" type=\"submit\" value=\"Enviar\" \/>\n<\/p><div class=\"wpcf7-response-output\" aria-hidden=\"true\"><\/div>\n<\/form>\n<\/div>\n<\/td>\n<td style=\"width: 50%\">\n<p style=\"text-align: left;padding-left: 40px\"><em><strong>Datos de contacto:<\/strong><\/em><\/p>\n<p style=\"text-align: left;padding-left: 40px\">Direcci\u00f3n: <strong>C\/ Libertad, 2, 21290 &#8211; Jabugo<\/strong><\/p>\n<p style=\"text-align: left;padding-left: 40px\">Tel\u00e9fonos: <strong>959121014 &#8211; 959129904<\/strong><\/p>\n<p style=\"text-align: left;padding-left: 40px\">Direcci\u00f3n:&nbsp; <strong>671567157<\/strong><\/p>\n<p style=\"text-align: left;padding-left: 40px\">Profesorado: <strong>600160658<\/strong><\/p>\n<\/td>\n<\/tr>\n<\/tbody>\n<\/table>\n<p><span style=\"color: #ff9900\"><strong><span style=\"font-size: 8pt\">*(campo obligatorio)<\/span><\/strong><\/span><\/p>\n<table>\n<tbody>\n<tr>\n<td>&nbsp;&nbsp;&nbsp;<\/td>\n<td style=\"text-align: left\"><strong>PROTECCI\u00d3N DE DATOS:<\/strong>&nbsp;<em>En cumplimiento de lo dispuesto en la Ley Org\u00e1nica 15\/1999, de 13 de diciembre, de Protecci\u00f3n de Datos de Car\u00e1cter Personal,el Colegio de Educaci\u00f3n Primaria Jos\u00e9 Nogales le informa que los datos personales proporcionados por Vd. en este formulario ser\u00e1n utilizados \u00fanicamente para gestionar su consulta y proporcionarle la respuesta adecuada. De acuerdo con lo previsto en la citada Ley Org\u00e1nica, puede ejercitar los derechos de acceso, rectificaci\u00f3n, cancelaci\u00f3n y oposici\u00f3n dirigiendo un escrito a la Secretar\u00eda del Colegio de Educaci\u00f3n Primaria \u00abLos Silos\u00bb. C\/ Libertad, 2 &#8211; 21290 JABUGO &#8211; Huelva.<\/em><\/td>\n<\/tr>\n<\/tbody>\n<\/table>\n<\/div>\n<p>&nbsp;<\/p>\n<p style=\"text-align: left\"><strong><span style=\"font-size: 24pt\">Ubicaci\u00f3n del <\/span><\/strong><strong><span style=\"font-size: 24pt\">Centro<\/span><\/strong><\/p>\n<p>&nbsp;<iframe src=\"https:\/\/www.google.com\/maps\/embed?pb=!1m18!1m12!1m3!1d3147.505297420839!2d-6.732320585322874!3d37.91862431164437!2m3!1f0!2f0!3f0!3m2!1i1024!2i768!4f13.1!3m3!1m2!1s0xd1172de745090e7%3A0xb2a23fba4efa524e!2sC.E.I.P%20LOS%20SILOS!5e0!3m2!1ses!2ses!4v1618900354855!5m2!1ses!2ses\" width=\"100%\" height=\"500\"><\/iframe><\/p>\n","protected":false},"excerpt":{"rendered":"<p>Si desea contactar con nuestro colegio CEIP Los Silos en Jabugo, rellene el siguiente formulario. Intentaremos contestarle a la mayor brevedad posible. Formulario de contacto&nbsp;&hellip;<\/p>\n","protected":false},"author":7051,"featured_media":0,"parent":0,"menu_order":0,"comment_status":"closed","ping_status":"closed","template":"template-full-width.php","meta":{"ngg_post_thumbnail":0,"footnotes":""},"aioseo_notices":[],"_links":{"self":[{"href":"https:\/\/blogsaverroes.juntadeandalucia.es\/ceiplossilos\/wp-json\/wp\/v2\/pages\/474"}],"collection":[{"href":"https:\/\/blogsaverroes.juntadeandalucia.es\/ceiplossilos\/wp-json\/wp\/v2\/pages"}],"about":[{"href":"https:\/\/blogsaverroes.juntadeandalucia.es\/ceiplossilos\/wp-json\/wp\/v2\/types\/page"}],"author":[{"embeddable":true,"href":"https:\/\/blogsaverroes.juntadeandalucia.es\/ceiplossilos\/wp-json\/wp\/v2\/users\/7051"}],"replies":[{"embeddable":true,"href":"https:\/\/blogsaverroes.juntadeandalucia.es\/ceiplossilos\/wp-json\/wp\/v2\/comments?post=474"}],"version-history":[{"count":17,"href":"https:\/\/blogsaverroes.juntadeandalucia.es\/ceiplossilos\/wp-json\/wp\/v2\/pages\/474\/revisions"}],"predecessor-version":[{"id":2213,"href":"https:\/\/blogsaverroes.juntadeandalucia.es\/ceiplossilos\/wp-json\/wp\/v2\/pages\/474\/revisions\/2213"}],"wp:attachment":[{"href":"https:\/\/blogsaverroes.juntadeandalucia.es\/ceiplossilos\/wp-json\/wp\/v2\/media?parent=474"}],"curies":[{"name":"wp","href":"https:\/\/api.w.org\/{rel}","templated":true}]}}