{"id":533,"date":"2025-10-10T08:38:05","date_gmt":"2025-10-10T07:38:05","guid":{"rendered":"https:\/\/blogsaverroes.juntadeandalucia.es\/ceiplossilos\/?page_id=533"},"modified":"2025-10-10T11:18:46","modified_gmt":"2025-10-10T10:18:46","slug":"profesorado","status":"publish","type":"page","link":"https:\/\/blogsaverroes.juntadeandalucia.es\/ceiplossilos\/profesorado\/","title":{"rendered":"Profesorado"},"content":{"rendered":"<p><span style=\"font-size: 36pt\"><strong>Curso 2025-2026<img fetchpriority=\"high\" decoding=\"async\" class=\"wp-image-707 aligncenter\" src=\"https:\/\/blogsaverroes.juntadeandalucia.es\/ceiplossilos\/files\/2021\/05\/maestro-a.png\" alt=\"\" width=\"370\" height=\"230\"\/><\/strong><\/span><\/p>\n<p class=\"western\" align=\"justify\"><span style=\"color: #000000\">&nbsp;<\/span><span style=\"font-family: arial, helvetica, sans-serif;font-size: 12pt\"><strong><span style=\"color: #000000\">Tutor\u00edas<\/span>:<\/strong><\/span><\/p>\n<ul>\n<li><span lang=\"es-ES\">Educaci\u00f3n Infantil 3 a\u00f1os: <em><strong>D\u00f1a. Raquel Ojeda Pichardo<\/strong><\/em><\/span><\/li>\n<li><span lang=\"es-ES\">Educaci\u00f3n Infantil 4 a\u00f1os: <strong><em>D\u00f1a. <\/em><\/strong><\/span><strong><em>Yolanda Carvajal D\u00edaz<\/em><\/strong><\/li>\n<li><span lang=\"es-ES\">Educaci\u00f3n Infantil 5 a\u00f1os: <strong><em>D\u00f1a.<\/em> <em>Antonia Graham Dom\u00ednguez<\/em><\/strong><\/span><\/li>\n<li><span lang=\"es-ES\">Primer nivel Educaci\u00f3n Primaria: <strong><em>D\u00f1a.<\/em> <em>Elisabeth G\u00f3mez Garc\u00eda<\/em><\/strong><\/span><\/li>\n<li><span lang=\"es-ES\">Segundo nivel Educaci\u00f3n Primari<em>a: <b>D\u00f1a. Beatriz Flores Urbano<\/b><\/em><\/span><\/li>\n<li><span lang=\"es-ES\">Tercer nivel Educaci\u00f3n Primaria: <em><strong>D\u00f1a. Jenifer Coca Valenzuela \/&nbsp;<\/strong><\/em><\/span><\/li>\n<li><span lang=\"es-ES\">Cuarto nivel Educaci\u00f3n Primaria: <em><strong>D\u00f1a. Mar\u00eda Dolores Getino Rosado<\/strong><\/em><\/span><\/li>\n<li><span lang=\"es-ES\">Quinto nivel Educaci\u00f3n Primaria: <b><i>D\u00f1a.&nbsp;<b style=\"font-style: normal\"><i>Carmen <\/i><\/b>Parras Fern\u00e1ndez<\/i><\/b><\/span><\/li>\n<li><span lang=\"es-ES\">Sexto nivel Educaci\u00f3n Primaria: <strong><em>D\u00f1a. Tamara Alfaya Alonso<\/em><\/strong><\/span><\/li>\n<\/ul>\n<p class=\"western\" style=\"text-align: left\" align=\"justify\"><span style=\"font-family: arial, helvetica, sans-serif;font-size: 12pt\"><strong>Especialidades:<\/strong><\/span><\/p>\n<ul>\n<li><span lang=\"es-ES\">\u00c1rea de Educaci\u00f3n F\u00edsica:<\/span> <strong><em>D\u00f1a<\/em><\/strong>. <em><strong>Miriam Miranda Guerrero<\/strong><\/em><\/li>\n<li><span lang=\"es-ES\">\u00c1rea de Franc\u00e9s: <em><strong>D\u00f1a. Inmaculada Concepci\u00f3n Guti\u00e9rrez Pi\u00f1ero<\/strong><\/em><\/span><\/li>\n<li><span lang=\"es-ES\">\u00c1rea de Ingl\u00e9s:<\/span> <em><strong>D\u00f1a.<\/strong><\/em> <em><strong>\u00c1ngeles Mart\u00edn P\u00e9rez <\/strong><\/em><\/li>\n<li><span lang=\"es-ES\">\u00c1rea de M\u00fasica: <em><strong>D\u00f1a.<\/strong> <\/em><\/span><em><strong><span lang=\"es-ES\">Sara Mar\u00eda Luque Blanco<\/span><\/strong><\/em><\/li>\n<li><span lang=\"es-ES\">\u00c1rea Religi\u00f3n Cat\u00f3lica:<\/span> <span lang=\"es-ES\"><em><strong>D\u00f1a.<\/strong> <\/em><\/span><em><strong>M\u00aa Prado Ortega Garc\u00eda <\/strong><\/em><\/li>\n<li>Pedagog\u00eda Terap\u00e9utica: <span lang=\"es-ES\"><em><strong>D\u00f1a.<\/strong> <\/em><\/span><em><strong>M\u00aa Eugenia Cosano L\u00f3pez-Fando<\/strong><\/em><\/li>\n<li><span lang=\"es-ES\">Refuerzo Educativo:<\/span> <em><strong>D\u00f1a. Mar\u00eda Teresa Requena Rosa<\/strong><\/em><\/li>\n<\/ul>\n<p class=\"western\" align=\"justify\"><span style=\"font-family: arial, helvetica, sans-serif;font-size: 12pt\"><strong>Coordinadores de los distintos Ciclos:<\/strong><\/span><\/p>\n<ul>\n<li><span lang=\"es-ES\">Coordinadora del Ciclo de E. Infantil: <\/span><em><strong><span lang=\"es-ES\">Yolanda Carvajal D\u00edaz<\/span><\/strong><\/em><\/li>\n<li><span lang=\"es-ES\">Coordinador del Primer Ciclo: <strong><em>D\u00f1a.<\/em> <em>Elisabeth G\u00f3mez Garc\u00eda<\/em><\/strong><\/span><\/li>\n<li><span lang=\"es-ES\">Coordinadora del Segundo Ciclo: <em><strong>D\u00f1a. Mar\u00eda Dolores Getino Rosado<\/strong><\/em><\/span><\/li>\n<li><span lang=\"es-ES\">Coordinadora del Tercer Ciclo: <strong><em>D\u00f1a. Tamara Alfaya Alonso<\/em><\/strong><\/span><\/li>\n<\/ul>\n<p class=\"western\" align=\"justify\"><span style=\"font-size: 12pt;font-family: arial, helvetica, sans-serif\"><strong>Coordinadores\/as de los distintos <a href=\"https:\/\/www.juntadeandalucia.es\/temas\/estudiar\/primaria-eso\/programas-actividades.html\">Proyectos Educativos<\/a> que est\u00e1n implantados en nuestro centro educativo <a href=\"https:\/\/blogsaverroes.juntadeandalucia.es\/ceiplossilos\/\" target=\"_blank\" rel=\"noopener\">\u00abCEIP Los Silos\u00bb (JABUGO)<\/a>:<\/strong><\/span><\/p>\n<ul>\n<li>Coordinadora Creciendo en H\u00e1bitos de Vida Saludable: <span lang=\"es-ES\"><em><strong>D\u00f1a. Raquel Ojeda Pichardo<\/strong><\/em><\/span><\/li>\n<li>Programa Aldea: <em><strong>D\u00f1a.<\/strong><\/em> <em><strong>M\u00aa Prado Ortega Garc\u00eda<\/strong><\/em><\/li>\n<li><span lang=\"es-ES\">Coordinadora Escuela de Paz: <\/span><em><strong>D\u00f1a. <\/strong><\/em><span lang=\"es-ES\"><em><strong>M\u00aa Eugenia Cosano L\u00f3pez-Fando<\/strong><\/em><\/span><\/li>\n<li><span lang=\"es-ES\">Coordinaci\u00f3n Plan de Apoyo Lectura y Biblioteca: <\/span><em><strong>D\u00f1a. <span lang=\"es-ES\">Carmen Parras Fern\u00e1ndez<\/span><\/strong><\/em><\/li>\n<li><span lang=\"es-ES\">Coordinaci\u00f3n Plan de Autoprotecci\u00f3n: <em><strong>D\u00f1a. <\/strong><strong><span lang=\"es-ES\">Antonia Graham Dom\u00ednguez<\/span><\/strong><\/em><\/span><\/li>\n<li><span lang=\"es-ES\">Coordinadora Plan de Igualdad: <em><strong>D\u00f1a. <\/strong><\/em><em><strong>Pamela P\u00e9rez Mendoza<\/strong><\/em><\/span><\/li>\n<li><span lang=\"es-ES\">Coordinadora TDE y STEAM:&nbsp;<\/span> <span lang=\"es-ES\"><em><strong>D\u00f1a. <\/strong><\/em><\/span><em><strong>Miriam Miranda Guerrero<\/strong><\/em><\/li>\n<li><span lang=\"es-ES\">Coordinadora ISED: <em><strong>D\u00f1a. <\/strong><\/em><\/span><em><strong><span lang=\"es-ES\">Sara M\u00aa Luque Blanco<\/span><\/strong><\/em><\/li>\n<li>Coordinadora de Bienestar: <span lang=\"es-ES\"><em><strong>D\u00f1a. <\/strong><\/em><\/span><em><strong><span lang=\"es-ES\">Sara M\u00aa Luque Blanco<\/span><\/strong><\/em><\/li>\n<li>Coordinadora Programa ALDEA: <em><strong>D\u00f1a. Mar\u00eda Teresa Requena Rosa<\/strong><\/em><\/li>\n<li>Coordinadora de Arte Cultura y Creatividad: <span lang=\"es-ES\"><em><strong>D\u00f1a. <\/strong><\/em><em><strong>Antonia Graham Dom\u00ednguez<\/strong><\/em><\/span><\/li>\n<li>Coordinadora Equipo de Orientaci\u00f3n: <span lang=\"es-ES\"><em><strong>D\u00f1a. <\/strong><\/em><\/span><em><strong><span lang=\"es-ES\">Mar\u00eda Eugenia Cosano L\u00f3pez-Fando<\/span><\/strong><\/em><\/li>\n<li>Coordinadora ETCP: <span lang=\"es-ES\"><strong><em>D\u00f1a.<\/em> <em>Elisabeth G\u00f3mez Garc\u00eda<\/em><\/strong><\/span><\/li>\n<li><span lang=\"es-ES\">Coordinaci\u00f3n del Pacto de Estado: <em><strong>D\u00f1a. <\/strong><\/em><em><strong><span lang=\"es-ES\">Antonia Graham Dom\u00ednguez<\/span><\/strong><\/em><\/span><\/li>\n<\/ul>\n<p><strong><span style=\"font-family: arial, helvetica, sans-serif\">Personal del PAC (Aula matinal, comedor y extraescolares):<\/span><\/strong><\/p>\n<p>&nbsp;Aula matinal: <em><strong>D\u00f1a. Gloria Moya y D\u00f1a. Noelia Soto.<\/strong><\/em><\/p>\n<p>Comedor: <em><strong>D\u00f1a. Amparo L\u00f3pez, D\u00f1a. Gloria Moya y D\u00f1a. Silvia Valera.<\/strong><\/em><\/p>\n","protected":false},"excerpt":{"rendered":"<p>Curso 2025-2026 &nbsp;Tutor\u00edas: Educaci\u00f3n Infantil 3 a\u00f1os: D\u00f1a. Raquel Ojeda Pichardo Educaci\u00f3n Infantil 4 a\u00f1os: D\u00f1a. Yolanda Carvajal D\u00edaz Educaci\u00f3n Infantil 5 a\u00f1os: D\u00f1a. Antonia&hellip;<\/p>\n","protected":false},"author":12928,"featured_media":0,"parent":0,"menu_order":0,"comment_status":"closed","ping_status":"closed","template":"","meta":{"ngg_post_thumbnail":0,"footnotes":""},"aioseo_notices":[],"_links":{"self":[{"href":"https:\/\/blogsaverroes.juntadeandalucia.es\/ceiplossilos\/wp-json\/wp\/v2\/pages\/533"}],"collection":[{"href":"https:\/\/blogsaverroes.juntadeandalucia.es\/ceiplossilos\/wp-json\/wp\/v2\/pages"}],"about":[{"href":"https:\/\/blogsaverroes.juntadeandalucia.es\/ceiplossilos\/wp-json\/wp\/v2\/types\/page"}],"author":[{"embeddable":true,"href":"https:\/\/blogsaverroes.juntadeandalucia.es\/ceiplossilos\/wp-json\/wp\/v2\/users\/12928"}],"replies":[{"embeddable":true,"href":"https:\/\/blogsaverroes.juntadeandalucia.es\/ceiplossilos\/wp-json\/wp\/v2\/comments?post=533"}],"version-history":[{"count":27,"href":"https:\/\/blogsaverroes.juntadeandalucia.es\/ceiplossilos\/wp-json\/wp\/v2\/pages\/533\/revisions"}],"predecessor-version":[{"id":3750,"href":"https:\/\/blogsaverroes.juntadeandalucia.es\/ceiplossilos\/wp-json\/wp\/v2\/pages\/533\/revisions\/3750"}],"wp:attachment":[{"href":"https:\/\/blogsaverroes.juntadeandalucia.es\/ceiplossilos\/wp-json\/wp\/v2\/media?parent=533"}],"curies":[{"name":"wp","href":"https:\/\/api.w.org\/{rel}","templated":true}]}}