{"id":546,"date":"2024-11-15T09:11:47","date_gmt":"2024-11-15T08:11:47","guid":{"rendered":"https:\/\/blogsaverroes.juntadeandalucia.es\/ceiplossilos\/?page_id=546"},"modified":"2025-10-08T11:58:10","modified_gmt":"2025-10-08T10:58:10","slug":"transporte-escolar","status":"publish","type":"page","link":"https:\/\/blogsaverroes.juntadeandalucia.es\/ceiplossilos\/transporte-escolar\/","title":{"rendered":"Transporte escolar"},"content":{"rendered":"<section id=\"content\" class=\"column twothirdcol\">\n<article id=\"post-2457\" class=\"post-2457 page type-page status-publish hentry column onecol\">\n<div class=\"entry\">\n<header class=\"entry-header\">\n<h1 class=\"entry-title\">Transporte escolar<\/h1>\n<p><img decoding=\"async\" class=\"alignleft\" src=\"https:\/\/encrypted-tbn0.gstatic.com\/images?q=tbn:ANd9GcSw0lWb2mnBth-rleiz_RZsMEn_2AeMTthAsw&amp;usqp=CAU\" alt=\"Monitor transporte escolar - Aika Formaci\u00f3n\"\/><\/p>\n<\/header>\n<div class=\"entry-content\">\n<div class=\"inner_cuerpo\">\n<p>La prestaci\u00f3n gratuita del servicio complementario de transporte escolar tiene como finalidad garantizar la igualdad de todas las personas en el ejercicio del derecho a la educaci\u00f3n, facilitando el desplazamiento gratuito del alumnado del segundo ciclo de educaci\u00f3n infantil, de educaci\u00f3n primaria, de educaci\u00f3n especial, de educaci\u00f3n secundaria obligatoria, de bachillerato y de formaci\u00f3n profesional inicial, desde su localidad de residencia al centro docente asignado por la Administraci\u00f3n educativa.<\/p>\n<p>La Agencia P\u00fablica Andaluza de Educaci\u00f3n tiene encomendada la gesti\u00f3n de las rutas de transporte escolar mediante las cuales se facilita transporte gratuito a aquellos alumnos y alumnas que tengan que desplazarse fuera de su localidad de residencia por la inexistencia en la misma de la etapa educativa que le corresponde, o bien que resida en n\u00facleos dispersos de poblaci\u00f3n, asumi\u00e9ndose bajo compromisos de calidad, seguridad y accesibilidad para el alumnado beneficiario de este tipo de servicio complementario a la ense\u00f1anza.<\/p>\n<p>Adem\u00e1s de garantizar esta prestaci\u00f3n gratuita, la Consejer\u00eda de Educaci\u00f3n concede ayudas individualizadas al alumnado de aquellas ense\u00f1anzas que, por su especificidad y dificultad de generalizaci\u00f3n, se impartan en centros docentes p\u00fablicos alejados de sus localidades y donde no es posible ofrecer servicio de transporte.<\/p>\n<h3><strong>Rutas de transporte<\/strong><\/h3>\n<p>Actualmente nuestro Colegio recibe alumnos\/as de:<\/p>\n<\/div>\n<\/div>\n<\/div>\n<\/article>\n<\/section>\n<p><a href=\"https:\/\/www.bing.com\/maps?q=mapa+los+romeros+jabugo&amp;form=ANNTH1&amp;refig=258812b44a0d403ab36bfc593dba4b4f\">https:\/\/www.bing.com\/maps?q=mapa+los+romeros+jabugo&amp;form=ANNTH1&amp;refig=258812b44a0d403ab36bfc593dba4b4f<\/a><\/p>\n<p><img fetchpriority=\"high\" decoding=\"async\" class=\"alignnone wp-image-544\" src=\"https:\/\/blogsaverroes.juntadeandalucia.es\/ceiplossilos\/files\/2021\/04\/Los-romeros-300x169.jpg\" alt=\"\" width=\"426\" height=\"240\" srcset=\"https:\/\/blogsaverroes.juntadeandalucia.es\/ceiplossilos\/files\/2021\/04\/Los-romeros-300x169.jpg 300w, https:\/\/blogsaverroes.juntadeandalucia.es\/ceiplossilos\/files\/2021\/04\/Los-romeros-1024x576.jpg 1024w, https:\/\/blogsaverroes.juntadeandalucia.es\/ceiplossilos\/files\/2021\/04\/Los-romeros-768x432.jpg 768w, https:\/\/blogsaverroes.juntadeandalucia.es\/ceiplossilos\/files\/2021\/04\/Los-romeros-700x393.jpg 700w, https:\/\/blogsaverroes.juntadeandalucia.es\/ceiplossilos\/files\/2021\/04\/Los-romeros-332x187.jpg 332w, https:\/\/blogsaverroes.juntadeandalucia.es\/ceiplossilos\/files\/2021\/04\/Los-romeros.jpg 1280w\" sizes=\"(max-width: 426px) 100vw, 426px\" \/>&nbsp; &nbsp;<span style=\"font-size: 24pt\"> <strong>Los Romeros<\/strong><\/span><\/p>\n<p><strong style=\"font-family: Oswald, sans-serif;font-size: 24px;letter-spacing: 1px\">Solicitudes<\/strong><\/p>\n<section id=\"content\" class=\"column twothirdcol\">\n<article id=\"post-2457\" class=\"post-2457 page type-page status-publish hentry column onecol\">\n<div class=\"entry\">\n<div class=\"entry-content\">\n<div class=\"inner_cuerpo\">\n<p>El servicio de transporte escolar se solicita en el mes de&nbsp;<strong>junio<\/strong>&nbsp;en la matriculaci\u00f3n del alumnado. Se puede solicitar en cualquier momento del curso por cambio en el domicilio familiar del alumno\/a.<\/p>\n<p>Desc\u00e1rgate el formulario, rell\u00e9nalo y entr\u00e9galo en la secretar\u00eda del Colegio:<\/p>\n<ul>\n<li><strong>Solicitud de inscripci\u00f3n<\/strong>:&nbsp;<a href=\"http:\/\/blogsaverroes.juntadeandalucia.es\/ceprjosenogales\/files\/2017\/02\/TransporteEscolar2012_13_ANEXO_III.pdf\">ANEXO_III<\/a><\/li>\n<li><strong>Comunicaci\u00f3n a la familia<\/strong> (por el Centro):&nbsp;<a href=\"http:\/\/blogsaverroes.juntadeandalucia.es\/ceprjosenogales\/files\/2017\/02\/TransporteEscolar2012_13_ANEXO_IV.pdf\">ANEXO_IV<\/a><\/li>\n<\/ul>\n<\/div>\n<h3><strong>Ayudas<br \/>\n<\/strong><\/h3>\n<p>Excepcionalmente, se podr\u00e1n conceder ayudas individualizadas para colaborar en los gastos de transporte del alumnado beneficiario del servicio entre su domicilio y la parada establecida de la ruta escolar m\u00e1s cercana a dicho domicilio, cuando el desplazamiento sea superior a dos kil\u00f3metros, de conformidad con lo dispuesto en el art\u00edculo 17.3 del Decreto 287\/2009, de 30 de junio.<\/p>\n<p>Enlace a la p\u00e1gina de la Consejer\u00eda de Educaci\u00f3n:&nbsp;<a href=\"http:\/\/www.juntadeandalucia.es\/educacion\/portals\/web\/becas-y-ayudas\/ayudas-al-transporte\" target=\"_blank\" rel=\"noopener noreferrer\">Ayudas al transporte escolar.<\/a><\/p>\n<h3><strong>Empresa<\/strong><\/h3>\n<h3 style=\"font-style: normal\"><strong>Alcaide E Hijos SL<\/strong><\/h3>\n<h3><img decoding=\"async\" class=\" wp-image-2284 alignleft\" src=\"https:\/\/blogsaverroes.juntadeandalucia.es\/ceiplossilos\/files\/2024\/11\/logo-autocares-alcaide.png\" alt=\"\" width=\"224\" height=\"64\"\/><\/h3>\n<div class=\"mod\">\n<div class=\"_eFb\">\n<div>&nbsp;<\/div>\n<div class=\"_mr kno-fb-ctx\"><span class=\"_xdb\">Direcci\u00f3n:&nbsp;<\/span><span class=\"_Xbe\">Calle San Roque, 29, 21200 Aracena, Huelva<\/span><\/div>\n<\/div>\n<\/div>\n<div class=\"mod\">\n<div class=\"_eFb\">\n<div class=\"_mr kno-fb-ctx\"><span class=\"_xdb\">Tel\u00e9fono:&nbsp;<\/span><span class=\"_Xbe _ZWk kno-fv\">959 12 88 62<\/span><\/div>\n<div>&nbsp;<\/div>\n<\/div>\n<\/div>\n<h3 style=\"text-align: left\"><strong>Normativa<\/strong><\/h3>\n<table>\n<tbody>\n<tr>\n<td style=\"text-align: left\"><a href=\"http:\/\/www.juntadeandalucia.es\/educacion\/portals\/abaco-portlet\/content\/e350f9d5-e934-4fc0-a059-2060ecb058b5\" target=\"_blank\" rel=\"noopener noreferrer\">ORDEN de 29 de diciembre de 2011<\/a>, por la que se modifica la Orden de 3 de diciembre de 2010, por la que se regula la organizaci\u00f3n y gesti\u00f3n del servicio de transporte p\u00fablico regular de uso especial de escolares por carretera y las ayudas individualizadas reguladas en el Decreto 287\/2009, de 30 de junio, por el que se regula la prestaci\u00f3n gratuita del servicio complementario de transporte escolar para el alumnado de los centros docentes sostenidos con fondos p\u00fablicos (BOJA 19-01-2012).<\/td>\n<\/tr>\n<tr>\n<td style=\"text-align: left\"><a href=\"http:\/\/www.juntadeandalucia.es\/educacion\/portals\/abaco-portlet\/content\/d1ed9ff5-3c45-4c79-9cd0-688729f7dc95\" target=\"_blank\" rel=\"noopener noreferrer\">ORDEN de 3 de diciembre de 2010<\/a>, por la que se regula la organizaci\u00f3n y gesti\u00f3n del servicio de transporte p\u00fablico regular de uso especial de escolares por carretera y las ayudas individualizadas reguladas en el Decreto 287\/2009, de 30 de junio, por el que se regula la prestaci\u00f3n gratuita del servicio complementario de transporte escolar para el alumnado de los centros docentes sostenidos con fondos p\u00fablicos (BOJA 07-01-2011)<\/td>\n<\/tr>\n<tr>\n<td style=\"text-align: left\"><a href=\"http:\/\/www.juntadeandalucia.es\/educacion\/portals\/abaco-portlet\/content\/542dd3b8-9171-433a-8320-b1a7f2e5068e\" target=\"_blank\" rel=\"noopener noreferrer\">DECRETO 287\/2009, de 30 de junio<\/a>, por el que se regula la prestaci\u00f3n gratuita del servicio complementario de transporte escolar para el alumnado de los Centros docentes sostenidos con fondos p\u00fablicos (BOJA 03-07-2009).<\/td>\n<\/tr>\n<\/tbody>\n<\/table>\n<div class=\"mod\">\n<div class=\"_eFb\">\n<div class=\"_mr kno-fb-ctx\">&nbsp;<\/div>\n<\/div>\n<\/div>\n<div class=\"sharedaddy sd-sharing-enabled\">\n<div class=\"robots-nocontent sd-block sd-social sd-social-icon sd-sharing\">&nbsp;<\/div>\n<\/div>\n<\/div>\n<\/div>\n<\/article>\n<\/section>\n","protected":false},"excerpt":{"rendered":"<p>Transporte escolar La prestaci\u00f3n gratuita del servicio complementario de transporte escolar tiene como finalidad garantizar la igualdad de todas las personas en el ejercicio del&hellip;<\/p>\n","protected":false},"author":12928,"featured_media":0,"parent":0,"menu_order":0,"comment_status":"closed","ping_status":"closed","template":"","meta":{"ngg_post_thumbnail":0,"footnotes":""},"aioseo_notices":[],"_links":{"self":[{"href":"https:\/\/blogsaverroes.juntadeandalucia.es\/ceiplossilos\/wp-json\/wp\/v2\/pages\/546"}],"collection":[{"href":"https:\/\/blogsaverroes.juntadeandalucia.es\/ceiplossilos\/wp-json\/wp\/v2\/pages"}],"about":[{"href":"https:\/\/blogsaverroes.juntadeandalucia.es\/ceiplossilos\/wp-json\/wp\/v2\/types\/page"}],"author":[{"embeddable":true,"href":"https:\/\/blogsaverroes.juntadeandalucia.es\/ceiplossilos\/wp-json\/wp\/v2\/users\/12928"}],"replies":[{"embeddable":true,"href":"https:\/\/blogsaverroes.juntadeandalucia.es\/ceiplossilos\/wp-json\/wp\/v2\/comments?post=546"}],"version-history":[{"count":8,"href":"https:\/\/blogsaverroes.juntadeandalucia.es\/ceiplossilos\/wp-json\/wp\/v2\/pages\/546\/revisions"}],"predecessor-version":[{"id":3661,"href":"https:\/\/blogsaverroes.juntadeandalucia.es\/ceiplossilos\/wp-json\/wp\/v2\/pages\/546\/revisions\/3661"}],"wp:attachment":[{"href":"https:\/\/blogsaverroes.juntadeandalucia.es\/ceiplossilos\/wp-json\/wp\/v2\/media?parent=546"}],"curies":[{"name":"wp","href":"https:\/\/api.w.org\/{rel}","templated":true}]}}