{"id":592,"date":"2021-05-06T16:38:06","date_gmt":"2021-05-06T15:38:06","guid":{"rendered":"https:\/\/blogsaverroes.juntadeandalucia.es\/ceiplossilos\/?page_id=592"},"modified":"2021-05-27T15:13:55","modified_gmt":"2021-05-27T14:13:55","slug":"autoproteccion","status":"publish","type":"page","link":"https:\/\/blogsaverroes.juntadeandalucia.es\/ceiplossilos\/autoproteccion\/","title":{"rendered":"Autoprotecci\u00f3n"},"content":{"rendered":"<div id=\"container\">\n<section id=\"content\" class=\"column twothirdcol\">\n<article id=\"post-1150\" class=\"post-1150 page type-page status-publish hentry column onecol\">\n<div class=\"entry\">\n<div class=\"entry-content\">\n<p align=\"center\">&nbsp;<\/p>\n<p align=\"center\"><strong><span style=\"font-size: 18pt\">PLAN DE AUTOPROTECCI\u00d3N<\/span><\/strong>: Cuya finalidad es programar y llevar a cabo las actuaciones necesarias para velar por la seguridad de todas las personas del Centro y facilitar su evacuaci\u00f3n en caso de emergencia.<\/p>\n<\/div>\n<p align=\"center\"><img fetchpriority=\"high\" decoding=\"async\" class=\"alignnone  wp-image-744\" src=\"https:\/\/blogsaverroes.juntadeandalucia.es\/ceiplossilos\/files\/2021\/05\/620137-autoproteccion-300x108.png\" alt=\"\" width=\"383\" height=\"138\" srcset=\"https:\/\/blogsaverroes.juntadeandalucia.es\/ceiplossilos\/files\/2021\/05\/620137-autoproteccion-300x108.png 300w, https:\/\/blogsaverroes.juntadeandalucia.es\/ceiplossilos\/files\/2021\/05\/620137-autoproteccion-332x120.png 332w, https:\/\/blogsaverroes.juntadeandalucia.es\/ceiplossilos\/files\/2021\/05\/620137-autoproteccion.png 620w\" sizes=\"(max-width: 383px) 100vw, 383px\" \/><\/p>\n<div class=\"entry-content\">\n<p align=\"center\">Con este proyecto denominado \u201cPlan de Autoprotecci\u00f3n de Centros\u201d hemos pretendido &nbsp;<b>concienciar, y&nbsp; ense\u00f1ar tanto al alumnado, profesorado y comunidad educativa&nbsp; las actuaciones a seguir en caso de que ocurriese un incendio o cualquier otro tipo&nbsp; de emergencia en nuestro colegio<\/b>, ya que \u00e9sta es una de las tareas principales de dicho Plan.<\/p>\n<p>El objeto de un Plan de Autoprotecci\u00f3n es disponer de unas medidas para<\/p>\n<ul>\n<li>PREVER una emergencia antes de que ocurra.<\/li>\n<li>PREVENIR una emergencia.<\/li>\n<li>ACTUAR ante la emergencia cuando aparezca.<\/li>\n<\/ul>\n<p><b>El objetivo final<\/b>&nbsp;no es otro que la aplicaci\u00f3n del plan de emergencia que comprende la organizaci\u00f3n de los medios humanos y materiales disponibles para la prevenci\u00f3n del riesgo de incendio o cualquier otro equivalente, as\u00ed como garantizar la evacuaci\u00f3n y la intervenci\u00f3n inmediata.<\/p>\n<p>Son tambi\u00e9n&nbsp;<b>objetivos particulares<\/b>&nbsp;los siguientes:<\/p>\n<p><b>a)&nbsp;&nbsp;&nbsp;&nbsp;&nbsp;&nbsp;&nbsp;<\/b><b>Conocer los edificios e instalaciones del colegio as\u00ed como la peligrosidad de los distintos sectores y los medios de protecci\u00f3n disponibles, las carencias existentes seg\u00fan la normativa vigente y las necesidades que deban ser atendidas prioritariamente.<\/b><\/p>\n<p><b>b)&nbsp;&nbsp;&nbsp;&nbsp;&nbsp;&nbsp;&nbsp;<\/b><b>Evitar las causas de las emergencias.<\/b><\/p>\n<ul>\n<li>Tener desarrollado y actualizado el Plan de Autoprotecci\u00f3n del centro.<\/li>\n<li>Disponer de personas organizadas y adiestradas (direcci\u00f3n, maestros\/as, conserjes, personal de limpieza, etc&nbsp; que garanticen rapidez y eficacia para el control de dichas emergencias.<\/li>\n<li>Tener informados a todos los ocupantes del edificio de c\u00f3mo deben actuar ante una emergencia y en condiciones normales para su prevenci\u00f3n.<\/li>\n<\/ul>\n<div class=\"clear\">&nbsp;<\/div>\n<\/div>\n<\/div>\n<\/article>\n<\/section>\n<div id=\"sidebar\" class=\"column threecol\">\n<div id=\"sidebar-top\" class=\"widget-area\" role=\"complementary\">\n<div class=\"column onecol\">\n<aside id=\"recent-posts-2\" class=\"widget widget_recent_entries\">\n<h3 class=\"widget-title\">ENTRADAS RECIENTES<\/h3>\n<ul>\n<li><a href=\"https:\/\/blogsaverroes.juntadeandalucia.es\/ceipsilos\/entrega-de-notas-segundo-trimestre\/\">ENTREGA DE NOTAS SEGUNDO TRIMESTRE<\/a><\/li>\n<li><a href=\"https:\/\/blogsaverroes.juntadeandalucia.es\/ceipsilos\/jornada-de-puertas-abiertas-4\/\">JORNADA DE PUERTAS ABIERTAS<\/a><\/li>\n<li><a href=\"https:\/\/blogsaverroes.juntadeandalucia.es\/ceipsilos\/escolarizacion-curso-2021-2022\/\">ESCOLARIZACI\u00d3N CURSO 2021\/2022<\/a><\/li>\n<li><a href=\"https:\/\/blogsaverroes.juntadeandalucia.es\/ceipsilos\/segunda-entrega-creciendo-en-salud\/\">SEGUNDA ENTREGA CRECIENDO EN SALUD<\/a><\/li>\n<li><a href=\"https:\/\/blogsaverroes.juntadeandalucia.es\/ceipsilos\/creciendo-en-salud-3\/\">CRECIENDO EN SALUD<\/a><\/li>\n<\/ul>\n<\/aside>\n<\/div>\n<div class=\"column onecol\">\n<aside id=\"nav_menu-6\" class=\"widget widget_nav_menu\">\n<h3 class=\"widget-title\">BLOGS DEL COLE<\/h3>\n<div class=\"menu-blogs-del-cole-container\">\n<ul id=\"menu-blogs-del-cole\" class=\"menu\">\n<li id=\"menu-item-3260\" class=\"menu-item menu-item-type-post_type menu-item-object-page menu-item-3260\"><a href=\"https:\/\/blogsaverroes.juntadeandalucia.es\/ceipsilos\/el-blog-del-ceip-silos\/\">EL BLOG DEL CEIP SILOS<\/a><\/li>\n<\/ul>\n<\/div>\n<\/aside>\n<\/div>\n<div class=\"column onecol\">\n<aside id=\"calendar-4\" class=\"widget widget_calendar\">\n<h3 class=\"widget-title\">CALENDARIO<\/h3>\n<div id=\"calendar_wrap\" class=\"calendar_wrap\">\n<table id=\"wp-calendar\" class=\"wp-calendar-table\">\n<caption>mayo 2021<\/caption>\n<thead>\n<tr>\n<th title=\"lunes\" scope=\"col\">L<\/th>\n<th title=\"martes\" scope=\"col\">M<\/th>\n<th title=\"mi\u00e9rcoles\" scope=\"col\">X<\/th>\n<th title=\"jueves\" scope=\"col\">J<\/th>\n<th title=\"viernes\" scope=\"col\">V<\/th>\n<th title=\"s\u00e1bado\" scope=\"col\">S<\/th>\n<th title=\"domingo\" scope=\"col\">D<\/th>\n<\/tr>\n<\/thead>\n<tbody>\n<tr>\n<td class=\"pad\" colspan=\"5\">&nbsp;<\/td>\n<td>1<\/td>\n<td>2<\/td>\n<\/tr>\n<tr>\n<td>3<\/td>\n<td>4<\/td>\n<td>5<\/td>\n<td id=\"today\">6<\/td>\n<td>7<\/td>\n<td>8<\/td>\n<td>9<\/td>\n<\/tr>\n<tr>\n<td>10<\/td>\n<td>11<\/td>\n<td>12<\/td>\n<td>13<\/td>\n<td>14<\/td>\n<td>15<\/td>\n<td>16<\/td>\n<\/tr>\n<tr>\n<td>17<\/td>\n<td>18<\/td>\n<td>19<\/td>\n<td>20<\/td>\n<td>21<\/td>\n<td>22<\/td>\n<td>23<\/td>\n<\/tr>\n<tr>\n<td>24<\/td>\n<td>25<\/td>\n<td>26<\/td>\n<td>27<\/td>\n<td>28<\/td>\n<td>29<\/td>\n<td>30<\/td>\n<\/tr>\n<tr>\n<td>31<\/td>\n<td class=\"pad\" colspan=\"6\">&nbsp;<\/td>\n<\/tr>\n<\/tbody>\n<\/table>\n<nav class=\"wp-calendar-nav\" aria-label=\"Meses anteriores y posteriores\"><span class=\"wp-calendar-nav-prev\"><a href=\"https:\/\/blogsaverroes.juntadeandalucia.es\/ceipsilos\/2021\/03\/\">\u00ab Mar<\/a><\/span>&nbsp;<span class=\"pad\">&nbsp;<\/span>&nbsp;<span class=\"wp-calendar-nav-next\">&nbsp;<\/span><\/nav>\n<\/div>\n<\/aside>\n<\/div>\n<div class=\"column onecol\">\n<aside id=\"categories-3\" class=\"widget widget_categories\">\n<h3 class=\"widget-title\">CATEGORIAS<\/h3>\n<ul>\n<li class=\"cat-item cat-item-213\"><a href=\"https:\/\/blogsaverroes.juntadeandalucia.es\/ceipsilos\/category\/biblioteca\/\">BIBLIOTECA<\/a><\/li>\n<li class=\"cat-item cat-item-696943\"><a href=\"https:\/\/blogsaverroes.juntadeandalucia.es\/ceipsilos\/category\/galeria-fotografica\/\">GALERIA FOTOGR\u00c1FICA<\/a><\/li>\n<li class=\"cat-item cat-item-1244415\"><a href=\"https:\/\/blogsaverroes.juntadeandalucia.es\/ceipsilos\/category\/noticias-del-a-m-p-a\/\">NOTICIAS DEL A.M.P.A.<\/a><\/li>\n<li class=\"cat-item cat-item-526\"><a href=\"https:\/\/blogsaverroes.juntadeandalucia.es\/ceipsilos\/category\/novedades\/\">NOVEDADES<\/a><\/li>\n<li class=\"cat-item cat-item-11909\"><a href=\"https:\/\/blogsaverroes.juntadeandalucia.es\/ceipsilos\/category\/sin-categoria\/\">Sin categor\u00eda<\/a><\/li>\n<\/ul>\n<\/aside>\n<\/div>\n<\/div>\n<\/div>\n<div class=\"clear\">&nbsp;<\/div>\n<\/div>\n<div id=\"footer\">\n<div id=\"copyright\">\n<p class=\"copyright twocol\">\u00a9 2021 CEIP SILOS<\/p>\n<\/div>\n<\/div>\n","protected":false},"excerpt":{"rendered":"<p>&nbsp; PLAN DE AUTOPROTECCI\u00d3N: Cuya finalidad es programar y llevar a cabo las actuaciones necesarias para velar por la seguridad de todas las personas del&hellip;<\/p>\n","protected":false},"author":12928,"featured_media":0,"parent":0,"menu_order":0,"comment_status":"closed","ping_status":"closed","template":"","meta":{"ngg_post_thumbnail":0,"footnotes":""},"aioseo_notices":[],"_links":{"self":[{"href":"https:\/\/blogsaverroes.juntadeandalucia.es\/ceiplossilos\/wp-json\/wp\/v2\/pages\/592"}],"collection":[{"href":"https:\/\/blogsaverroes.juntadeandalucia.es\/ceiplossilos\/wp-json\/wp\/v2\/pages"}],"about":[{"href":"https:\/\/blogsaverroes.juntadeandalucia.es\/ceiplossilos\/wp-json\/wp\/v2\/types\/page"}],"author":[{"embeddable":true,"href":"https:\/\/blogsaverroes.juntadeandalucia.es\/ceiplossilos\/wp-json\/wp\/v2\/users\/12928"}],"replies":[{"embeddable":true,"href":"https:\/\/blogsaverroes.juntadeandalucia.es\/ceiplossilos\/wp-json\/wp\/v2\/comments?post=592"}],"version-history":[{"count":4,"href":"https:\/\/blogsaverroes.juntadeandalucia.es\/ceiplossilos\/wp-json\/wp\/v2\/pages\/592\/revisions"}],"predecessor-version":[{"id":745,"href":"https:\/\/blogsaverroes.juntadeandalucia.es\/ceiplossilos\/wp-json\/wp\/v2\/pages\/592\/revisions\/745"}],"wp:attachment":[{"href":"https:\/\/blogsaverroes.juntadeandalucia.es\/ceiplossilos\/wp-json\/wp\/v2\/media?parent=592"}],"curies":[{"name":"wp","href":"https:\/\/api.w.org\/{rel}","templated":true}]}}