{"id":593,"date":"2021-05-06T16:38:06","date_gmt":"2021-05-06T15:38:06","guid":{"rendered":"https:\/\/blogsaverroes.juntadeandalucia.es\/ceiplossilos\/?page_id=593"},"modified":"2021-05-27T15:08:24","modified_gmt":"2021-05-27T14:08:24","slug":"igualdad","status":"publish","type":"page","link":"https:\/\/blogsaverroes.juntadeandalucia.es\/ceiplossilos\/igualdad\/","title":{"rendered":"Igualdad"},"content":{"rendered":"<p><strong><span style=\"font-size: 18pt\">PLAN DE IGUALDAD:<\/span><\/strong> Se centra principalmente en la educaci\u00f3n en valores encaminada a la superaci\u00f3n de los estereotipos por raz\u00f3n de sexo, al intercambio de los roles masculino y femenino y, a la superaci\u00f3n del lenguaje sexista sustituy\u00e9ndolo por otro m\u00e1s igualitario en toda la comunidad educativa.<\/p>\n<p><img fetchpriority=\"high\" decoding=\"async\" class=\"alignnone wp-image-736\" src=\"https:\/\/blogsaverroes.juntadeandalucia.es\/ceiplossilos\/files\/2021\/05\/PLANIGU-235x300.jpg\" alt=\"\" width=\"349\" height=\"445\" srcset=\"https:\/\/blogsaverroes.juntadeandalucia.es\/ceiplossilos\/files\/2021\/05\/PLANIGU-235x300.jpg 235w, https:\/\/blogsaverroes.juntadeandalucia.es\/ceiplossilos\/files\/2021\/05\/PLANIGU-332x424.jpg 332w, https:\/\/blogsaverroes.juntadeandalucia.es\/ceiplossilos\/files\/2021\/05\/PLANIGU.jpg 341w\" sizes=\"(max-width: 349px) 100vw, 349px\" \/><\/p>\n","protected":false},"excerpt":{"rendered":"<p>PLAN DE IGUALDAD: Se centra principalmente en la educaci\u00f3n en valores encaminada a la superaci\u00f3n de los estereotipos por raz\u00f3n de sexo, al intercambio de&hellip;<\/p>\n","protected":false},"author":12928,"featured_media":0,"parent":0,"menu_order":0,"comment_status":"closed","ping_status":"closed","template":"","meta":{"ngg_post_thumbnail":0,"footnotes":""},"aioseo_notices":[],"_links":{"self":[{"href":"https:\/\/blogsaverroes.juntadeandalucia.es\/ceiplossilos\/wp-json\/wp\/v2\/pages\/593"}],"collection":[{"href":"https:\/\/blogsaverroes.juntadeandalucia.es\/ceiplossilos\/wp-json\/wp\/v2\/pages"}],"about":[{"href":"https:\/\/blogsaverroes.juntadeandalucia.es\/ceiplossilos\/wp-json\/wp\/v2\/types\/page"}],"author":[{"embeddable":true,"href":"https:\/\/blogsaverroes.juntadeandalucia.es\/ceiplossilos\/wp-json\/wp\/v2\/users\/12928"}],"replies":[{"embeddable":true,"href":"https:\/\/blogsaverroes.juntadeandalucia.es\/ceiplossilos\/wp-json\/wp\/v2\/comments?post=593"}],"version-history":[{"count":3,"href":"https:\/\/blogsaverroes.juntadeandalucia.es\/ceiplossilos\/wp-json\/wp\/v2\/pages\/593\/revisions"}],"predecessor-version":[{"id":737,"href":"https:\/\/blogsaverroes.juntadeandalucia.es\/ceiplossilos\/wp-json\/wp\/v2\/pages\/593\/revisions\/737"}],"wp:attachment":[{"href":"https:\/\/blogsaverroes.juntadeandalucia.es\/ceiplossilos\/wp-json\/wp\/v2\/media?parent=593"}],"curies":[{"name":"wp","href":"https:\/\/api.w.org\/{rel}","templated":true}]}}