{"id":595,"date":"2021-05-06T16:38:06","date_gmt":"2021-05-06T15:38:06","guid":{"rendered":"https:\/\/blogsaverroes.juntadeandalucia.es\/ceiplossilos\/?page_id=595"},"modified":"2025-09-26T12:04:35","modified_gmt":"2025-09-26T11:04:35","slug":"calendario-escolar","status":"publish","type":"page","link":"https:\/\/blogsaverroes.juntadeandalucia.es\/ceiplossilos\/calendario-escolar\/","title":{"rendered":"Calendario escolar"},"content":{"rendered":"<h3>Aqu\u00ed puede visualizar y descargar Calendario escolar&nbsp; 2025\/2026 del CEIP Los Silos de Jabugo con d\u00edas de Fiestas&nbsp; locales y d\u00edas de libre disposici\u00f3n del personal del centro.<\/h3>\n<h3 style=\"text-align: center\"><strong><a href=\"https:\/\/blogsaverroes.juntadeandalucia.es\/ceiplossilos\/files\/2025\/09\/Calendario-2025-2026-CEIP-Los-Silos.pdf\" target=\"_blank\" rel=\"noopener\">Descargar Calendario escolar&nbsp; 2025\/2026 en .pdf<\/a><\/strong><\/h3>\n<p><img fetchpriority=\"high\" decoding=\"async\" class=\"aligncenter wp-image-3454 size-full\" src=\"https:\/\/blogsaverroes.juntadeandalucia.es\/ceiplossilos\/files\/2025\/09\/Calendario-2025-2026-CEIP-Los-Silos.jpg\" alt=\"\" width=\"530\" height=\"640\" srcset=\"https:\/\/blogsaverroes.juntadeandalucia.es\/ceiplossilos\/files\/2025\/09\/Calendario-2025-2026-CEIP-Los-Silos.jpg 530w, https:\/\/blogsaverroes.juntadeandalucia.es\/ceiplossilos\/files\/2025\/09\/Calendario-2025-2026-CEIP-Los-Silos-248x300.jpg 248w\" sizes=\"(max-width: 530px) 100vw, 530px\" \/><\/p>\n<p>&nbsp;<\/p>\n","protected":false},"excerpt":{"rendered":"<p>Aqu\u00ed puede visualizar y descargar Calendario escolar&nbsp; 2025\/2026 del CEIP Los Silos de Jabugo con d\u00edas de Fiestas&nbsp; locales y d\u00edas de libre disposici\u00f3n del&hellip;<\/p>\n","protected":false},"author":12928,"featured_media":3160,"parent":0,"menu_order":0,"comment_status":"closed","ping_status":"closed","template":"","meta":{"ngg_post_thumbnail":0,"footnotes":""},"aioseo_notices":[],"_links":{"self":[{"href":"https:\/\/blogsaverroes.juntadeandalucia.es\/ceiplossilos\/wp-json\/wp\/v2\/pages\/595"}],"collection":[{"href":"https:\/\/blogsaverroes.juntadeandalucia.es\/ceiplossilos\/wp-json\/wp\/v2\/pages"}],"about":[{"href":"https:\/\/blogsaverroes.juntadeandalucia.es\/ceiplossilos\/wp-json\/wp\/v2\/types\/page"}],"author":[{"embeddable":true,"href":"https:\/\/blogsaverroes.juntadeandalucia.es\/ceiplossilos\/wp-json\/wp\/v2\/users\/12928"}],"replies":[{"embeddable":true,"href":"https:\/\/blogsaverroes.juntadeandalucia.es\/ceiplossilos\/wp-json\/wp\/v2\/comments?post=595"}],"version-history":[{"count":15,"href":"https:\/\/blogsaverroes.juntadeandalucia.es\/ceiplossilos\/wp-json\/wp\/v2\/pages\/595\/revisions"}],"predecessor-version":[{"id":3459,"href":"https:\/\/blogsaverroes.juntadeandalucia.es\/ceiplossilos\/wp-json\/wp\/v2\/pages\/595\/revisions\/3459"}],"wp:featuredmedia":[{"embeddable":true,"href":"https:\/\/blogsaverroes.juntadeandalucia.es\/ceiplossilos\/wp-json\/wp\/v2\/media\/3160"}],"wp:attachment":[{"href":"https:\/\/blogsaverroes.juntadeandalucia.es\/ceiplossilos\/wp-json\/wp\/v2\/media?parent=595"}],"curies":[{"name":"wp","href":"https:\/\/api.w.org\/{rel}","templated":true}]}}