{"id":597,"date":"2021-05-06T16:38:06","date_gmt":"2021-05-06T15:38:06","guid":{"rendered":"https:\/\/blogsaverroes.juntadeandalucia.es\/ceiplossilos\/?page_id=597"},"modified":"2024-10-21T07:57:31","modified_gmt":"2024-10-21T06:57:31","slug":"equipo-directivo","status":"publish","type":"page","link":"https:\/\/blogsaverroes.juntadeandalucia.es\/ceiplossilos\/equipo-directivo\/","title":{"rendered":"Equipo Directivo"},"content":{"rendered":"<p><strong>Directora:<\/strong><\/p>\n<p>D\u00f1a. Antonia Graham Dom\u00ednguez<\/p>\n<p><strong>Jefa de Estudios:<\/strong><\/p>\n<p>D\u00f1a. Sara Mar\u00eda Luque Blanco<\/p>\n<p><strong>Secretaria:<\/strong><\/p>\n<p>D\u00f1a. \u00c1ngeles Mart\u00edn P\u00e9rez<\/p>\n<h4><i>Los miembros del Equipo Directivo tiene reflejados sus competencias y atribuciones desde la vigente Ley Org\u00e1nica de Educaci\u00f3n 2\/2006 &nbsp;de 3 de mayo hasta los Decretos 328\/2010 y 327\/2010 de 2\u00ba ciclo de educaci\u00f3n infantil, primaria y secundaria para nuestra Comunidad Aut\u00f3noma Andaluza. <\/i><em><strong>M\u00e1s informaci\u00f3n aqu\u00ed.<\/strong><\/em><\/h4>\n<p>&nbsp;<\/p>\n","protected":false},"excerpt":{"rendered":"<p>Directora: D\u00f1a. Antonia Graham Dom\u00ednguez Jefa de Estudios: D\u00f1a. Sara Mar\u00eda Luque Blanco Secretaria: D\u00f1a. \u00c1ngeles Mart\u00edn P\u00e9rez Los miembros del Equipo Directivo tiene reflejados&hellip;<\/p>\n","protected":false},"author":12928,"featured_media":0,"parent":0,"menu_order":0,"comment_status":"closed","ping_status":"closed","template":"","meta":{"ngg_post_thumbnail":0,"footnotes":""},"aioseo_notices":[],"_links":{"self":[{"href":"https:\/\/blogsaverroes.juntadeandalucia.es\/ceiplossilos\/wp-json\/wp\/v2\/pages\/597"}],"collection":[{"href":"https:\/\/blogsaverroes.juntadeandalucia.es\/ceiplossilos\/wp-json\/wp\/v2\/pages"}],"about":[{"href":"https:\/\/blogsaverroes.juntadeandalucia.es\/ceiplossilos\/wp-json\/wp\/v2\/types\/page"}],"author":[{"embeddable":true,"href":"https:\/\/blogsaverroes.juntadeandalucia.es\/ceiplossilos\/wp-json\/wp\/v2\/users\/12928"}],"replies":[{"embeddable":true,"href":"https:\/\/blogsaverroes.juntadeandalucia.es\/ceiplossilos\/wp-json\/wp\/v2\/comments?post=597"}],"version-history":[{"count":5,"href":"https:\/\/blogsaverroes.juntadeandalucia.es\/ceiplossilos\/wp-json\/wp\/v2\/pages\/597\/revisions"}],"predecessor-version":[{"id":2225,"href":"https:\/\/blogsaverroes.juntadeandalucia.es\/ceiplossilos\/wp-json\/wp\/v2\/pages\/597\/revisions\/2225"}],"wp:attachment":[{"href":"https:\/\/blogsaverroes.juntadeandalucia.es\/ceiplossilos\/wp-json\/wp\/v2\/media?parent=597"}],"curies":[{"name":"wp","href":"https:\/\/api.w.org\/{rel}","templated":true}]}}