{"id":598,"date":"2021-05-06T16:38:07","date_gmt":"2021-05-06T15:38:07","guid":{"rendered":"https:\/\/blogsaverroes.juntadeandalucia.es\/ceiplossilos\/?page_id=598"},"modified":"2021-12-09T18:07:52","modified_gmt":"2021-12-09T17:07:52","slug":"consejo-escolar","status":"publish","type":"page","link":"https:\/\/blogsaverroes.juntadeandalucia.es\/ceiplossilos\/consejo-escolar\/","title":{"rendered":"Consejo Escolar"},"content":{"rendered":"<p><strong><span style=\"font-size: 18pt\">Fecha de constituci\u00f3n del Consejo Escolar: 29\/11\/2021<\/span><\/strong><\/p>\n<table class=\" alignleft\" style=\"height: 394px;width: 100%\" border=\"0\" cellspacing=\"0\">\n<colgroup width=\"35\"><\/colgroup>\n<colgroup width=\"192\"><\/colgroup>\n<colgroup width=\"250\"><\/colgroup>\n<tbody>\n<tr style=\"height: 24px\">\n<td style=\"height: 24px;width: 7.27273%\" align=\"left\">&nbsp;<\/td>\n<td style=\"height: 24px;width: 40.4545%\" align=\"left\" bgcolor=\"#CCCCCC\"><b>Sector<\/b><\/td>\n<td style=\"height: 24px;width: 52.1212%\" align=\"left\" bgcolor=\"#CCCCCC\"><b>Miembro<\/b><\/td>\n<\/tr>\n<tr style=\"height: 24px\">\n<td style=\"height: 24px;width: 7.27273%\" align=\"left\">&nbsp;<\/td>\n<td style=\"height: 24px;width: 40.4545%\" align=\"left\">Directora<\/td>\n<td style=\"height: 24px;width: 52.1212%\" align=\"left\">L\u00f3pez L\u00f3pez, Eva<\/td>\n<\/tr>\n<tr style=\"height: 24px\">\n<td style=\"height: 24px;width: 7.27273%\" align=\"left\">&nbsp;<\/td>\n<td style=\"height: 24px;width: 40.4545%\" align=\"left\">Jefa de Estudios<\/td>\n<td style=\"height: 24px;width: 52.1212%\" align=\"left\">Mart\u00ednez&nbsp;Aguirre,&nbsp;Beatriz<\/td>\n<\/tr>\n<tr style=\"height: 24px\">\n<td style=\"height: 24px;width: 7.27273%\" align=\"left\">&nbsp;<\/td>\n<td style=\"height: 24px;width: 40.4545%\" align=\"left\">Secretaria<\/td>\n<td style=\"height: 24px;width: 52.1212%\" align=\"left\">Graham Dom\u00ednguez, Antonia<\/td>\n<\/tr>\n<tr style=\"height: 24px\">\n<td style=\"height: 10px;width: 7.27273%\" align=\"left\">&nbsp;<\/td>\n<td style=\"height: 10px;width: 40.4545%\" align=\"left\">Profesorado<\/p>\n<p>(Impulsora de medidas de igualdad)<\/td>\n<td style=\"height: 10px;width: 52.1212%\" align=\"left\">Duque Romero, Roc\u00edo<\/td>\n<\/tr>\n<tr style=\"height: 24px\">\n<td style=\"height: 24px;width: 7.27273%\" align=\"left\">&nbsp;<\/td>\n<td style=\"height: 24px;width: 40.4545%\" align=\"left\">Profesorado<\/td>\n<td style=\"height: 24px;width: 52.1212%\" align=\"left\">Carvajal D\u00edaz, Yolanda<\/td>\n<\/tr>\n<tr style=\"height: 24px\">\n<td style=\"height: 24px;width: 7.27273%\" align=\"left\">&nbsp;<\/td>\n<td style=\"height: 24px;width: 40.4545%\" align=\"left\">Profesorado<\/td>\n<td style=\"height: 24px;width: 52.1212%\" align=\"left\">Cid V\u00e1zquez, Mar\u00eda Elena<\/td>\n<\/tr>\n<tr style=\"height: 24px\">\n<td style=\"height: 24px;width: 7.27273%\" align=\"left\">&nbsp;<\/td>\n<td style=\"height: 24px;width: 40.4545%\" align=\"left\">Profesorado<\/td>\n<td style=\"height: 24px;width: 52.1212%\" align=\"left\">Mart\u00edn P\u00e9rez, \u00c1ngeles<\/td>\n<\/tr>\n<tr style=\"height: 24px\">\n<td style=\"height: 24px;width: 7.27273%\" align=\"left\">&nbsp;<\/td>\n<td style=\"height: 24px;width: 40.4545%\" align=\"left\">Profesorado<\/td>\n<td style=\"height: 24px;width: 52.1212%\" align=\"left\">Luque Blanco, Sara Mar\u00eda<\/td>\n<\/tr>\n<tr>\n<td style=\"width: 7.27273%\">&nbsp;<\/td>\n<td style=\"height: 24px;width: 40.4545%\" align=\"left\">Profesorado<\/td>\n<td style=\"height: 24px;width: 52.1212%\" align=\"left\">Sala Turrens, Jorge Luis<\/td>\n<\/tr>\n<tr style=\"height: 24px\">\n<td style=\"height: 24px;width: 7.27273%\" align=\"left\">&nbsp;<\/td>\n<td style=\"height: 24px;width: 40.4545%\" align=\"left\">Madres\/Padres\/Tutores<\/td>\n<td style=\"height: 24px;width: 52.1212%\" align=\"left\">Cardoso Ruiz, Mar\u00eda<\/td>\n<\/tr>\n<tr style=\"height: 24px\">\n<td style=\"height: 24px;width: 7.27273%\" align=\"left\">&nbsp;<\/td>\n<td style=\"height: 24px;width: 40.4545%\" align=\"left\">Madres\/Padres\/Tutores<\/td>\n<td style=\"height: 24px;width: 52.1212%\" align=\"left\">Fern\u00e1ndez Gonz\u00e1lez, Miguel \u00c1ngel<\/td>\n<\/tr>\n<tr style=\"height: 24px\">\n<td style=\"height: 24px;width: 7.27273%\" align=\"left\">&nbsp;<\/td>\n<td style=\"height: 24px;width: 40.4545%\" align=\"left\">Madres\/Padres\/Tutores<\/td>\n<td style=\"height: 24px;width: 52.1212%\" align=\"left\">Gonz\u00e1lez M\u00e9ndez, Florencia<\/td>\n<\/tr>\n<tr style=\"height: 24px\">\n<td style=\"height: 24px;width: 7.27273%\" align=\"left\">&nbsp;<\/td>\n<td style=\"height: 24px;width: 40.4545%\" align=\"left\">Madres\/Padres\/Tutores<\/td>\n<td style=\"height: 24px;width: 52.1212%\" align=\"left\">Fern\u00e1ndez L\u00f3pez, Raquel<\/td>\n<\/tr>\n<tr style=\"height: 24px\">\n<td style=\"height: 24px;width: 7.27273%\" align=\"left\">&nbsp;<\/td>\n<td style=\"height: 24px;width: 40.4545%\" align=\"left\">Madres\/Padres\/Tutores<\/td>\n<td style=\"height: 24px;width: 52.1212%\" align=\"left\">Mart\u00ednez V\u00e1zquez, Sonia<\/td>\n<\/tr>\n<tr>\n<td style=\"width: 7.27273%\">&nbsp;<\/td>\n<td style=\"height: 24px;width: 40.4545%\" align=\"left\">Madres\/Padres\/Tutores<\/td>\n<td style=\"height: 24px;width: 52.1212%\" align=\"left\">Valera Aguirre, Silvia<\/td>\n<\/tr>\n<tr style=\"height: 24px\">\n<td style=\"height: 24px;width: 7.27273%\" align=\"left\">&nbsp;<\/td>\n<td style=\"height: 24px;width: 40.4545%\" align=\"left\">A.M.P.A.<\/td>\n<td style=\"height: 24px;width: 52.1212%\" align=\"left\">Fern\u00e1ndez&nbsp;Gonz\u00e1lez,&nbsp;Esmeralda<\/td>\n<\/tr>\n<tr style=\"height: 24px\">\n<td style=\"height: 24px;width: 7.27273%\" align=\"left\">&nbsp;<\/td>\n<td style=\"height: 24px;width: 40.4545%\" align=\"left\">Ayuntamiento<\/td>\n<td style=\"height: 24px;width: 52.1212%\" align=\"left\">Castilla&nbsp;S\u00e1nchez,&nbsp;Elena&nbsp;Isabel<\/td>\n<\/tr>\n<tr style=\"height: 24px\">\n<td style=\"height: 24px;width: 7.27273%\" align=\"left\">&nbsp;<\/td>\n<td style=\"height: 24px;width: 40.4545%\" align=\"left\">P.A.E.<\/td>\n<td style=\"height: 24px;width: 52.1212%\" align=\"left\">Pernil Garc\u00eda, Eva Mar\u00eda<\/td>\n<\/tr>\n<\/tbody>\n<\/table>\n<h3>Comisi\u00f3n Permanente<\/h3>\n<table>\n<tbody>\n<tr>\n<td>&nbsp;&nbsp;&nbsp;&nbsp;&nbsp;&nbsp;<\/td>\n<td>Sector<\/td>\n<td>Miembros<\/td>\n<\/tr>\n<tr>\n<td>&nbsp;<\/td>\n<td>Directora<\/td>\n<td>L\u00f3pez L\u00f3pez, Eva<\/td>\n<\/tr>\n<tr>\n<td>&nbsp;<\/td>\n<td>Jefa de Estudios<\/td>\n<td>Mart\u00ednez&nbsp;Aguirre,&nbsp;Beatriz<\/td>\n<\/tr>\n<tr>\n<td>&nbsp;<\/td>\n<td>Profesorado<\/td>\n<td>Cid V\u00e1zquez, Mar\u00eda Elena<\/td>\n<\/tr>\n<tr>\n<td>&nbsp;<\/td>\n<td>Madres\/Padres\/Tutores<\/td>\n<td>Gonz\u00e1lez M\u00e9ndez, Florencia<\/td>\n<\/tr>\n<\/tbody>\n<\/table>\n<h3>Comisi\u00f3n de Convivencia<\/h3>\n<table style=\"width: 659px\">\n<tbody>\n<tr>\n<td style=\"width: 43px\">&nbsp;&nbsp; &nbsp; &nbsp;<\/td>\n<td style=\"width: 301px\">Sector<\/td>\n<td style=\"width: 315px\">Miembros<\/td>\n<\/tr>\n<tr>\n<td style=\"width: 43px\">&nbsp;<\/td>\n<td style=\"width: 301px\">Directora<\/td>\n<td style=\"width: 315px\">L\u00f3pez L\u00f3pez, Eva<\/td>\n<\/tr>\n<tr>\n<td style=\"width: 43px\">&nbsp;<\/td>\n<td style=\"width: 301px\">Jefa de Estudios<\/td>\n<td style=\"width: 315px\">Mart\u00ednez&nbsp;Aguirre,&nbsp;Beatriz<\/td>\n<\/tr>\n<tr>\n<td style=\"width: 43px\">&nbsp;<\/td>\n<td style=\"width: 301px\">Profesorado<\/td>\n<td style=\"width: 315px\">Duque Romero, Roc\u00edo<\/td>\n<\/tr>\n<tr>\n<td style=\"width: 43px\">&nbsp;<\/td>\n<td style=\"width: 301px\">Profesorado<\/td>\n<td style=\"width: 315px\">Mart\u00edn P\u00e9rez, \u00c1ngeles<\/td>\n<\/tr>\n<tr>\n<td style=\"width: 43px\">&nbsp;<\/td>\n<td style=\"width: 301px\">Profesorado<\/td>\n<td style=\"width: 315px\">Carvajal D\u00edaz, Yolanda<\/td>\n<\/tr>\n<tr>\n<td style=\"width: 43px\">&nbsp;<\/td>\n<td style=\"width: 301px\">Madres\/Padres\/Tutores<\/td>\n<td style=\"width: 315px\">Cardoso Ruiz, Mar\u00eda<\/td>\n<\/tr>\n<tr>\n<td style=\"width: 43px\">&nbsp;<\/td>\n<td style=\"width: 301px\">Madres\/Padres\/Tutores<\/td>\n<td style=\"width: 315px\">Fern\u00e1ndez Gonz\u00e1lez, Miguel \u00c1ngel<\/td>\n<\/tr>\n<tr>\n<td style=\"width: 43px\">&nbsp;<\/td>\n<td style=\"width: 301px\">Madres\/Padres\/Tutores<\/td>\n<td style=\"width: 315px\">Fern\u00e1ndez L\u00f3pez, Raquel<\/td>\n<\/tr>\n<tr>\n<td style=\"width: 43px\">&nbsp;<\/td>\n<td style=\"width: 301px\">Madres\/Padres\/Tutores<\/td>\n<td style=\"width: 315px\">Valera Aguirre, Silvia<\/td>\n<\/tr>\n<\/tbody>\n<\/table>\n<h3>Comisi\u00f3n de gratuidad de libros<\/h3>\n<table>\n<tbody>\n<tr>\n<td>&nbsp;&nbsp;&nbsp;&nbsp;&nbsp;<\/td>\n<td>Sector<\/td>\n<td>Miembros<\/td>\n<\/tr>\n<tr>\n<td>&nbsp;<\/td>\n<td>Secretaria<\/td>\n<td>Graham Dom\u00ednguez, Antonia<\/td>\n<\/tr>\n<tr>\n<td>&nbsp;<\/td>\n<td>Profesorado<\/td>\n<td>Mart\u00edn P\u00e9rez, \u00c1ngeles<\/td>\n<\/tr>\n<tr>\n<td>&nbsp;<\/td>\n<td>Madres\/Padres\/Tutores<\/td>\n<td>Gonz\u00e1lez M\u00e9ndez, Florencia<\/td>\n<\/tr>\n<\/tbody>\n<\/table>\n<h3>Comisi\u00f3n de Evaluaci\u00f3n<\/h3>\n<table>\n<tbody>\n<tr>\n<td>&nbsp;&nbsp;&nbsp;&nbsp;&nbsp;<\/td>\n<td>Sector<\/td>\n<td>Miembros<\/td>\n<\/tr>\n<tr>\n<td>&nbsp;<\/td>\n<td>Directora<\/td>\n<td>L\u00f3pez L\u00f3pez, Eva<\/td>\n<\/tr>\n<tr>\n<td>&nbsp;<\/td>\n<td>Jefa de Estudios<\/td>\n<td>Mart\u00ednez&nbsp;Aguirre,&nbsp;Beatriz<\/td>\n<\/tr>\n<tr>\n<td>&nbsp;<\/td>\n<td>Secretaria<\/td>\n<td>Graham Dom\u00ednguez, Antonia<\/td>\n<\/tr>\n<tr>\n<td>&nbsp;<\/td>\n<td>Profesorado<\/td>\n<td>Sala Turrens, Jorge Luis<\/td>\n<\/tr>\n<tr>\n<td>&nbsp;<\/td>\n<td>Madres\/Padres\/Tutores<\/td>\n<td>Valera Aguirre, Silvia<\/td>\n<\/tr>\n<tr>\n<td>&nbsp;<\/td>\n<td>Madres\/Padres\/Tutores<\/td>\n<td>Fern\u00e1ndez Gonz\u00e1lez, Miguel \u00c1ngel<\/td>\n<\/tr>\n<\/tbody>\n<\/table>\n<h3>Comisi\u00f3n de Riesgos Laborales<\/h3>\n<table style=\"width: 100%\">\n<tbody>\n<tr>\n<td style=\"width: 7.87879%\">&nbsp;<\/td>\n<td style=\"width: 34.3939%\">Sector<\/td>\n<td style=\"width: 57.5758%\">Miembros<\/td>\n<\/tr>\n<tr>\n<td style=\"width: 7.87879%\">&nbsp;&nbsp;&nbsp;&nbsp;&nbsp;<\/td>\n<td style=\"width: 34.3939%\">Directora<\/td>\n<td style=\"width: 57.5758%\">L\u00f3pez L\u00f3pez, Eva<\/td>\n<\/tr>\n<tr>\n<td style=\"width: 7.87879%\">&nbsp;<\/td>\n<td style=\"width: 34.3939%\">Secretaria<\/td>\n<td style=\"width: 57.5758%\">Graham Dom\u00ednguez, Antonia<\/td>\n<\/tr>\n<tr>\n<td style=\"width: 7.87879%\">&nbsp;<\/td>\n<td style=\"width: 34.3939%\"><span style=\"font-family: 'Open Sans', sans-serif;font-size: 15px;font-style: normal;font-weight: 400\">Profesorado<\/span><\/td>\n<td style=\"width: 57.5758%\">Carvajal D\u00edaz, Yolanda<\/td>\n<\/tr>\n<tr>\n<td style=\"width: 7.87879%\">&nbsp;<\/td>\n<td style=\"height: 24px;width: 34.3939%;text-align: center\" align=\"left\">P.A.E.<\/td>\n<td style=\"height: 24px;width: 57.5758%;text-align: center\" align=\"left\">Pernil Garc\u00eda, Eva Mar\u00eda<\/td>\n<\/tr>\n<tr>\n<td style=\"width: 7.87879%\">&nbsp;<\/td>\n<td style=\"width: 34.3939%\">Madres\/Padres\/Tutores<\/td>\n<td style=\"width: 57.5758%\">Mart\u00ednez V\u00e1zquez, Sonia<\/td>\n<\/tr>\n<\/tbody>\n<\/table>\n","protected":false},"excerpt":{"rendered":"<p>Fecha de constituci\u00f3n del Consejo Escolar: 29\/11\/2021 &nbsp; Sector Miembro &nbsp; Directora L\u00f3pez L\u00f3pez, Eva &nbsp; Jefa de Estudios Mart\u00ednez&nbsp;Aguirre,&nbsp;Beatriz &nbsp; Secretaria Graham Dom\u00ednguez, Antonia&hellip;<\/p>\n","protected":false},"author":12928,"featured_media":0,"parent":0,"menu_order":0,"comment_status":"closed","ping_status":"closed","template":"","meta":{"ngg_post_thumbnail":0,"footnotes":""},"aioseo_notices":[],"_links":{"self":[{"href":"https:\/\/blogsaverroes.juntadeandalucia.es\/ceiplossilos\/wp-json\/wp\/v2\/pages\/598"}],"collection":[{"href":"https:\/\/blogsaverroes.juntadeandalucia.es\/ceiplossilos\/wp-json\/wp\/v2\/pages"}],"about":[{"href":"https:\/\/blogsaverroes.juntadeandalucia.es\/ceiplossilos\/wp-json\/wp\/v2\/types\/page"}],"author":[{"embeddable":true,"href":"https:\/\/blogsaverroes.juntadeandalucia.es\/ceiplossilos\/wp-json\/wp\/v2\/users\/12928"}],"replies":[{"embeddable":true,"href":"https:\/\/blogsaverroes.juntadeandalucia.es\/ceiplossilos\/wp-json\/wp\/v2\/comments?post=598"}],"version-history":[{"count":5,"href":"https:\/\/blogsaverroes.juntadeandalucia.es\/ceiplossilos\/wp-json\/wp\/v2\/pages\/598\/revisions"}],"predecessor-version":[{"id":1160,"href":"https:\/\/blogsaverroes.juntadeandalucia.es\/ceiplossilos\/wp-json\/wp\/v2\/pages\/598\/revisions\/1160"}],"wp:attachment":[{"href":"https:\/\/blogsaverroes.juntadeandalucia.es\/ceiplossilos\/wp-json\/wp\/v2\/media?parent=598"}],"curies":[{"name":"wp","href":"https:\/\/api.w.org\/{rel}","templated":true}]}}