{"id":852,"date":"2021-10-14T09:31:38","date_gmt":"2021-10-14T08:31:38","guid":{"rendered":"https:\/\/blogsaverroes.juntadeandalucia.es\/ceiplossilos\/?page_id=852"},"modified":"2021-12-09T11:25:19","modified_gmt":"2021-12-09T10:25:19","slug":"radio-y-podcast","status":"publish","type":"page","link":"https:\/\/blogsaverroes.juntadeandalucia.es\/ceiplossilos\/radio-y-podcast\/","title":{"rendered":"Radio y Podcast"},"content":{"rendered":"<p><strong><span style=\"font-size: 14pt;color: #800080\">POES\u00cdAS IGUALDAD \u00ab25 N\u00bb&nbsp; &nbsp; &nbsp; &nbsp; &nbsp; &nbsp; &nbsp; &nbsp; &nbsp;CURSO 2021-2022<\/span><\/strong><\/p>\n<p>Segundo a\u00f1o que se realiza esta actividad a nivel de toda la Comunidad Educativa. Se han colocado las diferentes poes\u00eda por toda la localidad y a trav\u00e9s de un c\u00f3digo QR podemos escuchar al alumnado, a familias, al Sr. Alcalde, al Equipo Directivo&#8230;<\/p>\n<p>Ha sido calificada como actividad de buenas pr\u00e1cticas y se le ha dado difusi\u00f3n a trav\u00e9s de la televisi\u00f3n de Aracena.<\/p>\n<p>\u00a1Esperamos que os guste!<\/p>\n<p><strong>El hado Avelino<\/strong><\/p>\n<!--[if lt IE 9]><script>document.createElement('audio');<\/script><![endif]-->\n<audio class=\"wp-audio-shortcode\" id=\"audio-852-1\" preload=\"none\" style=\"width: 100%;\" controls=\"controls\"><source type=\"audio\/mpeg\" src=\"https:\/\/blogsaverroes.juntadeandalucia.es\/ceiplossilos\/files\/2021\/12\/EL-HADO-AVELINO-online-audio-converter.com_-1.mp3?_=1\" \/><a href=\"https:\/\/blogsaverroes.juntadeandalucia.es\/ceiplossilos\/files\/2021\/12\/EL-HADO-AVELINO-online-audio-converter.com_-1.mp3\">https:\/\/blogsaverroes.juntadeandalucia.es\/ceiplossilos\/files\/2021\/12\/EL-HADO-AVELINO-online-audio-converter.com_-1.mp3<\/a><\/audio>\n<p><strong>No Quiero<\/strong><\/p>\n<audio class=\"wp-audio-shortcode\" id=\"audio-852-2\" preload=\"none\" style=\"width: 100%;\" controls=\"controls\"><source type=\"audio\/mpeg\" src=\"https:\/\/blogsaverroes.juntadeandalucia.es\/ceiplossilos\/files\/2021\/12\/No-quiero-MERY-1.mp3?_=2\" \/><a href=\"https:\/\/blogsaverroes.juntadeandalucia.es\/ceiplossilos\/files\/2021\/12\/No-quiero-MERY-1.mp3\">https:\/\/blogsaverroes.juntadeandalucia.es\/ceiplossilos\/files\/2021\/12\/No-quiero-MERY-1.mp3<\/a><\/audio>\n<p><strong>Maldito es<\/strong><\/p>\n<audio class=\"wp-audio-shortcode\" id=\"audio-852-3\" preload=\"none\" style=\"width: 100%;\" controls=\"controls\"><source type=\"audio\/mpeg\" src=\"https:\/\/blogsaverroes.juntadeandalucia.es\/ceiplossilos\/files\/2021\/12\/MALDITO-CELE.mp3?_=3\" \/><a href=\"https:\/\/blogsaverroes.juntadeandalucia.es\/ceiplossilos\/files\/2021\/12\/MALDITO-CELE.mp3\">https:\/\/blogsaverroes.juntadeandalucia.es\/ceiplossilos\/files\/2021\/12\/MALDITO-CELE.mp3<\/a><\/audio>\n<p><strong>Malo eres<\/strong><\/p>\n<audio class=\"wp-audio-shortcode\" id=\"audio-852-4\" preload=\"none\" style=\"width: 100%;\" controls=\"controls\"><source type=\"audio\/mpeg\" src=\"https:\/\/blogsaverroes.juntadeandalucia.es\/ceiplossilos\/files\/2021\/12\/MALO-ERES-4-A.mp3?_=4\" \/><a href=\"https:\/\/blogsaverroes.juntadeandalucia.es\/ceiplossilos\/files\/2021\/12\/MALO-ERES-4-A.mp3\">https:\/\/blogsaverroes.juntadeandalucia.es\/ceiplossilos\/files\/2021\/12\/MALO-ERES-4-A.mp3<\/a><\/audio>\n<p><strong>No violencia de g\u00e9nero<\/strong><\/p>\n<audio class=\"wp-audio-shortcode\" id=\"audio-852-5\" preload=\"none\" style=\"width: 100%;\" controls=\"controls\"><source type=\"audio\/mpeg\" src=\"https:\/\/blogsaverroes.juntadeandalucia.es\/ceiplossilos\/files\/2021\/12\/MARA-CUANDO-UN-HOMBRE.mp3?_=5\" \/><a href=\"https:\/\/blogsaverroes.juntadeandalucia.es\/ceiplossilos\/files\/2021\/12\/MARA-CUANDO-UN-HOMBRE.mp3\">https:\/\/blogsaverroes.juntadeandalucia.es\/ceiplossilos\/files\/2021\/12\/MARA-CUANDO-UN-HOMBRE.mp3<\/a><\/audio>\n<p><strong>Ni una m\u00e1s<\/strong><\/p>\n<audio class=\"wp-audio-shortcode\" id=\"audio-852-6\" preload=\"none\" style=\"width: 100%;\" controls=\"controls\"><source type=\"audio\/mpeg\" src=\"https:\/\/blogsaverroes.juntadeandalucia.es\/ceiplossilos\/files\/2021\/12\/Miguel-P\u00e9rez.mp3?_=6\" \/><a href=\"https:\/\/blogsaverroes.juntadeandalucia.es\/ceiplossilos\/files\/2021\/12\/Miguel-P\u00e9rez.mp3\">https:\/\/blogsaverroes.juntadeandalucia.es\/ceiplossilos\/files\/2021\/12\/Miguel-P\u00e9rez.mp3<\/a><\/audio>\n<p><strong>Mujer t\u00fa eres<\/strong><\/p>\n<audio class=\"wp-audio-shortcode\" id=\"audio-852-7\" preload=\"none\" style=\"width: 100%;\" controls=\"controls\"><source type=\"audio\/mpeg\" src=\"https:\/\/blogsaverroes.juntadeandalucia.es\/ceiplossilos\/files\/2021\/12\/mujer-t\u00fa-eres-5\u00ba.mp3?_=7\" \/><a href=\"https:\/\/blogsaverroes.juntadeandalucia.es\/ceiplossilos\/files\/2021\/12\/mujer-t\u00fa-eres-5\u00ba.mp3\">https:\/\/blogsaverroes.juntadeandalucia.es\/ceiplossilos\/files\/2021\/12\/mujer-t\u00fa-eres-5\u00ba.mp3<\/a><\/audio>\n<p><strong>Todo est\u00e1 en su sitio<\/strong><\/p>\n<audio class=\"wp-audio-shortcode\" id=\"audio-852-8\" preload=\"none\" style=\"width: 100%;\" controls=\"controls\"><source type=\"audio\/mpeg\" src=\"https:\/\/blogsaverroes.juntadeandalucia.es\/ceiplossilos\/files\/2021\/12\/Poes\u00eda-3-a\u00f1os-Todo-est\u00e1-en-su-sitio-Gloria-Fuertes.mp3?_=8\" \/><a href=\"https:\/\/blogsaverroes.juntadeandalucia.es\/ceiplossilos\/files\/2021\/12\/Poes\u00eda-3-a\u00f1os-Todo-est\u00e1-en-su-sitio-Gloria-Fuertes.mp3\">https:\/\/blogsaverroes.juntadeandalucia.es\/ceiplossilos\/files\/2021\/12\/Poes\u00eda-3-a\u00f1os-Todo-est\u00e1-en-su-sitio-Gloria-Fuertes.mp3<\/a><\/audio>\n<p><strong>Podemos ser iguales<\/strong><\/p>\n<audio class=\"wp-audio-shortcode\" id=\"audio-852-9\" preload=\"none\" style=\"width: 100%;\" controls=\"controls\"><source type=\"audio\/mpeg\" src=\"https:\/\/blogsaverroes.juntadeandalucia.es\/ceiplossilos\/files\/2021\/12\/Poes\u00eda-Equipo-Directivo.mp3?_=9\" \/><a href=\"https:\/\/blogsaverroes.juntadeandalucia.es\/ceiplossilos\/files\/2021\/12\/Poes\u00eda-Equipo-Directivo.mp3\">https:\/\/blogsaverroes.juntadeandalucia.es\/ceiplossilos\/files\/2021\/12\/Poes\u00eda-Equipo-Directivo.mp3<\/a><\/audio>\n<p><strong>Por qu\u00e9<\/strong><\/p>\n<audio class=\"wp-audio-shortcode\" id=\"audio-852-10\" preload=\"none\" style=\"width: 100%;\" controls=\"controls\"><source type=\"audio\/mpeg\" src=\"https:\/\/blogsaverroes.juntadeandalucia.es\/ceiplossilos\/files\/2021\/12\/POR-QU\u00eb-AURORA.mp3?_=10\" \/><a href=\"https:\/\/blogsaverroes.juntadeandalucia.es\/ceiplossilos\/files\/2021\/12\/POR-QU\u00eb-AURORA.mp3\">https:\/\/blogsaverroes.juntadeandalucia.es\/ceiplossilos\/files\/2021\/12\/POR-QU\u00eb-AURORA.mp3<\/a><\/audio>\n<p><strong>Cuento del Tej\u00f3n y la Tejona<\/strong><\/p>\n<audio class=\"wp-audio-shortcode\" id=\"audio-852-11\" preload=\"none\" style=\"width: 100%;\" controls=\"controls\"><source type=\"audio\/mpeg\" src=\"https:\/\/blogsaverroes.juntadeandalucia.es\/ceiplossilos\/files\/2021\/12\/Tejon.mp3?_=11\" \/><a href=\"https:\/\/blogsaverroes.juntadeandalucia.es\/ceiplossilos\/files\/2021\/12\/Tejon.mp3\">https:\/\/blogsaverroes.juntadeandalucia.es\/ceiplossilos\/files\/2021\/12\/Tejon.mp3<\/a><\/audio>\n<p><strong>Que ni el viento la toque<\/strong><\/p>\n<audio class=\"wp-audio-shortcode\" id=\"audio-852-12\" preload=\"none\" style=\"width: 100%;\" controls=\"controls\"><source type=\"audio\/mpeg\" src=\"https:\/\/blogsaverroes.juntadeandalucia.es\/ceiplossilos\/files\/2021\/12\/V\u00edctor-Jos\u00e9-Rodr\u00edguez.mp3?_=12\" \/><a href=\"https:\/\/blogsaverroes.juntadeandalucia.es\/ceiplossilos\/files\/2021\/12\/V\u00edctor-Jos\u00e9-Rodr\u00edguez.mp3\">https:\/\/blogsaverroes.juntadeandalucia.es\/ceiplossilos\/files\/2021\/12\/V\u00edctor-Jos\u00e9-Rodr\u00edguez.mp3<\/a><\/audio>\n<p><strong>Maldito es<\/strong><\/p>\n<audio class=\"wp-audio-shortcode\" id=\"audio-852-13\" preload=\"none\" style=\"width: 100%;\" controls=\"controls\"><source type=\"audio\/mpeg\" src=\"https:\/\/blogsaverroes.juntadeandalucia.es\/ceiplossilos\/files\/2021\/12\/VICTOR-MALDITO-.mp3?_=13\" \/><a href=\"https:\/\/blogsaverroes.juntadeandalucia.es\/ceiplossilos\/files\/2021\/12\/VICTOR-MALDITO-.mp3\">https:\/\/blogsaverroes.juntadeandalucia.es\/ceiplossilos\/files\/2021\/12\/VICTOR-MALDITO-.mp3<\/a><\/audio>\n<p><strong>El hado Avelino<\/strong><\/p>\n<audio class=\"wp-audio-shortcode\" id=\"audio-852-14\" preload=\"none\" style=\"width: 100%;\" controls=\"controls\"><source type=\"audio\/mpeg\" src=\"https:\/\/blogsaverroes.juntadeandalucia.es\/ceiplossilos\/files\/2021\/12\/YA-BASTA-3\u00ba-online-audio-converter.com_.mp3?_=14\" \/><a href=\"https:\/\/blogsaverroes.juntadeandalucia.es\/ceiplossilos\/files\/2021\/12\/YA-BASTA-3\u00ba-online-audio-converter.com_.mp3\">https:\/\/blogsaverroes.juntadeandalucia.es\/ceiplossilos\/files\/2021\/12\/YA-BASTA-3\u00ba-online-audio-converter.com_.mp3<\/a><\/audio>\n<p><strong>Ya basta<\/strong><\/p>\n<audio class=\"wp-audio-shortcode\" id=\"audio-852-15\" preload=\"none\" style=\"width: 100%;\" controls=\"controls\"><source type=\"audio\/mpeg\" src=\"https:\/\/blogsaverroes.juntadeandalucia.es\/ceiplossilos\/files\/2021\/12\/YA-BASTA.mp3?_=15\" \/><a href=\"https:\/\/blogsaverroes.juntadeandalucia.es\/ceiplossilos\/files\/2021\/12\/YA-BASTA.mp3\">https:\/\/blogsaverroes.juntadeandalucia.es\/ceiplossilos\/files\/2021\/12\/YA-BASTA.mp3<\/a><\/audio>\n<p><strong>Stop<\/strong><\/p>\n<audio class=\"wp-audio-shortcode\" id=\"audio-852-16\" preload=\"none\" style=\"width: 100%;\" controls=\"controls\"><source type=\"audio\/mpeg\" src=\"https:\/\/blogsaverroes.juntadeandalucia.es\/ceiplossilos\/files\/2021\/12\/5\u00ba-english-stand-up.mp3?_=16\" \/><a href=\"https:\/\/blogsaverroes.juntadeandalucia.es\/ceiplossilos\/files\/2021\/12\/5\u00ba-english-stand-up.mp3\">https:\/\/blogsaverroes.juntadeandalucia.es\/ceiplossilos\/files\/2021\/12\/5\u00ba-english-stand-up.mp3<\/a><\/audio>\n<p><strong>Salir corriendo<\/strong><\/p>\n<audio class=\"wp-audio-shortcode\" id=\"audio-852-17\" preload=\"none\" style=\"width: 100%;\" controls=\"controls\"><source type=\"audio\/mpeg\" src=\"https:\/\/blogsaverroes.juntadeandalucia.es\/ceiplossilos\/files\/2021\/12\/Alejandro-P\u00e9rez.mp3?_=17\" \/><a href=\"https:\/\/blogsaverroes.juntadeandalucia.es\/ceiplossilos\/files\/2021\/12\/Alejandro-P\u00e9rez.mp3\">https:\/\/blogsaverroes.juntadeandalucia.es\/ceiplossilos\/files\/2021\/12\/Alejandro-P\u00e9rez.mp3<\/a><\/audio>\n<p><strong>\u00c1mame libre<\/strong><\/p>\n<audio class=\"wp-audio-shortcode\" id=\"audio-852-18\" preload=\"none\" style=\"width: 100%;\" controls=\"controls\"><source type=\"audio\/mpeg\" src=\"https:\/\/blogsaverroes.juntadeandalucia.es\/ceiplossilos\/files\/2021\/12\/amame-livbre-5\u00ba.mp3?_=18\" \/><a href=\"https:\/\/blogsaverroes.juntadeandalucia.es\/ceiplossilos\/files\/2021\/12\/amame-livbre-5\u00ba.mp3\">https:\/\/blogsaverroes.juntadeandalucia.es\/ceiplossilos\/files\/2021\/12\/amame-livbre-5\u00ba.mp3<\/a><\/audio>\n<p><strong>Declaraci\u00f3n sobre la eliminaci\u00f3n de la violencia contra la mujer<\/strong><\/p>\n<audio class=\"wp-audio-shortcode\" id=\"audio-852-19\" preload=\"none\" style=\"width: 100%;\" controls=\"controls\"><source type=\"audio\/mpeg\" src=\"https:\/\/blogsaverroes.juntadeandalucia.es\/ceiplossilos\/files\/2021\/12\/art\u00edculo-5\u00ba.mp3?_=19\" \/><a href=\"https:\/\/blogsaverroes.juntadeandalucia.es\/ceiplossilos\/files\/2021\/12\/art\u00edculo-5\u00ba.mp3\">https:\/\/blogsaverroes.juntadeandalucia.es\/ceiplossilos\/files\/2021\/12\/art\u00edculo-5\u00ba.mp3<\/a><\/audio>\n<p><strong>H\u00e1game libre<\/strong><\/p>\n<audio class=\"wp-audio-shortcode\" id=\"audio-852-20\" preload=\"none\" style=\"width: 100%;\" controls=\"controls\"><source type=\"audio\/mpeg\" src=\"https:\/\/blogsaverroes.juntadeandalucia.es\/ceiplossilos\/files\/2021\/12\/Carla-D\u00edaz.mp3?_=20\" \/><a href=\"https:\/\/blogsaverroes.juntadeandalucia.es\/ceiplossilos\/files\/2021\/12\/Carla-D\u00edaz.mp3\">https:\/\/blogsaverroes.juntadeandalucia.es\/ceiplossilos\/files\/2021\/12\/Carla-D\u00edaz.mp3<\/a><\/audio>\n<p><strong>Ella<\/strong><\/p>\n<audio class=\"wp-audio-shortcode\" id=\"audio-852-21\" preload=\"none\" style=\"width: 100%;\" controls=\"controls\"><source type=\"audio\/mpeg\" src=\"https:\/\/blogsaverroes.juntadeandalucia.es\/ceiplossilos\/files\/2021\/12\/Carlos-Vidal.mp3?_=21\" \/><a href=\"https:\/\/blogsaverroes.juntadeandalucia.es\/ceiplossilos\/files\/2021\/12\/Carlos-Vidal.mp3\">https:\/\/blogsaverroes.juntadeandalucia.es\/ceiplossilos\/files\/2021\/12\/Carlos-Vidal.mp3<\/a><\/audio>\n<p><strong>Los espejos<\/strong><\/p>\n<audio class=\"wp-audio-shortcode\" id=\"audio-852-22\" preload=\"none\" style=\"width: 100%;\" controls=\"controls\"><source type=\"audio\/mpeg\" src=\"https:\/\/blogsaverroes.juntadeandalucia.es\/ceiplossilos\/files\/2021\/12\/CARMEN-ESE-ROSTRO-.mp3?_=22\" \/><a href=\"https:\/\/blogsaverroes.juntadeandalucia.es\/ceiplossilos\/files\/2021\/12\/CARMEN-ESE-ROSTRO-.mp3\">https:\/\/blogsaverroes.juntadeandalucia.es\/ceiplossilos\/files\/2021\/12\/CARMEN-ESE-ROSTRO-.mp3<\/a><\/audio>\n<p><strong>Mujer sin miedo<\/strong><\/p>\n<audio class=\"wp-audio-shortcode\" id=\"audio-852-23\" preload=\"none\" style=\"width: 100%;\" controls=\"controls\"><source type=\"audio\/mpeg\" src=\"https:\/\/blogsaverroes.juntadeandalucia.es\/ceiplossilos\/files\/2021\/12\/chicos-1.mp3?_=23\" \/><a href=\"https:\/\/blogsaverroes.juntadeandalucia.es\/ceiplossilos\/files\/2021\/12\/chicos-1.mp3\">https:\/\/blogsaverroes.juntadeandalucia.es\/ceiplossilos\/files\/2021\/12\/chicos-1.mp3<\/a><\/audio>\n<p><strong>Mujer no permitas<\/strong><\/p>\n<audio class=\"wp-audio-shortcode\" id=\"audio-852-24\" preload=\"none\" style=\"width: 100%;\" controls=\"controls\"><source type=\"audio\/mpeg\" src=\"https:\/\/blogsaverroes.juntadeandalucia.es\/ceiplossilos\/files\/2021\/12\/chicos-2.mp3?_=24\" \/><a href=\"https:\/\/blogsaverroes.juntadeandalucia.es\/ceiplossilos\/files\/2021\/12\/chicos-2.mp3\">https:\/\/blogsaverroes.juntadeandalucia.es\/ceiplossilos\/files\/2021\/12\/chicos-2.mp3<\/a><\/audio>\n<p><strong>Cocoroco<\/strong><\/p>\n<audio class=\"wp-audio-shortcode\" id=\"audio-852-25\" preload=\"none\" style=\"width: 100%;\" controls=\"controls\"><source type=\"audio\/mpeg\" src=\"https:\/\/blogsaverroes.juntadeandalucia.es\/ceiplossilos\/files\/2021\/12\/Coco-Roco.mp3?_=25\" \/><a href=\"https:\/\/blogsaverroes.juntadeandalucia.es\/ceiplossilos\/files\/2021\/12\/Coco-Roco.mp3\">https:\/\/blogsaverroes.juntadeandalucia.es\/ceiplossilos\/files\/2021\/12\/Coco-Roco.mp3<\/a><\/audio>\n<p><strong>Se acabaron las l\u00e1grimas<\/strong><\/p>\n<audio class=\"wp-audio-shortcode\" id=\"audio-852-26\" preload=\"none\" style=\"width: 100%;\" controls=\"controls\"><source type=\"audio\/mpeg\" src=\"https:\/\/blogsaverroes.juntadeandalucia.es\/ceiplossilos\/files\/2021\/12\/Daniel-G\u00f3mez.mp3?_=26\" \/><a href=\"https:\/\/blogsaverroes.juntadeandalucia.es\/ceiplossilos\/files\/2021\/12\/Daniel-G\u00f3mez.mp3\">https:\/\/blogsaverroes.juntadeandalucia.es\/ceiplossilos\/files\/2021\/12\/Daniel-G\u00f3mez.mp3<\/a><\/audio>\n<p><strong>No vales m\u00e1s que yo<\/strong><\/p>\n<audio class=\"wp-audio-shortcode\" id=\"audio-852-27\" preload=\"none\" style=\"width: 100%;\" controls=\"controls\"><source type=\"audio\/mpeg\" src=\"https:\/\/blogsaverroes.juntadeandalucia.es\/ceiplossilos\/files\/2021\/12\/Diego-y-Nora.mp3?_=27\" \/><a href=\"https:\/\/blogsaverroes.juntadeandalucia.es\/ceiplossilos\/files\/2021\/12\/Diego-y-Nora.mp3\">https:\/\/blogsaverroes.juntadeandalucia.es\/ceiplossilos\/files\/2021\/12\/Diego-y-Nora.mp3<\/a><\/audio>\n<p><strong>El brujo Edelmiro<\/strong><\/p>\n<audio class=\"wp-audio-shortcode\" id=\"audio-852-28\" preload=\"none\" style=\"width: 100%;\" controls=\"controls\"><source type=\"audio\/mpeg\" src=\"https:\/\/blogsaverroes.juntadeandalucia.es\/ceiplossilos\/files\/2021\/12\/El-brujo-Edelmiro.mp3?_=28\" \/><a href=\"https:\/\/blogsaverroes.juntadeandalucia.es\/ceiplossilos\/files\/2021\/12\/El-brujo-Edelmiro.mp3\">https:\/\/blogsaverroes.juntadeandalucia.es\/ceiplossilos\/files\/2021\/12\/El-brujo-Edelmiro.mp3<\/a><\/audio>\n<p><strong>El fantasma Ant\u00f3n<\/strong><\/p>\n<audio class=\"wp-audio-shortcode\" id=\"audio-852-29\" preload=\"none\" style=\"width: 100%;\" controls=\"controls\"><source type=\"audio\/mpeg\" src=\"https:\/\/blogsaverroes.juntadeandalucia.es\/ceiplossilos\/files\/2021\/12\/El-fantasma-Ant\u00f3n-online-audio-converter.com-1.mp3?_=29\" \/><a href=\"https:\/\/blogsaverroes.juntadeandalucia.es\/ceiplossilos\/files\/2021\/12\/El-fantasma-Ant\u00f3n-online-audio-converter.com-1.mp3\">https:\/\/blogsaverroes.juntadeandalucia.es\/ceiplossilos\/files\/2021\/12\/El-fantasma-Ant\u00f3n-online-audio-converter.com-1.mp3<\/a><\/audio>\n<p><strong>El hado Avelino<\/strong><\/p>\n<audio class=\"wp-audio-shortcode\" id=\"audio-852-30\" preload=\"none\" style=\"width: 100%;\" controls=\"controls\"><source type=\"audio\/mpeg\" src=\"https:\/\/blogsaverroes.juntadeandalucia.es\/ceiplossilos\/files\/2021\/12\/EL-HADO-AVELINO-online-audio-converter.com_.mp3?_=30\" \/><a href=\"https:\/\/blogsaverroes.juntadeandalucia.es\/ceiplossilos\/files\/2021\/12\/EL-HADO-AVELINO-online-audio-converter.com_.mp3\">https:\/\/blogsaverroes.juntadeandalucia.es\/ceiplossilos\/files\/2021\/12\/EL-HADO-AVELINO-online-audio-converter.com_.mp3<\/a><\/audio>\n<p><strong>El lobo Ra\u00fal<\/strong><\/p>\n<audio class=\"wp-audio-shortcode\" id=\"audio-852-31\" preload=\"none\" style=\"width: 100%;\" controls=\"controls\"><source type=\"audio\/mpeg\" src=\"https:\/\/blogsaverroes.juntadeandalucia.es\/ceiplossilos\/files\/2021\/12\/EL-LOBO-RAUL-online-audio-converter.com_.mp3?_=31\" \/><a href=\"https:\/\/blogsaverroes.juntadeandalucia.es\/ceiplossilos\/files\/2021\/12\/EL-LOBO-RAUL-online-audio-converter.com_.mp3\">https:\/\/blogsaverroes.juntadeandalucia.es\/ceiplossilos\/files\/2021\/12\/EL-LOBO-RAUL-online-audio-converter.com_.mp3<\/a><\/audio>\n<p><strong>Eres<\/strong><\/p>\n<audio class=\"wp-audio-shortcode\" id=\"audio-852-32\" preload=\"none\" style=\"width: 100%;\" controls=\"controls\"><source type=\"audio\/mpeg\" src=\"https:\/\/blogsaverroes.juntadeandalucia.es\/ceiplossilos\/files\/2021\/12\/ERES-EL-EJEMPLO-LELE.mp3?_=32\" \/><a href=\"https:\/\/blogsaverroes.juntadeandalucia.es\/ceiplossilos\/files\/2021\/12\/ERES-EL-EJEMPLO-LELE.mp3\">https:\/\/blogsaverroes.juntadeandalucia.es\/ceiplossilos\/files\/2021\/12\/ERES-EL-EJEMPLO-LELE.mp3<\/a><\/audio>\n<p><strong>La pirata Ramona<\/strong><\/p>\n<audio class=\"wp-audio-shortcode\" id=\"audio-852-33\" preload=\"none\" style=\"width: 100%;\" controls=\"controls\"><source type=\"audio\/mpeg\" src=\"https:\/\/blogsaverroes.juntadeandalucia.es\/ceiplossilos\/files\/2021\/12\/la-princesita-ramona.mp3?_=33\" \/><a href=\"https:\/\/blogsaverroes.juntadeandalucia.es\/ceiplossilos\/files\/2021\/12\/la-princesita-ramona.mp3\">https:\/\/blogsaverroes.juntadeandalucia.es\/ceiplossilos\/files\/2021\/12\/la-princesita-ramona.mp3<\/a><\/audio>\n<p><strong>Una puerta violeta<\/strong><\/p>\n<audio class=\"wp-audio-shortcode\" id=\"audio-852-34\" preload=\"none\" style=\"width: 100%;\" controls=\"controls\"><source type=\"audio\/mpeg\" src=\"https:\/\/blogsaverroes.juntadeandalucia.es\/ceiplossilos\/files\/2021\/12\/la-puerta-violeta-5\u00ba.mp3?_=34\" \/><a href=\"https:\/\/blogsaverroes.juntadeandalucia.es\/ceiplossilos\/files\/2021\/12\/la-puerta-violeta-5\u00ba.mp3\">https:\/\/blogsaverroes.juntadeandalucia.es\/ceiplossilos\/files\/2021\/12\/la-puerta-violeta-5\u00ba.mp3<\/a><\/audio>\n<p><strong>La vampira In\u00e9s<\/strong><\/p>\n<audio class=\"wp-audio-shortcode\" id=\"audio-852-35\" preload=\"none\" style=\"width: 100%;\" controls=\"controls\"><source type=\"audio\/mpeg\" src=\"https:\/\/blogsaverroes.juntadeandalucia.es\/ceiplossilos\/files\/2021\/12\/La-vampira-In\u00e9s-online-audio-converter.com_.mp3?_=35\" \/><a href=\"https:\/\/blogsaverroes.juntadeandalucia.es\/ceiplossilos\/files\/2021\/12\/La-vampira-In\u00e9s-online-audio-converter.com_.mp3\">https:\/\/blogsaverroes.juntadeandalucia.es\/ceiplossilos\/files\/2021\/12\/La-vampira-In\u00e9s-online-audio-converter.com_.mp3<\/a><\/audio>\n<p><strong>Los trabajos de mi casa<\/strong><\/p>\n<audio class=\"wp-audio-shortcode\" id=\"audio-852-36\" preload=\"none\" style=\"width: 100%;\" controls=\"controls\"><source type=\"audio\/mpeg\" src=\"https:\/\/blogsaverroes.juntadeandalucia.es\/ceiplossilos\/files\/2021\/12\/Los-trabajos.mp3?_=36\" \/><a href=\"https:\/\/blogsaverroes.juntadeandalucia.es\/ceiplossilos\/files\/2021\/12\/Los-trabajos.mp3\">https:\/\/blogsaverroes.juntadeandalucia.es\/ceiplossilos\/files\/2021\/12\/Los-trabajos.mp3<\/a><\/audio>\n<p>&nbsp;<\/p>\n<ul>\n<li><strong>SHE IS<\/strong><\/li>\n<\/ul>\n<div style=\"width: 640px;\" class=\"wp-video\"><!--[if lt IE 9]><script>document.createElement('video');<\/script><![endif]-->\n<video class=\"wp-video-shortcode\" id=\"video-852-1\" width=\"640\" height=\"360\" preload=\"metadata\" controls=\"controls\"><source type=\"video\/mp4\" src=\"https:\/\/blogsaverroes.juntadeandalucia.es\/ceiplossilos\/files\/2021\/11\/She-is.mp4?_=1\" \/><a href=\"https:\/\/blogsaverroes.juntadeandalucia.es\/ceiplossilos\/files\/2021\/11\/She-is.mp4\">https:\/\/blogsaverroes.juntadeandalucia.es\/ceiplossilos\/files\/2021\/11\/She-is.mp4<\/a><\/video><\/div>\n<ul>\n<li><strong>EL FANTASMA ANT\u00d3N<\/strong><\/li>\n<\/ul>\n<div style=\"width: 640px;\" class=\"wp-video\"><video class=\"wp-video-shortcode\" id=\"video-852-2\" width=\"640\" height=\"360\" preload=\"metadata\" controls=\"controls\"><source type=\"video\/mp4\" src=\"https:\/\/blogsaverroes.juntadeandalucia.es\/ceiplossilos\/files\/2021\/11\/El-fantasma-Ant\u00f3n.mp4?_=2\" \/><a href=\"https:\/\/blogsaverroes.juntadeandalucia.es\/ceiplossilos\/files\/2021\/11\/El-fantasma-Ant\u00f3n.mp4\">https:\/\/blogsaverroes.juntadeandalucia.es\/ceiplossilos\/files\/2021\/11\/El-fantasma-Ant\u00f3n.mp4<\/a><\/video><\/div>\n<p>&nbsp;<\/p>\n<p>&nbsp;<\/p>\n<p>&nbsp;<\/p>\n<p>&nbsp;<\/p>\n","protected":false},"excerpt":{"rendered":"<p>POES\u00cdAS IGUALDAD \u00ab25 N\u00bb&nbsp; &nbsp; &nbsp; &nbsp; &nbsp; &nbsp; &nbsp; &nbsp; &nbsp;CURSO 2021-2022 Segundo a\u00f1o que se realiza esta actividad a nivel de toda la&hellip;<\/p>\n","protected":false},"author":12928,"featured_media":0,"parent":0,"menu_order":0,"comment_status":"closed","ping_status":"closed","template":"","meta":{"ngg_post_thumbnail":0,"footnotes":""},"aioseo_notices":[],"_links":{"self":[{"href":"https:\/\/blogsaverroes.juntadeandalucia.es\/ceiplossilos\/wp-json\/wp\/v2\/pages\/852"}],"collection":[{"href":"https:\/\/blogsaverroes.juntadeandalucia.es\/ceiplossilos\/wp-json\/wp\/v2\/pages"}],"about":[{"href":"https:\/\/blogsaverroes.juntadeandalucia.es\/ceiplossilos\/wp-json\/wp\/v2\/types\/page"}],"author":[{"embeddable":true,"href":"https:\/\/blogsaverroes.juntadeandalucia.es\/ceiplossilos\/wp-json\/wp\/v2\/users\/12928"}],"replies":[{"embeddable":true,"href":"https:\/\/blogsaverroes.juntadeandalucia.es\/ceiplossilos\/wp-json\/wp\/v2\/comments?post=852"}],"version-history":[{"count":11,"href":"https:\/\/blogsaverroes.juntadeandalucia.es\/ceiplossilos\/wp-json\/wp\/v2\/pages\/852\/revisions"}],"predecessor-version":[{"id":1153,"href":"https:\/\/blogsaverroes.juntadeandalucia.es\/ceiplossilos\/wp-json\/wp\/v2\/pages\/852\/revisions\/1153"}],"wp:attachment":[{"href":"https:\/\/blogsaverroes.juntadeandalucia.es\/ceiplossilos\/wp-json\/wp\/v2\/media?parent=852"}],"curies":[{"name":"wp","href":"https:\/\/api.w.org\/{rel}","templated":true}]}}