{"id":1110,"date":"2016-10-10T21:17:38","date_gmt":"2016-10-10T21:17:38","guid":{"rendered":"http:\/\/blogsaverroes.juntadeandalucia.es\/ceipluiscernuda\/?page_id=1110"},"modified":"2023-03-01T12:10:55","modified_gmt":"2023-03-01T11:10:55","slug":"lenguas-extranjeras","status":"publish","type":"page","link":"https:\/\/blogsaverroes.juntadeandalucia.es\/ceipluiscernuda\/lenguas-extranjeras\/","title":{"rendered":"Lenguas extranjeras"},"content":{"rendered":"<p><a href=\"http:\/\/192.168.4.197\" target=\"_blank\" rel=\"noopener noreferrer\"><img loading=\"lazy\" decoding=\"async\" class=\"alignnone wp-image-123 size-full\" src=\"https:\/\/blogsaverroes.juntadeandalucia.es\/ceipluiscernuda\/files\/2016\/01\/linux.gif\" alt=\"linux\" width=\"105\" height=\"127\"><\/a>&nbsp;A trav\u00e9s de este icono se puede acceder al servidor de contenidos desde cualquier ordenador del centro.<\/p>\n<h3>Hoy elaboramos cr\u00eapes<\/h3>\nngg_shortcode_0_placeholder\n<h3>D\u00eda Internacional de la Francofon\u00eda<\/h3>\n<div style=\"width: 960px;\" class=\"wp-video\"><!--[if lt IE 9]><script>document.createElement('video');<\/script><![endif]-->\n<video class=\"wp-video-shortcode\" id=\"video-1110-1\" width=\"960\" height=\"540\" preload=\"metadata\" controls=\"controls\"><source type=\"video\/mp4\" src=\"https:\/\/blogsaverroes.juntadeandalucia.es\/ceipluiscernuda\/files\/2020\/05\/Crepes.mp4?_=1\" \/><a href=\"https:\/\/blogsaverroes.juntadeandalucia.es\/ceipluiscernuda\/files\/2020\/05\/Crepes.mp4\">https:\/\/blogsaverroes.juntadeandalucia.es\/ceipluiscernuda\/files\/2020\/05\/Crepes.mp4<\/a><\/video><\/div>\n<p><img loading=\"lazy\" decoding=\"async\" class=\"wp-image-5350 alignleft\" src=\"https:\/\/blogsaverroes.juntadeandalucia.es\/ceipluiscernuda\/files\/2016\/10\/2018-2019_dif.jpg\" alt=\"\" width=\"580\" height=\"333\" srcset=\"https:\/\/blogsaverroes.juntadeandalucia.es\/ceipluiscernuda\/files\/2016\/10\/2018-2019_dif.jpg 1484w, https:\/\/blogsaverroes.juntadeandalucia.es\/ceipluiscernuda\/files\/2016\/10\/2018-2019_dif-300x172.jpg 300w, https:\/\/blogsaverroes.juntadeandalucia.es\/ceipluiscernuda\/files\/2016\/10\/2018-2019_dif-768x441.jpg 768w, https:\/\/blogsaverroes.juntadeandalucia.es\/ceipluiscernuda\/files\/2016\/10\/2018-2019_dif-1024x589.jpg 1024w, https:\/\/blogsaverroes.juntadeandalucia.es\/ceipluiscernuda\/files\/2016\/10\/2018-2019_dif-24x14.jpg 24w, https:\/\/blogsaverroes.juntadeandalucia.es\/ceipluiscernuda\/files\/2016\/10\/2018-2019_dif-36x21.jpg 36w, https:\/\/blogsaverroes.juntadeandalucia.es\/ceipluiscernuda\/files\/2016\/10\/2018-2019_dif-48x28.jpg 48w\" sizes=\"(max-width: 580px) 100vw, 580px\" \/><\/p>\n<table style=\"border-color: #000000;background-color: #faee02;height: 73px\" border=\"2\" width=\"415\" cellspacing=\"2\">\n<tbody>\n<tr>\n<td>\n<h3 style=\"text-align: center\">Fran\u00e7ais<\/h3>\n<p><iframe loading=\"lazy\" title=\"\u00c0 l&#039;\u00e9picerie\" width=\"500\" height=\"281\" src=\"https:\/\/www.youtube.com\/embed\/j1u2KZRDb1o?feature=oembed&#038;wmode=opaque\" frameborder=\"0\" allow=\"accelerometer; autoplay; clipboard-write; encrypted-media; gyroscope; picture-in-picture; web-share\" allowfullscreen><\/iframe><\/p>\n<p>&nbsp;<\/td>\n<\/tr>\n<\/tbody>\n<\/table>\n<h3>&nbsp;<\/h3>\n<table style=\"border-color: #000000;background-color: #faee02\" border=\"2\" cellspacing=\"2\">\n<tbody>\n<tr>\n<td style=\"text-align: center\" colspan=\"5\">\n<h3>English<\/h3>\n<\/td>\n<\/tr>\n<tr>\n<td rowspan=\"6\">\n<h4>5th<\/h4>\n<\/td>\n<td><a href=\"http:\/\/blogsaverroes.juntadeandalucia.es\/ceipluiscernuda\/files\/2016\/04\/Unit-1-5th.pdf\" target=\"_blank\" rel=\"noopener noreferrer\">Unit 1<\/a><\/td>\n<td rowspan=\"13\">&nbsp;<\/td>\n<td style=\"text-align: center\" colspan=\"2\" rowspan=\"2\">\n<h4><a href=\"http:\/\/blogsaverroes.juntadeandalucia.es\/ceipluiscernuda\/grammar\/\" target=\"_blank\" rel=\"noopener noreferrer\">Grammar<\/a><\/h4>\n<\/td>\n<\/tr>\n<tr>\n<td><a href=\"http:\/\/blogsaverroes.juntadeandalucia.es\/ceipluiscernuda\/files\/2016\/04\/Unit-2-5th.pdf\" target=\"_blank\" rel=\"noopener noreferrer\">Unit 2<\/a><\/td>\n<\/tr>\n<tr>\n<td><a href=\"http:\/\/blogsaverroes.juntadeandalucia.es\/ceipluiscernuda\/files\/2016\/04\/Unit-3-5th.pdf\" target=\"_blank\" rel=\"noopener noreferrer\">Unit 3<\/a><\/td>\n<td rowspan=\"11\">\n<h4>Vocabulary<\/h4>\n<\/td>\n<td><a href=\"http:\/\/blogsaverroes.juntadeandalucia.es\/ceipluiscernuda\/files\/2016\/04\/BASIC-VOCABULARY.pdf\" target=\"_blank\" rel=\"noopener noreferrer\">Basic vocabulary<\/a><\/td>\n<\/tr>\n<tr>\n<td><a href=\"http:\/\/blogsaverroes.juntadeandalucia.es\/ceipluiscernuda\/files\/2016\/04\/Unit-4-5th.pdf\" target=\"_blank\" rel=\"noopener noreferrer\">Unit 4<\/a><\/td>\n<td><a href=\"http:\/\/blogsaverroes.juntadeandalucia.es\/ceipluiscernuda\/files\/2016\/04\/Exam.-Vocab.-1\u00ba.pdf\" target=\"_blank\" rel=\"noopener noreferrer\">Exam vocabulary<\/a><\/td>\n<\/tr>\n<tr>\n<td><a href=\"http:\/\/blogsaverroes.juntadeandalucia.es\/ceipluiscernuda\/files\/2016\/04\/Unit-5-5th.pdf\" target=\"_blank\" rel=\"noopener noreferrer\">Unit 5<\/a><\/td>\n<td><a href=\"http:\/\/blogsaverroes.juntadeandalucia.es\/ceipluiscernuda\/files\/2016\/04\/IRREGULAR-VERBS.pdf\" target=\"_blank\" rel=\"noopener noreferrer\">Irregular verbs<\/a><\/td>\n<\/tr>\n<tr>\n<td><a href=\"http:\/\/blogsaverroes.juntadeandalucia.es\/ceipluiscernuda\/files\/2016\/04\/Unit-6-5th.pdf\" target=\"_blank\" rel=\"noopener noreferrer\">Unit 6<\/a><\/td>\n<td><a href=\"http:\/\/blogsaverroes.juntadeandalucia.es\/ceipluiscernuda\/files\/2016\/04\/IRREGULAR-VERBS-Reduced.pdf\" target=\"_blank\" rel=\"noopener noreferrer\">Irregular verbs &#8211; reduced<\/a><\/td>\n<\/tr>\n<tr>\n<td colspan=\"2\">&nbsp;<\/td>\n<td><a href=\"http:\/\/blogsaverroes.juntadeandalucia.es\/ceipluiscernuda\/files\/2016\/04\/IRREGULAR-VERBS-Test-reduced.pdf\" target=\"_blank\" rel=\"noopener noreferrer\">Irregular verbs &#8211; test reduced<\/a><\/td>\n<\/tr>\n<tr>\n<td rowspan=\"6\">\n<h4>6th<\/h4>\n<\/td>\n<td><a href=\"http:\/\/blogsaverroes.juntadeandalucia.es\/ceipluiscernuda\/files\/2016\/04\/Unit-1-6th.pdf\" target=\"_blank\" rel=\"noopener noreferrer\">Unit 1<\/a><\/td>\n<td><a href=\"http:\/\/blogsaverroes.juntadeandalucia.es\/ceipluiscernuda\/files\/2016\/04\/IRREGULAR-VERBS-Test.pdf\" target=\"_blank\" rel=\"noopener noreferrer\">Irregular verbs &#8211; test<\/a><\/td>\n<\/tr>\n<tr>\n<td><a href=\"http:\/\/blogsaverroes.juntadeandalucia.es\/ceipluiscernuda\/files\/2016\/04\/Unit-2-6th.pdf\" target=\"_blank\" rel=\"noopener noreferrer\">Unit 2<\/a><\/td>\n<td><a href=\"http:\/\/blogsaverroes.juntadeandalucia.es\/ceipluiscernuda\/files\/2016\/04\/USUAL-VERBS.pdf\" target=\"_blank\" rel=\"noopener noreferrer\">Usual verbs 1<\/a><\/td>\n<\/tr>\n<tr>\n<td><a href=\"http:\/\/blogsaverroes.juntadeandalucia.es\/ceipluiscernuda\/files\/2016\/04\/Unit-3-6th.pdf\" target=\"_blank\" rel=\"noopener noreferrer\">Unit 3<\/a><\/td>\n<td><a href=\"http:\/\/blogsaverroes.juntadeandalucia.es\/ceipluiscernuda\/files\/2016\/04\/Usual_Verbs.pdf\" target=\"_blank\" rel=\"noopener noreferrer\">Usual verbs 2<\/a><\/td>\n<\/tr>\n<tr>\n<td><a href=\"http:\/\/blogsaverroes.juntadeandalucia.es\/ceipluiscernuda\/files\/2016\/04\/Unit-4-6th.pdf\" target=\"_blank\" rel=\"noopener noreferrer\">Unit 4<\/a><\/td>\n<td><a href=\"http:\/\/blogsaverroes.juntadeandalucia.es\/ceipluiscernuda\/files\/2016\/04\/VOC8TEST.pdf\" target=\"_blank\" rel=\"noopener noreferrer\">Voc 8 Test<\/a><\/td>\n<\/tr>\n<tr>\n<td><a href=\"http:\/\/blogsaverroes.juntadeandalucia.es\/ceipluiscernuda\/files\/2016\/04\/Unit-5-6th.pdf\" target=\"_blank\" rel=\"noopener noreferrer\">Unit 5<\/a><\/td>\n<td><a href=\"http:\/\/blogsaverroes.juntadeandalucia.es\/ceipluiscernuda\/files\/2016\/04\/VOCAB8.pdf\" target=\"_blank\" rel=\"noopener noreferrer\">Voc 8<\/a><\/td>\n<\/tr>\n<tr>\n<td><a href=\"http:\/\/blogsaverroes.juntadeandalucia.es\/ceipluiscernuda\/files\/2016\/04\/Unit-6-6th.pdf\" target=\"_blank\" rel=\"noopener noreferrer\">Unit 6<\/a><\/td>\n<td><a href=\"http:\/\/blogsaverroes.juntadeandalucia.es\/ceipluiscernuda\/files\/2016\/04\/VOC9-10.pdf\" target=\"_blank\" rel=\"noopener noreferrer\">Voc 9-10<\/a><\/td>\n<\/tr>\n<\/tbody>\n<\/table>\n<div id=\"content\">\n<p>&nbsp;<\/p>\n<h3>Grammar<\/h3>\n<ol>\n<li><span style=\"line-height: 1.5\"><a href=\"http:\/\/blogsaverroes.juntadeandalucia.es\/ceipluiscernuda\/files\/2016\/04\/01.-ADVERBS-OF-FREQUENCY.pdf\" target=\"_blank\" rel=\"noopener noreferrer\">ADVERBS OF FREQUENCY<\/a><\/span><\/li>\n<li><a href=\"http:\/\/blogsaverroes.juntadeandalucia.es\/ceipluiscernuda\/files\/2016\/04\/02.-CAN.pdf\" target=\"_blank\" rel=\"noopener noreferrer\">CAN<\/a><\/li>\n<li><span style=\"line-height: 1.5\"><a href=\"http:\/\/blogsaverroes.juntadeandalucia.es\/ceipluiscernuda\/files\/2016\/04\/03.-COMPARISON-WITH-ADJECTIVES.pdf\" target=\"_blank\" rel=\"noopener noreferrer\">COMPARISON WITH ADJECTIVES<\/a><\/span><\/li>\n<li><span style=\"line-height: 1.5\"><a href=\"http:\/\/blogsaverroes.juntadeandalucia.es\/ceipluiscernuda\/files\/2016\/04\/04.-C\u00d3MO-SE-ESCRIBE-EL-INGL\u00c9S.pdf\" target=\"_blank\" rel=\"noopener noreferrer\">C\u00d3MO SE ESCRIBE EL INGL\u00c9S<\/a><\/span><\/li>\n<li><a href=\"http:\/\/blogsaverroes.juntadeandalucia.es\/ceipluiscernuda\/files\/2016\/04\/05.-DESCRIPTIONS.pdf\" target=\"_blank\" rel=\"noopener noreferrer\">DESCRIPTIONS<\/a><\/li>\n<li><a href=\"http:\/\/blogsaverroes.juntadeandalucia.es\/ceipluiscernuda\/files\/2016\/04\/06.-ENGLISH-PHONEMES.pdf\" target=\"_blank\" rel=\"noopener noreferrer\">ENGLISH PHONEMES<\/a><\/li>\n<li><a href=\"http:\/\/blogsaverroes.juntadeandalucia.es\/ceipluiscernuda\/files\/2016\/04\/07.-Genitive-Form-Whose.pdf\" target=\"_blank\" rel=\"noopener noreferrer\">Genitive Form &amp; Whose<\/a><\/li>\n<li><a href=\"http:\/\/blogsaverroes.juntadeandalucia.es\/ceipluiscernuda\/files\/2016\/04\/08.-GOING-TO.pdf\" target=\"_blank\" rel=\"noopener noreferrer\">GOING TO<\/a><\/li>\n<li><a href=\"http:\/\/blogsaverroes.juntadeandalucia.es\/ceipluiscernuda\/files\/2016\/04\/09.-Numbers.pdf\">Numbers<\/a><\/li>\n<li><a href=\"http:\/\/blogsaverroes.juntadeandalucia.es\/ceipluiscernuda\/files\/2016\/04\/10.-OBJECT-PRONOUNS.pdf\" target=\"_blank\" rel=\"noopener noreferrer\">OBJECT PRONOUNS<\/a><\/li>\n<li><a href=\"http:\/\/blogsaverroes.juntadeandalucia.es\/ceipluiscernuda\/files\/2016\/04\/11.-PAST-SIMPLE.pdf\" target=\"_blank\" rel=\"noopener noreferrer\">PAST SIMPLE<\/a><\/li>\n<li><a href=\"http:\/\/blogsaverroes.juntadeandalucia.es\/ceipluiscernuda\/files\/2016\/04\/12.-PLURAL-Demonstratives.pdf\" target=\"_blank\" rel=\"noopener noreferrer\">PLURAL &amp; Demonstratives<\/a><\/li>\n<li><a href=\"http:\/\/blogsaverroes.juntadeandalucia.es\/ceipluiscernuda\/files\/2016\/04\/13.-POSSESSIVE-ADJECTIVES.pdf\" target=\"_blank\" rel=\"noopener noreferrer\">POSSESSIVE ADJECTIVES<\/a><\/li>\n<li><a href=\"http:\/\/blogsaverroes.juntadeandalucia.es\/ceipluiscernuda\/files\/2016\/04\/14.-PRESENT-CONTINUOUS-4th.pdf\" target=\"_blank\" rel=\"noopener noreferrer\">PRESENT CONTINUOUS &#8211; 4th<\/a><\/li>\n<li><a href=\"http:\/\/blogsaverroes.juntadeandalucia.es\/ceipluiscernuda\/files\/2016\/04\/15.-PRESENT-CONTINUOUS.pdf\" target=\"_blank\" rel=\"noopener noreferrer\">PRESENT CONTINUOUS<\/a><\/li>\n<li><a href=\"http:\/\/blogsaverroes.juntadeandalucia.es\/ceipluiscernuda\/files\/2016\/04\/16.-PRESENT-SIMPLE.pdf\">PRESENT SIMPLE<\/a><\/li>\n<li><a href=\"http:\/\/blogsaverroes.juntadeandalucia.es\/ceipluiscernuda\/files\/2016\/04\/17.-QUANTIFIERS.pdf\" target=\"_blank\" rel=\"noopener noreferrer\">QUANTIFIERS<\/a><\/li>\n<li><a href=\"http:\/\/blogsaverroes.juntadeandalucia.es\/ceipluiscernuda\/files\/2016\/04\/18.-Question-Words-for-4th.pdf\" target=\"_blank\" rel=\"noopener noreferrer\">Question Words for 4th<\/a><\/li>\n<li><a href=\"http:\/\/blogsaverroes.juntadeandalucia.es\/ceipluiscernuda\/files\/2016\/04\/19.-QUESTION-WORDS.pdf\" target=\"_blank\" rel=\"noopener noreferrer\">QUESTION WORDS<\/a><\/li>\n<li><a href=\"http:\/\/blogsaverroes.juntadeandalucia.es\/ceipluiscernuda\/files\/2016\/04\/20.-REPASO-DE-ESTRUCTURAS-VERBALES.pdf\" target=\"_blank\" rel=\"noopener noreferrer\">REPASO DE ESTRUCTURAS VERBALES<\/a><\/li>\n<li><a href=\"http:\/\/blogsaverroes.juntadeandalucia.es\/ceipluiscernuda\/files\/2016\/04\/21.-SHOPPING.pdf\" target=\"_blank\" rel=\"noopener noreferrer\">SHOPPING<\/a><\/li>\n<li><a href=\"http:\/\/blogsaverroes.juntadeandalucia.es\/ceipluiscernuda\/files\/2016\/04\/22.-SUBJECT-PERSONAL-PRONOUNS-TO-BE.pdf\" target=\"_blank\" rel=\"noopener noreferrer\">SUBJECT PERSONAL PRONOUNS &amp; TO BE<\/a><\/li>\n<li><a href=\"http:\/\/blogsaverroes.juntadeandalucia.es\/ceipluiscernuda\/files\/2016\/04\/23.-THE-ENGLISH-ALPHABET.pdf\" target=\"_blank\" rel=\"noopener noreferrer\">THE ENGLISH ALPHABET<\/a><\/li>\n<li><a href=\"http:\/\/blogsaverroes.juntadeandalucia.es\/ceipluiscernuda\/files\/2016\/04\/24.-THE-TIME.pdf\" target=\"_blank\" rel=\"noopener noreferrer\">THE TIME<\/a><\/li>\n<li><a href=\"http:\/\/blogsaverroes.juntadeandalucia.es\/ceipluiscernuda\/files\/2016\/04\/25.-THE-WEATHER.pdf\" target=\"_blank\" rel=\"noopener noreferrer\">THE WEATHER<\/a><\/li>\n<li><a href=\"http:\/\/blogsaverroes.juntadeandalucia.es\/ceipluiscernuda\/files\/2016\/04\/26.-There-is-3rd.pdf\" target=\"_blank\" rel=\"noopener noreferrer\">There is &#8211; 3rd<\/a><\/li>\n<li><a href=\"http:\/\/blogsaverroes.juntadeandalucia.es\/ceipluiscernuda\/files\/2016\/04\/27.-there-is-a-some-any.pdf\" target=\"_blank\" rel=\"noopener noreferrer\">there is, a, some, any<\/a><\/li>\n<li><a href=\"http:\/\/blogsaverroes.juntadeandalucia.es\/ceipluiscernuda\/files\/2016\/04\/28.-TO-BE-Past-simple.pdf\" target=\"_blank\" rel=\"noopener noreferrer\">TO BE &#8211; Past simple<\/a><\/li>\n<li><a href=\"http:\/\/blogsaverroes.juntadeandalucia.es\/ceipluiscernuda\/files\/2016\/04\/29.-TO-HAVE-GOT.pdf\" target=\"_blank\" rel=\"noopener noreferrer\">TO HAVE GOT<\/a><\/li>\n<li><a href=\"http:\/\/blogsaverroes.juntadeandalucia.es\/ceipluiscernuda\/files\/2016\/04\/30.-TYING-THE-PARCEL-UP.pdf\" target=\"_blank\" rel=\"noopener noreferrer\">TYING THE PARCEL UP<\/a><\/li>\n<\/ol>\n<\/div>\n","protected":false},"excerpt":{"rendered":"<p>&nbsp;A trav\u00e9s de este icono se puede acceder al servidor de contenidos desde cualquier ordenador del centro. Hoy elaboramos cr\u00eapes D\u00eda Internacional de la Francofon\u00eda Fran\u00e7ais &nbsp; &nbsp; English 5th Unit 1 &nbsp; Grammar&#46;&#46;&#46;<\/p>\n","protected":false},"author":2943,"featured_media":0,"parent":0,"menu_order":0,"comment_status":"open","ping_status":"open","template":"","meta":{"ngg_post_thumbnail":0,"footnotes":""},"aioseo_notices":[],"_links":{"self":[{"href":"https:\/\/blogsaverroes.juntadeandalucia.es\/ceipluiscernuda\/wp-json\/wp\/v2\/pages\/1110"}],"collection":[{"href":"https:\/\/blogsaverroes.juntadeandalucia.es\/ceipluiscernuda\/wp-json\/wp\/v2\/pages"}],"about":[{"href":"https:\/\/blogsaverroes.juntadeandalucia.es\/ceipluiscernuda\/wp-json\/wp\/v2\/types\/page"}],"author":[{"embeddable":true,"href":"https:\/\/blogsaverroes.juntadeandalucia.es\/ceipluiscernuda\/wp-json\/wp\/v2\/users\/2943"}],"replies":[{"embeddable":true,"href":"https:\/\/blogsaverroes.juntadeandalucia.es\/ceipluiscernuda\/wp-json\/wp\/v2\/comments?post=1110"}],"version-history":[{"count":20,"href":"https:\/\/blogsaverroes.juntadeandalucia.es\/ceipluiscernuda\/wp-json\/wp\/v2\/pages\/1110\/revisions"}],"predecessor-version":[{"id":6437,"href":"https:\/\/blogsaverroes.juntadeandalucia.es\/ceipluiscernuda\/wp-json\/wp\/v2\/pages\/1110\/revisions\/6437"}],"wp:attachment":[{"href":"https:\/\/blogsaverroes.juntadeandalucia.es\/ceipluiscernuda\/wp-json\/wp\/v2\/media?parent=1110"}],"curies":[{"name":"wp","href":"https:\/\/api.w.org\/{rel}","templated":true}]}}