{"id":1172,"date":"2016-11-20T10:55:27","date_gmt":"2016-11-20T10:55:27","guid":{"rendered":"http:\/\/blogsaverroes.juntadeandalucia.es\/ceipluiscernuda\/?page_id=1172"},"modified":"2025-11-21T22:42:00","modified_gmt":"2025-11-21T21:42:00","slug":"proyecto-educativo-3","status":"publish","type":"page","link":"https:\/\/blogsaverroes.juntadeandalucia.es\/ceipluiscernuda\/proyecto-educativo-3\/","title":{"rendered":"Plan de Centro"},"content":{"rendered":"<p><a href=\"https:\/\/blogsaverroes.juntadeandalucia.es\/ceipluiscernuda\/files\/2016\/11\/Organigrama.gif\"><img loading=\"lazy\" decoding=\"async\" class=\"alignnone wp-image-1179\" src=\"https:\/\/blogsaverroes.juntadeandalucia.es\/ceipluiscernuda\/files\/2016\/11\/Organigrama.gif\" alt=\"Organigrama\" usemap=\"#Map\" width=\"500\" height=\"264\" border=\"0\"><\/a><\/p>\n<div id=\"container\">\n<div id=\"main\">\n<div id=\"content\">\n<map id=\"Map\" name=\"Map\">\n<area coords=\"1,1,230,50\" shape=\"rect\" href=\"https:\/\/blogsaverroes.juntadeandalucia.es\/ceipluiscernuda\/files\/2016\/11\/Plan-de-Centro.pdf\" target=\"_blank\">\n<area coords=\"130,73,495,103\" shape=\"rect\" href=\"\/\/blogsaverroes.juntadeandalucia.es\/ceipluiscernuda\/files\/2025\/11\/PROYECTO-EDUCATIVO.pdf\" target=\"_blank\">\n<area coords=\"130,128,495,158\" shape=\"rect\" href=\"https:\/\/blogsaverroes.juntadeandalucia.es\/ceipluiscernuda\/files\/2016\/02\/ROF.pdf\" target=\"_blank\">\n<area coords=\"130,183,495,213\" shape=\"rect\" href=\"https:\/\/blogsaverroes.juntadeandalucia.es\/ceipluiscernuda\/files\/2024\/01\/PROYECTO-DE-GESTI\u00d3N.pdf\" target=\"_blank\">\n<area coords=\"344,240,495,265\" shape=\"rect\" href=\"https:\/\/blogsaverroes.juntadeandalucia.es\/ceipluiscernuda\/fundamentos-legislativos\/\"> <\/map>\n<h2><a href=\"https:\/\/blogsaverroes.juntadeandalucia.es\/ceipluiscernuda\/files\/2024\/01\/LOMLOE-competencias-criterios-saberes.pdf\" target=\"_blank\" rel=\"noopener noreferrer\">Competencias espec\u00edficas, criterios de evaluaci\u00f3n y saberes b\u00e1sicos m\u00ednimos<\/a><\/h2>\n<h2><a href=\"https:\/\/blogsaverroes.juntadeandalucia.es\/ceipluiscernuda\/files\/2020\/09\/Protocolo-COVID-19-Luis-Cernuda.pdf\" target=\"_blank\" rel=\"noopener noreferrer\">Protocolo COVID-19<\/a><\/h2>\n<\/div>\n<\/div>\n<\/div>\n","protected":false},"excerpt":{"rendered":"<p>Competencias espec\u00edficas, criterios de evaluaci\u00f3n y saberes b\u00e1sicos m\u00ednimos Protocolo COVID-19<\/p>\n","protected":false},"author":2943,"featured_media":0,"parent":0,"menu_order":0,"comment_status":"open","ping_status":"open","template":"","meta":{"ngg_post_thumbnail":0,"footnotes":""},"aioseo_notices":[],"_links":{"self":[{"href":"https:\/\/blogsaverroes.juntadeandalucia.es\/ceipluiscernuda\/wp-json\/wp\/v2\/pages\/1172"}],"collection":[{"href":"https:\/\/blogsaverroes.juntadeandalucia.es\/ceipluiscernuda\/wp-json\/wp\/v2\/pages"}],"about":[{"href":"https:\/\/blogsaverroes.juntadeandalucia.es\/ceipluiscernuda\/wp-json\/wp\/v2\/types\/page"}],"author":[{"embeddable":true,"href":"https:\/\/blogsaverroes.juntadeandalucia.es\/ceipluiscernuda\/wp-json\/wp\/v2\/users\/2943"}],"replies":[{"embeddable":true,"href":"https:\/\/blogsaverroes.juntadeandalucia.es\/ceipluiscernuda\/wp-json\/wp\/v2\/comments?post=1172"}],"version-history":[{"count":64,"href":"https:\/\/blogsaverroes.juntadeandalucia.es\/ceipluiscernuda\/wp-json\/wp\/v2\/pages\/1172\/revisions"}],"predecessor-version":[{"id":7185,"href":"https:\/\/blogsaverroes.juntadeandalucia.es\/ceipluiscernuda\/wp-json\/wp\/v2\/pages\/1172\/revisions\/7185"}],"wp:attachment":[{"href":"https:\/\/blogsaverroes.juntadeandalucia.es\/ceipluiscernuda\/wp-json\/wp\/v2\/media?parent=1172"}],"curies":[{"name":"wp","href":"https:\/\/api.w.org\/{rel}","templated":true}]}}