{"id":1271,"date":"2016-12-10T12:56:20","date_gmt":"2016-12-10T11:56:20","guid":{"rendered":"http:\/\/blogsaverroes.juntadeandalucia.es\/ceipluiscernuda\/?page_id=1271"},"modified":"2024-05-13T15:35:01","modified_gmt":"2024-05-13T14:35:01","slug":"dia-internacional-del-libro","status":"publish","type":"page","link":"https:\/\/blogsaverroes.juntadeandalucia.es\/ceipluiscernuda\/dia-internacional-del-libro\/","title":{"rendered":"D\u00eda Internacional del Libro"},"content":{"rendered":"<h2>D\u00eda del libro 2024<\/h2>\n<p>El alumnado de m\u00e1s edad apadrina en la lectura al de menor edad en Primaria.<\/p>\nngg_shortcode_0_placeholder\n<h2>D\u00eda del libro 2023<\/h2>\n<p>Como colof\u00f3n en la celebraci\u00f3n del d\u00eda del libro, el CEIP Luis Cernuda recibe la visita de la escritora Susana Rico.<\/p>\n<p>La autora de la saga de Priscilla Kraim ha dirigido actividades de animaci\u00f3n a la lectura, ha respondido a preguntas del alumnado y ha organizado algunos juegos.<\/p>\n<div style=\"width: 640px;\" class=\"wp-video\"><!--[if lt IE 9]><script>document.createElement('video');<\/script><![endif]-->\n<video class=\"wp-video-shortcode\" id=\"video-1271-1\" width=\"640\" height=\"352\" preload=\"metadata\" controls=\"controls\"><source type=\"video\/mp4\" src=\"https:\/\/blogsaverroes.juntadeandalucia.es\/ceipluiscernuda\/files\/2023\/04\/2022-2023_d\u00eda_del_libro.mp4?_=1\" \/><a href=\"https:\/\/blogsaverroes.juntadeandalucia.es\/ceipluiscernuda\/files\/2023\/04\/2022-2023_d\u00eda_del_libro.mp4\">https:\/\/blogsaverroes.juntadeandalucia.es\/ceipluiscernuda\/files\/2023\/04\/2022-2023_d\u00eda_del_libro.mp4<\/a><\/video><\/div>\nngg_shortcode_1_placeholder\n<hr>\n<h2>D\u00eda del libro 2019<\/h2>\n<div>Actividades realizadas en para la Celebraci\u00f3n del D\u00eda del Libro en nuestro colegio:<\/div>\n<div>\n<ul>\n<li id=\"m_7838761548349016645geom_inter_1556978373988_36_15\">Cuentacuentos a cargo de las familias<\/li>\n<li>Acompa\u00f1amiento lector<\/li>\n<li>Creaci\u00f3n de un cuento internivelar<\/li>\n<li id=\"m_7838761548349016645geom_inter_1556978373989_22_16\">Derechos de los libros<\/li>\n<li>Visionado \u00abEl mejor corto del mundo para fomentar la lectura\u00bb<\/li>\n<\/ul>\n<\/div>\n<p>ngg_shortcode_2_placeholderUna de las actividades relacionadas con el D\u00eda del libro en 2018, fue el concurso para elegir la nueva mascota de la Biblioteca de nuestro colegio. Los alumnos y alumnas crearon multitud de mascotas posibles: libros bibliotecarios, robots inteligentes, toda clase de animales&#8230; Tras una votaci\u00f3n en la que particip\u00f3 todo el alumnado, sali\u00f3 ganador \u00abEl Se\u00f1or Cernud\u00edn\u00bb creado por la alumna de 5\u00baA Noelia Pizarro. Es un erizo lector que ha venido a vivir a nuestro cole y que nos acompa\u00f1ar\u00e1 en las mil y una aventuras que est\u00e1n por descubrir en los libros de nuestra Biblioteca. Gracias a los ni\u00f1os y ni\u00f1as&nbsp;por vuestra participaci\u00f3n y gracias a la mam\u00e1 de Paula y Alejandro&nbsp;Garc\u00eda Pern\u00eda por hacer realidad al Se\u00f1or Cernud\u00edn.<\/p>\n<p>ngg_shortcode_3_placeholder<div style=\"width: 352px;\" class=\"wp-video\"><video class=\"wp-video-shortcode\" id=\"video-1271-2\" width=\"352\" height=\"288\" preload=\"metadata\" controls=\"controls\"><source type=\"video\/x-flv\" src=\"https:\/\/blogsaverroes.juntadeandalucia.es\/ceipluiscernuda\/files\/2016\/12\/brujas_0.flv?_=2\" \/><a href=\"https:\/\/blogsaverroes.juntadeandalucia.es\/ceipluiscernuda\/files\/2016\/12\/brujas_0.flv\">https:\/\/blogsaverroes.juntadeandalucia.es\/ceipluiscernuda\/files\/2016\/12\/brujas_0.flv<\/a><\/video><\/div><\/p>\n<h3>Las brujas<\/h3>\n<div style=\"width: 352px;\" class=\"wp-video\"><video class=\"wp-video-shortcode\" id=\"video-1271-3\" width=\"352\" height=\"288\" preload=\"metadata\" controls=\"controls\"><source type=\"video\/x-flv\" src=\"https:\/\/blogsaverroes.juntadeandalucia.es\/ceipluiscernuda\/files\/2016\/12\/calzoncillo_0.flv?_=3\" \/><a href=\"https:\/\/blogsaverroes.juntadeandalucia.es\/ceipluiscernuda\/files\/2016\/12\/calzoncillo_0.flv\">https:\/\/blogsaverroes.juntadeandalucia.es\/ceipluiscernuda\/files\/2016\/12\/calzoncillo_0.flv<\/a><\/video><\/div>\n<h3>El Capit\u00e1n Calzoncillo y el ataque de los inodoros parlantes<\/h3>\n<div style=\"width: 352px;\" class=\"wp-video\"><video class=\"wp-video-shortcode\" id=\"video-1271-4\" width=\"352\" height=\"288\" preload=\"metadata\" controls=\"controls\"><source type=\"video\/x-flv\" src=\"https:\/\/blogsaverroes.juntadeandalucia.es\/ceipluiscernuda\/files\/2016\/12\/charlie_0.flv?_=4\" \/><a href=\"https:\/\/blogsaverroes.juntadeandalucia.es\/ceipluiscernuda\/files\/2016\/12\/charlie_0.flv\">https:\/\/blogsaverroes.juntadeandalucia.es\/ceipluiscernuda\/files\/2016\/12\/charlie_0.flv<\/a><\/video><\/div>\n<div class=\"feature\">\n<div id=\"content\">\n<h3 class=\"feature\">Charlie y la f\u00e1brica de chocolate<\/h3>\n<\/div>\n<\/div>\n<div class=\"feature\">\n<div style=\"width: 352px;\" class=\"wp-video\"><video class=\"wp-video-shortcode\" id=\"video-1271-5\" width=\"352\" height=\"288\" preload=\"metadata\" controls=\"controls\"><source type=\"video\/x-flv\" src=\"https:\/\/blogsaverroes.juntadeandalucia.es\/ceipluiscernuda\/files\/2016\/12\/fieras_0.flv?_=5\" \/><a href=\"https:\/\/blogsaverroes.juntadeandalucia.es\/ceipluiscernuda\/files\/2016\/12\/fieras_0.flv\">https:\/\/blogsaverroes.juntadeandalucia.es\/ceipluiscernuda\/files\/2016\/12\/fieras_0.flv<\/a><\/video><\/div>\n<div id=\"content\">\n<div class=\"feature\">\n<div id=\"content\">\n<h3 class=\"feature\">Las Fieras F\u00fatbol Club<\/h3>\n<\/div>\n<div style=\"width: 352px;\" class=\"wp-video\"><video class=\"wp-video-shortcode\" id=\"video-1271-6\" width=\"352\" height=\"288\" preload=\"metadata\" controls=\"controls\"><source type=\"video\/x-flv\" src=\"https:\/\/blogsaverroes.juntadeandalucia.es\/ceipluiscernuda\/files\/2016\/12\/bat_0.flv?_=6\" \/><a href=\"https:\/\/blogsaverroes.juntadeandalucia.es\/ceipluiscernuda\/files\/2016\/12\/bat_0.flv\">https:\/\/blogsaverroes.juntadeandalucia.es\/ceipluiscernuda\/files\/2016\/12\/bat_0.flv<\/a><\/video><\/div>\n<div id=\"content\">\n<h3 class=\"feature\">Bat Pat. El pirata Dientedeoro<\/h3>\n<\/div>\n<div style=\"width: 352px;\" class=\"wp-video\"><video class=\"wp-video-shortcode\" id=\"video-1271-7\" width=\"352\" height=\"288\" preload=\"metadata\" controls=\"controls\"><source type=\"video\/x-flv\" src=\"https:\/\/blogsaverroes.juntadeandalucia.es\/ceipluiscernuda\/files\/2016\/12\/matilda_0.flv?_=7\" \/><a href=\"https:\/\/blogsaverroes.juntadeandalucia.es\/ceipluiscernuda\/files\/2016\/12\/matilda_0.flv\">https:\/\/blogsaverroes.juntadeandalucia.es\/ceipluiscernuda\/files\/2016\/12\/matilda_0.flv<\/a><\/video><\/div>\n<div id=\"content\">\n<h3 class=\"feature\">Matilda<\/h3>\n<\/div>\n<div style=\"width: 352px;\" class=\"wp-video\"><video class=\"wp-video-shortcode\" id=\"video-1271-8\" width=\"352\" height=\"288\" preload=\"metadata\" controls=\"controls\"><source type=\"video\/x-flv\" src=\"https:\/\/blogsaverroes.juntadeandalucia.es\/ceipluiscernuda\/files\/2016\/12\/perro_0.flv?_=8\" \/><a href=\"https:\/\/blogsaverroes.juntadeandalucia.es\/ceipluiscernuda\/files\/2016\/12\/perro_0.flv\">https:\/\/blogsaverroes.juntadeandalucia.es\/ceipluiscernuda\/files\/2016\/12\/perro_0.flv<\/a><\/video><\/div>\n<div id=\"content\">\n<h3 class=\"feature\">El perro y los caracoles<\/h3>\n<div style=\"width: 854px;\" class=\"wp-video\"><video class=\"wp-video-shortcode\" id=\"video-1271-9\" width=\"854\" height=\"480\" preload=\"metadata\" controls=\"controls\"><source type=\"video\/x-flv\" src=\"https:\/\/blogsaverroes.juntadeandalucia.es\/ceipluiscernuda\/files\/2016\/12\/book.flv?_=9\" \/><a href=\"https:\/\/blogsaverroes.juntadeandalucia.es\/ceipluiscernuda\/files\/2016\/12\/book.flv\">https:\/\/blogsaverroes.juntadeandalucia.es\/ceipluiscernuda\/files\/2016\/12\/book.flv<\/a><\/video><\/div>\n<\/div>\n<\/div>\n<\/div>\n<\/div>\n","protected":false},"excerpt":{"rendered":"<p>D\u00eda del libro 2024 El alumnado de m\u00e1s edad apadrina en la lectura al de menor edad en Primaria. D\u00eda del libro 2023 Como colof\u00f3n en la celebraci\u00f3n del d\u00eda del libro, el CEIP&#46;&#46;&#46;<\/p>\n","protected":false},"author":2943,"featured_media":0,"parent":0,"menu_order":0,"comment_status":"open","ping_status":"open","template":"","meta":{"ngg_post_thumbnail":0,"footnotes":""},"aioseo_notices":[],"_links":{"self":[{"href":"https:\/\/blogsaverroes.juntadeandalucia.es\/ceipluiscernuda\/wp-json\/wp\/v2\/pages\/1271"}],"collection":[{"href":"https:\/\/blogsaverroes.juntadeandalucia.es\/ceipluiscernuda\/wp-json\/wp\/v2\/pages"}],"about":[{"href":"https:\/\/blogsaverroes.juntadeandalucia.es\/ceipluiscernuda\/wp-json\/wp\/v2\/types\/page"}],"author":[{"embeddable":true,"href":"https:\/\/blogsaverroes.juntadeandalucia.es\/ceipluiscernuda\/wp-json\/wp\/v2\/users\/2943"}],"replies":[{"embeddable":true,"href":"https:\/\/blogsaverroes.juntadeandalucia.es\/ceipluiscernuda\/wp-json\/wp\/v2\/comments?post=1271"}],"version-history":[{"count":17,"href":"https:\/\/blogsaverroes.juntadeandalucia.es\/ceipluiscernuda\/wp-json\/wp\/v2\/pages\/1271\/revisions"}],"predecessor-version":[{"id":6983,"href":"https:\/\/blogsaverroes.juntadeandalucia.es\/ceipluiscernuda\/wp-json\/wp\/v2\/pages\/1271\/revisions\/6983"}],"wp:attachment":[{"href":"https:\/\/blogsaverroes.juntadeandalucia.es\/ceipluiscernuda\/wp-json\/wp\/v2\/media?parent=1271"}],"curies":[{"name":"wp","href":"https:\/\/api.w.org\/{rel}","templated":true}]}}