{"id":1290,"date":"2016-12-10T15:41:35","date_gmt":"2016-12-10T14:41:35","guid":{"rendered":"http:\/\/blogsaverroes.juntadeandalucia.es\/ceipluiscernuda\/?page_id=1290"},"modified":"2017-05-16T18:38:03","modified_gmt":"2017-05-16T17:38:03","slug":"juegos","status":"publish","type":"page","link":"https:\/\/blogsaverroes.juntadeandalucia.es\/ceipluiscernuda\/juegos\/","title":{"rendered":"Juegos"},"content":{"rendered":"<ul>\n<li><strong>La adivina<\/strong><\/li>\n<li><strong>DiversiMundo<\/strong><\/li>\n<li><strong>De Roma a Gades (Consejer\u00eda de Educaci\u00f3n &#8211; Consejer\u00eda de Cultura)<\/strong><\/li>\n<li><strong>Saltos de las ranas<\/strong><\/li>\n<li><strong>La rebeli\u00f3n del dibujo (Alan Becker)<\/strong><\/li>\n<li><strong><a href=\"https:\/\/sites.google.com\/site\/clc41002025\/juegos-1\/saca-la-pieza-roja\" target=\"_blank\">Saca la pieza roja<\/a> (GAMEDESIGN)<\/strong><\/li>\n<li><strong><a href=\"https:\/\/sites.google.com\/site\/clc41002025\/juegos-1\/momia-del-faraon\" target=\"_blank\">Momia del fara\u00f3n<\/a> (Adam Grofesik y David Bricca con la ayuda del Sr. Vaughn Hilton)<\/strong><\/li>\n<li><strong><a href=\"https:\/\/sites.google.com\/site\/clc41002025\/juegos-1\/laberinto\" target=\"_blank\">Laberinto<\/a>&nbsp;(GAMEDESIGN)<\/strong><\/li>\n<li><strong><a href=\"https:\/\/sites.google.com\/site\/clc41002025\/juegos-1\/dinastia-shang-hai\" target=\"_blank\">Dinast\u00eda Shang Hai<\/a><\/strong><\/li>\n<li><strong>Las diferencias<\/strong><\/li>\n<li><strong>\u00bfD\u00f3nde est\u00e1n las siguientes&nbsp;inscripciones?<\/strong><\/li>\n<\/ul>\nngg_shortcode_0_placeholder\n<ul>\n<li><strong>\u00bfD\u00f3nde est\u00e1n los siguientes lugares?<\/strong><\/li>\n<\/ul>\nngg_shortcode_1_placeholder\n","protected":false},"excerpt":{"rendered":"<p>La adivina DiversiMundo De Roma a Gades (Consejer\u00eda de Educaci\u00f3n &#8211; Consejer\u00eda de Cultura) Saltos de las ranas La rebeli\u00f3n del dibujo (Alan Becker) Saca la pieza roja (GAMEDESIGN) Momia del fara\u00f3n (Adam Grofesik&#46;&#46;&#46;<\/p>\n","protected":false},"author":2943,"featured_media":0,"parent":0,"menu_order":0,"comment_status":"open","ping_status":"open","template":"","meta":{"ngg_post_thumbnail":0,"footnotes":""},"aioseo_notices":[],"_links":{"self":[{"href":"https:\/\/blogsaverroes.juntadeandalucia.es\/ceipluiscernuda\/wp-json\/wp\/v2\/pages\/1290"}],"collection":[{"href":"https:\/\/blogsaverroes.juntadeandalucia.es\/ceipluiscernuda\/wp-json\/wp\/v2\/pages"}],"about":[{"href":"https:\/\/blogsaverroes.juntadeandalucia.es\/ceipluiscernuda\/wp-json\/wp\/v2\/types\/page"}],"author":[{"embeddable":true,"href":"https:\/\/blogsaverroes.juntadeandalucia.es\/ceipluiscernuda\/wp-json\/wp\/v2\/users\/2943"}],"replies":[{"embeddable":true,"href":"https:\/\/blogsaverroes.juntadeandalucia.es\/ceipluiscernuda\/wp-json\/wp\/v2\/comments?post=1290"}],"version-history":[{"count":11,"href":"https:\/\/blogsaverroes.juntadeandalucia.es\/ceipluiscernuda\/wp-json\/wp\/v2\/pages\/1290\/revisions"}],"predecessor-version":[{"id":1796,"href":"https:\/\/blogsaverroes.juntadeandalucia.es\/ceipluiscernuda\/wp-json\/wp\/v2\/pages\/1290\/revisions\/1796"}],"wp:attachment":[{"href":"https:\/\/blogsaverroes.juntadeandalucia.es\/ceipluiscernuda\/wp-json\/wp\/v2\/media?parent=1290"}],"curies":[{"name":"wp","href":"https:\/\/api.w.org\/{rel}","templated":true}]}}