{"id":1904,"date":"2017-09-22T19:03:20","date_gmt":"2017-09-22T18:03:20","guid":{"rendered":"http:\/\/blogsaverroes.juntadeandalucia.es\/ceipluiscernuda\/?page_id=1904"},"modified":"2025-10-08T11:11:18","modified_gmt":"2025-10-08T10:11:18","slug":"epb","status":"publish","type":"page","link":"https:\/\/blogsaverroes.juntadeandalucia.es\/ceipluiscernuda\/epb\/","title":{"rendered":"Educaci\u00f3n Primaria"},"content":{"rendered":"<table style=\"height: 558px;width: 75.2669%;border-color: #faefae\" border=\"2\" cellspacing=\"2\" cellpadding=\"2\">\n<tbody>\n<tr style=\"height: 20px\">\n<td style=\"background-color: #ffffff;height: 20px;border-color: #ffffff;width: 175.742%;text-align: center;vertical-align: middle\" colspan=\"5\">&nbsp; &nbsp;&nbsp;<\/p>\n<h3>Edificio de Primaria<\/h3>\n<\/td>\n<\/tr>\n<tr style=\"height: 24px\">\n<td style=\"background-color: #cbcbcb;border-color: #ffffff;height: 24px;width: 175.742%;text-align: center\" colspan=\"5\">PRIMER CICLO&nbsp;&nbsp;&nbsp;&nbsp;<\/td>\n<\/tr>\n<tr style=\"height: 24px\">\n<td style=\"background-color: #dfdfdf;border-color: #ffffff;text-align: center;height: 24px;width: 50.1628%\" colspan=\"2\">PRIMERO (Aula 3)<\/td>\n<td style=\"background-color: #ffffff;border-color: #faefae;height: 72px;text-align: center;width: 1.85874%\" rowspan=\"2\">&nbsp;<\/td>\n<td style=\"background-color: #dfdfdf;border-color: #faefae;text-align: center;height: 24px;width: 123.72%\" colspan=\"2\">SEGUNDO (Aula 2)<\/td>\n<\/tr>\n<tr style=\"height: 24px\">\n<td style=\"background-color: #ffffff;border-color: #faefae;text-align: center;vertical-align: middle;height: 24px;width: 2.56798%\">&#8211;<\/td>\n<td style=\"background-color: #faefae;border-color: #ffffff;text-align: left;vertical-align: middle;height: 24px;width: 47.5948%\">Luis Miguel S\u00e1nchez Casado<\/td>\n<td style=\"background-color: #ffffff;border-color: #faefae;height: 24px;text-align: center;vertical-align: middle;width: 1.85874%\">&#8211;<\/td>\n<td style=\"background-color: #faefae;border-color: #ffffff;vertical-align: middle;height: 24px;width: 121.861%;text-align: left\">Mar\u00eda Dolores Mej\u00edas L\u00f3pez<\/td>\n<\/tr>\n<tr style=\"height: 24px\">\n<td style=\"background-color: #cbcbcb;border-color: #ffffff;text-align: center;height: 24px;width: 175.742%\" colspan=\"5\">SEGUNDO CICLO&nbsp;&nbsp;&nbsp;&nbsp;<\/td>\n<\/tr>\n<tr style=\"height: 24px\">\n<td style=\"background-color: #dfdfdf;border-color: #ffffff;text-align: center;height: 10px;width: 50.1628%\" colspan=\"2\">TERCERO (Aula 4)<\/td>\n<td style=\"background-color: #ffffff;border-color: #faefae;height: 34px;text-align: center;width: 1.85874%\" rowspan=\"2\">&nbsp;&nbsp;<\/td>\n<td style=\"background-color: #dfdfdf;border-color: #ffffff;text-align: center;height: 10px;width: 123.72%\" colspan=\"2\">CUARTO (Aula 7)<\/td>\n<\/tr>\n<tr style=\"height: 24px\">\n<td style=\"background-color: #ffffff;border-color: #faefae;text-align: center;vertical-align: middle;height: 24px;width: 2.56798%\">&#8211;<\/td>\n<td style=\"background-color: #faefae;border-color: #ffffff;text-align: left;vertical-align: middle;height: 24px;width: 47.5948%\">Cristina Castillo Velasco<\/td>\n<td style=\"background-color: #ffffff;border-color: #faefae;height: 24px;text-align: center;vertical-align: middle;width: 1.85874%\">&#8211;<\/td>\n<td style=\"background-color: #faefae;border-color: #ffffff;text-align: left;vertical-align: middle;height: 24px;width: 121.861%\">Cristina Morales G\u00f3mez<\/td>\n<\/tr>\n<tr style=\"height: 24px\">\n<td style=\"background-color: #cbcbcb;border-color: #ffffff;text-align: center;height: 24px;width: 175.742%\" colspan=\"5\">TERCER CICLO&nbsp;&nbsp;&nbsp;&nbsp;<\/td>\n<\/tr>\n<tr style=\"height: 24px\">\n<td style=\"background-color: #dfdfdf;border-color: #ffffff;text-align: center;height: 24px;width: 50.1628%\" colspan=\"2\">QUINTO (Aula8)<\/td>\n<td style=\"background-color: #ffffff;border-color: #faefae;height: 48px;text-align: center;width: 1.85874%\" rowspan=\"2\">&nbsp;<\/td>\n<td style=\"background-color: #dfdfdf;border-color: #ffffff;text-align: center;height: 24px;width: 123.72%\" colspan=\"2\">SEXTO (Aula9)<\/td>\n<\/tr>\n<tr style=\"height: 24px\">\n<td style=\"background-color: #ffffff;border-color: #faefae;text-align: center;vertical-align: middle;height: 24px;width: 2.56798%\">&#8211;<\/td>\n<td style=\"background-color: #faefae;border-color: #ffffff;text-align: left;vertical-align: middle;height: 24px;width: 47.5948%\">Carlos Guerra Guzm\u00e1n<\/td>\n<td style=\"background-color: #ffffff;border-color: #faefae;height: 24px;text-align: center;vertical-align: middle;width: 1.85874%\">&#8211;<\/td>\n<td style=\"background-color: #faefae;border-color: #ffffff;text-align: left;vertical-align: middle;height: 24px;width: 121.861%\">Juan Antonio Carranza Andrade<\/td>\n<\/tr>\n<tr style=\"height: 24px\">\n<td style=\"background-color: #cbcbcb;height: 24px;border-color: #ffffff;text-align: center;width: 175.742%\" colspan=\"5\">ESPECIALIDADES&nbsp;&nbsp;&nbsp;&nbsp;<\/td>\n<\/tr>\n<tr style=\"height: 24px\">\n<td style=\"border-color: #faefae;text-align: right;vertical-align: middle;height: 24px;width: 52.0215%\" colspan=\"3\">INGL\u00c9S (Aula10)<\/td>\n<td style=\"background-color: #faefae;border-color: #ffffff;text-align: left;vertical-align: middle;height: 24px;width: 123.72%\" colspan=\"2\">Celia L\u00f3pez L\u00f3pez<\/td>\n<\/tr>\n<tr style=\"height: 24px\">\n<td style=\"border-color: #faefae;text-align: right;vertical-align: middle;height: 24px;width: 52.0215%\" colspan=\"3\">FRANC\u00c9S<\/td>\n<td style=\"background-color: #faefae;border-color: #ffffff;text-align: left;vertical-align: middle;height: 24px;width: 123.72%\" colspan=\"2\">Cristina Morales G\u00f3mez<\/td>\n<\/tr>\n<tr style=\"height: 24px\">\n<td style=\"border-color: #faefae;text-align: right;vertical-align: middle;height: 24px;width: 52.0215%\" colspan=\"3\">M\u00daSICA<\/td>\n<td style=\"background-color: #faefae;border-color: #ffffff;text-align: left;vertical-align: middle;height: 24px;width: 123.72%\" colspan=\"2\">Juan Antonio Carranza Andrade&nbsp;<\/td>\n<\/tr>\n<tr style=\"height: 24px\">\n<td style=\"border-color: #faefae;text-align: right;vertical-align: middle;height: 24px;width: 52.0215%\" colspan=\"3\">EDUCACI\u00d3N F\u00cdSICA<\/td>\n<td style=\"background-color: #faefae;border-color: #ffffff;text-align: left;vertical-align: middle;height: 24px;width: 123.72%\" colspan=\"2\">Celia V\u00e1zquez Campos<\/td>\n<\/tr>\n<tr style=\"height: 24px\">\n<td style=\"border-color: #faefae;text-align: right;vertical-align: middle;height: 24px;width: 52.0215%\" colspan=\"3\">APOYO Y REFUERZO<\/td>\n<td style=\"background-color: #faefae;border-color: #ffffff;text-align: left;vertical-align: middle;height: 24px;width: 123.72%\" colspan=\"2\">Isabel Blanco Neva<\/p>\n<p>Jos\u00e9 Mar\u00eda Ortega Agundez<\/td>\n<\/tr>\n<tr style=\"height: 24px\">\n<td style=\"border-color: #faefae;text-align: right;vertical-align: middle;height: 24px;width: 52.0215%\" colspan=\"3\">RELIGI\u00d3N CAT\u00d3LICA (Aula 12)<\/td>\n<td style=\"background-color: #faefae;border-color: #ffffff;text-align: left;vertical-align: middle;height: 24px;width: 123.72%\" colspan=\"2\">Bel\u00e9n Mirasierra Lobat\u00f3n<\/td>\n<\/tr>\n<tr style=\"height: 24px\">\n<td style=\"border-color: #faefae;text-align: right;vertical-align: middle;height: 24px;width: 52.0215%\" colspan=\"3\">RELIGI\u00d3N EVANG\u00c9LICA<\/td>\n<td style=\"background-color: #faefae;border-color: #ffffff;text-align: left;vertical-align: middle;height: 24px;width: 123.72%\" colspan=\"2\">Salem Carrera Moyano&nbsp;<\/td>\n<\/tr>\n<tr style=\"height: 24px\">\n<td style=\"border-color: #faefae;text-align: right;vertical-align: middle;height: 24px;width: 52.0215%\" colspan=\"3\">PEDAGOG\u00cdA TERAP\u00c9UTICA<\/td>\n<td style=\"background-color: #faefae;border-color: #ffffff;text-align: left;vertical-align: middle;height: 24px;width: 123.72%\" colspan=\"2\">Elena Mart\u00ednez L\u00f3pez<\/td>\n<\/tr>\n<tr style=\"height: 24px\">\n<td style=\"border-color: #faefae;text-align: right;vertical-align: middle;height: 24px;width: 52.0215%\" colspan=\"3\">AUDICI\u00d3N Y LENGUAJE<\/td>\n<td style=\"background-color: #faefae;border-color: #ffffff;text-align: left;vertical-align: middle;height: 24px;width: 123.72%\" colspan=\"2\">Nuria Terr\u00f3n Rodr\u00edguez<\/td>\n<\/tr>\n<tr style=\"height: 24px\">\n<td style=\"border-color: #faefae;text-align: right;vertical-align: middle;height: 24px;width: 52.0215%\" colspan=\"3\">ORIENTACI\u00d3N EXTERNA<\/td>\n<td style=\"background-color: #faefae;border-color: #ffffff;text-align: left;vertical-align: middle;height: 24px;width: 123.72%\" colspan=\"2\">Mar\u00eda del Rosario Reyeros Lanzarote<\/td>\n<\/tr>\n<\/tbody>\n<\/table>\n","protected":false},"excerpt":{"rendered":"<p>&nbsp; &nbsp;&nbsp; Edificio de Primaria PRIMER CICLO&nbsp;&nbsp;&nbsp;&nbsp; PRIMERO (Aula 3) &nbsp; SEGUNDO (Aula 2) &#8211; Luis Miguel S\u00e1nchez Casado &#8211; Mar\u00eda Dolores Mej\u00edas L\u00f3pez SEGUNDO CICLO&nbsp;&nbsp;&nbsp;&nbsp; TERCERO (Aula 4) &nbsp;&nbsp; CUARTO (Aula 7) &#8211;&#46;&#46;&#46;<\/p>\n","protected":false},"author":2943,"featured_media":0,"parent":0,"menu_order":0,"comment_status":"closed","ping_status":"closed","template":"","meta":{"ngg_post_thumbnail":0,"footnotes":""},"aioseo_notices":[],"_links":{"self":[{"href":"https:\/\/blogsaverroes.juntadeandalucia.es\/ceipluiscernuda\/wp-json\/wp\/v2\/pages\/1904"}],"collection":[{"href":"https:\/\/blogsaverroes.juntadeandalucia.es\/ceipluiscernuda\/wp-json\/wp\/v2\/pages"}],"about":[{"href":"https:\/\/blogsaverroes.juntadeandalucia.es\/ceipluiscernuda\/wp-json\/wp\/v2\/types\/page"}],"author":[{"embeddable":true,"href":"https:\/\/blogsaverroes.juntadeandalucia.es\/ceipluiscernuda\/wp-json\/wp\/v2\/users\/2943"}],"replies":[{"embeddable":true,"href":"https:\/\/blogsaverroes.juntadeandalucia.es\/ceipluiscernuda\/wp-json\/wp\/v2\/comments?post=1904"}],"version-history":[{"count":90,"href":"https:\/\/blogsaverroes.juntadeandalucia.es\/ceipluiscernuda\/wp-json\/wp\/v2\/pages\/1904\/revisions"}],"predecessor-version":[{"id":7182,"href":"https:\/\/blogsaverroes.juntadeandalucia.es\/ceipluiscernuda\/wp-json\/wp\/v2\/pages\/1904\/revisions\/7182"}],"wp:attachment":[{"href":"https:\/\/blogsaverroes.juntadeandalucia.es\/ceipluiscernuda\/wp-json\/wp\/v2\/media?parent=1904"}],"curies":[{"name":"wp","href":"https:\/\/api.w.org\/{rel}","templated":true}]}}