{"id":1928,"date":"2017-09-22T19:53:33","date_gmt":"2017-09-22T18:53:33","guid":{"rendered":"http:\/\/blogsaverroes.juntadeandalucia.es\/ceipluiscernuda\/?page_id=1928"},"modified":"2024-10-23T10:19:20","modified_gmt":"2024-10-23T09:19:20","slug":"epa","status":"publish","type":"page","link":"https:\/\/blogsaverroes.juntadeandalucia.es\/ceipluiscernuda\/epa\/","title":{"rendered":"Educaci\u00f3n Primaria."},"content":{"rendered":"<table style=\"border-color: #faefae;width: 48.3584%;height: 530px\" border=\"2\" cellspacing=\"2\" cellpadding=\"2\">\n<tbody>\n<tr style=\"height: 20px\">\n<td style=\"background-color: #ffffff;height: 20px;border-color: #ffffff;text-align: center;vertical-align: middle;width: 69.9396%\" colspan=\"5\">&nbsp; &nbsp;&nbsp;<\/td>\n<td style=\"background-color: #ffffff;height: 20px;border-color: #faefae;text-align: center;vertical-align: middle;width: 27.3414%\">\n<h3 style=\"text-align: center\">Edificio de Primaria<\/h3>\n<\/td>\n<\/tr>\n<tr style=\"height: 24px\">\n<td style=\"background-color: #cbcbcb;border-color: #ffffff;text-align: center;height: 24px;width: 69.9396%\" colspan=\"5\">PRIMER CICLO&nbsp;&nbsp;&nbsp;&nbsp;<\/td>\n<td style=\"border-color: #faefae;height: 48px;text-align: center;vertical-align: middle;width: 174.034px\" rowspan=\"2\"><strong>Planta Alta<\/strong>&nbsp;\/\/<a href=\"https:\/\/blogsaverroes.juntadeandalucia.es\/ceipluiscernuda\/epb\/\"><img loading=\"lazy\" decoding=\"async\" class=\"alignnone size-full wp-image-104\" src=\"https:\/\/blogsaverroes.juntadeandalucia.es\/ceipluiscernuda\/files\/2016\/01\/flechabajo.gif\" alt=\"\" width=\"25\" height=\"25\"><\/a><\/td>\n<\/tr>\n<tr style=\"height: 24px\">\n<td style=\"background-color: #dfdfdf;border-color: #ffffff;text-align: center;height: 24px;width: 33.8369%\" colspan=\"2\">PRIMERO<\/td>\n<td style=\"background-color: #ffffff;border-color: #faefae;height: 72px;text-align: center;width: 2.26586%\" rowspan=\"2\">&nbsp;<\/td>\n<td style=\"background-color: #dfdfdf;border-color: #faefae;text-align: center;height: 24px;width: 33.8369%\" colspan=\"2\">SEGUNDO<\/td>\n<\/tr>\n<tr style=\"height: 24px\">\n<td style=\"background-color: #ffffff;border-color: #faefae;text-align: center;vertical-align: middle;height: 24px;width: 2.56798%\">&#8211;<\/td>\n<td style=\"background-color: #faefae;border-color: #ffffff;text-align: left;vertical-align: middle;height: 24px;width: 31.2689%\">Mar\u00eda Dolores Mej\u00edas L\u00f3pez<\/td>\n<td style=\"background-color: #ffffff;border-color: #faefae;height: 24px;text-align: center;vertical-align: middle;width: 2.56798%\">&#8211;<\/td>\n<td style=\"background-color: #faefae;border-color: #ffffff;vertical-align: middle;height: 24px;width: 31.2689%;text-align: left\">Cristina Castillo Velasco<\/td>\n<td style=\"border-color: #faefae;text-align: center;vertical-align: top;width: 27.3414%;height: 462px\" rowspan=\"19\">\n<ul id=\"au\">\n<li id=\"a7\"><a href=\"epa.php\" target=\"_blank\" rel=\"noopener noreferrer\">Aula 7<\/a><\/li>\n<li id=\"a8\"><a href=\"epa.php\" target=\"_blank\" rel=\"noopener noreferrer\">Aula 8<\/a><\/li>\n<li id=\"a9\"><a href=\"epa.php\" target=\"_blank\" rel=\"noopener noreferrer\">Aula 9<\/a><\/li>\n<li id=\"a10\"><a href=\"epa.php\" target=\"_blank\" rel=\"noopener noreferrer\">Aula 10<\/a><\/li>\n<li id=\"a11\"><a href=\"epa.php\" target=\"_blank\" rel=\"noopener noreferrer\">Aula 11<\/a><\/li>\n<li id=\"a12\"><a href=\"epa.php\" target=\"_blank\" rel=\"noopener noreferrer\">Aula 12<\/a><\/li>\n<li id=\"apt\"><a href=\"epa.php\" target=\"_blank\" rel=\"noopener noreferrer\">Aula PT<\/a><\/li>\n<\/ul>\n<\/td>\n<\/tr>\n<tr style=\"height: 24px\">\n<td style=\"background-color: #cbcbcb;border-color: #ffffff;text-align: center;height: 24px;width: 69.9396%\" colspan=\"5\">SEGUNDO CICLO&nbsp;&nbsp;&nbsp;&nbsp;<\/td>\n<\/tr>\n<tr style=\"height: 24px\">\n<td style=\"background-color: #dfdfdf;border-color: #ffffff;text-align: center;height: 10px;width: 33.8369%\" colspan=\"2\">TERCERO<\/td>\n<td style=\"background-color: #ffffff;border-color: #faefae;height: 20px;text-align: center;width: 2.26586%\" rowspan=\"2\">&nbsp;&nbsp;<\/td>\n<td style=\"background-color: #dfdfdf;border-color: #ffffff;text-align: center;height: 10px;width: 33.8369%\" colspan=\"2\">CUARTO<\/td>\n<\/tr>\n<tr style=\"height: 24px\">\n<td style=\"background-color: #ffffff;border-color: #faefae;text-align: center;vertical-align: middle;height: 10px;width: 2.56798%\">&#8211;<\/td>\n<td style=\"background-color: #faefae;border-color: #ffffff;text-align: left;vertical-align: middle;height: 10px;width: 31.2689%\">Cristina Morales G\u00f3mez<\/td>\n<td style=\"background-color: #ffffff;border-color: #faefae;height: 10px;text-align: center;vertical-align: middle;width: 2.56798%\">&#8211;<\/td>\n<td style=\"background-color: #faefae;border-color: #ffffff;text-align: left;vertical-align: middle;height: 10px;width: 31.2689%\">Mar\u00eda Dolores Rold\u00e1n Serrano<\/td>\n<\/tr>\n<tr style=\"height: 24px\">\n<td style=\"background-color: #cbcbcb;border-color: #ffffff;text-align: center;height: 24px;width: 69.9396%\" colspan=\"5\">TERCER CICLO&nbsp;&nbsp;&nbsp;&nbsp;<\/td>\n<\/tr>\n<tr style=\"height: 24px\">\n<td style=\"background-color: #dfdfdf;border-color: #ffffff;text-align: center;height: 24px;width: 33.8369%\" colspan=\"2\">QUINTO<\/td>\n<td style=\"background-color: #ffffff;border-color: #faefae;height: 48px;text-align: center;width: 2.26586%\" rowspan=\"2\">&nbsp;<\/td>\n<td style=\"background-color: #dfdfdf;border-color: #ffffff;text-align: center;height: 24px;width: 33.8369%\" colspan=\"2\">SEXTO<\/td>\n<\/tr>\n<tr style=\"height: 24px\">\n<td style=\"background-color: #ffffff;border-color: #faefae;text-align: center;vertical-align: middle;height: 24px;width: 2.56798%\">&#8211;<\/td>\n<td style=\"background-color: #faefae;border-color: #ffffff;text-align: left;vertical-align: middle;height: 24px;width: 31.2689%\">Juan Antonio Carranza Andrade<\/td>\n<td style=\"background-color: #ffffff;border-color: #faefae;height: 24px;text-align: center;vertical-align: middle;width: 2.56798%\">A<\/td>\n<td style=\"background-color: #faefae;border-color: #ffffff;text-align: left;vertical-align: middle;height: 24px;width: 31.2689%\">Carlos Guerra Guzm\u00e1n<\/td>\n<\/tr>\n<tr>\n<td style=\"background-color: #ffffff;border-color: #faefae;text-align: center;vertical-align: middle;width: 2.56798%\">&nbsp;<\/td>\n<td style=\"background-color: #ffffff;border-color: #ffffff;width: 31.2689%;text-align: left;vertical-align: middle\">&nbsp;<\/td>\n<td style=\"background-color: #ffffff;border-color: #faefae;text-align: center;width: 2.26586%\">&nbsp;<\/td>\n<td style=\"background-color: #ffffff;border-color: #faefae;text-align: center;vertical-align: middle;width: 2.56798%\">B<\/td>\n<td style=\"background-color: #faefae;border-color: #ffffff;text-align: left;vertical-align: middle;width: 31.2689%\">Luis Miguel S\u00e1nchez Casado<\/td>\n<\/tr>\n<tr style=\"height: 24px\">\n<td style=\"background-color: #cbcbcb;height: 24px;border-color: #ffffff;text-align: center;width: 69.9396%\" colspan=\"5\">ESPECIALIDADES&nbsp;&nbsp;&nbsp;&nbsp;<\/td>\n<\/tr>\n<tr style=\"height: 24px\">\n<td style=\"border-color: #faefae;text-align: right;vertical-align: middle;height: 24px;width: 2.56798%\" colspan=\"3\">INGL\u00c9S<\/td>\n<td style=\"background-color: #faefae;border-color: #ffffff;text-align: left;vertical-align: middle;height: 24px;width: 33.8369%\" colspan=\"2\">Matilde Gonz\u00e1lez Bosch<\/td>\n<\/tr>\n<tr style=\"height: 24px\">\n<td style=\"border-color: #faefae;text-align: right;vertical-align: middle;height: 24px;width: 36.1027%\" colspan=\"3\">FRANC\u00c9S<\/td>\n<td style=\"background-color: #faefae;border-color: #ffffff;text-align: left;vertical-align: middle;height: 24px;width: 33.8369%\" colspan=\"2\">Cristina Morales G\u00f3mez<\/td>\n<\/tr>\n<tr style=\"height: 24px\">\n<td style=\"border-color: #faefae;text-align: right;vertical-align: middle;height: 24px;width: 36.1027%\" colspan=\"3\">M\u00daSICA<\/td>\n<td style=\"background-color: #faefae;border-color: #ffffff;text-align: left;vertical-align: middle;height: 24px;width: 33.8369%\" colspan=\"2\">Juan Antonio Carranza Andrade&nbsp;<\/td>\n<\/tr>\n<tr style=\"height: 24px\">\n<td style=\"border-color: #faefae;text-align: right;vertical-align: middle;height: 10px;width: 36.1027%\" colspan=\"3\">EDUCACI\u00d3N F\u00cdSICA<\/td>\n<td style=\"background-color: #faefae;border-color: #ffffff;text-align: left;vertical-align: middle;height: 10px;width: 33.8369%\" colspan=\"2\">Celia V\u00e1zquez Campos<\/td>\n<\/tr>\n<tr style=\"height: 24px\">\n<td style=\"border-color: #faefae;text-align: right;vertical-align: middle;height: 24px;width: 36.1027%\" colspan=\"3\">APOYO Y REFUERZO<\/td>\n<td style=\"background-color: #faefae;border-color: #ffffff;text-align: left;vertical-align: middle;height: 24px;width: 33.8369%\" colspan=\"2\">Isabel Blanco Neva&nbsp;<\/p>\n<p>Cristina Morales G\u00f3mez<\/td>\n<\/tr>\n<tr style=\"height: 24px\">\n<td style=\"border-color: #faefae;text-align: right;vertical-align: middle;height: 24px;width: 36.1027%\" colspan=\"3\">RELIGI\u00d3N CAT\u00d3LICA<\/td>\n<td style=\"background-color: #faefae;border-color: #ffffff;text-align: left;vertical-align: middle;height: 24px;width: 33.8369%\" colspan=\"2\">Mar\u00eda Dolores P\u00e9rez Fern\u00e1ndez<\/td>\n<\/tr>\n<tr style=\"height: 24px\">\n<td style=\"border-color: #faefae;text-align: right;vertical-align: middle;height: 24px;width: 36.1027%\" colspan=\"3\">RELIGI\u00d3N EVANG\u00c9LICA<\/td>\n<td style=\"background-color: #faefae;border-color: #ffffff;text-align: left;vertical-align: middle;height: 24px;width: 33.8369%\" colspan=\"2\">Salem Carrera Moyano&nbsp;<\/td>\n<\/tr>\n<tr style=\"height: 24px\">\n<td style=\"border-color: #faefae;text-align: right;vertical-align: middle;height: 24px;width: 36.1027%\" colspan=\"3\">PEDAGOG\u00cdA TERAP\u00c9UTICA<\/td>\n<td style=\"background-color: #faefae;border-color: #ffffff;text-align: left;vertical-align: middle;height: 24px;width: 33.8369%\" colspan=\"2\">Elena Mart\u00ednez L\u00f3pez<\/td>\n<\/tr>\n<tr style=\"height: 24px\">\n<td style=\"border-color: #faefae;text-align: right;vertical-align: middle;height: 24px;width: 36.1027%\" colspan=\"3\">AUDICI\u00d3N Y LENGUAJE<\/td>\n<td style=\"background-color: #faefae;border-color: #ffffff;text-align: left;vertical-align: middle;height: 24px;width: 33.8369%\" colspan=\"2\">Nuria Terr\u00f3n Rodr\u00edguez<\/td>\n<\/tr>\n<tr style=\"height: 24px\">\n<td style=\"border-color: #faefae;text-align: right;vertical-align: middle;height: 24px;width: 36.1027%\" colspan=\"3\">ORIENTACI\u00d3N EXTERNA<\/td>\n<td style=\"background-color: #faefae;border-color: #ffffff;text-align: left;vertical-align: middle;height: 24px;width: 33.8369%\" colspan=\"2\">&nbsp;<\/td>\n<\/tr>\n<\/tbody>\n<\/table>\n","protected":false},"excerpt":{"rendered":"<p>&nbsp; &nbsp;&nbsp; Edificio de Primaria PRIMER CICLO&nbsp;&nbsp;&nbsp;&nbsp; Planta Alta&nbsp;\/\/ PRIMERO &nbsp; SEGUNDO &#8211; Mar\u00eda Dolores Mej\u00edas L\u00f3pez &#8211; Cristina Castillo Velasco Aula 7 Aula 8 Aula 9 Aula 10 Aula 11 Aula 12 Aula&#46;&#46;&#46;<\/p>\n","protected":false},"author":2943,"featured_media":0,"parent":0,"menu_order":0,"comment_status":"closed","ping_status":"closed","template":"","meta":{"ngg_post_thumbnail":0,"footnotes":""},"aioseo_notices":[],"_links":{"self":[{"href":"https:\/\/blogsaverroes.juntadeandalucia.es\/ceipluiscernuda\/wp-json\/wp\/v2\/pages\/1928"}],"collection":[{"href":"https:\/\/blogsaverroes.juntadeandalucia.es\/ceipluiscernuda\/wp-json\/wp\/v2\/pages"}],"about":[{"href":"https:\/\/blogsaverroes.juntadeandalucia.es\/ceipluiscernuda\/wp-json\/wp\/v2\/types\/page"}],"author":[{"embeddable":true,"href":"https:\/\/blogsaverroes.juntadeandalucia.es\/ceipluiscernuda\/wp-json\/wp\/v2\/users\/2943"}],"replies":[{"embeddable":true,"href":"https:\/\/blogsaverroes.juntadeandalucia.es\/ceipluiscernuda\/wp-json\/wp\/v2\/comments?post=1928"}],"version-history":[{"count":30,"href":"https:\/\/blogsaverroes.juntadeandalucia.es\/ceipluiscernuda\/wp-json\/wp\/v2\/pages\/1928\/revisions"}],"predecessor-version":[{"id":7072,"href":"https:\/\/blogsaverroes.juntadeandalucia.es\/ceipluiscernuda\/wp-json\/wp\/v2\/pages\/1928\/revisions\/7072"}],"wp:attachment":[{"href":"https:\/\/blogsaverroes.juntadeandalucia.es\/ceipluiscernuda\/wp-json\/wp\/v2\/media?parent=1928"}],"curies":[{"name":"wp","href":"https:\/\/api.w.org\/{rel}","templated":true}]}}