{"id":220,"date":"2016-01-30T17:47:57","date_gmt":"2016-01-30T17:47:57","guid":{"rendered":"http:\/\/blogsaverroes.juntadeandalucia.es\/ceipluiscernuda\/?page_id=220"},"modified":"2026-02-12T10:50:37","modified_gmt":"2026-02-12T09:50:37","slug":"tutoria","status":"publish","type":"page","link":"https:\/\/blogsaverroes.juntadeandalucia.es\/ceipluiscernuda\/tutoria\/","title":{"rendered":"Centro infantil"},"content":{"rendered":"<hr>\n<h3>Relaci\u00f3n de libros de texto por etapas educativas<\/h3>\n<h4>Educaci\u00f3n Infantil (2025-2026)<\/h4>\n<p>Los libros de texto para la etapa de Educaci\u00f3n Infantil se pueden conocer a trav\u00e9s del tabl\u00f3n de anuncios del centro o mediante el siguiente enlace.<a href=\"https:\/\/blogsaverroes.juntadeandalucia.es\/ceipluiscernuda\/files\/2025\/06\/textos_infantil_2025-2026.pdf\" target=\"_blank\" rel=\"noopener\"><img loading=\"lazy\" decoding=\"async\" class=\"alignnone wp-image-105 size-full\" src=\"https:\/\/blogsaverroes.juntadeandalucia.es\/ceipluiscernuda\/files\/2016\/01\/flechasiguiente.gif\" alt=\"flechasiguiente\" width=\"25\" height=\"25\"><\/a><\/p>\n<h4>Educaci\u00f3n Primaria (Implantaci\u00f3n 2023 y siguientes)<\/h4>\n<p>Los libros de texto para la etapa de Educaci\u00f3n Primaria pertenecientes al Programa de Gratuidad se pueden conocer a trav\u00e9s del tabl\u00f3n de anuncios del centro o mediante el siguiente enlace.<a href=\"https:\/\/blogsaverroes.juntadeandalucia.es\/ceipluiscernuda\/files\/2023\/07\/textos_primaria_2023-2024.pdf\" target=\"_blank\" rel=\"noopener noreferrer\"><img loading=\"lazy\" decoding=\"async\" class=\"alignnone wp-image-105 size-full\" src=\"https:\/\/blogsaverroes.juntadeandalucia.es\/ceipluiscernuda\/files\/2016\/01\/flechasiguiente.gif\" alt=\"\" width=\"25\" height=\"25\"><\/a><\/p>\n<h4><a href=\"https:\/\/blogsaverroes.juntadeandalucia.es\/ceipluiscernuda\/fundamentos-legislativos\/\">Fundamentos legislativos<\/a><\/h4>\n<p><a href=\"https:\/\/blogsaverroes.juntadeandalucia.es\/ceipluiscernuda\/files\/2024\/06\/Instrucciones29mayo2024GratuidadLibrosTexto24-25.pdf\" target=\"_blank\" rel=\"noopener\">INSTRUCCIONES<\/a> de la Direcci\u00f3n General de Participaci\u00f3n e Innovaci\u00f3n Educativa sobre el Programa de Gratuidad de los Libros de Texto para el <strong>curso escolar 2024\/2025<\/strong>.<\/p>\n<hr>\n<h2><a href=\"https:\/\/blogsaverroes.juntadeandalucia.es\/ceipluiscernuda\/files\/2024\/09\/Guia-de-uso-Aula-Virtual-4-Familias.pdf\" target=\"_blank\" rel=\"noopener\">Gu\u00eda de uso de Aula Virtual 4 de la editorial Santillana para las familias<\/a><\/h2>\n<p>&nbsp;<\/p>\n","protected":false},"excerpt":{"rendered":"<p>Relaci\u00f3n de libros de texto por etapas educativas Educaci\u00f3n Infantil (2025-2026) Los libros de texto para la etapa de Educaci\u00f3n Infantil se pueden conocer a trav\u00e9s del tabl\u00f3n de anuncios del centro o mediante&#46;&#46;&#46;<\/p>\n","protected":false},"author":2943,"featured_media":0,"parent":0,"menu_order":0,"comment_status":"open","ping_status":"open","template":"","meta":{"ngg_post_thumbnail":0,"footnotes":""},"aioseo_notices":[],"_links":{"self":[{"href":"https:\/\/blogsaverroes.juntadeandalucia.es\/ceipluiscernuda\/wp-json\/wp\/v2\/pages\/220"}],"collection":[{"href":"https:\/\/blogsaverroes.juntadeandalucia.es\/ceipluiscernuda\/wp-json\/wp\/v2\/pages"}],"about":[{"href":"https:\/\/blogsaverroes.juntadeandalucia.es\/ceipluiscernuda\/wp-json\/wp\/v2\/types\/page"}],"author":[{"embeddable":true,"href":"https:\/\/blogsaverroes.juntadeandalucia.es\/ceipluiscernuda\/wp-json\/wp\/v2\/users\/2943"}],"replies":[{"embeddable":true,"href":"https:\/\/blogsaverroes.juntadeandalucia.es\/ceipluiscernuda\/wp-json\/wp\/v2\/comments?post=220"}],"version-history":[{"count":54,"href":"https:\/\/blogsaverroes.juntadeandalucia.es\/ceipluiscernuda\/wp-json\/wp\/v2\/pages\/220\/revisions"}],"predecessor-version":[{"id":7189,"href":"https:\/\/blogsaverroes.juntadeandalucia.es\/ceipluiscernuda\/wp-json\/wp\/v2\/pages\/220\/revisions\/7189"}],"wp:attachment":[{"href":"https:\/\/blogsaverroes.juntadeandalucia.es\/ceipluiscernuda\/wp-json\/wp\/v2\/media?parent=220"}],"curies":[{"name":"wp","href":"https:\/\/api.w.org\/{rel}","templated":true}]}}