{"id":2537,"date":"2018-02-22T13:47:55","date_gmt":"2018-02-22T12:47:55","guid":{"rendered":"http:\/\/blogsaverroes.juntadeandalucia.es\/ceipluiscernuda\/?page_id=2537"},"modified":"2024-04-17T09:04:37","modified_gmt":"2024-04-17T08:04:37","slug":"educacion-fisica","status":"publish","type":"page","link":"https:\/\/blogsaverroes.juntadeandalucia.es\/ceipluiscernuda\/educacion-fisica\/","title":{"rendered":"Educaci\u00f3n F\u00edsica"},"content":{"rendered":"<h1>Visita al Estadio Ol\u00edmpico de La Cartuja<\/h1>\n<h4>El alumnado de los ciclos 2\u00ba y 3\u00ba de Educaci\u00f3n Primaria visitan el Estadio Ol\u00edmpico de La Cartuja.<\/h4>\nngg_shortcode_0_placeholder\n<h1 class=\"elementor-heading-title elementor-size-default\">Celebraci\u00f3n del D\u00eda de la Paz. Curso 2023-2024<\/h1>\n<h4>Entre los actos de celebraci\u00f3n del D\u00eda de la Paz se encuentra la entrega de medallas y diplomas a quienes hayan destacado en su participaci\u00f3n en diversas actividades como la carrera solidaria \u00abSave the Children\u00bb, torneo de ajedrez&#8230;<\/h4>\nngg_shortcode_1_placeholder\n<h4>Campeonato de Ajedrez Luis Cernuda<\/h4>\nngg_shortcode_2_placeholder\n<h4 class=\"elementor-heading-title elementor-size-default\">Carrera Solidaria \u00abSave the Children\u00bb<\/h4>\n<p>El alumnado de primaria participa en la carrera solidaria promovida por la organizaci\u00f3n no gubernamental \u00abSave the Children\u00bb. Adem\u00e1s, realiza una aportaci\u00f3n voluntaria a dicha ONG.<\/p>\n<div style=\"width: 848px;\" class=\"wp-video\"><!--[if lt IE 9]><script>document.createElement('video');<\/script><![endif]-->\n<video class=\"wp-video-shortcode\" id=\"video-2537-1\" width=\"848\" height=\"640\" preload=\"metadata\" controls=\"controls\"><source type=\"video\/mp4\" src=\"https:\/\/blogsaverroes.juntadeandalucia.es\/ceipluiscernuda\/files\/2024\/02\/CrossEscolar-SaveTheChildren.mp4?_=1\" \/><a href=\"https:\/\/blogsaverroes.juntadeandalucia.es\/ceipluiscernuda\/files\/2024\/02\/CrossEscolar-SaveTheChildren.mp4\">https:\/\/blogsaverroes.juntadeandalucia.es\/ceipluiscernuda\/files\/2024\/02\/CrossEscolar-SaveTheChildren.mp4<\/a><\/video><\/div>\n<h1>El Bosque Suspendido<\/h1>\n<p>El alumnado de 3\u00ba y 4\u00ba de Educaci\u00f3n Primaria participa en la actividad \u00abEl bosque Suspendido\u00bb.<\/p>\nngg_shortcode_3_placeholder\n<hr>\n<hr>\n<h1>Ajedrez<\/h1>\n<p>El alumnado del CEIP Luis Cernuda participa en el campeonato de ajedrez promovido desde la Delegaci\u00f3n de Deportes del Ayuntamiento de Dos Hermanas dentro del programa Ajedrez en la Escuela.<\/p>\nngg_shortcode_4_placeholder\n<hr>\n<h1 class=\"elementor-heading-title elementor-size-default\">Carrera Solidaria \u00abSave the Children\u00bb<\/h1>\n<p>El alumnado de primaria participa en la carrera solidaria promovida por la organizaci\u00f3n no gubernamental \u00abSave the Children\u00bb. Adem\u00e1s, realiza una aportaci\u00f3n voluntaria a dicha ONG.<\/p>\n<div style=\"width: 1920px;\" class=\"wp-video\"><video class=\"wp-video-shortcode\" id=\"video-2537-2\" width=\"1920\" height=\"1080\" preload=\"metadata\" controls=\"controls\"><source type=\"video\/mp4\" src=\"https:\/\/blogsaverroes.juntadeandalucia.es\/ceipluiscernuda\/files\/2023\/03\/V\u00eddeo-D\u00eda-de-la-paz.mp4?_=2\" \/><a href=\"https:\/\/blogsaverroes.juntadeandalucia.es\/ceipluiscernuda\/files\/2023\/03\/V\u00eddeo-D\u00eda-de-la-paz.mp4\">https:\/\/blogsaverroes.juntadeandalucia.es\/ceipluiscernuda\/files\/2023\/03\/V\u00eddeo-D\u00eda-de-la-paz.mp4<\/a><\/video><\/div>\nngg_shortcode_5_placeholder\n<h1 class=\"elementor-heading-title elementor-size-default\">XI Carrera Escolar Dos Hermanas<\/h1>\n<h1>CEIP Luis Cernuda<\/h1>\nngg_shortcode_6_placeholder\n<h1>T\u00edteres<\/h1>\n<p>El alumnado de tercero realiza una representaci\u00f3n de t\u00edteres ante el alumnado de infantil.<\/p>\nngg_shortcode_7_placeholder\n<h1>Cross de orientaci\u00f3n 2018<\/h1>\n<p>El alumnado de tercero pone a prueba su capacidad de orientaci\u00f3n en el parque de Los Pinos.<\/p>\nngg_shortcode_8_placeholder\n<h1>El bosque suspendido 2018<\/h1>\n<p>Dentro del marco de la programaci\u00f3n del \u00e1rea de Educaci\u00f3n F\u00edsica, el alumnado de 4\u00ba visit\u00f3 el pasado 8 de octubre el Centro de Naturaleza La Juliana para participar en la actividad Bosque Suspendido.<\/p>\nngg_shortcode_9_placeholder\n<h1>Juegos populares 2018<\/h1>\n<p>En los juegos populares, dirigidos al alumnado de Infantil y del Primer Ciclo de Primaria, participan las familias y el alumnado de 6\u00ba.<\/p>\nngg_shortcode_10_placeholder\n","protected":false},"excerpt":{"rendered":"<p>Visita al Estadio Ol\u00edmpico de La Cartuja El alumnado de los ciclos 2\u00ba y 3\u00ba de Educaci\u00f3n Primaria visitan el Estadio Ol\u00edmpico de La Cartuja. Celebraci\u00f3n del D\u00eda de la Paz. Curso 2023-2024 Entre&#46;&#46;&#46;<\/p>\n","protected":false},"author":2943,"featured_media":0,"parent":0,"menu_order":0,"comment_status":"closed","ping_status":"closed","template":"","meta":{"ngg_post_thumbnail":0,"footnotes":""},"aioseo_notices":[],"_links":{"self":[{"href":"https:\/\/blogsaverroes.juntadeandalucia.es\/ceipluiscernuda\/wp-json\/wp\/v2\/pages\/2537"}],"collection":[{"href":"https:\/\/blogsaverroes.juntadeandalucia.es\/ceipluiscernuda\/wp-json\/wp\/v2\/pages"}],"about":[{"href":"https:\/\/blogsaverroes.juntadeandalucia.es\/ceipluiscernuda\/wp-json\/wp\/v2\/types\/page"}],"author":[{"embeddable":true,"href":"https:\/\/blogsaverroes.juntadeandalucia.es\/ceipluiscernuda\/wp-json\/wp\/v2\/users\/2943"}],"replies":[{"embeddable":true,"href":"https:\/\/blogsaverroes.juntadeandalucia.es\/ceipluiscernuda\/wp-json\/wp\/v2\/comments?post=2537"}],"version-history":[{"count":24,"href":"https:\/\/blogsaverroes.juntadeandalucia.es\/ceipluiscernuda\/wp-json\/wp\/v2\/pages\/2537\/revisions"}],"predecessor-version":[{"id":6958,"href":"https:\/\/blogsaverroes.juntadeandalucia.es\/ceipluiscernuda\/wp-json\/wp\/v2\/pages\/2537\/revisions\/6958"}],"wp:attachment":[{"href":"https:\/\/blogsaverroes.juntadeandalucia.es\/ceipluiscernuda\/wp-json\/wp\/v2\/media?parent=2537"}],"curies":[{"name":"wp","href":"https:\/\/api.w.org\/{rel}","templated":true}]}}