{"id":255,"date":"2016-02-02T18:51:26","date_gmt":"2016-02-02T18:51:26","guid":{"rendered":"http:\/\/blogsaverroes.juntadeandalucia.es\/ceipluiscernuda\/?page_id=255"},"modified":"2023-06-16T21:19:58","modified_gmt":"2023-06-16T20:19:58","slug":"ed-primaria-1er-ciclo","status":"publish","type":"page","link":"https:\/\/blogsaverroes.juntadeandalucia.es\/ceipluiscernuda\/ed-primaria-1er-ciclo\/","title":{"rendered":"Ed. Primaria Ciclo 1\u00ba"},"content":{"rendered":"<h2>Curso 2023-2023<\/h2>\n<p>Aprendemos seguridad vial.<\/p>\n<hr>\n<p>A la b\u00fasqueda de huevos de Pascua.<\/p>\n<hr>\n<p>El alumnado de 2\u00ba celebra el D\u00eda de Andaluc\u00eda.<\/p>\n<hr>\n<h2>Curso 2020-2021<\/h2>\n<ul>\n<li>\n<h3><a href=\"https:\/\/blogsaverroes.juntadeandalucia.es\/ceipluiscernuda\/files\/2020\/09\/Material-1\u00ba.pdf\" target=\"_blank\" rel=\"noopener noreferrer\">Lista de materiales de 1\u00ba<\/a><\/h3>\n<\/li>\n<li>\n<h3><a href=\"https:\/\/blogsaverroes.juntadeandalucia.es\/ceipluiscernuda\/files\/2020\/09\/Material-2\u00ba.pdf\" target=\"_blank\" rel=\"noopener noreferrer\">Lista de materiales de 2\u00ba<\/a><\/h3>\n<\/li>\n<\/ul>\n<hr>\n<h2>El alumnado del Primer Ciclo visita la Biblioteca Municipal Miguel Delibes<\/h2>\nngg_shortcode_0_placeholder\n<h2><a href=\"https:\/\/sites.google.com\/site\/clc41002025\/\" target=\"_blank\" rel=\"noopener noreferrer\">El misterio de la cueva del tesoro de los muertos<\/a><\/h2>\n<table style=\"border-color: #000000;background-color: #ffee00\" border=\"1\" width=\"90%\" cellspacing=\"4\" cellpadding=\"2\">\n<tbody>\n<tr>\n<td class=\"story\">\n<h3 align=\"center\">1<\/h3>\n<\/td>\n<td colspan=\"3\">\n<h5>\u00c9rase una vez, un detective que se llamaba Max. A Max le mandaron a descubrir el misterio de la Cueva del tesoro de los muertos. Y ten\u00eda que averiguar por qu\u00e9 se llamaba la Cueva del tesoro de los muertos.<\/h5>\n<\/td>\n<\/tr>\n<tr>\n<td class=\"story\">\n<h3 align=\"center\">2<\/h3>\n<\/td>\n<td>\n<h5>Max entr\u00f3 en la cueva, sigui\u00f3 adelante, en su libreta fue apuntando las cosas. Y se encontr\u00f3 un charco de agua con sangre.<\/h5>\n<\/td>\n<td class=\"story\">\n<h3>3<\/h3>\n<\/td>\n<td>\n<h5>Max, cuando segu\u00eda adelante, se encontr\u00f3 varios huesos, varios esqueletos y muertos con sangre en los labios y en otras partes.<\/h5>\n<\/td>\n<\/tr>\n<tr>\n<td class=\"story\">\n<h3 align=\"center\">4<\/h3>\n<\/td>\n<td>\n<h5>Al final de un asustadizo viaje, Max encontr\u00f3 el tesoro de los muertos. Pero estaba protegido por dos esqueletos con una espada cada uno de ellos.<\/h5>\n<\/td>\n<td class=\"story\">\n<h3>5<\/h3>\n<\/td>\n<td>\n<h5>De repente, los dos esqueletos cobraron vida y Max tuvo que luchar con los dos esqueletos.<\/h5>\n<\/td>\n<\/tr>\n<tr>\n<td class=\"story\">\n<h3 align=\"center\">6<\/h3>\n<\/td>\n<td>\n<h5>Max, cuando derrot\u00f3 con un palo a los esqueletos, cogi\u00f3 el cofre y no pod\u00eda abrirlo. Entonces, mir\u00f3 para todas partes, abajo, aun lado, al otro y arriba; cuando mir\u00f3 hacia arriba, las llaves del cofre estaban colgadas all\u00ed. Y Max las cogi\u00f3 para abrir el cofre.<\/h5>\n<\/td>\n<td class=\"story\">\n<h3>7<\/h3>\n<\/td>\n<td>\n<h5>Cuando cogi\u00f3 las llaves abri\u00f3 el cofre y hab\u00eda oro, partes chiquititas de esqueleto y una nota con papel antiguo. La nota pon\u00eda: \u00abHas vivido esta peque\u00f1a aventura y has descubierto el misterio\u00bb. Max apunt\u00f3 en su libreta todo y lo que pon\u00eda en la nota tambi\u00e9n, as\u00ed que volvi\u00f3 a la oficina y le cont\u00f3 todo al jefe.<\/h5>\n<\/td>\n<\/tr>\n<tr>\n<td class=\"story\" colspan=\"4\">\n<h3>Resumen<\/h3>\n<\/td>\n<\/tr>\n<tr>\n<td class=\"story\" colspan=\"4\">\n<h3 align=\"justify\">Hab\u00eda un detective, que se llamaba Max. Ten\u00eda que descubrir el misterio de la Cueva del tesoro de los muertos. Max, por el camino, se encontr\u00f3 varios huesos, un muerto y un charco de agua con sangre. Al fin lleg\u00f3 al tesoro y el cofre estaba protegido con dos esqueletos, cobraron vida y Max tuvo que luchar contra ellos. Los derrot\u00f3, cogi\u00f3 las llaves y lo abri\u00f3, y en el cofre hab\u00eda una mano de esqueleto, oro y una nota.<\/h3>\n<\/td>\n<\/tr>\n<\/tbody>\n<\/table>\n<h2>Raquel Valverde Carrasco<\/h2>\n","protected":false},"excerpt":{"rendered":"<p>Curso 2023-2023 Aprendemos seguridad vial. A la b\u00fasqueda de huevos de Pascua. El alumnado de 2\u00ba celebra el D\u00eda de Andaluc\u00eda. Curso 2020-2021 Lista de materiales de 1\u00ba Lista de materiales de 2\u00ba El&#46;&#46;&#46;<\/p>\n","protected":false},"author":2943,"featured_media":0,"parent":0,"menu_order":0,"comment_status":"open","ping_status":"closed","template":"","meta":{"ngg_post_thumbnail":0,"footnotes":""},"aioseo_notices":[],"_links":{"self":[{"href":"https:\/\/blogsaverroes.juntadeandalucia.es\/ceipluiscernuda\/wp-json\/wp\/v2\/pages\/255"}],"collection":[{"href":"https:\/\/blogsaverroes.juntadeandalucia.es\/ceipluiscernuda\/wp-json\/wp\/v2\/pages"}],"about":[{"href":"https:\/\/blogsaverroes.juntadeandalucia.es\/ceipluiscernuda\/wp-json\/wp\/v2\/types\/page"}],"author":[{"embeddable":true,"href":"https:\/\/blogsaverroes.juntadeandalucia.es\/ceipluiscernuda\/wp-json\/wp\/v2\/users\/2943"}],"replies":[{"embeddable":true,"href":"https:\/\/blogsaverroes.juntadeandalucia.es\/ceipluiscernuda\/wp-json\/wp\/v2\/comments?post=255"}],"version-history":[{"count":40,"href":"https:\/\/blogsaverroes.juntadeandalucia.es\/ceipluiscernuda\/wp-json\/wp\/v2\/pages\/255\/revisions"}],"predecessor-version":[{"id":6687,"href":"https:\/\/blogsaverroes.juntadeandalucia.es\/ceipluiscernuda\/wp-json\/wp\/v2\/pages\/255\/revisions\/6687"}],"wp:attachment":[{"href":"https:\/\/blogsaverroes.juntadeandalucia.es\/ceipluiscernuda\/wp-json\/wp\/v2\/media?parent=255"}],"curies":[{"name":"wp","href":"https:\/\/api.w.org\/{rel}","templated":true}]}}