{"id":267,"date":"2016-02-02T18:58:53","date_gmt":"2016-02-02T18:58:53","guid":{"rendered":"http:\/\/blogsaverroes.juntadeandalucia.es\/ceipluiscernuda\/?page_id=267"},"modified":"2026-03-09T16:13:25","modified_gmt":"2026-03-09T15:13:25","slug":"escolarizacion","status":"publish","type":"page","link":"https:\/\/blogsaverroes.juntadeandalucia.es\/ceipluiscernuda\/escolarizacion\/","title":{"rendered":"Escolarizaci\u00f3n"},"content":{"rendered":"<h2>MATRICULACI\u00d3N 2025-2026<\/h2>\n<h3>Todo el alumnado debe formalizar la matr\u00edcula del 1 al 8 de junio.<\/h3>\n<h3>Acceso a la<\/h3>\n<ul>\n<li style=\"list-style-type: none\">\n<h2><strong><a href=\"https:\/\/www.juntadeandalucia.es\/educacion\/secretariavirtual\/accesoTramite\/365\/\" target=\"_blank\" rel=\"noopener noreferrer\">Secretar\u00eda virtual<\/a><\/strong><\/h2>\n<\/li>\n<\/ul>\n<hr>\n<hr>\n<hr>\n<h2>ESCOLARIZACI\u00d3N 2024-2025<\/h2>\n<h4>De cara al proceso de escolarizaci\u00f3n 2024-2025, se establece el siguiente calendario para visitar el centro de forma presencial:<\/h4>\n<ul>\n<li><strong>Martes, 13 de febrero a las 12:30 h.<\/strong><\/li>\n<li><strong>Lunes, 19 de febrero a las 16:00 h.<\/strong>\n<ul>\n<li style=\"list-style-type: none\">\n<ul style=\"list-style-type: circle\">\n<li>CEIP Luis Cernuda<\/li>\n<li>C\/Atenas, S\/N. 41089 Montequinto, Dos Hermanas.<\/li>\n<li>Tfno.: 955622112.<\/li>\n<\/ul>\n<\/li>\n<\/ul>\n<\/li>\n<\/ul>\n<hr>\n<h2>Solicitud de admisi\u00f3n curso 2026-2027<\/h2>\n<p style=\"font-size: 16px;font-weight: 400\">La presentaci\u00f3n de solicitudes en el procedimiento de admisi\u00f3n para el curso 2026-2027 se realizar\u00e1 desde el 1 al 31 de marzo a trav\u00e9s de la<\/p>\n<h2 style=\"padding-left: 80px\"><strong><a href=\"https:\/\/secretariavirtual.juntadeandalucia.es\/secretariavirtual\/accesoTramite\/543\/\" target=\"_blank\" rel=\"noopener noreferrer\">Secretar\u00eda virtual<\/a><\/strong><\/h2>\n<hr>\n<h2>Procedimiento de admisi\u00f3n. Normativa<\/h2>\n<ul style=\"font-size: 16px;font-weight: 400\">\n<li><a href=\"https:\/\/blogsaverroes.juntadeandalucia.es\/ceipluiscernuda\/files\/2020\/03\/d21-2020.pdf\" target=\"_blank\" rel=\"noopener noreferrer\">Decreto 21\/2020, de 17 de febrero, por el que se regulan los criterios y el procedimiento de admisi\u00f3n del alumnado en los centros docentes p\u00fablicos y privados concertados para cursar las ense\u00f1anzas de segundo ciclo de educaci\u00f3n infantil, educaci\u00f3n primaria, educaci\u00f3n especial, educaci\u00f3n secundaria obligatoria y bachillerato.<\/a><\/li>\n<li><a href=\"https:\/\/blogsaverroes.juntadeandalucia.es\/ceipluiscernuda\/files\/2020\/03\/o20022020-admision.pdf\" target=\"_blank\" rel=\"noopener noreferrer\">Orden de 20 de febrero de 2020, por la que se desarrolla el procedimiento de admisi\u00f3n del alumnado en los centros docentes p\u00fablicos y privados concertados para cursar las ense\u00f1anzas de segundo ciclo de educaci\u00f3n infantil, educaci\u00f3n primaria, educaci\u00f3n especial, educaci\u00f3n secundaria obligatoria y bachillerato.<\/a><\/li>\n<\/ul>\n<hr>\n<hr>\n<hr>\n<hr>\n<hr>\n<ul>\n<li style=\"list-style-type: none\">\n<h2>&nbsp;<\/h2>\n<\/li>\n<\/ul>\n<hr>\n<hr>\n<hr>\n","protected":false},"excerpt":{"rendered":"<p>MATRICULACI\u00d3N 2025-2026 Todo el alumnado debe formalizar la matr\u00edcula del 1 al 8 de junio. Acceso a la Secretar\u00eda virtual ESCOLARIZACI\u00d3N 2024-2025 De cara al proceso de escolarizaci\u00f3n 2024-2025, se establece el siguiente calendario&#46;&#46;&#46;<\/p>\n","protected":false},"author":2943,"featured_media":0,"parent":0,"menu_order":0,"comment_status":"open","ping_status":"open","template":"","meta":{"ngg_post_thumbnail":0,"footnotes":""},"aioseo_notices":[],"_links":{"self":[{"href":"https:\/\/blogsaverroes.juntadeandalucia.es\/ceipluiscernuda\/wp-json\/wp\/v2\/pages\/267"}],"collection":[{"href":"https:\/\/blogsaverroes.juntadeandalucia.es\/ceipluiscernuda\/wp-json\/wp\/v2\/pages"}],"about":[{"href":"https:\/\/blogsaverroes.juntadeandalucia.es\/ceipluiscernuda\/wp-json\/wp\/v2\/types\/page"}],"author":[{"embeddable":true,"href":"https:\/\/blogsaverroes.juntadeandalucia.es\/ceipluiscernuda\/wp-json\/wp\/v2\/users\/2943"}],"replies":[{"embeddable":true,"href":"https:\/\/blogsaverroes.juntadeandalucia.es\/ceipluiscernuda\/wp-json\/wp\/v2\/comments?post=267"}],"version-history":[{"count":116,"href":"https:\/\/blogsaverroes.juntadeandalucia.es\/ceipluiscernuda\/wp-json\/wp\/v2\/pages\/267\/revisions"}],"predecessor-version":[{"id":7198,"href":"https:\/\/blogsaverroes.juntadeandalucia.es\/ceipluiscernuda\/wp-json\/wp\/v2\/pages\/267\/revisions\/7198"}],"wp:attachment":[{"href":"https:\/\/blogsaverroes.juntadeandalucia.es\/ceipluiscernuda\/wp-json\/wp\/v2\/media?parent=267"}],"curies":[{"name":"wp","href":"https:\/\/api.w.org\/{rel}","templated":true}]}}