{"id":2726,"date":"2018-02-28T23:55:25","date_gmt":"2018-02-28T22:55:25","guid":{"rendered":"http:\/\/blogsaverroes.juntadeandalucia.es\/ceipluiscernuda\/?page_id=2726"},"modified":"2023-03-02T19:07:53","modified_gmt":"2023-03-02T18:07:53","slug":"dia-de-andalucia","status":"publish","type":"page","link":"https:\/\/blogsaverroes.juntadeandalucia.es\/ceipluiscernuda\/dia-de-andalucia\/","title":{"rendered":"D\u00eda de Andaluc\u00eda"},"content":{"rendered":"<h4>Acto conjunto para celebrar el D\u00eda de Andaluc\u00eda en 2023<\/h4>\n<p>El 24 de febrero, tras el periodo marcado por la pandemia, el CEIP Luis Cernuda recupera la celebraci\u00f3n del D\u00eda de Andaluc\u00eda.<\/p>\nngg_shortcode_0_placeholder\n<hr>\n<h4>Acto conjunto para celebrar el D\u00eda de Andaluc\u00eda en 2019<\/h4>\n<p>El 27 de febrero tuvo lugar la celebraci\u00f3n del D\u00eda de Andaluc\u00eda en un acto conjunto como colof\u00f3n de las actividades realizadas por el alumnado los d\u00edas previos.<\/p>\n<p>ngg_shortcode_1_placeholder<div style=\"width: 848px;\" class=\"wp-video\"><!--[if lt IE 9]><script>document.createElement('video');<\/script><![endif]-->\n<video class=\"wp-video-shortcode\" id=\"video-2726-1\" width=\"848\" height=\"480\" preload=\"metadata\" controls=\"controls\"><source type=\"video\/mp4\" src=\"https:\/\/blogsaverroes.juntadeandalucia.es\/ceipluiscernuda\/files\/2018\/02\/2018-2019_andalucia_1.mp4?_=1\" \/><a href=\"https:\/\/blogsaverroes.juntadeandalucia.es\/ceipluiscernuda\/files\/2018\/02\/2018-2019_andalucia_1.mp4\">https:\/\/blogsaverroes.juntadeandalucia.es\/ceipluiscernuda\/files\/2018\/02\/2018-2019_andalucia_1.mp4<\/a><\/video><\/div><\/p>\n","protected":false},"excerpt":{"rendered":"<p>Acto conjunto para celebrar el D\u00eda de Andaluc\u00eda en 2023 El 24 de febrero, tras el periodo marcado por la pandemia, el CEIP Luis Cernuda recupera la celebraci\u00f3n del D\u00eda de Andaluc\u00eda. Acto conjunto&#46;&#46;&#46;<\/p>\n","protected":false},"author":2943,"featured_media":0,"parent":0,"menu_order":0,"comment_status":"closed","ping_status":"closed","template":"","meta":{"ngg_post_thumbnail":0,"footnotes":""},"aioseo_notices":[],"_links":{"self":[{"href":"https:\/\/blogsaverroes.juntadeandalucia.es\/ceipluiscernuda\/wp-json\/wp\/v2\/pages\/2726"}],"collection":[{"href":"https:\/\/blogsaverroes.juntadeandalucia.es\/ceipluiscernuda\/wp-json\/wp\/v2\/pages"}],"about":[{"href":"https:\/\/blogsaverroes.juntadeandalucia.es\/ceipluiscernuda\/wp-json\/wp\/v2\/types\/page"}],"author":[{"embeddable":true,"href":"https:\/\/blogsaverroes.juntadeandalucia.es\/ceipluiscernuda\/wp-json\/wp\/v2\/users\/2943"}],"replies":[{"embeddable":true,"href":"https:\/\/blogsaverroes.juntadeandalucia.es\/ceipluiscernuda\/wp-json\/wp\/v2\/comments?post=2726"}],"version-history":[{"count":11,"href":"https:\/\/blogsaverroes.juntadeandalucia.es\/ceipluiscernuda\/wp-json\/wp\/v2\/pages\/2726\/revisions"}],"predecessor-version":[{"id":6451,"href":"https:\/\/blogsaverroes.juntadeandalucia.es\/ceipluiscernuda\/wp-json\/wp\/v2\/pages\/2726\/revisions\/6451"}],"wp:attachment":[{"href":"https:\/\/blogsaverroes.juntadeandalucia.es\/ceipluiscernuda\/wp-json\/wp\/v2\/media?parent=2726"}],"curies":[{"name":"wp","href":"https:\/\/api.w.org\/{rel}","templated":true}]}}