{"id":278,"date":"2016-02-03T14:07:18","date_gmt":"2016-02-03T14:07:18","guid":{"rendered":"http:\/\/blogsaverroes.juntadeandalucia.es\/ceipluiscernuda\/?page_id=278"},"modified":"2025-09-11T10:41:11","modified_gmt":"2025-09-11T09:41:11","slug":"datos","status":"publish","type":"page","link":"https:\/\/blogsaverroes.juntadeandalucia.es\/ceipluiscernuda\/datos\/","title":{"rendered":"Datos"},"content":{"rendered":"<p>El CEIP Luis Cernuda es un centro p\u00fablico de infantil y primaria ubicado en la barriada nazarena de Montequinto, distante seis kil\u00f3metros del casco urbano y vinculado a Sevilla ciudad por la procedencia de la poblaci\u00f3n y ser \u00e9sta el lugar de destino laboral de la mayor parte de la poblaci\u00f3n activa, adem\u00e1s de lugar elegido principalmente para compras y actividades de ocio. A todos los efectos, es una localidad con entidad propia que difiere del n\u00facleo principal de Dos Hermanas y de Sevilla, de la que dista tres kil\u00f3metros.<\/p>\n<p>El colegio,&nbsp;creado&nbsp;como C2, comenz\u00f3 a funcionar en el curso 2002-2003, y acogi\u00f3 a todo el alumnado de tres a\u00f1os del barrio.<\/p>\n","protected":false},"excerpt":{"rendered":"<p>El CEIP Luis Cernuda es un centro p\u00fablico de infantil y primaria ubicado en la barriada nazarena de Montequinto, distante seis kil\u00f3metros del casco urbano y vinculado a Sevilla ciudad por la procedencia de&#46;&#46;&#46;<\/p>\n","protected":false},"author":2943,"featured_media":0,"parent":0,"menu_order":0,"comment_status":"open","ping_status":"open","template":"","meta":{"ngg_post_thumbnail":0,"footnotes":""},"aioseo_notices":[],"_links":{"self":[{"href":"https:\/\/blogsaverroes.juntadeandalucia.es\/ceipluiscernuda\/wp-json\/wp\/v2\/pages\/278"}],"collection":[{"href":"https:\/\/blogsaverroes.juntadeandalucia.es\/ceipluiscernuda\/wp-json\/wp\/v2\/pages"}],"about":[{"href":"https:\/\/blogsaverroes.juntadeandalucia.es\/ceipluiscernuda\/wp-json\/wp\/v2\/types\/page"}],"author":[{"embeddable":true,"href":"https:\/\/blogsaverroes.juntadeandalucia.es\/ceipluiscernuda\/wp-json\/wp\/v2\/users\/2943"}],"replies":[{"embeddable":true,"href":"https:\/\/blogsaverroes.juntadeandalucia.es\/ceipluiscernuda\/wp-json\/wp\/v2\/comments?post=278"}],"version-history":[{"count":5,"href":"https:\/\/blogsaverroes.juntadeandalucia.es\/ceipluiscernuda\/wp-json\/wp\/v2\/pages\/278\/revisions"}],"predecessor-version":[{"id":7132,"href":"https:\/\/blogsaverroes.juntadeandalucia.es\/ceipluiscernuda\/wp-json\/wp\/v2\/pages\/278\/revisions\/7132"}],"wp:attachment":[{"href":"https:\/\/blogsaverroes.juntadeandalucia.es\/ceipluiscernuda\/wp-json\/wp\/v2\/media?parent=278"}],"curies":[{"name":"wp","href":"https:\/\/api.w.org\/{rel}","templated":true}]}}