{"id":280,"date":"2016-02-03T14:09:57","date_gmt":"2016-02-03T14:09:57","guid":{"rendered":"http:\/\/blogsaverroes.juntadeandalucia.es\/ceipluiscernuda\/?page_id=280"},"modified":"2025-09-11T12:07:27","modified_gmt":"2025-09-11T11:07:27","slug":"equipo-directivo","status":"publish","type":"page","link":"https:\/\/blogsaverroes.juntadeandalucia.es\/ceipluiscernuda\/equipo-directivo\/","title":{"rendered":"Equipo Directivo"},"content":{"rendered":"<p>El Equipo Directivo atender\u00e1 a las familias en el horario indicado y previa cita.<\/p>\n<table style=\"width: 79.8075%;border-color: #000000\" border=\"2\" cellspacing=\"5\" cellpadding=\"2\">\n<tbody>\n<tr>\n<td style=\"background-color: #ffffcc;width: 51.4472%\"><strong>Direcci\u00f3n<\/strong>:&nbsp;Jos\u00e9 Mar\u00eda Ortega Ag\u00fandez<\/td>\n<td style=\"background-color: #ffffcc;border-color: #000000;width: 56.8082%\">&nbsp;mi\u00e9rcoles de 10:00 a 11:00 h.<\/p>\n<p>&nbsp;viernes de 13:00 a 14:00 h.<\/td>\n<\/tr>\n<tr>\n<td style=\"background-color: #ffffcc;width: 51.4472%\"><strong>Jefatura de Estudios<\/strong>: Isabel Blanco Neva<\/td>\n<td style=\"background-color: #ffffcc;width: 56.8082%\">&nbsp;jueves de 9:00 a 11:00 h.<\/td>\n<\/tr>\n<tr>\n<td style=\"background-color: #ffffcc;width: 51.4472%\"><strong>Secretar\u00eda<\/strong>:&nbsp;Carlos Guerra Guzm\u00e1n<\/td>\n<td style=\"background-color: #ffffcc;width: 56.8082%\">&nbsp;lunes y martes de 11:00 a 12:00 h.<\/td>\n<\/tr>\n<\/tbody>\n<\/table>\n","protected":false},"excerpt":{"rendered":"<p>El Equipo Directivo atender\u00e1 a las familias en el horario indicado y previa cita. Direcci\u00f3n:&nbsp;Jos\u00e9 Mar\u00eda Ortega Ag\u00fandez &nbsp;mi\u00e9rcoles de 10:00 a 11:00 h. &nbsp;viernes de 13:00 a 14:00 h. Jefatura de Estudios: Isabel&#46;&#46;&#46;<\/p>\n","protected":false},"author":2943,"featured_media":0,"parent":0,"menu_order":0,"comment_status":"open","ping_status":"open","template":"","meta":{"ngg_post_thumbnail":0,"footnotes":""},"aioseo_notices":[],"_links":{"self":[{"href":"https:\/\/blogsaverroes.juntadeandalucia.es\/ceipluiscernuda\/wp-json\/wp\/v2\/pages\/280"}],"collection":[{"href":"https:\/\/blogsaverroes.juntadeandalucia.es\/ceipluiscernuda\/wp-json\/wp\/v2\/pages"}],"about":[{"href":"https:\/\/blogsaverroes.juntadeandalucia.es\/ceipluiscernuda\/wp-json\/wp\/v2\/types\/page"}],"author":[{"embeddable":true,"href":"https:\/\/blogsaverroes.juntadeandalucia.es\/ceipluiscernuda\/wp-json\/wp\/v2\/users\/2943"}],"replies":[{"embeddable":true,"href":"https:\/\/blogsaverroes.juntadeandalucia.es\/ceipluiscernuda\/wp-json\/wp\/v2\/comments?post=280"}],"version-history":[{"count":15,"href":"https:\/\/blogsaverroes.juntadeandalucia.es\/ceipluiscernuda\/wp-json\/wp\/v2\/pages\/280\/revisions"}],"predecessor-version":[{"id":7139,"href":"https:\/\/blogsaverroes.juntadeandalucia.es\/ceipluiscernuda\/wp-json\/wp\/v2\/pages\/280\/revisions\/7139"}],"wp:attachment":[{"href":"https:\/\/blogsaverroes.juntadeandalucia.es\/ceipluiscernuda\/wp-json\/wp\/v2\/media?parent=280"}],"curies":[{"name":"wp","href":"https:\/\/api.w.org\/{rel}","templated":true}]}}