{"id":284,"date":"2016-02-03T14:38:14","date_gmt":"2016-02-03T14:38:14","guid":{"rendered":"http:\/\/blogsaverroes.juntadeandalucia.es\/ceipluiscernuda\/?page_id=284"},"modified":"2019-04-01T13:12:45","modified_gmt":"2019-04-01T12:12:45","slug":"planes-y-programas","status":"publish","type":"page","link":"https:\/\/blogsaverroes.juntadeandalucia.es\/ceipluiscernuda\/planes-y-programas\/","title":{"rendered":"Planes y Proyectos Educativos"},"content":{"rendered":"<table class=\"TableData\" style=\"border-color: #000000\" border=\"1\" cellpadding=\"1\" align=\"CENTER\">\n<thead>\n<tr style=\"background-color: #ffcc00\">\n<th class=\"cabecera\" align=\"LEFT\" nowrap=\"nowrap\">Planes\/Proyectos&nbsp;Educativos<\/th>\n<th class=\"cabecera\" align=\"LEFT\" nowrap=\"nowrap\">Per\u00edodo de aplicaci\u00f3n<\/th>\n<\/tr>\n<\/thead>\n<tbody>\n<tr style=\"background-color: #ffffcc\">\n<td class=\"cuerpo1 celdaConEnlaces enlaceTabla\" align=\"LEFT\" nowrap=\"nowrap\"><a>Escuela TIC 2.0<\/a><\/td>\n<td class=\"cuerpo1 celdaConEnlaces\" align=\"LEFT\" nowrap=\"nowrap\">Permanentemente<\/td>\n<\/tr>\n<tr style=\"background-color: #ffffcc\">\n<td class=\"cuerpo2 celdaConEnlaces enlaceTabla\" align=\"LEFT\" nowrap=\"nowrap\"><a>Pr\u00e1cticum Grado Maestro<\/a><\/td>\n<td class=\"cuerpo2 celdaConEnlaces\" align=\"LEFT\" nowrap=\"nowrap\">DESDE 01\/09\/2015 &#8211; 31\/08\/2016<\/td>\n<\/tr>\n<tr style=\"background-color: #ffffcc\">\n<td class=\"cuerpo1 celdaConEnlaces enlaceTabla\" align=\"LEFT\" nowrap=\"nowrap\"><a href=\"https:\/\/blogsaverroes.juntadeandalucia.es\/ceipluiscernuda\/plan-de-salud-laboral-y-prevencion-de-riesgos-laborales\/\">Plan de Salud Laboral y P.R.L.<\/a><\/td>\n<td class=\"cuerpo1 celdaConEnlaces\" align=\"LEFT\" nowrap=\"nowrap\">Permanentemente<\/td>\n<\/tr>\n<tr style=\"background-color: #ffffcc\">\n<td class=\"cuerpo2 celdaConEnlaces enlaceTabla\" align=\"LEFT\" nowrap=\"nowrap\"><a>Proyectos Centros T.I.C.<\/a><\/td>\n<td class=\"cuerpo2 celdaConEnlaces\" align=\"LEFT\" nowrap=\"nowrap\">Permanentemente<\/td>\n<\/tr>\n<tr style=\"background-color: #ffffcc\">\n<td class=\"cuerpo1 celdaConEnlaces enlaceTabla\" align=\"LEFT\" nowrap=\"nowrap\"><a href=\"https:\/\/blogsaverroes.juntadeandalucia.es\/ceipluiscernuda\/dia-de-la-paz\/\">Red Andaluza Escuela: \u00abEspacio de Paz\u00bb<\/a><\/td>\n<td class=\"cuerpo1 celdaConEnlaces\" align=\"LEFT\" nowrap=\"nowrap\">DESDE 01\/09\/2015 &#8211; 31\/08\/2016<\/td>\n<\/tr>\n<tr style=\"background-color: #ffffcc\">\n<td class=\"cuerpo2 celdaConEnlaces enlaceTabla\" align=\"LEFT\" nowrap=\"nowrap\"><a>Plan de apertura de centros docentes<\/a><\/td>\n<td class=\"cuerpo2 celdaConEnlaces\" align=\"LEFT\" nowrap=\"nowrap\">Permanentemente<\/td>\n<\/tr>\n<tr style=\"background-color: #ffffcc\">\n<td class=\"cuerpo1 celdaConEnlaces enlaceTabla\" align=\"LEFT\" nowrap=\"nowrap\"><a href=\"https:\/\/blogsaverroes.juntadeandalucia.es\/ceipluiscernuda\/igualdad\/\">Plan de igualdad entre hombres y mujeres en la educaci\u00f3n<\/a><\/td>\n<td class=\"cuerpo1 celdaConEnlaces\" align=\"LEFT\" nowrap=\"nowrap\">Permanentemente<\/td>\n<\/tr>\n<\/tbody>\n<\/table>\n<p>&nbsp;<\/p>\n<h3>RadioParty Luis Cernuda<\/h3>\n<h4><a href=\"http:\/\/www.ivoox.com\/segundo-programa-radioparty-luis-cernuda-dedicado-a-audios-mp3_rf_17320035_1.html\" target=\"_blank\" rel=\"noopener\">Segundo Programa<\/a><\/h4>\n<h4><a href=\"http:\/\/www.ivoox.com\/primer-prgrama-radioparty-luis-cernuda_rf_17035256_1.html\" target=\"_blank\" rel=\"noopener\">Primer Programa<\/a><\/h4>\n<h4>Presentaci\u00f3n<\/h4>\n<!--[if lt IE 9]><script>document.createElement('audio');<\/script><![endif]-->\n<audio class=\"wp-audio-shortcode\" id=\"audio-284-1\" preload=\"none\" style=\"width: 100%;\" controls=\"controls\"><source type=\"audio\/mpeg\" src=\"http:\/\/blogsaverroes.juntadeandalucia.es\/ceipluiscernuda\/files\/2016\/02\/radioparty00.mp3?_=1\" \/><a href=\"http:\/\/blogsaverroes.juntadeandalucia.es\/ceipluiscernuda\/files\/2016\/02\/radioparty00.mp3\">http:\/\/blogsaverroes.juntadeandalucia.es\/ceipluiscernuda\/files\/2016\/02\/radioparty00.mp3<\/a><\/audio>\n","protected":false},"excerpt":{"rendered":"<p>Planes\/Proyectos&nbsp;Educativos Per\u00edodo de aplicaci\u00f3n Escuela TIC 2.0 Permanentemente Pr\u00e1cticum Grado Maestro DESDE 01\/09\/2015 &#8211; 31\/08\/2016 Plan de Salud Laboral y P.R.L. Permanentemente Proyectos Centros T.I.C. Permanentemente Red Andaluza Escuela: \u00abEspacio de Paz\u00bb DESDE 01\/09\/2015&#46;&#46;&#46;<\/p>\n","protected":false},"author":2943,"featured_media":0,"parent":0,"menu_order":0,"comment_status":"open","ping_status":"open","template":"","meta":{"ngg_post_thumbnail":0,"footnotes":""},"aioseo_notices":[],"_links":{"self":[{"href":"https:\/\/blogsaverroes.juntadeandalucia.es\/ceipluiscernuda\/wp-json\/wp\/v2\/pages\/284"}],"collection":[{"href":"https:\/\/blogsaverroes.juntadeandalucia.es\/ceipluiscernuda\/wp-json\/wp\/v2\/pages"}],"about":[{"href":"https:\/\/blogsaverroes.juntadeandalucia.es\/ceipluiscernuda\/wp-json\/wp\/v2\/types\/page"}],"author":[{"embeddable":true,"href":"https:\/\/blogsaverroes.juntadeandalucia.es\/ceipluiscernuda\/wp-json\/wp\/v2\/users\/2943"}],"replies":[{"embeddable":true,"href":"https:\/\/blogsaverroes.juntadeandalucia.es\/ceipluiscernuda\/wp-json\/wp\/v2\/comments?post=284"}],"version-history":[{"count":13,"href":"https:\/\/blogsaverroes.juntadeandalucia.es\/ceipluiscernuda\/wp-json\/wp\/v2\/pages\/284\/revisions"}],"predecessor-version":[{"id":5122,"href":"https:\/\/blogsaverroes.juntadeandalucia.es\/ceipluiscernuda\/wp-json\/wp\/v2\/pages\/284\/revisions\/5122"}],"wp:attachment":[{"href":"https:\/\/blogsaverroes.juntadeandalucia.es\/ceipluiscernuda\/wp-json\/wp\/v2\/media?parent=284"}],"curies":[{"name":"wp","href":"https:\/\/api.w.org\/{rel}","templated":true}]}}