{"id":286,"date":"2016-02-03T14:39:15","date_gmt":"2016-02-03T14:39:15","guid":{"rendered":"http:\/\/blogsaverroes.juntadeandalucia.es\/ceipluiscernuda\/?page_id=286"},"modified":"2025-09-12T10:45:14","modified_gmt":"2025-09-12T09:45:14","slug":"horarios","status":"publish","type":"page","link":"https:\/\/blogsaverroes.juntadeandalucia.es\/ceipluiscernuda\/horarios\/","title":{"rendered":"Horarios"},"content":{"rendered":"<h3>Horario general<\/h3>\n<p>Dentro del Plan de Apertura de centros, el CEIP Luis Cernuda ofrece los servicios de Aula Matinal, Comedor Escolar y Actividades Extraescolares.<\/p>\n<ul>\n<li>El CEIP Luis Cernuda dispone de servicio de Aula Matinal desde las 7:30 hasta las 9:00 horas.<\/li>\n<li>El horario lectivo&nbsp;del centro se desarrolla desde las 9:00 hasta las 14:00 horas.<\/li>\n<li>El CEIP Luis Cernuda tambi\u00e9n ofrece servicio de Comedor Escolar desde las 14:00 hasta la 16:00 horas.<\/li>\n<li>Se completa lo anterior con varias Actividades Extraescolares desde las 16:00 hasta las 19:00 horas.<\/li>\n<\/ul>\n<h4>Direcci\u00f3n:&nbsp;Jos\u00e9 Mar\u00eda Ortega Ag\u00fandez<\/h4>\n<ul>\n<li>&nbsp;Mi\u00e9rcoles de 10 a 11h y viernes de 13 a 14h<\/li>\n<\/ul>\n<h4>Jefatura de Estudios: Isabel Blanco Neva<\/h4>\n<ul>\n<li>&nbsp;Jueves de 9 a 11 h.<\/li>\n<\/ul>\n<h4>Secretar\u00eda:&nbsp;Carlos Guerra Guzm\u00e1n<\/h4>\n<ul>\n<li>Lunes y martes de 11 a 12 h.<\/li>\n<\/ul>\n<h4>Administraci\u00f3n: Mar\u00eda Carmen Mar\u00edn Tejero<\/h4>\n<ul>\n<li>lunes, mi\u00e9rcoles y viernes de 9:00 a 13:00 horas<\/li>\n<\/ul>\n<h4>AMPA:&nbsp;Nov\u00edsimo<\/h4>\n<ul>\n<li>Horario:\n<ul>\n<li>Lunes de 9:00 a 10:30 h.<\/li>\n<li>Mi\u00e9rcoles de 9:00 a 10:30h.<\/li>\n<li>Martes tarde previa cita.<\/li>\n<\/ul>\n<\/li>\n<li>Tel\u00e9fono:&nbsp;<strong>658947441<\/strong><\/li>\n<li>Correo electr\u00f3nico: <strong>ampanovisimo@gmail.com<\/strong><\/li>\n<\/ul>\n","protected":false},"excerpt":{"rendered":"<p>Horario general Dentro del Plan de Apertura de centros, el CEIP Luis Cernuda ofrece los servicios de Aula Matinal, Comedor Escolar y Actividades Extraescolares. El CEIP Luis Cernuda dispone de servicio de Aula Matinal&#46;&#46;&#46;<\/p>\n","protected":false},"author":2943,"featured_media":0,"parent":0,"menu_order":0,"comment_status":"open","ping_status":"open","template":"","meta":{"ngg_post_thumbnail":0,"footnotes":""},"aioseo_notices":[],"_links":{"self":[{"href":"https:\/\/blogsaverroes.juntadeandalucia.es\/ceipluiscernuda\/wp-json\/wp\/v2\/pages\/286"}],"collection":[{"href":"https:\/\/blogsaverroes.juntadeandalucia.es\/ceipluiscernuda\/wp-json\/wp\/v2\/pages"}],"about":[{"href":"https:\/\/blogsaverroes.juntadeandalucia.es\/ceipluiscernuda\/wp-json\/wp\/v2\/types\/page"}],"author":[{"embeddable":true,"href":"https:\/\/blogsaverroes.juntadeandalucia.es\/ceipluiscernuda\/wp-json\/wp\/v2\/users\/2943"}],"replies":[{"embeddable":true,"href":"https:\/\/blogsaverroes.juntadeandalucia.es\/ceipluiscernuda\/wp-json\/wp\/v2\/comments?post=286"}],"version-history":[{"count":17,"href":"https:\/\/blogsaverroes.juntadeandalucia.es\/ceipluiscernuda\/wp-json\/wp\/v2\/pages\/286\/revisions"}],"predecessor-version":[{"id":7155,"href":"https:\/\/blogsaverroes.juntadeandalucia.es\/ceipluiscernuda\/wp-json\/wp\/v2\/pages\/286\/revisions\/7155"}],"wp:attachment":[{"href":"https:\/\/blogsaverroes.juntadeandalucia.es\/ceipluiscernuda\/wp-json\/wp\/v2\/media?parent=286"}],"curies":[{"name":"wp","href":"https:\/\/api.w.org\/{rel}","templated":true}]}}