{"id":296,"date":"2016-02-03T14:41:48","date_gmt":"2016-02-03T14:41:48","guid":{"rendered":"http:\/\/blogsaverroes.juntadeandalucia.es\/ceipluiscernuda\/?page_id=296"},"modified":"2024-09-30T12:06:55","modified_gmt":"2024-09-30T11:06:55","slug":"actividades-extraescolares","status":"publish","type":"page","link":"https:\/\/blogsaverroes.juntadeandalucia.es\/ceipluiscernuda\/actividades-extraescolares\/","title":{"rendered":"Act. Complementarias y Extraescolares"},"content":{"rendered":"<h1>ACTIVIDADES EXTRAESCOLARES<\/h1>\n<h3>Las actividades extraescolares previstas para el curso 2024-2025 se recogen en el siguiente horario.<\/h3>\n<table style=\"width: 100%;border-color: #000000\" border=\"2\" cellpadding=\"1\">\n<tbody>\n<tr>\n<td style=\"background-color: #00cc33;width: 14.5836%\">&nbsp;<\/td>\n<td style=\"background-color: #00cc33;width: 25.5907%\"><strong>Lunes<\/strong><\/td>\n<td style=\"background-color: #00cc33;width: 22.6429%\"><strong>Martes<\/strong><\/td>\n<td style=\"background-color: #00cc33;width: 20.4691%\"><strong>Mi\u00e9rcoles<\/strong><\/td>\n<td style=\"background-color: #00cc33;width: 24.4389%\"><strong>Jueves<\/strong><\/td>\n<\/tr>\n<tr>\n<td style=\"width: 14.5836%\">16:00-17:00<\/td>\n<td style=\"width: 25.5907%\">INGL\u00c9S&nbsp;INFANTIL<\/p>\n<p>PATINAJE<\/td>\n<td style=\"width: 22.6429%\">APOYO ESCOLAR<\/td>\n<td style=\"width: 20.4691%\">INGL\u00c9S&nbsp;INFANTIL<\/p>\n<p>PATINAJE<\/td>\n<td style=\"width: 24.4389%\">APOYO ESCOLAR<\/td>\n<\/tr>\n<\/tbody>\n<\/table>\n<div>&nbsp;<\/div>\n","protected":false},"excerpt":{"rendered":"<p>ACTIVIDADES EXTRAESCOLARES Las actividades extraescolares previstas para el curso 2024-2025 se recogen en el siguiente horario. &nbsp; Lunes Martes Mi\u00e9rcoles Jueves 16:00-17:00 INGL\u00c9S&nbsp;INFANTIL PATINAJE APOYO ESCOLAR INGL\u00c9S&nbsp;INFANTIL PATINAJE APOYO ESCOLAR &nbsp;<\/p>\n","protected":false},"author":2943,"featured_media":0,"parent":0,"menu_order":0,"comment_status":"open","ping_status":"open","template":"","meta":{"ngg_post_thumbnail":0,"footnotes":""},"aioseo_notices":[],"_links":{"self":[{"href":"https:\/\/blogsaverroes.juntadeandalucia.es\/ceipluiscernuda\/wp-json\/wp\/v2\/pages\/296"}],"collection":[{"href":"https:\/\/blogsaverroes.juntadeandalucia.es\/ceipluiscernuda\/wp-json\/wp\/v2\/pages"}],"about":[{"href":"https:\/\/blogsaverroes.juntadeandalucia.es\/ceipluiscernuda\/wp-json\/wp\/v2\/types\/page"}],"author":[{"embeddable":true,"href":"https:\/\/blogsaverroes.juntadeandalucia.es\/ceipluiscernuda\/wp-json\/wp\/v2\/users\/2943"}],"replies":[{"embeddable":true,"href":"https:\/\/blogsaverroes.juntadeandalucia.es\/ceipluiscernuda\/wp-json\/wp\/v2\/comments?post=296"}],"version-history":[{"count":13,"href":"https:\/\/blogsaverroes.juntadeandalucia.es\/ceipluiscernuda\/wp-json\/wp\/v2\/pages\/296\/revisions"}],"predecessor-version":[{"id":7056,"href":"https:\/\/blogsaverroes.juntadeandalucia.es\/ceipluiscernuda\/wp-json\/wp\/v2\/pages\/296\/revisions\/7056"}],"wp:attachment":[{"href":"https:\/\/blogsaverroes.juntadeandalucia.es\/ceipluiscernuda\/wp-json\/wp\/v2\/media?parent=296"}],"curies":[{"name":"wp","href":"https:\/\/api.w.org\/{rel}","templated":true}]}}