{"id":308,"date":"2016-02-03T14:45:48","date_gmt":"2016-02-03T14:45:48","guid":{"rendered":"http:\/\/blogsaverroes.juntadeandalucia.es\/ceipluiscernuda\/?page_id=308"},"modified":"2018-03-12T13:41:44","modified_gmt":"2018-03-12T12:41:44","slug":"ensenanzas","status":"publish","type":"page","link":"https:\/\/blogsaverroes.juntadeandalucia.es\/ceipluiscernuda\/ensenanzas\/","title":{"rendered":"Ense\u00f1anzas"},"content":{"rendered":"<h3>Meritoria participaci\u00f3n del CEIP&nbsp; Luis Cernuda en la XXII OLIMPIADA MATEM\u00c1TICA<\/h3>\n<div>Con el nombre de&nbsp;<em>The Maths&#8217; Kings<\/em>,&nbsp;<strong><span style=\"color: #0000ff\">Raquel \u00c1lvarez Frau<\/span><\/strong><span style=\"color: #000000\">,&nbsp;<\/span><strong><span style=\"color: #0000ff\">Alexis Dom\u00ednguez Castro<\/span><\/strong>&nbsp;y&nbsp;<strong><span style=\"color: #0000ff\">Pablo Garc\u00eda Hidalgo<\/span><\/strong>&nbsp;representaron al <a href=\"https:\/\/blogsaverroes.juntadeandalucia.es\/ceipluiscernuda\/files\/2016\/02\/2018-diploma_thales.pdf\" target=\"_blank\" rel=\"noopener\">CEIP Luis Cernuda<\/a> en la XXII Olimpiada Matem\u00e1tica de ense\u00f1anza Primaria que organiza la <a href=\"http:\/\/thales.cica.es\/sevilla\/?q=node\/96\" target=\"_blank\" rel=\"noopener\">Sociedad Andaluza de Educaci\u00f3n Matem\u00e1tica Thales<\/a>.<\/div>\n<div>En la clasificaci\u00f3n, se tiene en cuenta tanto la resoluci\u00f3n de los distintos problemas propuestos como el tiempo empleado para ello. As\u00ed, se distinguen cuatro categor\u00edas:<\/div>\n<ul>\n<li>el grupo mayoritario, en el que se encontraban los equipos con puntuaciones m\u00e1s bajas;<\/li>\n<li>el grupo de los terceros, en el que hubo 8 equipos;<\/li>\n<li>el grupo de los segundos, formado por 3 equipos;<\/li>\n<li>y el grupo de los primeros, con 2 equipos.<\/li>\n<\/ul>\n<div>\u00a1<em>The Maths&#8217; Kings<\/em>&nbsp;alcanz\u00f3 el puesto <strong>noveno<\/strong> de <a href=\"https:\/\/blogsaverroes.juntadeandalucia.es\/ceipluiscernuda\/files\/2016\/02\/2018-equipos_thales.pdf\" target=\"_blank\" rel=\"noopener\">72 equipos participantes<\/a>!<\/div>\n<div>Nuestra m\u00e1s sincera enhorabuena.<\/div>\n<hr>\n<h3><a href=\"https:\/\/blogsaverroes.juntadeandalucia.es\/ceipluiscernuda\/files\/2016\/01\/ok_cartel_1617.pdf\" target=\"_blank\" rel=\"noopener\">El CEIP Luis Cernuda participa en la campa\u00f1a Operaci\u00f3n Kilo organizada por la fundaci\u00f3n Banco de Alimentos de Sevilla<\/a><\/h3>\n<p><img loading=\"lazy\" decoding=\"async\" class=\"size-full wp-image-1653 aligncenter\" src=\"https:\/\/blogsaverroes.juntadeandalucia.es\/ceipluiscernuda\/files\/2016\/01\/ok_foto_1617.jpg\" alt=\"\" width=\"496\" height=\"244\" srcset=\"https:\/\/blogsaverroes.juntadeandalucia.es\/ceipluiscernuda\/files\/2016\/01\/ok_foto_1617.jpg 496w, https:\/\/blogsaverroes.juntadeandalucia.es\/ceipluiscernuda\/files\/2016\/01\/ok_foto_1617-300x148.jpg 300w, https:\/\/blogsaverroes.juntadeandalucia.es\/ceipluiscernuda\/files\/2016\/01\/ok_foto_1617-24x12.jpg 24w, https:\/\/blogsaverroes.juntadeandalucia.es\/ceipluiscernuda\/files\/2016\/01\/ok_foto_1617-36x18.jpg 36w, https:\/\/blogsaverroes.juntadeandalucia.es\/ceipluiscernuda\/files\/2016\/01\/ok_foto_1617-48x24.jpg 48w\" sizes=\"(max-width: 496px) 100vw, 496px\" \/><\/p>\n<h3><a href=\"https:\/\/blogsaverroes.juntadeandalucia.es\/ceipluiscernuda\/files\/2016\/02\/ok_guia_1617.pdf\" target=\"_blank\" rel=\"noopener\">El profesorado cuenta con una gu\u00eda para dar a conocer al alumnado la labor que realiza la fundaci\u00f3n Banco de Alimentos de Sevilla<\/a><\/h3>\n","protected":false},"excerpt":{"rendered":"<p>Meritoria participaci\u00f3n del CEIP&nbsp; Luis Cernuda en la XXII OLIMPIADA MATEM\u00c1TICA Con el nombre de&nbsp;The Maths&#8217; Kings,&nbsp;Raquel \u00c1lvarez Frau,&nbsp;Alexis Dom\u00ednguez Castro&nbsp;y&nbsp;Pablo Garc\u00eda Hidalgo&nbsp;representaron al CEIP Luis Cernuda en la XXII Olimpiada Matem\u00e1tica de ense\u00f1anza&#46;&#46;&#46;<\/p>\n","protected":false},"author":2943,"featured_media":0,"parent":0,"menu_order":0,"comment_status":"open","ping_status":"open","template":"","meta":{"ngg_post_thumbnail":0,"footnotes":""},"aioseo_notices":[],"_links":{"self":[{"href":"https:\/\/blogsaverroes.juntadeandalucia.es\/ceipluiscernuda\/wp-json\/wp\/v2\/pages\/308"}],"collection":[{"href":"https:\/\/blogsaverroes.juntadeandalucia.es\/ceipluiscernuda\/wp-json\/wp\/v2\/pages"}],"about":[{"href":"https:\/\/blogsaverroes.juntadeandalucia.es\/ceipluiscernuda\/wp-json\/wp\/v2\/types\/page"}],"author":[{"embeddable":true,"href":"https:\/\/blogsaverroes.juntadeandalucia.es\/ceipluiscernuda\/wp-json\/wp\/v2\/users\/2943"}],"replies":[{"embeddable":true,"href":"https:\/\/blogsaverroes.juntadeandalucia.es\/ceipluiscernuda\/wp-json\/wp\/v2\/comments?post=308"}],"version-history":[{"count":26,"href":"https:\/\/blogsaverroes.juntadeandalucia.es\/ceipluiscernuda\/wp-json\/wp\/v2\/pages\/308\/revisions"}],"predecessor-version":[{"id":2907,"href":"https:\/\/blogsaverroes.juntadeandalucia.es\/ceipluiscernuda\/wp-json\/wp\/v2\/pages\/308\/revisions\/2907"}],"wp:attachment":[{"href":"https:\/\/blogsaverroes.juntadeandalucia.es\/ceipluiscernuda\/wp-json\/wp\/v2\/media?parent=308"}],"curies":[{"name":"wp","href":"https:\/\/api.w.org\/{rel}","templated":true}]}}