{"id":3694,"date":"2018-12-19T10:02:31","date_gmt":"2018-12-19T09:02:31","guid":{"rendered":"https:\/\/blogsaverroes.juntadeandalucia.es\/ceipluiscernuda\/?page_id=3694"},"modified":"2021-03-15T11:43:44","modified_gmt":"2021-03-15T10:43:44","slug":"actuaciones","status":"publish","type":"page","link":"https:\/\/blogsaverroes.juntadeandalucia.es\/ceipluiscernuda\/actuaciones\/","title":{"rendered":"Actuaciones"},"content":{"rendered":"<h2>Concurso de Christmas y Cuentos Navide\u00f1os<\/h2>\n<p>Concurso 2020. Entrega de premios.<\/p>\nngg_shortcode_0_placeholder\n<h2>\u00bfQu\u00e9 pintamos aqu\u00ed?<\/h2>\n<p>Las madres decoran el pasillo de infantil con el asesoramiento del pintor Miguel G\u00f3mez Terr\u00f3n.<\/p>\nngg_shortcode_1_placeholder\n<h2>Escolarizaci\u00f3n 2019-2020<\/h2>\n<ul>\n<li><a href=\"https:\/\/blogsaverroes.juntadeandalucia.es\/ceipluiscernuda\/files\/2018\/12\/cartel_ja.pdf\" target=\"_blank\" rel=\"noopener noreferrer\">Cartel<\/a>.<\/li>\n<\/ul>\n<h2>La merienda del Mercadillo Solidario Luis Cernuda<\/h2>\nngg_shortcode_2_placeholder\n<hr>\n<h2>Los Reyes Magos visitan el CEIP Luis Cernuda<\/h2>\n<p>En el \u00e1mbito de sus actuaciones, el AMPA Nov\u00edsimo ha conseguido que SS.MM. Los Reyes Magos de Oriente hagan un alto en el camino y reciban de las propias manos de nuestro alumnado las cartas con sus peticiones.<\/p>\nngg_shortcode_3_placeholder\n<h2>Concurso navide\u00f1o 2018<\/h2>\n<h3>Premios en la modalidad de Christmas<\/h3>\n<h4>Alumnado participante: desde Infantil 3 a\u00f1os hasta 3\u00ba de Primaria<\/h4>\n<ul>\n<li>1<sup>er<\/sup> Premio: Alejandra Jara Borrego (3\u00ba)<\/li>\n<li>2\u00ba Premio:&nbsp;Valentina Navarro Bernal (4 a\u00f1os)<\/li>\n<li>3<sup>er<\/sup> Premio: Jaime Segovia G\u00f3mez (3 a\u00f1os)<\/li>\n<\/ul>\n<h3>Premios en la modalidad de Cuentos<\/h3>\n<h4>Alumnado participante: desde 4\u00ba&nbsp; hasta 6\u00ba de Primaria<\/h4>\n<ul>\n<li>1<sup>er<\/sup> Premio: Marta Garrido D\u00edaz (6\u00ba B)&nbsp;\u2192&nbsp;<em>La primera Navidad de Sof\u00eda<\/em><\/li>\n<li>2\u00ba Premio:&nbsp;Alicia Mej\u00edas Arranz (4\u00ba B) \u2192&nbsp;<em>Las hadas y Pap\u00e1 Noel<\/em><\/li>\n<li>3<sup>er<\/sup> Premio: Sara Faro Cabrera (6\u00ba A) \u2192&nbsp;<em>El elfo de la Navidad<\/em><\/li>\n<li>4\u00ba Premio: Rub\u00e9n Calero Del Toro (6\u00ba B)&nbsp;\u2192&nbsp;<em>El tesoro de la Navidad<\/em><\/li>\n<li>Menci\u00f3n Especial fuera de concurso: Alejandra Jara Borrego (3\u00ba)&nbsp;\u2192&nbsp;<em>La Navidad de los juguetes<\/em><\/li>\n<\/ul>\nngg_shortcode_4_placeholder\n<h2>Nuevo Sal\u00f3n de Actos<\/h2>\n<p>El AMPA Nov\u00edsimo dona el escenario del nuevo Sal\u00f3n de Actos del CEIP Luis Cernuda.<\/p>\n<p><img loading=\"lazy\" decoding=\"async\" class=\"aligncenter size-full wp-image-4101\" src=\"https:\/\/blogsaverroes.juntadeandalucia.es\/ceipluiscernuda\/files\/2018\/12\/Escenario_01.jpg\" alt=\"\" width=\"600\" height=\"397\" srcset=\"https:\/\/blogsaverroes.juntadeandalucia.es\/ceipluiscernuda\/files\/2018\/12\/Escenario_01.jpg 600w, https:\/\/blogsaverroes.juntadeandalucia.es\/ceipluiscernuda\/files\/2018\/12\/Escenario_01-300x199.jpg 300w, https:\/\/blogsaverroes.juntadeandalucia.es\/ceipluiscernuda\/files\/2018\/12\/Escenario_01-24x16.jpg 24w, https:\/\/blogsaverroes.juntadeandalucia.es\/ceipluiscernuda\/files\/2018\/12\/Escenario_01-36x24.jpg 36w, https:\/\/blogsaverroes.juntadeandalucia.es\/ceipluiscernuda\/files\/2018\/12\/Escenario_01-48x32.jpg 48w\" sizes=\"(max-width: 600px) 100vw, 600px\" \/> <img loading=\"lazy\" decoding=\"async\" class=\"aligncenter size-full wp-image-4102\" src=\"https:\/\/blogsaverroes.juntadeandalucia.es\/ceipluiscernuda\/files\/2018\/12\/Escenario_02.jpg\" alt=\"\" width=\"600\" height=\"397\" srcset=\"https:\/\/blogsaverroes.juntadeandalucia.es\/ceipluiscernuda\/files\/2018\/12\/Escenario_02.jpg 600w, https:\/\/blogsaverroes.juntadeandalucia.es\/ceipluiscernuda\/files\/2018\/12\/Escenario_02-300x199.jpg 300w, https:\/\/blogsaverroes.juntadeandalucia.es\/ceipluiscernuda\/files\/2018\/12\/Escenario_02-24x16.jpg 24w, https:\/\/blogsaverroes.juntadeandalucia.es\/ceipluiscernuda\/files\/2018\/12\/Escenario_02-36x24.jpg 36w, https:\/\/blogsaverroes.juntadeandalucia.es\/ceipluiscernuda\/files\/2018\/12\/Escenario_02-48x32.jpg 48w\" sizes=\"(max-width: 600px) 100vw, 600px\" \/><\/p>\n","protected":false},"excerpt":{"rendered":"<p>Concurso de Christmas y Cuentos Navide\u00f1os Concurso 2020. Entrega de premios. \u00bfQu\u00e9 pintamos aqu\u00ed? Las madres decoran el pasillo de infantil con el asesoramiento del pintor Miguel G\u00f3mez Terr\u00f3n. \u00bb order_by=\u00bbsortorder\u00bb order_direction=\u00bbASC\u00bb returns=\u00bbincluded\u00bb maximum_entity_count=\u00bb500&#8243;]&#46;&#46;&#46;<\/p>\n","protected":false},"author":2943,"featured_media":0,"parent":0,"menu_order":0,"comment_status":"closed","ping_status":"closed","template":"","meta":{"ngg_post_thumbnail":0,"footnotes":""},"aioseo_notices":[],"_links":{"self":[{"href":"https:\/\/blogsaverroes.juntadeandalucia.es\/ceipluiscernuda\/wp-json\/wp\/v2\/pages\/3694"}],"collection":[{"href":"https:\/\/blogsaverroes.juntadeandalucia.es\/ceipluiscernuda\/wp-json\/wp\/v2\/pages"}],"about":[{"href":"https:\/\/blogsaverroes.juntadeandalucia.es\/ceipluiscernuda\/wp-json\/wp\/v2\/types\/page"}],"author":[{"embeddable":true,"href":"https:\/\/blogsaverroes.juntadeandalucia.es\/ceipluiscernuda\/wp-json\/wp\/v2\/users\/2943"}],"replies":[{"embeddable":true,"href":"https:\/\/blogsaverroes.juntadeandalucia.es\/ceipluiscernuda\/wp-json\/wp\/v2\/comments?post=3694"}],"version-history":[{"count":15,"href":"https:\/\/blogsaverroes.juntadeandalucia.es\/ceipluiscernuda\/wp-json\/wp\/v2\/pages\/3694\/revisions"}],"predecessor-version":[{"id":5922,"href":"https:\/\/blogsaverroes.juntadeandalucia.es\/ceipluiscernuda\/wp-json\/wp\/v2\/pages\/3694\/revisions\/5922"}],"wp:attachment":[{"href":"https:\/\/blogsaverroes.juntadeandalucia.es\/ceipluiscernuda\/wp-json\/wp\/v2\/media?parent=3694"}],"curies":[{"name":"wp","href":"https:\/\/api.w.org\/{rel}","templated":true}]}}