{"id":4223,"date":"2019-01-15T10:11:19","date_gmt":"2019-01-15T09:11:19","guid":{"rendered":"https:\/\/blogsaverroes.juntadeandalucia.es\/ceipluiscernuda\/?page_id=4223"},"modified":"2019-01-15T10:26:35","modified_gmt":"2019-01-15T09:26:35","slug":"secretaria","status":"publish","type":"page","link":"https:\/\/blogsaverroes.juntadeandalucia.es\/ceipluiscernuda\/secretaria\/","title":{"rendered":"Secretar\u00eda"},"content":{"rendered":"<p>Desde esta p\u00e1gina se facilitan los impresos (pdf) de uso m\u00e1s cotidiano que&nbsp;se utilizan en el centro.<\/p>\n<ul>\n<li><a href=\"https:\/\/blogsaverroes.juntadeandalucia.es\/ceipluiscernuda\/files\/2019\/01\/autoriza.pdf\" target=\"_blank\" rel=\"noopener\">Autorizaci\u00f3n<\/a>&nbsp;a terceras personas para la recogida de hijo\/-a.<\/li>\n<li><a href=\"https:\/\/blogsaverroes.juntadeandalucia.es\/ceipluiscernuda\/files\/2019\/01\/solicitud.pdf\" target=\"_blank\" rel=\"noopener\">Solicitudes varias<\/a>.<\/li>\n<\/ul>\n","protected":false},"excerpt":{"rendered":"<p>Desde esta p\u00e1gina se facilitan los impresos (pdf) de uso m\u00e1s cotidiano que&nbsp;se utilizan en el centro. Autorizaci\u00f3n&nbsp;a terceras personas para la recogida de hijo\/-a. Solicitudes varias.<\/p>\n","protected":false},"author":2943,"featured_media":0,"parent":0,"menu_order":0,"comment_status":"closed","ping_status":"closed","template":"","meta":{"ngg_post_thumbnail":0,"footnotes":""},"aioseo_notices":[],"_links":{"self":[{"href":"https:\/\/blogsaverroes.juntadeandalucia.es\/ceipluiscernuda\/wp-json\/wp\/v2\/pages\/4223"}],"collection":[{"href":"https:\/\/blogsaverroes.juntadeandalucia.es\/ceipluiscernuda\/wp-json\/wp\/v2\/pages"}],"about":[{"href":"https:\/\/blogsaverroes.juntadeandalucia.es\/ceipluiscernuda\/wp-json\/wp\/v2\/types\/page"}],"author":[{"embeddable":true,"href":"https:\/\/blogsaverroes.juntadeandalucia.es\/ceipluiscernuda\/wp-json\/wp\/v2\/users\/2943"}],"replies":[{"embeddable":true,"href":"https:\/\/blogsaverroes.juntadeandalucia.es\/ceipluiscernuda\/wp-json\/wp\/v2\/comments?post=4223"}],"version-history":[{"count":4,"href":"https:\/\/blogsaverroes.juntadeandalucia.es\/ceipluiscernuda\/wp-json\/wp\/v2\/pages\/4223\/revisions"}],"predecessor-version":[{"id":4230,"href":"https:\/\/blogsaverroes.juntadeandalucia.es\/ceipluiscernuda\/wp-json\/wp\/v2\/pages\/4223\/revisions\/4230"}],"wp:attachment":[{"href":"https:\/\/blogsaverroes.juntadeandalucia.es\/ceipluiscernuda\/wp-json\/wp\/v2\/media?parent=4223"}],"curies":[{"name":"wp","href":"https:\/\/api.w.org\/{rel}","templated":true}]}}