{"id":464,"date":"2016-02-04T21:36:43","date_gmt":"2016-02-04T21:36:43","guid":{"rendered":"http:\/\/blogsaverroes.juntadeandalucia.es\/ceipluiscernuda\/?page_id=464"},"modified":"2016-02-04T21:54:37","modified_gmt":"2016-02-04T21:54:37","slug":"anexos","status":"publish","type":"page","link":"https:\/\/blogsaverroes.juntadeandalucia.es\/ceipluiscernuda\/anexos\/","title":{"rendered":"Anexos"},"content":{"rendered":"<p><strong>PROCEDIMIENTOS PARA RECOGER Y ORGANIZAR DATOS ACAD\u00c9MICOS Y PERSONALES DEL ALUMNADO Y LAS FAMILIAS<\/strong><br \/>\n<strong>RELACI\u00d3N DE ANEXOS.<\/strong><\/p>\n<p>DOCUMENTOS A DISPOSICI\u00d3N DEL PROFESORADO.<\/p>\n<ol>\n<li><a href=\"http:\/\/blogsaverroes.juntadeandalucia.es\/ceipluiscernuda\/files\/2016\/02\/A01-Proyecto-de-convivencia.pdf\" target=\"_blank\">Proyecto de Convivencia \u201cLa convivencia como eje de la vida en la escuela\u201d<\/a><\/li>\n<li><a href=\"http:\/\/blogsaverroes.juntadeandalucia.es\/ceipluiscernuda\/files\/2016\/02\/A02-PARTICIPACION-DEL-ALUMNADO.pdf\" target=\"_blank\">Proyecto de participaci\u00f3n<\/a><\/li>\n<li><a href=\"http:\/\/blogsaverroes.juntadeandalucia.es\/ceipluiscernuda\/files\/2016\/02\/A03-CONSEJOS-PARA-UNA-REUNION-EFICAZ.pdf\" target=\"_blank\">Consejos para una reuni\u00f3n eficaz<\/a><\/li>\n<li><a href=\"http:\/\/blogsaverroes.juntadeandalucia.es\/ceipluiscernuda\/files\/2016\/02\/A04-CONTRATO-DE-TRABAJO.pdf\" target=\"_blank\">Contrato de trabajo del alumnado<\/a><\/li>\n<li><a href=\"http:\/\/blogsaverroes.juntadeandalucia.es\/ceipluiscernuda\/files\/2016\/02\/A05-COMPROMISO-ALUMNADO.pdf\" target=\"_blank\">Compromiso del alumnado<\/a><\/li>\n<li><a href=\"http:\/\/blogsaverroes.juntadeandalucia.es\/ceipluiscernuda\/files\/2016\/02\/A06-revisado-1-02-10-PROYECTO-DE-ATENCION-AL-ALUMNADO-CON-NEE.pdf\" target=\"_blank\">Atenci\u00f3n al alumnado con NEE<\/a><\/li>\n<li><a href=\"http:\/\/blogsaverroes.juntadeandalucia.es\/ceipluiscernuda\/files\/2016\/02\/A07-ESQUEMA-ORIENTACION-EN-EL-AULA.pdf\" target=\"_blank\">Esquema del programa de orientaci\u00f3n de aula<\/a><\/li>\n<li><a href=\"http:\/\/blogsaverroes.juntadeandalucia.es\/ceipluiscernuda\/files\/2016\/02\/A08-FICHA-ALUMNADO-5-A\u00d1OS.pdf\" target=\"_blank\">Ficha sobre el alumnado 5 a\u00f1os<\/a><\/li>\n<li><a href=\"http:\/\/blogsaverroes.juntadeandalucia.es\/ceipluiscernuda\/files\/2016\/02\/A09-Proyecto-Infantil-y-Primaria-en-una-misma-lInea.pdf\" target=\"_blank\">Proyecto de coordinaci\u00f3n infantil-primaria<\/a><\/li>\n<li><a href=\"http:\/\/blogsaverroes.juntadeandalucia.es\/ceipluiscernuda\/files\/2016\/02\/A10-PREPARANDO-EL-VIAJE.pdf\" target=\"_blank\">Proyecto de tr\u00e1nsito de primaria a ESO<\/a><\/li>\n<li><a href=\"http:\/\/blogsaverroes.juntadeandalucia.es\/ceipluiscernuda\/files\/2016\/02\/A11-compromiso-educativo.pdf\" target=\"_blank\">Ficha de colaboraci\u00f3n de las familias en el aula o el centro<\/a><\/li>\n<li><a href=\"http:\/\/blogsaverroes.juntadeandalucia.es\/ceipluiscernuda\/files\/2016\/02\/A12-Protocolo-de-colaboracion-familia-en-el-aula.pdf\" target=\"_blank\">Protocolo de colaboraci\u00f3n familia-escuela<\/a><\/li>\n<li><a href=\"http:\/\/blogsaverroes.juntadeandalucia.es\/ceipluiscernuda\/files\/2016\/02\/A13-FICHA-OBSERVACION-INDIVIDUAL.pdf\" target=\"_blank\">Fichas de observaci\u00f3n individual<\/a><\/li>\n<li><a href=\"http:\/\/blogsaverroes.juntadeandalucia.es\/ceipluiscernuda\/files\/2016\/02\/A14-NOS-EVALUAMOS-Y-EVALUAMOS.pdf\" target=\"_blank\">Fichas de autoevaluaci\u00f3n y evaluaci\u00f3n del profesorado<\/a><\/li>\n<li><a href=\"http:\/\/blogsaverroes.juntadeandalucia.es\/ceipluiscernuda\/files\/2016\/02\/A15-Analisis-comparado-de-resultados-acad\u00e9micos.pdf\" target=\"_blank\">An\u00e1lisis comparado de resultados acad\u00e9micos<\/a><\/li>\n<li><a href=\"http:\/\/blogsaverroes.juntadeandalucia.es\/ceipluiscernuda\/files\/2016\/02\/A16-ENCUESTA-FAMILIAS.pdf\" target=\"_blank\">Encuestas a las familias<\/a><\/li>\n<li><a href=\"http:\/\/blogsaverroes.juntadeandalucia.es\/ceipluiscernuda\/files\/2016\/02\/A17-ENCUESTA-ALUMNADO.pdf\" target=\"_blank\">Encuesta al alumnado<\/a><\/li>\n<li><a href=\"http:\/\/blogsaverroes.juntadeandalucia.es\/ceipluiscernuda\/files\/2016\/02\/A18-FICHA-DE-EVALUACION-CONTINUA.pdf\" target=\"_blank\">Ficha de evaluaci\u00f3n continua<\/a><\/li>\n<li><a href=\"http:\/\/blogsaverroes.juntadeandalucia.es\/ceipluiscernuda\/files\/2016\/02\/A19-CUADERNO-INCIDENCIAS-AULA.pdf\" target=\"_blank\">Cuaderno de incidencias de aula<\/a><\/li>\n<li><a href=\"http:\/\/blogsaverroes.juntadeandalucia.es\/ceipluiscernuda\/files\/2016\/02\/A20-Sesiones-de-evaluacion.pdf\" target=\"_blank\">Sesiones de evaluaci\u00f3n<\/a><\/li>\n<li><a href=\"http:\/\/blogsaverroes.juntadeandalucia.es\/ceipluiscernuda\/files\/2016\/02\/A21-Instrucciones-de-Apoyo-y-Refuerzo.pdf\" target=\"_blank\">Programa de apoyos y refuerzos<\/a><\/li>\n<\/ol>\n","protected":false},"excerpt":{"rendered":"<p>PROCEDIMIENTOS PARA RECOGER Y ORGANIZAR DATOS ACAD\u00c9MICOS Y PERSONALES DEL ALUMNADO Y LAS FAMILIAS RELACI\u00d3N DE ANEXOS. DOCUMENTOS A DISPOSICI\u00d3N DEL PROFESORADO. Proyecto de Convivencia \u201cLa convivencia como eje de la vida en la&#46;&#46;&#46;<\/p>\n","protected":false},"author":2943,"featured_media":0,"parent":0,"menu_order":0,"comment_status":"open","ping_status":"open","template":"","meta":{"ngg_post_thumbnail":0,"footnotes":""},"aioseo_notices":[],"_links":{"self":[{"href":"https:\/\/blogsaverroes.juntadeandalucia.es\/ceipluiscernuda\/wp-json\/wp\/v2\/pages\/464"}],"collection":[{"href":"https:\/\/blogsaverroes.juntadeandalucia.es\/ceipluiscernuda\/wp-json\/wp\/v2\/pages"}],"about":[{"href":"https:\/\/blogsaverroes.juntadeandalucia.es\/ceipluiscernuda\/wp-json\/wp\/v2\/types\/page"}],"author":[{"embeddable":true,"href":"https:\/\/blogsaverroes.juntadeandalucia.es\/ceipluiscernuda\/wp-json\/wp\/v2\/users\/2943"}],"replies":[{"embeddable":true,"href":"https:\/\/blogsaverroes.juntadeandalucia.es\/ceipluiscernuda\/wp-json\/wp\/v2\/comments?post=464"}],"version-history":[{"count":6,"href":"https:\/\/blogsaverroes.juntadeandalucia.es\/ceipluiscernuda\/wp-json\/wp\/v2\/pages\/464\/revisions"}],"predecessor-version":[{"id":492,"href":"https:\/\/blogsaverroes.juntadeandalucia.es\/ceipluiscernuda\/wp-json\/wp\/v2\/pages\/464\/revisions\/492"}],"wp:attachment":[{"href":"https:\/\/blogsaverroes.juntadeandalucia.es\/ceipluiscernuda\/wp-json\/wp\/v2\/media?parent=464"}],"curies":[{"name":"wp","href":"https:\/\/api.w.org\/{rel}","templated":true}]}}